{"id":1017,"date":"2014-09-08T16:40:53","date_gmt":"2014-09-08T14:40:53","guid":{"rendered":"http:\/\/toensfeldt-modellbau.de\/?page_id=1017"},"modified":"2025-03-02T12:11:32","modified_gmt":"2025-03-02T10:11:32","slug":"feuerloescher-116","status":"publish","type":"page","link":"https:\/\/toensfeldt-modellbau.de\/?page_id=1017","title":{"rendered":"Feuerl\u00f6scher 1:16"},"content":{"rendered":"\n<figure class=\"wp-block-image size-full\"><a href=\"http:\/\/toensfeldt-modellbau.de\/wp-content\/uploads\/2022\/01\/8-Laescher-DE-Gruppe.jpg\"><img loading=\"lazy\" decoding=\"async\" width=\"567\" height=\"278\" src=\"http:\/\/toensfeldt-modellbau.de\/wp-content\/uploads\/2022\/01\/8-Laescher-DE-Gruppe.jpg\" alt=\"\" class=\"wp-image-6436\" srcset=\"https:\/\/toensfeldt-modellbau.de\/wp-content\/uploads\/2022\/01\/8-Laescher-DE-Gruppe.jpg 567w, https:\/\/toensfeldt-modellbau.de\/wp-content\/uploads\/2022\/01\/8-Laescher-DE-Gruppe-300x147.jpg 300w\" sizes=\"auto, (max-width: 567px) 100vw, 567px\" \/><\/a><\/figure>\n\n\n<p>TMV Feuerl\u00f6scher Nachbauten im Ma\u00dfstab 1:16 mit unterschiedlichen L\u00f6schmitteln: Pulver Brandklassen <span style=\"color: #ff0000;\">ABC<\/span> wei\u00dfer Rand, Schaum Brandklassen <span style=\"color: #ff0000;\">AB<\/span> Gelber Rand und Waser Brandklasse <span style=\"color: #ff0000;\">A<\/span> Blauer Rand. 2.Griffen Ovaler oder Langer Griff und die Bedienugsanleitungen auf den Feuerl\u00f6schern in 5. Sprachen nur beim TMV Feuerl\u00f6scher Pulver. Gr\u00f6\u00dfe im Orginal 6 KG bei Pulver und 6 L bei Schaum und Wasser.<\/p>\n<p>F\u00fcr EU-Trucks und Australische Road Trains bieten wir TMV Feuerl\u00f6scher 6 KG Pulver mit Schwarzer Beschriftung in Englisch auf Blanken oder Gelben und Roten Druckk\u00f6peren f\u00fcr sie an.<\/p>\n<p>Wir bieten\u00a0 TMV Feuerl\u00f6scher 6 KG Pulver mit Schwarzer Beschriftung in Englisch so wie mit den Amerikanischen L\u00f6schgruppenzeichen ABC auf Blanken oder Gelben und Roten Druckk\u00f6peren f\u00fcr US-Trucks an.<\/p>\n<p><em><strong><span style=\"color: #ff0000;\">TMV Feuerl\u00f6scher Pulver Griff Oval<br \/><\/span><\/strong><\/em><\/p>\n<ul>\n<li>Nachbau eines 6 Kg Pulver ABC Feuerl\u00f6scher mit Ovalen Griff.<\/li>\n<\/ul>\n<ul>\n<li>Druckk\u00f6per aus Alu Gedreht Blank oder Rot und Gelb Pulverbeschichtet. Griff Oval, Ventil mit Schlauch, Bodenteller und eine Sicherungslasche aus Kunststoff.\u00a0 Wasserschiebefolie Bedienungsanleitung\u00a0 und eine Bauanleitung. Die\u00a0Bedienungsanleitung auf dem Feuerl\u00f6scher ist sowohl in Deutsch, Franz\u00f6sisch, Englisch, Holl\u00e4ndisch und D\u00e4nisch zu haben.<\/li>\n<\/ul>\n<p><em><strong><span style=\"color: #ff0000;\">Absofort sind keine Baus\u00e4tze der Feuerl\u00f6scher mehr zu haben !<\/span><\/strong><\/em><\/p>\n<p><img loading=\"lazy\" decoding=\"async\" class=\"alignleft size-full wp-image-1336\" src=\"http:\/\/toensfeldt-modellbau.de\/wp-content\/uploads\/2015\/09\/1-16-Griff-Oval-P-DE-1.jpg\" alt=\"1-16 Griff Oval P DE 1\" width=\"182\" height=\"312\" srcset=\"https:\/\/toensfeldt-modellbau.de\/wp-content\/uploads\/2015\/09\/1-16-Griff-Oval-P-DE-1.jpg 182w, https:\/\/toensfeldt-modellbau.de\/wp-content\/uploads\/2015\/09\/1-16-Griff-Oval-P-DE-1-175x300.jpg 175w\" sizes=\"auto, (max-width: 182px) 100vw, 182px\" \/><\/p>\n<p>Technische Daten Ovaler Griff:<\/p>\n<ul>\n<li>H\u00f6he: ca. 33,0 mm<\/li>\n<li>Breite Gesamt: ca. 13,0 mm<\/li>\n<li>\u00d8 Druckk\u00f6rper: ca. 9,0 mm<\/li>\n<\/ul>\n<p>Art. Nr. Bestelltext Fertig:<\/p>\n<ul>\n<li><span style=\"color: #ff0000;\">090134<\/span> TMV Pulver Feuerl\u00f6scher 1:16 Griff Oval Fertig DE<\/li>\n<li><span style=\"color: #ff0000;\">090226<\/span> TMV Pulver Feuerl\u00f6scher 1:16 Griff Oval Fertig F<\/li>\n<li><span style=\"color: #ff0000;\">090266<\/span> TMV Pulver Feuerl\u00f6scher 1:16 Griff Oval Fertig NL<\/li>\n<li><span style=\"color: #ff0000;\">090276<\/span> TMV Pulver Feuerl\u00f6scher 1:16 Griff Oval Fertig DK<\/li>\n<\/ul>\n<ul>\n<li><span style=\"color: #ff0000;\">090135<\/span>\u00a0 TMV Pulver Feuerl\u00f6scher 1:16 Griff Oval Rot Fertig GB<\/li>\n<li><span style=\"color: #ff0000;\">090253<\/span> TMV Pulver Feuerl\u00f6scher 1:16 Griff Oval Blank Ferig. GB<\/li>\n<li><span style=\"color: #ff0000;\">090257<\/span> TMV Pulver Feuerl\u00f6scher 1:16 Griff Oval Gelb Fertig. GB<\/li>\n<\/ul>\n<ul>\n<li><span style=\"color: #ff0000;\">090307<\/span>\u00a0 TMV Pulver Feuerl\u00f6scher 1:16 Griff Oval Rot Fertig US<\/li>\n<li><span style=\"color: #ff0000;\">090287<\/span> TMV Pulver Feuerl\u00f6scher 1:16 Griff Oval Blank Ferig. US<\/li>\n<li><span style=\"color: #ff0000;\">090297<\/span> TMV Pulver Feuerl\u00f6scher 1:16 Griff Oval Gelb Fertig. US<\/li>\n<\/ul>\n<p><img loading=\"lazy\" decoding=\"async\" class=\"alignleft size-full wp-image-1400\" src=\"http:\/\/toensfeldt-modellbau.de\/wp-content\/uploads\/2016\/01\/1-16OvalGriffGelbUSInt.jpg\" alt=\"1-16OvalGriffGelbUSInt\" width=\"183\" height=\"283\" \/><\/p>\n<p><em><strong><span style=\"color: #ff0000;\">TMV Feuerl\u00f6scher Pulver Griff Lang<\/span><\/strong><\/em><\/p>\n<ul>\n<li>Nachbau eines 6 Kg Pulver ABC Feuerl\u00f6scher mit Langen Griff.<\/li>\n<\/ul>\n<ul>\n<li>Druckk\u00f6per aus Alu Gedreht Blank oder Rot und Gelb. Griff Lang, Ventil mit Schlauch, Bodenteller und eine Sicherungslasche aus Kunststoff.\u00a0 Wasserschiebefolie Bedienungsanleitung\u00a0 und eine Bauanleitung. Die\u00a0Bedienungsanleitung auf dem Feuerl\u00f6scher ist sowohl in Deutsch,\u00a0Englisch als auch in Franz\u00f6sisch und Holl\u00e4ndisch zu haben.<\/li>\n<\/ul>\n<p><em><strong><span style=\"color: #ff0000;\">Absofort sind keine Baus\u00e4tze der Feuerl\u00f6scher mehr zu haben !<\/span><\/strong><\/em><\/p>\n<p><img loading=\"lazy\" decoding=\"async\" class=\"alignleft size-full wp-image-1330\" src=\"http:\/\/toensfeldt-modellbau.de\/wp-content\/uploads\/2015\/09\/1-14-Grlff-Lang-DE-1.jpg\" alt=\"1-14 Grlff Lang DE 1\" width=\"204\" height=\"312\" srcset=\"https:\/\/toensfeldt-modellbau.de\/wp-content\/uploads\/2015\/09\/1-14-Grlff-Lang-DE-1.jpg 204w, https:\/\/toensfeldt-modellbau.de\/wp-content\/uploads\/2015\/09\/1-14-Grlff-Lang-DE-1-196x300.jpg 196w\" sizes=\"auto, (max-width: 204px) 100vw, 204px\" \/><\/p>\n<p>Technische Daten Langer Griff<\/p>\n<ul>\n<li>H\u00f6he: ca. 33,0 mm<\/li>\n<li>Breite Gesamt: ca. 22,0 mm<\/li>\n<li>\u00d8 Druckk\u00f6rper: ca. 9,0 mm<\/li>\n<\/ul>\n<p>Art. Nr. Bestelltext Fertig:<\/p>\n<ul>\n<li><span style=\"color: #ff0000;\">090136\u00a0 <\/span>TMV Pulver Feuerl\u00f6scher 1:16 Griff\u00a0Lang Fertig DE<\/li>\n<li><span style=\"color: #ff0000;\">090228<\/span> TMV Pulver Feuerl\u00f6scher 1:16 Griff\u00a0Lang Fertig F<\/li>\n<li><span style=\"color: #ff0000;\">090267<\/span> TMV Pulver Feuerl\u00f6scher 1:16 Griff\u00a0Lang Fertig NL<\/li>\n<li><span style=\"color: #ff0000;\">090277<\/span> TMV Pulver Feuerl\u00f6scher 1:16 Griff\u00a0Lang Fertig DK<\/li>\n<\/ul>\n<p><img loading=\"lazy\" decoding=\"async\" class=\"alignleft size-full wp-image-1398\" src=\"http:\/\/toensfeldt-modellbau.de\/wp-content\/uploads\/2016\/01\/1-16-Griff-Lang-GB-1Int.jpg\" alt=\"1-16 Griff Lang GB 1Int\" width=\"195\" height=\"283\" \/><\/p>\n<ul>\n<li><span style=\"color: #ff0000;\">090137<\/span>\u00a0 TMV Pulver Feuerl\u00f6scher 1:16 Griff\u00a0Lang Rot Fertig GB<\/li>\n<li><span style=\"color: #ff0000;\">090252<\/span> TMV Pulver Feuerl\u00f6scher 1:16 Griff Lang Blank Ferig. GB<\/li>\n<li><span style=\"color: #ff0000;\">090256<\/span> TMV Pulver Feuerl\u00f6scher 1:16 Griff Lang Gelb Fertig. GB<\/li>\n<\/ul>\n<ul>\n<li><span style=\"color: #ff0000;\">090307<\/span>\u00a0 TMV Pulver Feuerl\u00f6scher 1:16 Griff\u00a0Lang Rot Fertig US<\/li>\n<li><span style=\"color: #ff0000;\">090286<\/span> TMV Pulver Feuerl\u00f6scher 1:16 Griff Lang Blank Ferig. US<\/li>\n<li><span style=\"color: #ff0000;\">090296<\/span> TMV Pulver Feuerl\u00f6scher 1:16 Griff Lang Gelb Fertig. US<\/li>\n<\/ul>\n<p><em><strong><span style=\"color: #ff0000;\">TMV Feuerl\u00f6scher Schaum Griff Oval Griff oder Lang<br \/><\/span><\/strong><\/em><\/p>\n<ul>\n<li>Nachbau eines 6 l Schaum AB Feuerl\u00f6scher.<\/li>\n<\/ul>\n<ul>\n<li>Druckk\u00f6per aus Alu Gedreht und Rot Pulverbeschichtet. Griff Oval oder Lang, Ventil mit Schlauch, Bodenteller und eine Sicherungslasche aus Kunststoff.\u00a0 Wasserschiebefolie Bedienungsanleitung\u00a0 und eine Bauanleitung.<\/li>\n<\/ul>\n<p><img loading=\"lazy\" decoding=\"async\" class=\"alignleft size-full wp-image-1443\" src=\"http:\/\/toensfeldt-modellbau.de\/wp-content\/uploads\/2016\/01\/1-16GruppeSchaumInt.jpg\" alt=\"1-16GruppeSchaumInt\" width=\"364\" height=\"283\" srcset=\"https:\/\/toensfeldt-modellbau.de\/wp-content\/uploads\/2016\/01\/1-16GruppeSchaumInt.jpg 364w, https:\/\/toensfeldt-modellbau.de\/wp-content\/uploads\/2016\/01\/1-16GruppeSchaumInt-300x233.jpg 300w\" sizes=\"auto, (max-width: 364px) 100vw, 364px\" \/><\/p>\n<p>Technische Daten Ovaler Griff:<\/p>\n<ul>\n<li>H\u00f6he: ca. 33,0 mm<\/li>\n<li>Breite Gesamt: ca. 13,0 mm<\/li>\n<li>\u00d8 Druckk\u00f6rper: ca. 9,0 mm<\/li>\n<\/ul>\n<p>Technische Daten Langer Griff<\/p>\n<ul>\n<li>H\u00f6he: ca. 33,0 mm<\/li>\n<li>Breite Gesamt: ca. 22,0 mm<\/li>\n<li>\u00d8 Druckk\u00f6rper: ca. 9,0 mm<\/li>\n<\/ul>\n<p>Art. Nr. Bestelltext:<\/p>\n<ul>\n<li><span style=\"color: #ff0000;\">090194<\/span> TMV Schaum Feuerl\u00f6scher 1:16 Griff Oval Fertig D<\/li>\n<li><span style=\"color: #ff0000;\">090196<\/span> TMV Schaum Feuerl\u00f6scher 1:16 Griff\u00a0Lang Fertig DE<\/li>\n<\/ul>\n<p><em><strong><span style=\"color: #ff0000;\">TMV Feuerl\u00f6scher Wasser Griff Oval oder Lang<br \/><\/span><\/strong><\/em><\/p>\n<ul>\n<li>Nachbau eines 6 l Wasser A Feuerl\u00f6scher.<\/li>\n<\/ul>\n<ul>\n<li>Druckk\u00f6per aus Alu Gedreht und Rot Pulverbeschichtet. Griff Oval oder Lang, Ventil mit Schlauch,Bodenteller und eine Sicherungslasche aus Kunststoff. Wasserschiebefolie Bedienungsanleitung\u00a0 und eine Bauanleitung.<\/li>\n<\/ul>\n<p><img loading=\"lazy\" decoding=\"async\" class=\"alignleft size-full wp-image-1444\" src=\"http:\/\/toensfeldt-modellbau.de\/wp-content\/uploads\/2016\/01\/1-16GruppeWasserInt.jpg\" alt=\"1-16GruppeWasserInt\" width=\"360\" height=\"283\" srcset=\"https:\/\/toensfeldt-modellbau.de\/wp-content\/uploads\/2016\/01\/1-16GruppeWasserInt.jpg 360w, https:\/\/toensfeldt-modellbau.de\/wp-content\/uploads\/2016\/01\/1-16GruppeWasserInt-300x236.jpg 300w\" sizes=\"auto, (max-width: 360px) 100vw, 360px\" \/><\/p>\n<p>Technische Daten Ovaler Griff:<\/p>\n<ul>\n<li>H\u00f6he: ca. 33,0 mm<\/li>\n<li>Breite Gesamt: ca. 13,0 mm<\/li>\n<li>\u00d8 Druckk\u00f6rper: ca. 9,0 mm<\/li>\n<\/ul>\n<p>Technische Daten Langer Griff:<\/p>\n<ul>\n<li>H\u00f6he: ca. 33,0 mm<\/li>\n<li>Breite Gesamt: ca. 22,0 mm<\/li>\n<li>\u00d8 Druckk\u00f6rper: ca. 9,0 mm<\/li>\n<\/ul>\n<p>Art. Nr. Bestelltext:<\/p>\n<ul>\n<li><span style=\"color: #ff0000;\">090204<\/span> TMV Wasser Feuerl\u00f6scher 1:16 Griff Oval Fertig DE<\/li>\n<li><span style=\"color: #ff0000;\">090206<\/span> TMV Wasser Feuerl\u00f6scher 1:16 Griff\u00a0Lang Fertig DE<\/li>\n<\/ul>\n<p><em><strong><span style=\"color: #ff0000;\">TMV\u00a0 Feuerl\u00f6scher CO2 5 KG Kurz 1:16<\/span><\/strong><\/em><\/p>\n<p><img loading=\"lazy\" decoding=\"async\" class=\"alignnone size-full wp-image-1669\" src=\"http:\/\/toensfeldt-modellbau.de\/wp-content\/uploads\/2017\/02\/TMV_CO2K_1-14_DE_R1St2Int.jpg\" alt=\"\" width=\"130\" height=\"283\" \/><\/p>\n<ul>\n<li>Nachbau eines 5 KG CO2\u00a0 Feuerl\u00f6scher.<\/li>\n<li>Druckk\u00f6per aus Alu Gedreht in Rot pulverbeschichtet. 2. Verschiedene Wasserschiebefolien f\u00fcr die Beschrieftung, 1. Bedienungsanleitung so wie den Instandhaltungsnachweis. Die\u00a0Bedienungsanleitung auf dem Feuerl\u00f6schers ist in Deutsch.<\/li>\n<\/ul>\n<p>Art. Nr. Bestelltext:<\/p>\n<ul>\n<li><span style=\"color: #ff0000;\">090342<\/span> TMV Feuerl\u00f6scher CO2 5 KG Kurz Rot DE<\/li>\n<\/ul>\n<p>Preis ab: 12,50 \u20ac<\/p>\n<p><span style=\"font-size: medium;\">Herstellerdaten gem\u00e4s GPSR<\/span><\/p>\n<p><span style=\"font-size: medium;\">Olaf T\u00f6nsfeldt<br \/>T\u00f6nsfeldt <span style=\"color: #000000;\">Modellbau Vertrieb<\/span><span style=\"color: #ff0000;\"><span style=\"font-family: Arial, Helvetica, sans-serif;\"><br \/><\/span><\/span>Nobiskr\u00fcger Allee 20<span style=\"font-family: Arial, Helvetica, sans-serif;\"><br \/><\/span>24768 Rendsburg<\/span><\/p>\n<p><strong><span style=\"font-size: medium;\">Deutschland<\/span><\/strong><span style=\"font-size: medium;\"><br \/>Tel.: 0049 (0 ) 43 31\/ 51 95<br \/>E-Mail an: tmv@toensfeldt-modellbau.de<\/span><\/p>","protected":false},"excerpt":{"rendered":"<p>TMV Feuerl\u00f6scher Nachbauten im Ma\u00dfstab 1:16 mit unterschiedlichen L\u00f6schmitteln: Pulver Brandklassen ABC wei\u00dfer Rand, Schaum Brandklassen AB Gelber Rand und Waser Brandklasse A Blauer Rand. 2.Griffen Ovaler oder Langer Griff und die Bedienugsanleitungen auf den Feuerl\u00f6schern in 5. Sprachen nur &hellip; <a href=\"https:\/\/toensfeldt-modellbau.de\/?page_id=1017\">Weiterlesen <span class=\"meta-nav\">&rarr;<\/span><\/a><\/p>\n","protected":false},"author":2,"featured_media":0,"parent":581,"menu_order":0,"comment_status":"closed","ping_status":"closed","template":"","meta":{"footnotes":""},"class_list":["post-1017","page","type-page","status-publish","hentry"],"_links":{"self":[{"href":"https:\/\/toensfeldt-modellbau.de\/index.php?rest_route=\/wp\/v2\/pages\/1017","targetHints":{"allow":["GET"]}}],"collection":[{"href":"https:\/\/toensfeldt-modellbau.de\/index.php?rest_route=\/wp\/v2\/pages"}],"about":[{"href":"https:\/\/toensfeldt-modellbau.de\/index.php?rest_route=\/wp\/v2\/types\/page"}],"author":[{"embeddable":true,"href":"https:\/\/toensfeldt-modellbau.de\/index.php?rest_route=\/wp\/v2\/users\/2"}],"replies":[{"embeddable":true,"href":"https:\/\/toensfeldt-modellbau.de\/index.php?rest_route=%2Fwp%2Fv2%2Fcomments&post=1017"}],"version-history":[{"count":33,"href":"https:\/\/toensfeldt-modellbau.de\/index.php?rest_route=\/wp\/v2\/pages\/1017\/revisions"}],"predecessor-version":[{"id":7540,"href":"https:\/\/toensfeldt-modellbau.de\/index.php?rest_route=\/wp\/v2\/pages\/1017\/revisions\/7540"}],"up":[{"embeddable":true,"href":"https:\/\/toensfeldt-modellbau.de\/index.php?rest_route=\/wp\/v2\/pages\/581"}],"wp:attachment":[{"href":"https:\/\/toensfeldt-modellbau.de\/index.php?rest_route=%2Fwp%2Fv2%2Fmedia&parent=1017"}],"curies":[{"name":"wp","href":"https:\/\/api.w.org\/{rel}","templated":true}]}}