{"id":109,"date":"2013-11-21T14:03:08","date_gmt":"2013-11-21T12:03:08","guid":{"rendered":"http:\/\/toensfeldt-modellbau.de\/?page_id=109"},"modified":"2025-03-02T12:31:25","modified_gmt":"2025-03-02T10:31:25","slug":"stossstangen-ruecklichter","status":"publish","type":"page","link":"https:\/\/toensfeldt-modellbau.de\/?page_id=109","title":{"rendered":"Sto\u00dfstangen &#038; R\u00fccklichter"},"content":{"rendered":"<p><img loading=\"lazy\" decoding=\"async\" class=\"size-full wp-image-102 alignleft\" src=\"http:\/\/toensfeldt-modellbau.de\/wp-content\/uploads\/2013\/11\/7Kammer_Auflieger_4Lampen2-300x131.jpg\" alt=\"7Kammer_Auflieger_4Lampen2-300x131\" width=\"300\" height=\"131\" \/>Sto\u00dfstangen und R\u00fccklichter 1:16 und 1:14,5<\/p>\n<p>&nbsp;<\/p>\n<p>&nbsp;<\/p>\n<p>&nbsp;<\/p>\n<p><em><strong><span style=\"color: #ff0000;\">Sto\u00dfstangenhalter aus 1mm Stahlblech<\/span><\/strong><\/em><\/p>\n<p><img loading=\"lazy\" decoding=\"async\" class=\"alignnone size-full wp-image-104\" src=\"http:\/\/toensfeldt-modellbau.de\/wp-content\/uploads\/2013\/11\/HALTSTOS.jpg\" alt=\"HALTSTOS\" width=\"170\" height=\"122\" \/><\/p>\n<p>Art. Nr.: Bestelltext:<\/p>\n<ul>\n<li><span style=\"color: #ff0000;\">020110<\/span> Halter, Sto\u00dfstange 45 mm, natur<\/li>\n<li><span style=\"color: #ff0000;\">020111<\/span> Halter, Sto\u00dfstange 45 mm, schwarz<\/li>\n<li><span style=\"color: #ff0000;\">020114<\/span> Halter, Sto\u00dfstange 55 mm, natur<\/li>\n<li><span style=\"color: #ff0000;\">020115<\/span> Halter, Sto\u00dfstange 55 mm, schwarz<\/li>\n<li><span style=\"color: #ff0000;\">020118<\/span> Halter, Sto\u00dfstange 65 mm, natur<\/li>\n<li><span style=\"color: #ff0000;\">020119<\/span> Halter, Sto\u00dfstange 65 mm, schwarz<\/li>\n<\/ul>\n<p><strong><em><span style=\"color: #ff0000;\">Alu-Sto\u00dfstange 160 mm 4-Kammerleuchten WEDICO<\/span><\/em><\/strong><\/p>\n<p>Sto\u00dfstange TMV aus Alu 2,0 mm, zum U &#8211; Profil weiter verarbeitet, f\u00fcr 4 Kammerr\u00fcckleuchten von Wedico. Es werden TMV Sto\u00dfstangenhalter zur Befestigung am Rahmen gebraucht.<\/p>\n<p><img loading=\"lazy\" decoding=\"async\" class=\"alignnone size-full wp-image-107\" src=\"http:\/\/toensfeldt-modellbau.de\/wp-content\/uploads\/2013\/11\/STOS4KAM.jpg\" alt=\"STOS4KAM\" width=\"170\" height=\"122\" \/><\/p>\n<p>Art. Nr.: Bestelltext:.<\/p>\n<ul>\n<li>ohne R\u00fcckleuchten<\/li>\n<li><span style=\"color: #ff0000;\">020090<\/span> Sto\u00dfstange 160 mm, natur<\/li>\n<li><span style=\"color: #ff0000;\">020092<\/span> Sto\u00dfstange 160 mm, schwarz<\/li>\n<li><span style=\"color: #ff0000;\">020093<\/span> Sto\u00dfstange 160 mm, wei\u00df<\/li>\n<\/ul>\n<ul>\n<li>mit R\u00fcckleuchten<\/li>\n<li><span style=\"color: #ff0000;\">020100<\/span> Sto\u00dfstange 160 mm, natur<\/li>\n<li><span style=\"color: #ff0000;\">020102<\/span> Sto\u00dfstange 160 mm, schwarz<\/li>\n<li><span style=\"color: #ff0000;\">020103<\/span> Sto\u00dfstange 160 mm, wei\u00df<\/li>\n<\/ul>\n<p><em><strong><span style=\"color: #ff0000;\">Sto\u00dfstange 160 mm Robbe 4 Kammerr\u00fcckleuchten.<\/span><\/strong><\/em><\/p>\n<p>Sto\u00dfstange TMV aus Alu 1,5 mm, zum U &#8211; Profil weiter verarbeitet, f\u00fcr 4 Kammerr\u00fcckleuchten von Robbe.Die TMV Sto\u00dfstange ist breiter als bei Robbe und es werden TMV Sto\u00dfstangenhalter (bei Anh\u00e4nger und Auflieger von TMV) zur Befestigung am Rahmen gebraucht.<\/p>\n<p>Achtung: Das Befestigungsmass der Sto\u00dfstange ist das von WEDICO 45 mm Mitte Mitte Loch.<\/p>\n<p><img loading=\"lazy\" decoding=\"async\" class=\"alignnone size-full wp-image-106\" src=\"http:\/\/toensfeldt-modellbau.de\/wp-content\/uploads\/2013\/11\/robbe_stoss.jpg\" alt=\"robbe_stoss\" width=\"300\" height=\"130\" \/><\/p>\n<p>Art. Nr.: Bestelltext:<\/p>\n<ul>\n<li>ohne R\u00fcckleuchten<\/li>\n<li><span style=\"color: #ff0000;\">020121<\/span> Alu &#8211; Sto\u00dfstange 160 mm f. 4 Kam., Natur<\/li>\n<li><span style=\"color: #ff0000;\">020122<\/span> Alu &#8211; Sto\u00dfstange 160 mm f. 4 Kam., Wei\u00df<\/li>\n<li><span style=\"color: #ff0000;\">020123<\/span> Alu &#8211; Sto\u00dfstange 160 mm f. 4 Kam., Schwarz<\/li>\n<\/ul>\n<ul>\n<li>mit R\u00fcckleuchten<\/li>\n<li><span style=\"color: #ff0000;\">020125<\/span> Alu &#8211; Sto\u00dfstange 160 mm m. 4 Kam., Natur<\/li>\n<li><span style=\"color: #ff0000;\">020126<\/span> Alu &#8211; Sto\u00dfstange 160 mm m. 4 Kam., Wei\u00df<\/li>\n<li><span style=\"color: #ff0000;\">020127<\/span> Alu &#8211; Sto\u00dfstange 160 mm m. 4 Kam., Schwarz<\/li>\n<\/ul>\n<p><strong><em><span style=\"color: #ff0000;\">Halter f\u00fcr 6 Kammerr\u00fcckleuchten Sattelzugmaschine aus Alu<\/span><\/em><\/strong><\/p>\n<p><img loading=\"lazy\" decoding=\"async\" class=\"alignnone size-full wp-image-108\" src=\"http:\/\/toensfeldt-modellbau.de\/wp-content\/uploads\/2013\/11\/Zugmaschienen_halter6K2-300x69.jpg\" alt=\"Zugmaschienen_halter6K2-300x69\" width=\"300\" height=\"69\" \/><\/p>\n<p>Technische Daten :<\/p>\n<ul>\n<li>Breite : ca. 47 mm<\/li>\n<li>H\u00f6he : ca.11 mm<\/li>\n<\/ul>\n<p>Art. Nr.: Bestelltext:<\/p>\n<ul>\n<li><span style=\"color: #ff0000;\">020210<\/span> Halter 6 Ka. f\u00fcr Zugma., Natur<\/li>\n<li><span style=\"color: #ff0000;\">020211<\/span> Halter 6 Ka. f\u00fcr Zugma., Schwarz<\/li>\n<\/ul>\n<p><strong><em><span style=\"color: #ff0000;\">6 Kammerr\u00fcckleuchten<\/span><\/em><\/strong><\/p>\n<ul>\n<li>Die 6 Kammerr\u00fcckleuchte enth\u00e4lt 2 Geh\u00e4use, 2 rote Gl\u00e4ser 2 wei\u00dfe Gl\u00e4ser f\u00fcr Blinker. Die Befestigung erfolgt von hinten \u00fcber je 2 Schrauben M2.<\/li>\n<\/ul>\n<p>Technische Daten :<\/p>\n<ul>\n<li>L\u00e4nge: ca. 32 mm<\/li>\n<li>H\u00f6he: ca. 12 mm<\/li>\n<li>Breite: ca. 12 mm<\/li>\n<\/ul>\n<ul>\n<li><span style=\"color: #ff0000;\">100113<\/span> 6 Kammerr\u00fcckleuchte<\/li>\n<\/ul>\n<p><strong><em><span style=\"color: #ff0000;\">Sto\u00dfstange 160 mm Stahlblech, f\u00fcr 6 Kammerr\u00fcckleuchten Zugmaschinen<\/span><\/em><\/strong><\/p>\n<ul>\n<li>Sto\u00dfstange TMV aus Stahlblech 0,8 mm, zum U &#8211; Profil weiter verarbeitet.<\/li>\n<li><span style=\"color: #ff0000;\">Achtung<\/span>: Das Befestigungsmass der Sto\u00dfstange ist das von WEDICO 45 mm Mitte Mitte Loch<\/li>\n<\/ul>\n<p><img loading=\"lazy\" decoding=\"async\" class=\"alignnone size-full wp-image-101\" src=\"http:\/\/toensfeldt-modellbau.de\/wp-content\/uploads\/2013\/11\/6Kammer_Zugmaschiene3-300x68.jpg\" alt=\"6Kammer_Zugmaschiene3-300x68\" width=\"300\" height=\"68\" \/><\/p>\n<p>Technische Daten:<\/p>\n<ul>\n<li>Breite : ca. 160 mm<\/li>\n<li>H\u00f6he : ca. 24 mm<\/li>\n<\/ul>\n<p>Art. Nr.: Bestelltext:<\/p>\n<ul>\n<li><span style=\"color: #ff0000;\">020218<\/span> Sto\u00df. 7Ka. f\u00fcr An.\/Auf, Natur<\/li>\n<li><span style=\"color: #ff0000;\">020219<\/span> Sto\u00df. 7Ka. f\u00fcr An.\/Auf, Schwarz<\/li>\n<li><span style=\"color: #ff0000;\">020220<\/span> Sto\u00df. 7Ka. f\u00fcr An.\/Auf., Wei\u00df<\/li>\n<li><span style=\"color: #ff0000;\">100113<\/span> 6 Kammerr\u00fcckleuchte<\/li>\n<\/ul>\n<p><em><strong><span style=\"color: #ff0000;\">Nummernschildhalter und Anschlagpuffer<\/span><\/strong><\/em><\/p>\n<p><img loading=\"lazy\" decoding=\"async\" class=\"alignnone size-full wp-image-105\" src=\"http:\/\/toensfeldt-modellbau.de\/wp-content\/uploads\/2013\/11\/Prellpuffer1-300x156.jpg\" alt=\"Prellpuffer1-300x156\" width=\"300\" height=\"156\" \/><\/p>\n<ul>\n<li>Nummernschildhalter beleuchtbar und 2 Anschlagpuffer aus Gummi mit Befestigungsschrauben.<\/li>\n<\/ul>\n<p>Technische Daten Nummernschildhalter:<\/p>\n<ul>\n<li>L\u00e4nge: ca. 48 mm<\/li>\n<li>H\u00f6he: ca. 10 mm<\/li>\n<li>Breite: ca. 6 mm<\/li>\n<\/ul>\n<p>Technische Daten Anschlagpuffer :<\/p>\n<ul>\n<li>L\u00e4nge: ca. 20 mm<\/li>\n<li>H\u00f6he: ca. 8 mm<\/li>\n<li>Breite: ca. 9 mm<\/li>\n<\/ul>\n<p>Art. Nr.: Bestelltext:<\/p>\n<ul>\n<li><span style=\"color: #ff0000;\">020109<\/span> Nummernschildh.\/Anschlagp.<\/li>\n<\/ul>\n<p><strong><em><span style=\"color: #ff0000;\">Sto\u00dfstange 160 mm Stahlblech, 7-Kammerr\u00fcckleuchten f\u00fcr Anh\u00e4nger und Auflieger<\/span><\/em><\/strong><\/p>\n<p><img loading=\"lazy\" decoding=\"async\" class=\"alignnone size-full wp-image-103\" src=\"http:\/\/toensfeldt-modellbau.de\/wp-content\/uploads\/2013\/11\/7Kammer_Auflieger5-300x78.jpg\" alt=\"7Kammer_Auflieger5-300x78\" width=\"300\" height=\"78\" \/><\/p>\n<p>Technische Daten:<\/p>\n<ul>\n<li>Breite : ca. 160 mm<\/li>\n<li>H\u00f6he : ca. 32 mm<\/li>\n<\/ul>\n<p>Art. Nr.: Bestelltext:<\/p>\n<ul>\n<li><span style=\"color: #ff0000;\">020218<\/span> Sto\u00df. 7Ka. f\u00fcr An.\/Auf, Natur<\/li>\n<li><span style=\"color: #ff0000;\">020219<\/span> Sto\u00df. 7Ka. f\u00fcr An.\/Auf, Schwarz<\/li>\n<li><span style=\"color: #ff0000;\">020220<\/span> Sto\u00df. 7Ka. f\u00fcr An.\/Auf., Wei\u00df<\/li>\n<li><span style=\"color: #ff0000;\">020109<\/span> Nummernschildh.\/Anschlagp.<\/li>\n<\/ul>\n<p><em><strong><span style=\"font-family: Arial,Helvetica,sans-serif; font-size: small;\"><span style=\"color: #ff0000; font-size: large;\">7-Kammerr\u00fcckleuchte <\/span><\/span><\/strong><\/em><\/p>\n<ul>\n<li>Die 7 Kammerr\u00fcckleuchte enth\u00e4lt 2 Geh\u00e4use, 2 rote Gl\u00e4ser 4 wei\u00dfe Gl\u00e4ser f\u00fcr Blinker und R\u00fcckfahrscheinwerfer. Die Befestigung erfolgt von Hinten \u00fcber je 2 Schrauben M2.<\/li>\n<\/ul>\n<p>Technische Daten :<\/p>\n<ul>\n<li>L\u00e4nge: ca. 32 mm<\/li>\n<li>H\u00f6he: ca. 12 mm<\/li>\n<li>Breite: ca. 12 mm<\/li>\n<\/ul>\n<p>Art. Nr.: Bestelltext:<\/p>\n<ul>\n<li><span style=\"color: #ff0000;\">100103<\/span> 7 Kammerr\u00fcckleuchte<\/li>\n<\/ul>\n<p><em><strong><span style=\"color: #ff0000;\">Sto\u00dfstange 160 mm Stahlblech 7 Kammerr\u00fcckleuchten f\u00fcr Anh\u00e4nger und Auflieger<\/span><\/strong><\/em><\/p>\n<p><img loading=\"lazy\" decoding=\"async\" class=\"alignnone size-full wp-image-102\" src=\"http:\/\/toensfeldt-modellbau.de\/wp-content\/uploads\/2013\/11\/7Kammer_Auflieger_4Lampen2-300x131.jpg\" alt=\"7Kammer_Auflieger_4Lampen2-300x131\" width=\"300\" height=\"131\" \/><\/p>\n<p>Technische Daten :<\/p>\n<ul>\n<li>Breite : ca. 160 mm<\/li>\n<li>H\u00f6he : ca. 32 mm<\/li>\n<\/ul>\n<p>Art. Nr.: Bestelltext:<\/p>\n<ul>\n<li><span style=\"color: #ff0000;\">020230<\/span> Sto\u00df. 7Ka. f\u00fcr 4 Lampen, Natur<\/li>\n<li><span style=\"color: #ff0000;\">020231<\/span> Sto\u00df. 7Ka. f\u00fcr 4 Lampen, Schwarz<\/li>\n<li><span style=\"color: #ff0000;\">020232<\/span> Sto\u00df. 7Ka. f\u00fcr 4 Lampen, Wei\u00df<\/li>\n<li><span style=\"color: #ff0000;\">100103<\/span> 7 Kammerr\u00fcckleuchte<\/li>\n<li><span style=\"color: #ff0000;\">020109<\/span> Nummernschildh.\/Anschlagp<\/li>\n<\/ul>\n<p><em><strong><span style=\"color: #ff0000;\">Sto\u00dfstange 160 mm Stahlblech, 3-Kammerr\u00fcckleuchten Rund f\u00fcr Anh\u00e4nger und Auflieger<\/span><\/strong><\/em><\/p>\n<p><img loading=\"lazy\" decoding=\"async\" class=\"alignnone size-full wp-image-99\" src=\"http:\/\/toensfeldt-modellbau.de\/wp-content\/uploads\/2013\/11\/3Kammer_Auflieger_160_3-300x50.jpg\" alt=\"3Kammer_Auflieger_160_3-300x50\" width=\"300\" height=\"50\" \/><\/p>\n<p>Technische Daten:<\/p>\n<ul>\n<li>Breite : ca. 160 mm<\/li>\n<li>H\u00f6he : ca. 16 mm<\/li>\n<\/ul>\n<p>Art. Nr.: Bestelltext:<\/p>\n<ul>\n<li><span style=\"color: #ff0000;\">020222<\/span> Sto\u00df. 3 Ka. f\u00fcr An.\/Auf, Natur<\/li>\n<li><span style=\"color: #ff0000;\">020223<\/span> Sto\u00df. 3 Ka. f\u00fcr An.\/Auf, Schwarz<\/li>\n<li><span style=\"color: #ff0000;\">020224<\/span> Sto\u00df. 3 Ka. f\u00fcr An.\/Auf., Wei\u00df<\/li>\n<\/ul>\n<p><em><strong><span style=\"color: #ff0000;\">3-Kammer-R\u00fcckleuchten Rund in 1 : 14,5<\/span><\/strong><\/em><\/p>\n<ul>\n<li>Die 3-Kammer-R\u00fcckleuchten haben ein Alugeh\u00e4use mit 3 Kammern, wo 3 kleine Birnchen zum Beleuchten eingesetzt werden k\u00f6nnen. In jedem Satz sind je zwei gelbe und zwei rote Gl\u00e4ser, sowie die Aluk\u00f6rper und Schrauben zum Befestigen an der Sto\u00dfstange, beigelegt.<\/li>\n<li>Es gibt auch ein Geh\u00e4use aus Alu in rund mit verschiedenen Gl\u00e4sern, in rot, wei\u00df und orange.<\/li>\n<li>Bitte die Farbe des Glases bei der Bestellung mit angeben.<\/li>\n<\/ul>\n<p>Technische Daten :<\/p>\n<ul>\n<li>H\u00f6he: ca. 6 mm<\/li>\n<li>Breite \u00d8: ca. 11 mm<\/li>\n<\/ul>\n<p>Art. Nr.: Bestelltext:<\/p>\n<ul>\n<li><span style=\"color: #ff0000;\">100117<\/span> 1 Stk. Geh\u00e4use Rund mit Glas wei\u00df, rot oder orange<\/li>\n<li><span style=\"color: #ff0000;\">100119<\/span> 2 Stk. 3-Kammer-R\u00fcckleuchten 1 : 14,5<\/li>\n<\/ul>\n<p><em><strong><span style=\"color: #ff0000;\">Sto\u00dfstange 185 mm Stahlblech, f\u00fcr 1:14,5 3 Kammerr\u00fcckleuchten Rund f\u00fcr Anh\u00e4nger und Auflieger<\/span><\/strong><\/em><\/p>\n<p><img loading=\"lazy\" decoding=\"async\" class=\"alignnone size-full wp-image-100\" src=\"http:\/\/toensfeldt-modellbau.de\/wp-content\/uploads\/2013\/11\/3Kammer_Auflieger_185_2-300x44.jpg\" alt=\"3Kammer_Auflieger_185_2-300x44\" width=\"300\" height=\"44\" \/><\/p>\n<p>Technische Daten:<\/p>\n<ul>\n<li>Breite : ca. 185 mm<\/li>\n<li>H\u00f6he : ca. 16 mm<\/li>\n<\/ul>\n<p>Art. Nr.: Bestelltext:<\/p>\n<ul>\n<li><span style=\"color: #ff0000;\">020226<\/span> Sto\u00df. 185 mm 3 Ka. f\u00fcr An.\/Auf, Natur<\/li>\n<li><span style=\"color: #ff0000;\">020227<\/span> Sto\u00df. 185 mm 3 Ka. f\u00fcr An.\/Auf, Schwarz<\/li>\n<li><span style=\"color: #ff0000;\">020228<\/span> Sto\u00df. 185 mm 3 Ka. f\u00fcr An.\/Auf., Wei\u00df<\/li>\n<li><span style=\"color: #ff0000;\">100117<\/span> 1 Stk. Geh\u00e4use Rund mit Glas wei\u00df, rot oder orange<\/li>\n<li><span style=\"color: #ff0000;\">100119<\/span> 2 Stk. 3-Kammer-R\u00fcckleuchten 1 : 14,5<\/li>\n<\/ul>\n<p><span style=\"font-size: medium;\">Sto\u00dfstangen Herstellerdaten gem\u00e4s GPSR<\/span><\/p>\n<p><span style=\"font-size: medium;\">Olaf T\u00f6nsfeldt<br \/>\nT\u00f6nsfeldt <span style=\"color: #000000;\">Modellbau Vertrieb<\/span><span style=\"color: #ff0000;\"><span style=\"font-family: Arial, Helvetica, sans-serif;\"><br \/>\n<\/span><\/span>Nobiskr\u00fcger Allee 20<span style=\"font-family: Arial, Helvetica, sans-serif;\"><br \/>\n<\/span>24768 Rendsburg<\/span><\/p>\n<p><strong><span style=\"font-size: medium;\">Deutschland<\/span><\/strong><span style=\"font-size: medium;\"><br \/>\nTel.: 0049 (0 ) 43 31\/ 51 95<br \/>\nE-Mail an: <a href=\"mailto:tmv@toensfeldt-modellbau.de\">tmv@toensfeldt-modellbau.de<\/a><\/span><\/p>\n<p><strong><span style=\"color: #000000;\"><span style=\"font-size: medium;\">R\u00fcckleuchten Herstellerdaten gem\u00e4s GPSR<\/span><\/span><\/strong><\/p>\n<p><strong><span style=\"color: #000000;\"><span style=\"font-size: medium;\">Thomas Schweichart<\/span><\/span><\/strong><\/p>\n<p><strong><span style=\"color: #000000;\"><span style=\"font-size: medium;\">Veroma Modellbau GmbH<br \/>\nVon Cancrin Str.7<br \/>\n63877 Sailauf<br \/>\n(Gewerbepark Weiberh\u00f6fe )<\/span><\/span><\/strong><\/p>\n<p><strong><span style=\"color: #000000;\"><span style=\"font-size: medium;\">Deutschland<\/span><\/span><\/strong><\/p>\n<p><span style=\"font-size: medium;\">Tel.\u00a00049 6093 \/ 995346<\/span><\/p>\n<p><span style=\"font-size: medium;\">E-Mail\u00a0<a href=\"mailto:service@veroma-modellbau.eu\">service@veroma-modellbau.eu<\/a><\/span><\/p>\n<p>&nbsp;<\/p>\n","protected":false},"excerpt":{"rendered":"<p>Sto\u00dfstangen und R\u00fccklichter 1:16 und 1:14,5 &nbsp; &nbsp; &nbsp; Sto\u00dfstangenhalter aus 1mm Stahlblech Art. Nr.: Bestelltext: 020110 Halter, Sto\u00dfstange 45 mm, natur 020111 Halter, Sto\u00dfstange 45 mm, schwarz 020114 Halter, Sto\u00dfstange 55 mm, natur 020115 Halter, Sto\u00dfstange 55 mm, schwarz &hellip; <a href=\"https:\/\/toensfeldt-modellbau.de\/?page_id=109\">Weiterlesen <span class=\"meta-nav\">&rarr;<\/span><\/a><\/p>\n","protected":false},"author":3,"featured_media":0,"parent":60,"menu_order":4,"comment_status":"closed","ping_status":"closed","template":"","meta":{"footnotes":""},"class_list":["post-109","page","type-page","status-publish","hentry"],"_links":{"self":[{"href":"https:\/\/toensfeldt-modellbau.de\/index.php?rest_route=\/wp\/v2\/pages\/109","targetHints":{"allow":["GET"]}}],"collection":[{"href":"https:\/\/toensfeldt-modellbau.de\/index.php?rest_route=\/wp\/v2\/pages"}],"about":[{"href":"https:\/\/toensfeldt-modellbau.de\/index.php?rest_route=\/wp\/v2\/types\/page"}],"author":[{"embeddable":true,"href":"https:\/\/toensfeldt-modellbau.de\/index.php?rest_route=\/wp\/v2\/users\/3"}],"replies":[{"embeddable":true,"href":"https:\/\/toensfeldt-modellbau.de\/index.php?rest_route=%2Fwp%2Fv2%2Fcomments&post=109"}],"version-history":[{"count":8,"href":"https:\/\/toensfeldt-modellbau.de\/index.php?rest_route=\/wp\/v2\/pages\/109\/revisions"}],"predecessor-version":[{"id":7561,"href":"https:\/\/toensfeldt-modellbau.de\/index.php?rest_route=\/wp\/v2\/pages\/109\/revisions\/7561"}],"up":[{"embeddable":true,"href":"https:\/\/toensfeldt-modellbau.de\/index.php?rest_route=\/wp\/v2\/pages\/60"}],"wp:attachment":[{"href":"https:\/\/toensfeldt-modellbau.de\/index.php?rest_route=%2Fwp%2Fv2%2Fmedia&parent=109"}],"curies":[{"name":"wp","href":"https:\/\/api.w.org\/{rel}","templated":true}]}}