{"id":1139,"date":"2015-01-25T13:23:27","date_gmt":"2015-01-25T11:23:27","guid":{"rendered":"http:\/\/toensfeldt-modellbau.de\/?page_id=1139"},"modified":"2025-03-02T12:15:23","modified_gmt":"2025-03-02T10:15:23","slug":"zubehoer-feuerloescher","status":"publish","type":"page","link":"https:\/\/toensfeldt-modellbau.de\/?page_id=1139","title":{"rendered":"Feuerl\u00f6scher Zubeh\u00f6r"},"content":{"rendered":"<p><em><strong><span style=\"color: #ff0000;\">Wandhalter f\u00fcr TMV Feuerl\u00f6scher 1:14 &amp; 1:16<\/span><\/strong><\/em><\/p>\n<p><img loading=\"lazy\" decoding=\"async\" class=\"alignnone size-full wp-image-1263\" src=\"http:\/\/toensfeldt-modellbau.de\/wp-content\/uploads\/2015\/05\/St\u00e4nder2Int.jpg\" alt=\"\" width=\"425\" height=\"218\" srcset=\"https:\/\/toensfeldt-modellbau.de\/wp-content\/uploads\/2015\/05\/St\u00e4nder2Int.jpg 425w, https:\/\/toensfeldt-modellbau.de\/wp-content\/uploads\/2015\/05\/St\u00e4nder2Int-300x154.jpg 300w\" sizes=\"auto, (max-width: 425px) 100vw, 425px\" \/><\/p>\n<p>TMV Wandhalter f\u00fcr TMV Feuerl\u00f6scher 6 KG 1:14 &amp; 1:16 Fertig Gebaut !<\/p>\n<p>TMV Wandhalter Fertig Gebogen und Rot oder Schwarz Pulverbeschichtet. Fertigsatz enth\u00e4lt: Wandhalter gebogen und Verl\u00f6tet, 2 Schrauben und Muttern M 1,4 mm.<\/p>\n<p><span style=\"color: #0000ff;\">Achtung: Ob Gel\u00f6tet oder Pulverbeschichtet Teile D\u00fcrfen nicht zur\u00fcck gebogen werden es besteht Bruchgefahr! ! !<\/span><\/p>\n<p><img loading=\"lazy\" decoding=\"async\" class=\"alignleft size-full wp-image-1309\" src=\"http:\/\/toensfeldt-modellbau.de\/wp-content\/uploads\/2015\/09\/3BodenSt\u00e4_Farbe1int.jpg\" alt=\"3BodenSt\u00e4_Farbe1int\" width=\"210\" height=\"170\" \/><\/p>\n<p>Art. Nr. Bestell Text:<\/p>\n<ul>\n<li><span style=\"color: #ff0000;\">090241<\/span> TMV Wandhalter 1:14 Fertig Schwarz.<\/li>\n<li><span style=\"color: #ff0000;\">090242<\/span> TMV Wandhalter 1:14 Fertig Rot.<\/li>\n<li><span style=\"color: #ff0000;\">090246<\/span> TMV Wandhalter 1:16 Fertig Schwarz.<\/li>\n<li><span style=\"color: #ff0000;\">090247<\/span> TMV Wandhalter 1:16 Fertig Rot.<\/li>\n<\/ul>\n<p><span style=\"font-size: medium;\">Herstellerdaten gem\u00e4s GPSR<\/span><\/p>\n<p><span style=\"font-size: medium;\">Olaf T\u00f6nsfeldt<br \/>\nT\u00f6nsfeldt <span style=\"color: #000000;\">Modellbau Vertrieb<\/span><span style=\"color: #ff0000;\"><span style=\"font-family: Arial, Helvetica, sans-serif;\"><br \/>\n<\/span><\/span>Nobiskr\u00fcger Allee 20<span style=\"font-family: Arial, Helvetica, sans-serif;\"><br \/>\n<\/span>24768 Rendsburg<\/span><\/p>\n<p><strong><span style=\"font-size: medium;\">Deutschland<\/span><\/strong><span style=\"font-size: medium;\"><br \/>\nTel.: 0049 (0 ) 43 31\/ 51 95<br \/>\nE-Mail an: tmv@toensfeldt-modellbau.de<\/span><\/p>\n","protected":false},"excerpt":{"rendered":"<p>Wandhalter f\u00fcr TMV Feuerl\u00f6scher 1:14 &amp; 1:16 TMV Wandhalter f\u00fcr TMV Feuerl\u00f6scher 6 KG 1:14 &amp; 1:16 Fertig Gebaut ! TMV Wandhalter Fertig Gebogen und Rot oder Schwarz Pulverbeschichtet. Fertigsatz enth\u00e4lt: Wandhalter gebogen und Verl\u00f6tet, 2 Schrauben und Muttern M &hellip; <a href=\"https:\/\/toensfeldt-modellbau.de\/?page_id=1139\">Weiterlesen <span class=\"meta-nav\">&rarr;<\/span><\/a><\/p>\n","protected":false},"author":2,"featured_media":0,"parent":581,"menu_order":0,"comment_status":"closed","ping_status":"closed","template":"","meta":{"footnotes":""},"class_list":["post-1139","page","type-page","status-publish","hentry"],"_links":{"self":[{"href":"https:\/\/toensfeldt-modellbau.de\/index.php?rest_route=\/wp\/v2\/pages\/1139","targetHints":{"allow":["GET"]}}],"collection":[{"href":"https:\/\/toensfeldt-modellbau.de\/index.php?rest_route=\/wp\/v2\/pages"}],"about":[{"href":"https:\/\/toensfeldt-modellbau.de\/index.php?rest_route=\/wp\/v2\/types\/page"}],"author":[{"embeddable":true,"href":"https:\/\/toensfeldt-modellbau.de\/index.php?rest_route=\/wp\/v2\/users\/2"}],"replies":[{"embeddable":true,"href":"https:\/\/toensfeldt-modellbau.de\/index.php?rest_route=%2Fwp%2Fv2%2Fcomments&post=1139"}],"version-history":[{"count":21,"href":"https:\/\/toensfeldt-modellbau.de\/index.php?rest_route=\/wp\/v2\/pages\/1139\/revisions"}],"predecessor-version":[{"id":7547,"href":"https:\/\/toensfeldt-modellbau.de\/index.php?rest_route=\/wp\/v2\/pages\/1139\/revisions\/7547"}],"up":[{"embeddable":true,"href":"https:\/\/toensfeldt-modellbau.de\/index.php?rest_route=\/wp\/v2\/pages\/581"}],"wp:attachment":[{"href":"https:\/\/toensfeldt-modellbau.de\/index.php?rest_route=%2Fwp%2Fv2%2Fmedia&parent=1139"}],"curies":[{"name":"wp","href":"https:\/\/api.w.org\/{rel}","templated":true}]}}