{"id":1243,"date":"2015-04-29T16:22:18","date_gmt":"2015-04-29T14:22:18","guid":{"rendered":"http:\/\/toensfeldt-modellbau.de\/?page_id=1243"},"modified":"2025-03-02T12:10:31","modified_gmt":"2025-03-02T10:10:31","slug":"feuerloescher","status":"publish","type":"page","link":"https:\/\/toensfeldt-modellbau.de\/?page_id=1243","title":{"rendered":"Feuerl\u00f6scher"},"content":{"rendered":"\n<p>K\u00fcbelspritzen Feuerwehr und Bundeswehr<\/p>\n\n\n\n<figure class=\"wp-block-image size-large\"><a href=\"http:\/\/toensfeldt-modellbau.de\/wp-content\/uploads\/2019\/06\/Mann-2K\u00fcbelspritzen.jpg\"><img loading=\"lazy\" decoding=\"async\" width=\"567\" height=\"738\" src=\"http:\/\/toensfeldt-modellbau.de\/wp-content\/uploads\/2019\/06\/Mann-2K\u00fcbelspritzen.jpg\" alt=\"\" class=\"wp-image-3821\" srcset=\"https:\/\/toensfeldt-modellbau.de\/wp-content\/uploads\/2019\/06\/Mann-2K\u00fcbelspritzen.jpg 567w, https:\/\/toensfeldt-modellbau.de\/wp-content\/uploads\/2019\/06\/Mann-2K\u00fcbelspritzen-230x300.jpg 230w\" sizes=\"auto, (max-width: 567px) 100vw, 567px\" \/><\/a><\/figure>\n\n\n\n<figure class=\"wp-block-image size-large\"><a href=\"http:\/\/toensfeldt-modellbau.de\/wp-content\/uploads\/2019\/06\/Wolf-K\u00fcbelspritze.jpg\"><img loading=\"lazy\" decoding=\"async\" width=\"567\" height=\"356\" src=\"http:\/\/toensfeldt-modellbau.de\/wp-content\/uploads\/2019\/06\/Wolf-K\u00fcbelspritze.jpg\" alt=\"\" class=\"wp-image-3809\" srcset=\"https:\/\/toensfeldt-modellbau.de\/wp-content\/uploads\/2019\/06\/Wolf-K\u00fcbelspritze.jpg 567w, https:\/\/toensfeldt-modellbau.de\/wp-content\/uploads\/2019\/06\/Wolf-K\u00fcbelspritze-300x188.jpg 300w\" sizes=\"auto, (max-width: 567px) 100vw, 567px\" \/><\/a><\/figure>\n\n\n\n<p>Feuerl\u00f6scher National und International<\/p>\n\n\n\n<figure class=\"wp-block-image size-large\"><a href=\"http:\/\/toensfeldt-modellbau.de\/wp-content\/uploads\/2016\/03\/Gruppe_GB_Feuer_1_14B1Int.jpg\"><img loading=\"lazy\" decoding=\"async\" width=\"425\" height=\"237\" src=\"http:\/\/toensfeldt-modellbau.de\/wp-content\/uploads\/2016\/03\/Gruppe_GB_Feuer_1_14B1Int.jpg\" alt=\"\" class=\"wp-image-1479\" srcset=\"https:\/\/toensfeldt-modellbau.de\/wp-content\/uploads\/2016\/03\/Gruppe_GB_Feuer_1_14B1Int.jpg 425w, https:\/\/toensfeldt-modellbau.de\/wp-content\/uploads\/2016\/03\/Gruppe_GB_Feuer_1_14B1Int-300x167.jpg 300w\" sizes=\"auto, (max-width: 425px) 100vw, 425px\" \/><\/a><\/figure>\n\n\n\n<p>Zubeh\u00f6r f\u00fcr Feuerl\u00f6scher<\/p>\n\n\n\n<figure class=\"wp-block-image size-large\"><a href=\"http:\/\/toensfeldt-modellbau.de\/wp-content\/uploads\/2016\/09\/Feuerl\u00f6_Box_1-14_S-R_B2Int.jpg\"><img loading=\"lazy\" decoding=\"async\" width=\"340\" height=\"220\" src=\"http:\/\/toensfeldt-modellbau.de\/wp-content\/uploads\/2016\/09\/Feuerl\u00f6_Box_1-14_S-R_B2Int.jpg\" alt=\"\" class=\"wp-image-1631\" srcset=\"https:\/\/toensfeldt-modellbau.de\/wp-content\/uploads\/2016\/09\/Feuerl\u00f6_Box_1-14_S-R_B2Int.jpg 340w, https:\/\/toensfeldt-modellbau.de\/wp-content\/uploads\/2016\/09\/Feuerl\u00f6_Box_1-14_S-R_B2Int-300x194.jpg 300w\" sizes=\"auto, (max-width: 340px) 100vw, 340px\" \/><\/a><\/figure>\n\n\n\n<figure class=\"wp-block-image size-large\"><a href=\"http:\/\/toensfeldt-modellbau.de\/wp-content\/uploads\/2015\/05\/St\u00e4nder2Int.jpg\"><img loading=\"lazy\" decoding=\"async\" width=\"425\" height=\"218\" src=\"http:\/\/toensfeldt-modellbau.de\/wp-content\/uploads\/2015\/05\/St\u00e4nder2Int.jpg\" alt=\"\" class=\"wp-image-1263\" srcset=\"https:\/\/toensfeldt-modellbau.de\/wp-content\/uploads\/2015\/05\/St\u00e4nder2Int.jpg 425w, https:\/\/toensfeldt-modellbau.de\/wp-content\/uploads\/2015\/05\/St\u00e4nder2Int-300x154.jpg 300w\" sizes=\"auto, (max-width: 425px) 100vw, 425px\" \/><\/a><\/figure>\n\n\n\n<p>Herstellerdaten gem\u00e4s GPSR<\/p>\n\n\n\n<p>Olaf T\u00f6nsfeldt<br>T\u00f6nsfeldt Modellbau Vertrieb<br>Nobiskr\u00fcger Allee 20<br>24768 Rendsburg<\/p>\n\n\n\n<p><strong>Deutschland<\/strong><br>Tel.: 0049 (0 ) 43 31\/ 51 95<br>E-Mail an: tmv@toensfeldt-modellbau.de<\/p>\n","protected":false},"excerpt":{"rendered":"<p>K\u00fcbelspritzen Feuerwehr und Bundeswehr Feuerl\u00f6scher National und International Zubeh\u00f6r f\u00fcr Feuerl\u00f6scher Herstellerdaten gem\u00e4s GPSR Olaf T\u00f6nsfeldtT\u00f6nsfeldt Modellbau VertriebNobiskr\u00fcger Allee 2024768 Rendsburg DeutschlandTel.: 0049 (0 ) 43 31\/ 51 95E-Mail an: tmv@toensfeldt-modellbau.de<\/p>\n","protected":false},"author":2,"featured_media":0,"parent":0,"menu_order":0,"comment_status":"closed","ping_status":"closed","template":"","meta":{"footnotes":""},"class_list":["post-1243","page","type-page","status-publish","hentry"],"_links":{"self":[{"href":"https:\/\/toensfeldt-modellbau.de\/index.php?rest_route=\/wp\/v2\/pages\/1243","targetHints":{"allow":["GET"]}}],"collection":[{"href":"https:\/\/toensfeldt-modellbau.de\/index.php?rest_route=\/wp\/v2\/pages"}],"about":[{"href":"https:\/\/toensfeldt-modellbau.de\/index.php?rest_route=\/wp\/v2\/types\/page"}],"author":[{"embeddable":true,"href":"https:\/\/toensfeldt-modellbau.de\/index.php?rest_route=\/wp\/v2\/users\/2"}],"replies":[{"embeddable":true,"href":"https:\/\/toensfeldt-modellbau.de\/index.php?rest_route=%2Fwp%2Fv2%2Fcomments&post=1243"}],"version-history":[{"count":4,"href":"https:\/\/toensfeldt-modellbau.de\/index.php?rest_route=\/wp\/v2\/pages\/1243\/revisions"}],"predecessor-version":[{"id":7538,"href":"https:\/\/toensfeldt-modellbau.de\/index.php?rest_route=\/wp\/v2\/pages\/1243\/revisions\/7538"}],"wp:attachment":[{"href":"https:\/\/toensfeldt-modellbau.de\/index.php?rest_route=%2Fwp%2Fv2%2Fmedia&parent=1243"}],"curies":[{"name":"wp","href":"https:\/\/api.w.org\/{rel}","templated":true}]}}