{"id":1453,"date":"2016-01-26T18:13:45","date_gmt":"2016-01-26T16:13:45","guid":{"rendered":"http:\/\/toensfeldt-modellbau.de\/?page_id=1453"},"modified":"2016-01-26T18:27:19","modified_gmt":"2016-01-26T16:27:19","slug":"tmv-schmutzlappen","status":"publish","type":"page","link":"https:\/\/toensfeldt-modellbau.de\/?page_id=1453","title":{"rendered":"TMV Schmutzlappen"},"content":{"rendered":"<p><img loading=\"lazy\" decoding=\"async\" class=\"alignleft size-full wp-image-1451\" src=\"http:\/\/toensfeldt-modellbau.de\/wp-content\/uploads\/2016\/01\/1-16SchmutzT\u00f6nsfeldRot2freiInt.jpg\" alt=\"1-16SchmutzT\u00f6nsfeldRot2freiInt\" width=\"284\" height=\"149\" \/><\/p>\n<p>&nbsp;<\/p>\n<p>&nbsp;<\/p>\n<p>&nbsp;<\/p>\n<p>&nbsp;<\/p>\n<p><em><strong><span style=\"color: #ff0000;\">TMV Schmutzlappen f\u00fcr Wedico 1:16 Tr\u00e4ge<\/span><span style=\"color: #ff0000;\">r<\/span><\/strong><\/em><\/p>\n<p>Schmutzlappen f\u00fcr Wedico\u00a0 1:16\u00a0 Schmutzf\u00e4nger oder Kotfl\u00fcgel. LKW Plane Bedruckt mit T\u00f6nsfeldt Rendsburg in Rot oder Wei\u00df mit L\u00f6chern zur Befstiegung an den Wedico Tr\u00e4gern.<\/p>\n<p><img loading=\"lazy\" decoding=\"async\" class=\"alignleft size-full wp-image-1450\" src=\"http:\/\/toensfeldt-modellbau.de\/wp-content\/uploads\/2016\/01\/1-16SchmutzT\u00f6nsfeldRot1Int.jpg\" alt=\"1-16SchmutzT\u00f6nsfeldRot1Int\" width=\"283\" height=\"151\" \/><\/p>\n<p>Technische Daten:<\/p>\n<ul>\n<li>H\u00f6he:\u00a0 48 mm<\/li>\n<li>Breite: 40 mm<\/li>\n<\/ul>\n<p>&nbsp;<\/p>\n<p>&nbsp;<\/p>\n<p><img loading=\"lazy\" decoding=\"async\" class=\"alignleft size-full wp-image-1452\" src=\"http:\/\/toensfeldt-modellbau.de\/wp-content\/uploads\/2016\/01\/1-16SchmutzT\u00f6nsfeldtWei\u00df1Int.jpg\" alt=\"1-16SchmutzT\u00f6nsfeldtWei\u00df1Int\" width=\"283\" height=\"163\" \/><\/p>\n<p>&nbsp;<\/p>\n<p>&nbsp;<\/p>\n<p>&nbsp;<\/p>\n<p>&nbsp;<\/p>\n<p>Art.Nr. Bestell Text:<\/p>\n<ul>\n<li><span style=\"color: #ff0000;\">020350<\/span>\u00a0\u00a0 TMV Schmutz. T\u00f6nsfeldt RD Rot<\/li>\n<li><span style=\"color: #ff0000;\">020350<\/span>\u00a0\u00a0 TMV Schmutz. T\u00f6nsfeldt RD Wei\u00df<\/li>\n<\/ul>\n<p>Schmutzlappen f\u00fcr Wedico\u00a0 1:16\u00a0 Schmutzf\u00e4nger oder Kotfl\u00fcgel. LKW Plane Bedruckt mit TMV Rendsburg in Rot mit L\u00f6chern zur Befstiegung an den Wedico Tr\u00e4gern.<\/p>\n<p><img loading=\"lazy\" decoding=\"async\" class=\"alignleft size-full wp-image-1449\" src=\"http:\/\/toensfeldt-modellbau.de\/wp-content\/uploads\/2016\/01\/1-16SchmutzTMVRot1Int.jpg\" alt=\"1-16SchmutzTMVRot1Int\" width=\"283\" height=\"156\" \/><\/p>\n<p>Technische Daten:<\/p>\n<ul>\n<li>H\u00f6he:\u00a0 48 mm<\/li>\n<li>Breite: 40 mm<\/li>\n<\/ul>\n<p>&nbsp;<\/p>\n<p>&nbsp;<\/p>\n<p>Art.Nr. Bestell Text:<\/p>\n<ul>\n<li><span style=\"color: #ff0000;\">020353<\/span> \u00a0 TMV Schmutz. TMV RD Rot<\/li>\n<\/ul>\n","protected":false},"excerpt":{"rendered":"<p>&nbsp; &nbsp; &nbsp; &nbsp; TMV Schmutzlappen f\u00fcr Wedico 1:16 Tr\u00e4ger Schmutzlappen f\u00fcr Wedico\u00a0 1:16\u00a0 Schmutzf\u00e4nger oder Kotfl\u00fcgel. LKW Plane Bedruckt mit T\u00f6nsfeldt Rendsburg in Rot oder Wei\u00df mit L\u00f6chern zur Befstiegung an den Wedico Tr\u00e4gern. Technische Daten: H\u00f6he:\u00a0 48 mm &hellip; <a href=\"https:\/\/toensfeldt-modellbau.de\/?page_id=1453\">Weiterlesen <span class=\"meta-nav\">&rarr;<\/span><\/a><\/p>\n","protected":false},"author":2,"featured_media":0,"parent":0,"menu_order":0,"comment_status":"closed","ping_status":"closed","template":"","meta":{"footnotes":""},"class_list":["post-1453","page","type-page","status-publish","hentry"],"_links":{"self":[{"href":"https:\/\/toensfeldt-modellbau.de\/index.php?rest_route=\/wp\/v2\/pages\/1453","targetHints":{"allow":["GET"]}}],"collection":[{"href":"https:\/\/toensfeldt-modellbau.de\/index.php?rest_route=\/wp\/v2\/pages"}],"about":[{"href":"https:\/\/toensfeldt-modellbau.de\/index.php?rest_route=\/wp\/v2\/types\/page"}],"author":[{"embeddable":true,"href":"https:\/\/toensfeldt-modellbau.de\/index.php?rest_route=\/wp\/v2\/users\/2"}],"replies":[{"embeddable":true,"href":"https:\/\/toensfeldt-modellbau.de\/index.php?rest_route=%2Fwp%2Fv2%2Fcomments&post=1453"}],"version-history":[{"count":6,"href":"https:\/\/toensfeldt-modellbau.de\/index.php?rest_route=\/wp\/v2\/pages\/1453\/revisions"}],"predecessor-version":[{"id":1460,"href":"https:\/\/toensfeldt-modellbau.de\/index.php?rest_route=\/wp\/v2\/pages\/1453\/revisions\/1460"}],"wp:attachment":[{"href":"https:\/\/toensfeldt-modellbau.de\/index.php?rest_route=%2Fwp%2Fv2%2Fmedia&parent=1453"}],"curies":[{"name":"wp","href":"https:\/\/api.w.org\/{rel}","templated":true}]}}