{"id":1493,"date":"2016-05-05T13:41:24","date_gmt":"2016-05-05T11:41:24","guid":{"rendered":"http:\/\/toensfeldt-modellbau.de\/?page_id=1493"},"modified":"2025-03-08T12:05:48","modified_gmt":"2025-03-08T10:05:48","slug":"paketband","status":"publish","type":"page","link":"https:\/\/toensfeldt-modellbau.de\/?page_id=1493","title":{"rendered":"Paketband"},"content":{"rendered":"<p><img loading=\"lazy\" decoding=\"async\" class=\"alignnone size-full wp-image-1487\" src=\"http:\/\/toensfeldt-modellbau.de\/wp-content\/uploads\/2016\/05\/Pakband_Gruppe1Int.jpg\" alt=\"Pakband_Gruppe1Int\" width=\"425\" height=\"200\" srcset=\"https:\/\/toensfeldt-modellbau.de\/wp-content\/uploads\/2016\/05\/Pakband_Gruppe1Int.jpg 425w, https:\/\/toensfeldt-modellbau.de\/wp-content\/uploads\/2016\/05\/Pakband_Gruppe1Int-300x141.jpg 300w\" sizes=\"auto, (max-width: 425px) 100vw, 425px\" \/><\/p>\n<ul>\n<li>Mit dem Paketband bieteten wir die M\u00f6glichkeit an um Kartons, M\u00f6bel oder andere Sachen\u00a0 ordentlich zu verpacken. TMV bietet das Paketband in verschiedenen Farben und mit verschiedenen Firmen Schriftz\u00fcgen an. Die 4. Streifen sind vorgeschnitten und brauchen nur noch in die gew\u00fcnschte L\u00e4nge geschnitten werden.<\/li>\n<li>Paketband Lang: 4\u00a0 Streifen von 70 cm L\u00e4nge und einer Breite von 4 mm<\/li>\n<li>Paketband Kurz: 4\u00a0 Streifen von ca. 30 -35 cm L\u00e4nge und einer Breite von 4 mm<\/li>\n<li>Unter der Art. Nr. 091210 bieten wir Privatleuten oder Vereinen an ihr eigenes Paketband zu machen, sprechen sie uns an. Aber auch Firmen k\u00f6nnen sich melden wenn sie Interesse am Paketband haben !<\/li>\n<\/ul>\n<p><em><strong><span style=\"color: #ff0000;\">Folgende Firmen haben wir im Programm:<\/span><\/strong><\/em><\/p>\n<ol>\n<li>T\u00f6nsfeldt Modellbau-Vertrieb 3 x<\/li>\n<li>WEDICO 2 x<\/li>\n<li>Der RC Bruder 1 x<\/li>\n<li>Fineline 1x<\/li>\n<li>thicon 1 x<\/li>\n<li>TTM Funktionsmodellbau 1 x<\/li>\n<li>MM Modellbau 1 x<\/li>\n<li>Fechtner Modellbau 1 x<\/li>\n<li>Andys Ladegut 1 x<\/li>\n<\/ol>\n<p><img loading=\"lazy\" decoding=\"async\" class=\"alignnone size-full wp-image-1525\" src=\"http:\/\/toensfeldt-modellbau.de\/wp-content\/uploads\/2016\/05\/Alle-Paketb\u00e4nder.jpg\" alt=\"Alle-Paketb\u00e4nder\" width=\"326\" height=\"386\" srcset=\"https:\/\/toensfeldt-modellbau.de\/wp-content\/uploads\/2016\/05\/Alle-Paketb\u00e4nder.jpg 326w, https:\/\/toensfeldt-modellbau.de\/wp-content\/uploads\/2016\/05\/Alle-Paketb\u00e4nder-253x300.jpg 253w\" sizes=\"auto, (max-width: 326px) 100vw, 326px\" \/><\/p>\n<div id=\"attachment_1490\" style=\"width: 293px\" class=\"wp-caption alignleft\"><img loading=\"lazy\" decoding=\"async\" aria-describedby=\"caption-attachment-1490\" class=\"wp-image-1490 size-full\" src=\"http:\/\/toensfeldt-modellbau.de\/wp-content\/uploads\/2016\/05\/Pakband_TMV1_int.jpg\" alt=\"Pakband_TMV1_int\" width=\"283\" height=\"184\" \/><p id=\"caption-attachment-1490\" class=\"wp-caption-text\">TMV<\/p><\/div>\n<p>&nbsp;<\/p>\n<p>&nbsp;<\/p>\n<p>&nbsp;<\/p>\n<p>&nbsp;<\/p>\n<div id=\"attachment_1492\" style=\"width: 293px\" class=\"wp-caption alignleft\"><img loading=\"lazy\" decoding=\"async\" aria-describedby=\"caption-attachment-1492\" class=\"wp-image-1492 size-full\" src=\"http:\/\/toensfeldt-modellbau.de\/wp-content\/uploads\/2016\/05\/Pakband_Wedico1_Int.jpg\" alt=\"Pakband_Wedico1_Int\" width=\"283\" height=\"163\" \/><p id=\"caption-attachment-1492\" class=\"wp-caption-text\">WEDICO<\/p><\/div>\n<p>&nbsp;<\/p>\n<p>&nbsp;<\/p>\n<p>&nbsp;<\/p>\n<p>&nbsp;<\/p>\n<div id=\"attachment_1489\" style=\"width: 293px\" class=\"wp-caption alignleft\"><img loading=\"lazy\" decoding=\"async\" aria-describedby=\"caption-attachment-1489\" class=\"wp-image-1489 size-full\" src=\"http:\/\/toensfeldt-modellbau.de\/wp-content\/uploads\/2016\/05\/Pakband_thicon1Int.jpg\" alt=\"Pakband_thicon1Int\" width=\"283\" height=\"198\" \/><p id=\"caption-attachment-1489\" class=\"wp-caption-text\">thicon<\/p><\/div>\n<p>&nbsp;<\/p>\n<p>&nbsp;<\/p>\n<p>&nbsp;<\/p>\n<p>&nbsp;<\/p>\n<p>&nbsp;<\/p>\n<p>&nbsp;<\/p>\n<div id=\"attachment_1488\" style=\"width: 293px\" class=\"wp-caption alignleft\"><img loading=\"lazy\" decoding=\"async\" aria-describedby=\"caption-attachment-1488\" class=\"wp-image-1488 size-full\" src=\"http:\/\/toensfeldt-modellbau.de\/wp-content\/uploads\/2016\/05\/Pakband_RC_Bruder1_Int.jpg\" alt=\"Pakband_RC_Bruder1_Int\" width=\"283\" height=\"360\" srcset=\"https:\/\/toensfeldt-modellbau.de\/wp-content\/uploads\/2016\/05\/Pakband_RC_Bruder1_Int.jpg 283w, https:\/\/toensfeldt-modellbau.de\/wp-content\/uploads\/2016\/05\/Pakband_RC_Bruder1_Int-236x300.jpg 236w\" sizes=\"auto, (max-width: 283px) 100vw, 283px\" \/><p id=\"caption-attachment-1488\" class=\"wp-caption-text\">Der RC Bruder<\/p><\/div>\n<div id=\"attachment_1506\" style=\"width: 293px\" class=\"wp-caption alignleft\"><img loading=\"lazy\" decoding=\"async\" aria-describedby=\"caption-attachment-1506\" class=\"wp-image-1506 size-full\" src=\"http:\/\/toensfeldt-modellbau.de\/wp-content\/uploads\/2016\/05\/Pakband_Fineline2Int.jpg\" alt=\"Pakband_Fineline2Int\" width=\"283\" height=\"190\" \/><p id=\"caption-attachment-1506\" class=\"wp-caption-text\">Fineline<\/p><\/div>\n<p>&nbsp;<\/p>\n<p>&nbsp;<\/p>\n<p>&nbsp;<\/p>\n<p>&nbsp;<\/p>\n<p>&nbsp;<\/p>\n<p>&nbsp;<\/p>\n<p>&nbsp;<\/p>\n<p>&nbsp;<\/p>\n<p>&nbsp;<\/p>\n<p>&nbsp;<\/p>\n<p>&nbsp;<\/p>\n<div id=\"attachment_1491\" style=\"width: 293px\" class=\"wp-caption alignleft\"><img loading=\"lazy\" decoding=\"async\" aria-describedby=\"caption-attachment-1491\" class=\"wp-image-1491 size-full\" src=\"http:\/\/toensfeldt-modellbau.de\/wp-content\/uploads\/2016\/05\/Pakband_TTM1Int.jpg\" alt=\"Pakband_TTM1Int\" width=\"283\" height=\"237\" \/><p id=\"caption-attachment-1491\" class=\"wp-caption-text\">TTM Funktzionsmoddellbau<\/p><\/div>\n<p>&nbsp;<\/p>\n<p>&nbsp;<\/p>\n<p>&nbsp;<\/p>\n<p>&nbsp;<\/p>\n<p>&nbsp;<\/p>\n<p>&nbsp;<\/p>\n<p>&nbsp;<\/p>\n<p>&nbsp;<\/p>\n<p>&nbsp;<\/p>\n<p>&nbsp;<\/p>\n<p>&nbsp;<\/p>\n<p>&nbsp;<\/p>\n<p>&nbsp;<\/p>\n<p>&nbsp;<\/p>\n<p>Art. Nr. Bestelltext Paketband Lang:<\/p>\n<ul>\n<li><span style=\"color: #ff0000;\">091200<\/span> Paketband TMV Schriftzug Lang wei\u00df\/schwarz7rot<\/li>\n<li><span style=\"color: #ff0000;\">091201<\/span> Paketband TMV Schriftzug Lang rot\/wei\u00df<\/li>\n<li><span style=\"color: #ff0000;\">091202<\/span> Paketband TMV Internetadresse Lang wei\u00df\/schwarz\/rot<\/li>\n<li><span style=\"color: #ff0000;\">091203<\/span> Paketband WEDICO Schriftzug Lang rot\/wei\u00df<\/li>\n<li><span style=\"color: #ff0000;\">091204<\/span> Paketband WEDICO Internetadresse Lang wei\u00df\/schwarz<\/li>\n<li><span style=\"color: #ff0000;\">091205<\/span> Paketband Der RC Bruder Schriftzug Lang blau\/gelb<\/li>\n<li><span style=\"color: #ff0000;\">091206<\/span> Paketband Fineline Schriftzug Lang wei\u00df\/schwarz<\/li>\n<li><span style=\"color: #ff0000;\">091207<\/span> Paketband thicon Schriftzug Lang gr\u00fcn\/schwarz<\/li>\n<li><span style=\"color: #ff0000;\">091208<\/span> Paketband TTM Funkzionsmo. Schriftzug Lang wei\u00df\/blau\/schwarz<\/li>\n<li><span style=\"color: #ff0000;\">091221<\/span>Paketband MM Modellbau Schriftzug Lang wei\u00df\/magenta\/blau<\/li>\n<li><span style=\"color: #ff0000;\">091222<\/span>Paketband\u00a0 Fechtner Schriftzug Lang orange\/schwarz<\/li>\n<li><span style=\"color: #ff0000;\">091223<\/span>Paketband Braun Lang<\/li>\n<li><span style=\"color: #ff0000;\">091224<\/span>Paketband\u00a0 Andys Schriftzug Lang gelb\/braun<\/li>\n<li><span style=\"color: #ff0000;\">091225<\/span>Paketband Klar Lang<\/li>\n<\/ul>\n<p>Art. Nr. Bestelltext Paketband Kurz:<\/p>\n<ul>\n<li><span style=\"color: #ff0000;\">091211<\/span> Paketband TMV Schriftzug Kurz wei\u00df\/schwarz7rot<\/li>\n<li><span style=\"color: #ff0000;\">091212<\/span> Paketband TMV Schriftzug Kurz rot\/wei\u00df<\/li>\n<li><span style=\"color: #ff0000;\">091213<\/span> Paketband TMV Internetadresse Kurz wei\u00df\/schwarz\/rot<\/li>\n<li><span style=\"color: #ff0000;\">091214<\/span> Paketband WEDICO Schriftzug Kurz rot\/wei\u00df<\/li>\n<li><span style=\"color: #ff0000;\">091215<\/span> Paketband WEDICO Internetadresse Kurz wei\u00df\/schwarz<\/li>\n<li><span style=\"color: #ff0000;\">091216<\/span> Paketband Der RC Bruder Schriftzug Kurz blau\/gelb<\/li>\n<li><span style=\"color: #ff0000;\">091217<\/span> Paketband Fineline Schriftzug Kurz wei\u00df\/schwarz<\/li>\n<li><span style=\"color: #ff0000;\">091218<\/span> Paketband thicon Schriftzug Kurz gr\u00fcn\/schwarz<\/li>\n<li><span style=\"color: #ff0000;\">091219<\/span> Paketband TTM Funkzionsmo. Schriftzug Kurz wei\u00df\/blau\/schwarz<\/li>\n<li><span style=\"color: #ff0000;\">091230<\/span>Paketband MM Modellbau Schriftzug Kurz wei\u00df\/magenta\/blau<\/li>\n<li><span style=\"color: #ff0000;\">091231<\/span>Paketband Fechtner Schriftzug Kurz orange\/schwarz<\/li>\n<li><span style=\"color: #ff0000;\">091232<\/span>Paketband Braun Kurz<\/li>\n<li><span style=\"color: #ff0000;\">091233<\/span>Paketband\u00a0 Andys Schriftzug Kurz gelb\/braun<\/li>\n<li><span style=\"color: #ff0000;\">091234<\/span>Paketband Klar Kurz<\/li>\n<\/ul>\n<p>T\u00f6nsfeldt Modellbau &#8211; Vertrieb m\u00f6chte sich an dieser Stelle bei allen Firmen f\u00fcr die Freigabe der Schriftz\u00fcge f\u00fcr die Paketb\u00e4nder bedanken.<\/p>\n<p><em><strong><span style=\"color: #ff0000;\">Klebeband in 4 und 6 mm Streifen<\/span><\/strong><\/em><\/p>\n<ul>\n<li>Mit dem Klebeband in den Breiten 4 und 6 mm bieteten wir die m\u00f6glichkeit an um Kartongs, Autos, LKWs, M\u00f6bel oder andere Sachen\u00a0 ordentlich zu verpacken. TMV bietet das Klebeband in verschiedenen Farben und mit verschiedenen Mustern an. Die Streifen in 4 und 6 mm sind Vorgeschnitten und brauchen nur noch in die gew\u00fcnschte L\u00e4nge geschnitten werden.<\/li>\n<li>Oliv Gr\u00fcn und Silber:<\/li>\n<li>Klebeband Lang: 4\u00a0 Streifen von 70 cm L\u00e4nge und einer Breite von 4 mm<\/li>\n<li>Klebeband Kurz: 4\u00a0 Streifen von ca. 30 -35 cm L\u00e4nge und einer Breite von 4 mm<\/li>\n<\/ul>\n<ul>\n<li>Rot\/Wei\u00df und Gelb\/Schwarz in Schr\u00e4g<\/li>\n<li>Klebeband Lang: 3\u00a0 Streifen von 70 cm L\u00e4nge und einer Breite von 6 mm<\/li>\n<li>Klebeband Kurz: 3\u00a0 Streifen von ca. 30 -35 cm L\u00e4nge und einer Breite von 6 mm<\/li>\n<\/ul>\n<p>Art. Nr. Bestelltext Klebeband Lang:<\/p>\n<ul>\n<li><span style=\"color: #ff0000;\">091226<\/span>Klebeband Oliy Gr\u00fcn Lang<\/li>\n<li><span style=\"color: #ff0000;\">091227<\/span>Klebeband Silber Lang<\/li>\n<li><span style=\"color: #ff0000;\">091229<\/span>Klebeband Gelb\/Schwarz Lang<\/li>\n<\/ul>\n<p>Art. Nr. Bestelltext Klebeband Kurz:<\/p>\n<ul>\n<li><span style=\"color: #ff0000;\">091235<\/span>Klebeband Oliy Gr\u00fcn Kurz<\/li>\n<li><span style=\"color: #ff0000;\">091236<\/span>Klebeband Silber Kurz<\/li>\n<li><span style=\"color: #ff0000;\">091238<\/span>Klebeband Gelb\/Schwarz Kurz<\/li>\n<\/ul>\n<h6><span style=\"color: #808080;\">Die namentliche Nennung von Herstellern und Produkten erfolgt nur zum Zweck der eindeutigen Bezeichnung der Artikel der einzelnen Hersteller. Einige der auf dieser Internetseite genannten Produktnamen sind eingetragene Warenzeichen bzw. unterliegen dem Copyright der jeweiligen Eigent\u00fcmer.<\/span><\/h6>\n<p><span style=\"font-size: medium;\">Olaf T\u00f6nsfeldt<br \/>\nT\u00f6nsfeldt <span style=\"color: #000000;\">Modellbau Vertrieb<\/span><span style=\"color: #ff0000;\"><span style=\"font-family: Arial, Helvetica, sans-serif;\"><br \/>\n<\/span><\/span>Nobiskr\u00fcger Allee 20<span style=\"font-family: Arial, Helvetica, sans-serif;\"><br \/>\n<\/span>24768 Rendsburg<\/span><\/p>\n<p><strong><span style=\"font-size: medium;\">Deutschland<\/span><\/strong><span style=\"font-size: medium;\"><br \/>\nTel.: 0049 (0 ) 43 31\/ 51 95<br \/>\nE-Mail an: <a href=\"mailto:tmv@toensfeldt-modellbau.de\">tmv@toensfeldt-modellbau.de<\/a><\/span><\/p>\n","protected":false},"excerpt":{"rendered":"<p>Mit dem Paketband bieteten wir die M\u00f6glichkeit an um Kartons, M\u00f6bel oder andere Sachen\u00a0 ordentlich zu verpacken. TMV bietet das Paketband in verschiedenen Farben und mit verschiedenen Firmen Schriftz\u00fcgen an. Die 4. Streifen sind vorgeschnitten und brauchen nur noch in &hellip; <a href=\"https:\/\/toensfeldt-modellbau.de\/?page_id=1493\">Weiterlesen <span class=\"meta-nav\">&rarr;<\/span><\/a><\/p>\n","protected":false},"author":2,"featured_media":0,"parent":0,"menu_order":0,"comment_status":"closed","ping_status":"closed","template":"","meta":{"footnotes":""},"class_list":["post-1493","page","type-page","status-publish","hentry"],"_links":{"self":[{"href":"https:\/\/toensfeldt-modellbau.de\/index.php?rest_route=\/wp\/v2\/pages\/1493","targetHints":{"allow":["GET"]}}],"collection":[{"href":"https:\/\/toensfeldt-modellbau.de\/index.php?rest_route=\/wp\/v2\/pages"}],"about":[{"href":"https:\/\/toensfeldt-modellbau.de\/index.php?rest_route=\/wp\/v2\/types\/page"}],"author":[{"embeddable":true,"href":"https:\/\/toensfeldt-modellbau.de\/index.php?rest_route=\/wp\/v2\/users\/2"}],"replies":[{"embeddable":true,"href":"https:\/\/toensfeldt-modellbau.de\/index.php?rest_route=%2Fwp%2Fv2%2Fcomments&post=1493"}],"version-history":[{"count":28,"href":"https:\/\/toensfeldt-modellbau.de\/index.php?rest_route=\/wp\/v2\/pages\/1493\/revisions"}],"predecessor-version":[{"id":7597,"href":"https:\/\/toensfeldt-modellbau.de\/index.php?rest_route=\/wp\/v2\/pages\/1493\/revisions\/7597"}],"wp:attachment":[{"href":"https:\/\/toensfeldt-modellbau.de\/index.php?rest_route=%2Fwp%2Fv2%2Fmedia&parent=1493"}],"curies":[{"name":"wp","href":"https:\/\/api.w.org\/{rel}","templated":true}]}}