{"id":1565,"date":"2016-07-05T19:45:42","date_gmt":"2016-07-05T17:45:42","guid":{"rendered":"http:\/\/toensfeldt-modellbau.de\/?page_id=1565"},"modified":"2025-03-08T20:14:34","modified_gmt":"2025-03-08T18:14:34","slug":"thicon","status":"publish","type":"page","link":"https:\/\/toensfeldt-modellbau.de\/?page_id=1565","title":{"rendered":"thicon"},"content":{"rendered":"<em><strong><span style=\"color: #0000ff;\">Dies ist nur eine Auswahl an Baus\u00e4tzen und Zubeh\u00f6r Teilen von thicon models<\/span><\/strong><\/em>\n\n<em><strong><span style=\"color: #0000ff;\">Wir F\u00fchren und Liefern das gesamte Programm von thicon !<\/span><\/strong><\/em>\n\n<strong><em><span style=\"color: #ff0000;\">thicon Sattelplatte f\u00fcr 1:14 &amp; 1:16<\/span><\/em><\/strong>\n\n<img decoding=\"async\" src=\"http:\/\/www.thicon-models.com\/img_big\/4777f17ed9c6d26477c2dbcfbac624d1.jpg\" alt=\"1:16 \/ 1:14 Sattelplate Metall schwarz 2-Achslagerung\" \/>\n\nHochwertige Sattelplatte mit automatischer Verriegelung und 2-Achslagerung. Hier neigt sich die Platte auch seitlich. Lieferung inkl. K\u00f6nigsbolzen.\nMa\u00dfe:\n<ul>\n \t<li>Montageplatte: 61x55mm,<\/li>\n \t<li>Sattel: 62x52mm,<\/li>\n \t<li>H\u00f6he gesamt: 19mm,<\/li>\n \t<li>K\u00f6nigsbolzen: 10mm x 8mm<\/li>\n<\/ul>\n<h3><strong><em><span style=\"color: #ff0000;\">1:14 Pendelfederung hinten Alu schwarz f\u00fcr Differenzial<\/span><\/em><em><span style=\"color: #ff0000;\">e<\/span><\/em><\/strong><\/h3>\n<img decoding=\"async\" src=\"http:\/\/www.thicon-models.com\/img_big\/b1c2948f76d8c8e9eb64b31845409041.jpg\" alt=\"1:14 Pendelfederung hinten Alu schwarz f\u00fcr Differenziale\" \/>\n\nHochwertige Pendelfederung f\u00fcr Tamiya-LKW. Die Pendelachse ist aus Alu und Edelstahl hergestellt. Die originalgetreuen Federpakete sind aus Federstahl gefertigt. Zur Montage an Tamiya Modelle m\u00fcssen noch 2mm Bohrungen am Rahmen angebracht werden.\nLieferung ohne Achsen.\nPassend f\u00fcr Tamiya-Differenziale (Differenzialhalter 50007 wird 2x ben\u00f6tigt) oder thicon-Differenziale.\nMontageanleitung liegt bei.\n<h3><strong><em><span style=\"color: #ff0000;\">1:14 Halter Alu Pendelachse f\u00fcr TAMIYA-Differenziale 1St\u00fcck<\/span><\/em><\/strong><\/h3>\n<img decoding=\"async\" src=\"http:\/\/www.thicon-models.com\/img_big\/17ed6de5f31fdd7e4b5bd2b6b9f34a10.jpg\" alt=\"1:14 Halter Alu Pendelachse f\u00fcr TAMIYA-Differenziale 1St\u00fcck\" \/>\n\nMit diesem Differenzialhalter aus massivem Alu in schwarz k\u00f6nnen Sie die original Tamiya Differenziale in die thicon- Pendelfederung 50006 einbauen Preis 19,95 \u20ac St.. Achtung es werden 2 St. gebraucht.\n<h3><strong><em><span style=\"color: #ff0000;\">1:14 Kardanwelle Edelstahl\u00a0 mit 5mm Bohrungen<\/span><\/em><\/strong><\/h3>\n<img decoding=\"async\" class=\"cboxPhoto\" src=\"http:\/\/www.thicon-models.com\/img_big\/24d6cb06ddc9752ba8a4adee3ac888e5.jpg\" \/>\n\nKardanwelle mit L\u00e4ngenausgleich aus Edelstahl mit 5mm Bohrungen.\nSehr robust durch hochwertige Edelstahlstifte und je zwei M3 Madenschrauben zur Wellenbefestigung.\nDurchmesser Welle: 8mm, Durchmesser Gelenk: 10mm\nWellen sind ca. 10mm k\u00fcrzbar.\n<ul>\n \t<li>43-50 mm<\/li>\n \t<li>48-55 mm<\/li>\n \t<li>50-62 mm<\/li>\n \t<li>58-73 mm<\/li>\n \t<li>62-82 mm<\/li>\n \t<li>70-100 mm<\/li>\n \t<li>92-122 mm<\/li>\n \t<li>110-140 mm<\/li>\n \t<li>145-160 mm<\/li>\n \t<li>180-210 mm<\/li>\n \t<li>200-230 mm<\/li>\n<\/ul>\n<h3><strong><em><span style=\"color: #ff0000;\">1:14 Kotfl\u00fcgel schmal und breite Kunststoff schwarz mit Halter Paar<\/span><\/em><\/strong><\/h3>\n<img decoding=\"async\" src=\"http:\/\/www.thicon-models.com\/img_big\/e9ece9e738471af9b741450a0944468f.jpg\" alt=\"1:14 Kotfl\u00fcgel breit Kunststoff schwarz mit Halter Paar\" \/>\n\nKotfl\u00fcgel schwarz mit Halterung aus Kunststoff f\u00fcr Singlebereifung.\nIdeal f\u00fcr Auflieger oder 4-Achser.\n<ul>\n \t<li>Breite: 42mm<\/li>\n \t<li>H\u00f6he: 61mm<\/li>\n \t<li>L\u00e4nge: 100mm<\/li>\n<\/ul>\n<img decoding=\"async\" src=\"http:\/\/www.thicon-models.com\/img_big\/3b6459850047d568b782be8fe8d57317.jpg\" alt=\"1:14 Kotfl\u00fcgel schmal Kunststoff schwarz mit Halter Paar\" \/>\n\nKotfl\u00fcgel schwarz mit Halterung aus Kunststoff f\u00fcr Doppelbereifung.\nIdeal f\u00fcr Auflieger oder 4-Achser.\n<ul>\n \t<li>Breite: 54mm<\/li>\n \t<li>H\u00f6he: 61mm<\/li>\n \t<li>L\u00e4nge: 100mm<\/li>\n<\/ul>\n<h3><strong><em><span style=\"color: #ff0000;\">1:14 \/ 1:16 Anh\u00e4ngerkupplung schwarz Metall<\/span><\/em><\/strong><\/h3>\n<img decoding=\"async\" src=\"http:\/\/www.thicon-models.com\/img_big\/270c8ee37c4ee14c78beb046e710f3c5.jpg\" alt=\"1:14 \/ 1:16 Anh\u00e4ngerkupplung schwarz Metall\" \/>\n\nSehr originalgetreue Anh\u00e4ngerkupplung aus Metall in schwarz f\u00fcr thicon-, Tamiya- und Wedico-LKW.\nDie AHK ist drehbar gelagert und das Maul ist schwenkbar \u00fcber Federn zentriert.\n<ul>\n \t<li>Breite Maul: 32mm<\/li>\n \t<li>H\u00f6he Maul: 16mm<\/li>\n \t<li>\u00d6ffnung Maul: 12x10mm<\/li>\n \t<li>Tiefe ab Flansch: 36mm<\/li>\n \t<li>Tiefe gesamt: 54mm<\/li>\n<\/ul>\n<img decoding=\"async\" src=\"http:\/\/www.thicon-models.com\/img_big\/a2212d4b358c36cf81db73eb8e189637.jpg\" alt=\"1:14 Hemmschuhe gelb mit Halter schwarz 2St\u00fcck\" \/>\n\nModerne Unterlegkeile in Gelb mit Quadrat-Waben-Muster und Rahmenhalterung. Die thicon-Hemmschuhe sind aus PLA im hochwertigen 3D-Druck hergestellt und passen auf alle 1:14-Modelle. Die Hemmschuhe werden, wie das Original, in die Halterung eingeklipst und sind so gut gesichert.\n\nLieferung: 2x Hemmschuh gelb, rot oder orange 2x Halter schwarz, 4x Senkschraube M2x8, 4x Mutter M2\n\nMa\u00dfe: Hemmschuh:\n<ul>\n \t<li>L\u00e4nge: 37mm<\/li>\n \t<li>Breite: 15mm<\/li>\n \t<li>H\u00f6he: 20mm<\/li>\n<\/ul>\nMa\u00dfe Halter:\n<ul>\n \t<li>L\u00e4nge: 34mm<\/li>\n \t<li>Breite: 20mm<\/li>\n \t<li>H\u00f6he: 15mm<\/li>\n<\/ul>\n<img decoding=\"async\" src=\"http:\/\/www.thicon-models.com\/img_big\/cfb7c64bcfe02b4a70cb8c97a49caacc.jpg\" alt=\"1:14 Klimaanlage f\u00fcr Scania\" \/>\n<h1><span style=\"color: #ff0000;\">1:14 \/ 1:16 Klimaanlage<\/span><\/h1>\nSchlanke moderne Dach-Klimaanlage passend f\u00fcr 1:14\/1:16 Fahrerhaus. Die thicon-Klimaanlage wird einfach auf das Fahrerhausdach geklebt.\n\nTechnische Daten:\n<ul>\n \t<li>Breite: 52mm,<\/li>\n \t<li>Tiefe: 42mm,<\/li>\n \t<li>H\u00f6he: 12mm<\/li>\n<\/ul>\nLieferung: Bausatz inkl. Montageanleitung.\n\n<img decoding=\"async\" src=\"http:\/\/www.thicon-models.com\/img_big\/23003b8f41efb5ae3acbe0f8d7357cb1.jpg\" alt=\"1:14 Druckluft-Ger\u00e4tetr\u00e4ger V2A mit Leitungen\" \/>\n<h3><em><strong><span style=\"color: #ff0000;\">1:14 Druckluft-Ger\u00e4tetr\u00e4ger V2A mit Leitungen<\/span><\/strong><\/em><\/h3>\nTechnische Daten:\n<ul>\n \t<li>Breite Rahmen: 77 mm<\/li>\n \t<li>Breite Grundplatte: 63 mm<\/li>\n \t<li>Tiefe: 44mm<\/li>\n \t<li>H\u00f6he: 68mm<\/li>\n<\/ul>\n<img decoding=\"async\" class=\"cboxPhoto\" src=\"http:\/\/www.thicon-models.com\/img_big\/6493e0202b8b79a0415962fab5da1681.jpg\" \/>\n<h3><em><strong><span style=\"color: #ff0000;\">1:14 Ger\u00e4te-Tr\u00e4ger V2 Edelstahl<\/span><\/strong><\/em><\/h3>\n<img decoding=\"async\" src=\"http:\/\/www.thicon-models.com\/img_big\/20440ab07207e55cae22eab073d35410.jpg\" alt=\"1:14 Rahmenlaufsteg V2A mit Ausziehleitern\" \/>\n<h3>1:14 Rahmenlaufsteg V2A mit Ausziehleitern<\/h3>\n<dl>\n \t<dt><strong><strong><span style=\"color: #000000;\"><span style=\"font-size: medium;\">Importeur <\/span><\/span><\/strong><\/strong><strong>Herstellerdaten gem. GPSR<\/strong><strong><strong><span style=\"color: #000000;\"><span style=\"font-size: medium;\"><\/span><\/span><\/strong><\/strong><strong><strong><span style=\"color: #000000;\"><span style=\"font-size: medium;\">\n\n<\/span><\/span><\/strong><\/strong>thicon e.K.\nInhaber: Sven Thiel\nDaniel-Eckhardt-Str. 8\n45356 Essen\nTel.: 0201 8695153\nFax: 0201 608354\nE-Mail: <a href=\"mailto:info@thicon-models.com\">info@thicon-models.com<\/a>\n\n<strong><span style=\"color: #000000;\"><span style=\"font-size: medium;\"><\/span><\/span><\/strong><\/dt>\n<\/dl>","protected":false},"excerpt":{"rendered":"<p>Dies ist nur eine Auswahl an Baus\u00e4tzen und Zubeh\u00f6r Teilen von thicon models Wir F\u00fchren und Liefern das gesamte Programm von thicon ! thicon Sattelplatte f\u00fcr 1:14 &amp; 1:16 Hochwertige Sattelplatte mit automatischer Verriegelung und 2-Achslagerung. Hier neigt sich die &hellip; <a href=\"https:\/\/toensfeldt-modellbau.de\/?page_id=1565\">Weiterlesen <span class=\"meta-nav\">&rarr;<\/span><\/a><\/p>\n","protected":false},"author":2,"featured_media":0,"parent":0,"menu_order":0,"comment_status":"closed","ping_status":"closed","template":"","meta":{"footnotes":""},"class_list":["post-1565","page","type-page","status-publish","hentry"],"_links":{"self":[{"href":"https:\/\/toensfeldt-modellbau.de\/index.php?rest_route=\/wp\/v2\/pages\/1565","targetHints":{"allow":["GET"]}}],"collection":[{"href":"https:\/\/toensfeldt-modellbau.de\/index.php?rest_route=\/wp\/v2\/pages"}],"about":[{"href":"https:\/\/toensfeldt-modellbau.de\/index.php?rest_route=\/wp\/v2\/types\/page"}],"author":[{"embeddable":true,"href":"https:\/\/toensfeldt-modellbau.de\/index.php?rest_route=\/wp\/v2\/users\/2"}],"replies":[{"embeddable":true,"href":"https:\/\/toensfeldt-modellbau.de\/index.php?rest_route=%2Fwp%2Fv2%2Fcomments&post=1565"}],"version-history":[{"count":16,"href":"https:\/\/toensfeldt-modellbau.de\/index.php?rest_route=\/wp\/v2\/pages\/1565\/revisions"}],"predecessor-version":[{"id":7695,"href":"https:\/\/toensfeldt-modellbau.de\/index.php?rest_route=\/wp\/v2\/pages\/1565\/revisions\/7695"}],"wp:attachment":[{"href":"https:\/\/toensfeldt-modellbau.de\/index.php?rest_route=%2Fwp%2Fv2%2Fmedia&parent=1565"}],"curies":[{"name":"wp","href":"https:\/\/api.w.org\/{rel}","templated":true}]}}