{"id":158,"date":"2013-11-21T17:03:22","date_gmt":"2013-11-21T15:03:22","guid":{"rendered":"http:\/\/toensfeldt-modellbau.de\/?page_id=158"},"modified":"2025-03-02T12:26:20","modified_gmt":"2025-03-02T10:26:20","slug":"naben-achsen","status":"publish","type":"page","link":"https:\/\/toensfeldt-modellbau.de\/?page_id=158","title":{"rendered":"Naben &#038; Achsen"},"content":{"rendered":"<p><img loading=\"lazy\" decoding=\"async\" class=\"size-full wp-image-154 alignleft\" src=\"http:\/\/toensfeldt-modellbau.de\/wp-content\/uploads\/2013\/11\/StVorneKomplet1.jpg\" alt=\"StVorneKomplet1\" width=\"250\" height=\"142\" \/>Naben und Achsen im Ma\u00dfstab 1:16<br \/>\naus Kunststoff und Metahl<\/p>\n<p>&nbsp;<\/p>\n<p>&nbsp;<\/p>\n<p><em><strong><span style=\"color: #ff0000;\">Naben 1:16 f\u00fcr Felgen aus Kunststoff und Alu<\/span><\/strong><\/em><\/p>\n<div id=\"attachment_150\" style=\"width: 180px\" class=\"wp-caption alignleft\"><img loading=\"lazy\" decoding=\"async\" aria-describedby=\"caption-attachment-150\" class=\"size-full wp-image-150\" src=\"http:\/\/toensfeldt-modellbau.de\/wp-content\/uploads\/2013\/11\/080025.jpg\" alt=\"080025\" width=\"170\" height=\"170\" srcset=\"https:\/\/toensfeldt-modellbau.de\/wp-content\/uploads\/2013\/11\/080025.jpg 170w, https:\/\/toensfeldt-modellbau.de\/wp-content\/uploads\/2013\/11\/080025-150x150.jpg 150w\" sizes=\"auto, (max-width: 170px) 100vw, 170px\" \/><p id=\"caption-attachment-150\" class=\"wp-caption-text\">080025<\/p><\/div>\n<div id=\"attachment_151\" style=\"width: 180px\" class=\"wp-caption alignleft\"><img loading=\"lazy\" decoding=\"async\" aria-describedby=\"caption-attachment-151\" class=\"size-full wp-image-151\" src=\"http:\/\/toensfeldt-modellbau.de\/wp-content\/uploads\/2013\/11\/080026.jpg\" alt=\"080026\" width=\"170\" height=\"170\" srcset=\"https:\/\/toensfeldt-modellbau.de\/wp-content\/uploads\/2013\/11\/080026.jpg 170w, https:\/\/toensfeldt-modellbau.de\/wp-content\/uploads\/2013\/11\/080026-150x150.jpg 150w\" sizes=\"auto, (max-width: 170px) 100vw, 170px\" \/><p id=\"caption-attachment-151\" class=\"wp-caption-text\">080026<\/p><\/div>\n<div id=\"attachment_152\" style=\"width: 180px\" class=\"wp-caption alignleft\"><img loading=\"lazy\" decoding=\"async\" aria-describedby=\"caption-attachment-152\" class=\"size-full wp-image-152\" src=\"http:\/\/toensfeldt-modellbau.de\/wp-content\/uploads\/2013\/11\/080027.jpg\" alt=\"080027\" width=\"170\" height=\"170\" srcset=\"https:\/\/toensfeldt-modellbau.de\/wp-content\/uploads\/2013\/11\/080027.jpg 170w, https:\/\/toensfeldt-modellbau.de\/wp-content\/uploads\/2013\/11\/080027-150x150.jpg 150w\" sizes=\"auto, (max-width: 170px) 100vw, 170px\" \/><p id=\"caption-attachment-152\" class=\"wp-caption-text\">080027<\/p><\/div>\n<p>Art. Nr.: Bestelltext:<\/p>\n<ul>\n<li><span style=\"color: #ff0000;\">080025<\/span> Satz Naben Vorderachse<\/li>\n<li><span style=\"color: #ff0000;\">080026<\/span> Satz Naben 1 Hinterachse<\/li>\n<li><span style=\"color: #ff0000;\">080027<\/span> Satz Naben 1 Aufliegerachse<\/li>\n<\/ul>\n<p><strong><em><span style=\"color: #ff0000;\">Achsen 1:16 f\u00fcr Felgen aus Kunststoff und Alu<\/span><\/em><\/strong><\/p>\n<p><img loading=\"lazy\" decoding=\"async\" class=\"alignnone size-full wp-image-155\" src=\"http:\/\/toensfeldt-modellbau.de\/wp-content\/uploads\/2013\/11\/v2aaufliachse1-300x60.jpg\" alt=\"v2aaufliachse1-300x60\" width=\"300\" height=\"60\" \/><\/p>\n<p>Wedico Ma\u00dfstab:<\/p>\n<ul>\n<li>Die TMV V2A Achse ist ausgelegt f\u00fcr Breitfelgen aus Kunststoff und Alu von T\u00f6nsfeldt-Modellbau\u2013Vertrieb, ROBBE und Veroma. Bei der Achse sind 2 x Stopmutter M4 und 4 x U-Scheibe M 4 dabei. Die bei den Aufliegernaben enthaltenen 4 Kunststoffbuchsen k\u00f6nnen gegen Kugellager ausgetauscht werden. TMV V2A Achse Komplet mit Blattfedern, Schrauben, Muttern und Achstr\u00e4gern.<\/li>\n<\/ul>\n<p>Tamiya Ma\u00dfstab:<\/p>\n<ul>\n<li>Die TMV V2A Achse f\u00fcr\u00a0Auflieger \/ Anh\u00e4nger ist ausgelegt f\u00fcr Breitfelgen aus Kunststoff und Alu von T\u00f6nsfeldt-Modellbau\u2013Vertrieb, ROBBE und Veroma f\u00fcr den Wedico Ma\u00dfstab. Die Reifen im Wedico Ma\u00dfstab haben einen Durchmesser von ca. 72 mm sind ca. 10 mm schmaler als die Reifen im Tamiya Ma\u00dfstab (ca. 82 mm).<br \/>\nAusstattung der Achsen s.h. Wedico Ma\u00dfstab.<\/li>\n<\/ul>\n<div id=\"attachment_156\" style=\"width: 260px\" class=\"wp-caption alignnone\"><img loading=\"lazy\" decoding=\"async\" aria-describedby=\"caption-attachment-156\" class=\"size-full wp-image-156\" src=\"http:\/\/toensfeldt-modellbau.de\/wp-content\/uploads\/2013\/11\/VAHintenKomplet1.jpg\" alt=\"080061\" width=\"250\" height=\"120\" \/><p id=\"caption-attachment-156\" class=\"wp-caption-text\">080061<\/p><\/div>\n<p>Technische Daten :<\/p>\n<p>Wedico:<\/p>\n<ul>\n<li>Achsbreite: 156 mm<\/li>\n<li>Spurbreite: 162 mm<\/li>\n<\/ul>\n<p>Tamiya:<\/p>\n<ul>\n<li>Achsbreite: 172 mm<\/li>\n<li>Spurbreite: 180 mm<\/li>\n<\/ul>\n<p>Art. Nr.: Bestelltext:<\/p>\n<ul>\n<li><span style=\"color: #ff0000;\">080060<\/span> TMV Achse f\u00fcr Auflieger \/ Anh\u00e4nger<\/li>\n<li><span style=\"color: #ff0000;\">080061<\/span> TMV Achse Kompl<\/li>\n<li><span style=\"color: #ff0000;\">080065<\/span> TMV Achse f\u00fcr Auflieger \/ Anh\u00e4nger Tam<\/li>\n<li><span style=\"color: #ff0000;\">080066<\/span> TMV Achse Kompl Tam<\/li>\n<\/ul>\n<p><em><strong><span style=\"color: #ff0000;\"> TMV Vorderachse Kunststoff\/Stahl<\/span><\/strong><\/em><\/p>\n<div id=\"attachment_154\" style=\"width: 260px\" class=\"wp-caption alignnone\"><img loading=\"lazy\" decoding=\"async\" aria-describedby=\"caption-attachment-154\" class=\"size-full wp-image-154\" src=\"http:\/\/toensfeldt-modellbau.de\/wp-content\/uploads\/2013\/11\/StVorneKomplet1.jpg\" alt=\"StVorneKomplet1\" width=\"250\" height=\"142\" \/><p id=\"caption-attachment-154\" class=\"wp-caption-text\">080063<\/p><\/div>\n<ul>\n<li>Ohne Felgen, Reifen und Felgenbefestigung.<\/li>\n<li>Mit Wedico Blattfedern AF und Schrauben zur Anbindung an den TMV C &#8211; Profil Fahrgestell und Standard Rahmen 20 x 60 x 20 mm mit feststehender Spurstange.<\/li>\n<\/ul>\n<p>Art. Nr.: Bestelltext:<\/p>\n<ul>\n<li><span style=\"color: #ff0000;\">080063<\/span> TMV Vorderachse<\/li>\n<\/ul>\n<p><em><strong><span style=\"color: #ff0000;\">TMV Hinterachse Alu<\/span><\/strong><\/em><\/p>\n<div id=\"attachment_153\" style=\"width: 260px\" class=\"wp-caption alignnone\"><img loading=\"lazy\" decoding=\"async\" aria-describedby=\"caption-attachment-153\" class=\"size-full wp-image-153\" src=\"http:\/\/toensfeldt-modellbau.de\/wp-content\/uploads\/2013\/11\/AlHintenKomplet1.jpg\" alt=\"AlHintenKomplet1\" width=\"250\" height=\"117\" \/><p id=\"caption-attachment-153\" class=\"wp-caption-text\">080064<\/p><\/div>\n<ul>\n<li>Ohne Felgen und Reifen.<\/li>\n<li>Mit Wedico Blattfedern AF, Achstr\u00e4gern, Felgenbefestigung und Schrauben zur Anbindung an den TMV C &#8211; Profil Fahrgestell und Standard Rahmen 20 x 60 x 20 mm.<\/li>\n<\/ul>\n<p>Art. Nr.: Bestelltext:<\/p>\n<ul>\n<li><span style=\"color: #ff0000;\">080064<\/span> TMV Hinterachse<\/li>\n<\/ul>\n<p><span style=\"font-size: medium;\">Hinterachse Herstellerdaten gem\u00e4s GPSR<\/span><\/p>\n<p><span style=\"font-size: medium;\">Olaf T\u00f6nsfeldt<br \/>\nT\u00f6nsfeldt <span style=\"color: #000000;\">Modellbau Vertrieb<\/span><span style=\"color: #ff0000;\"><span style=\"font-family: Arial, Helvetica, sans-serif;\"><br \/>\n<\/span><\/span>Nobiskr\u00fcger Allee 20<span style=\"font-family: Arial, Helvetica, sans-serif;\"><br \/>\n<\/span>24768 Rendsburg<\/span><\/p>\n<p><strong><span style=\"font-size: medium;\">Deutschland<\/span><\/strong><span style=\"font-size: medium;\"><br \/>\nTel.: 0049 (0 ) 43 31\/ 51 95<br \/>\nE-Mail an: <a href=\"mailto:tmv@toensfeldt-modellbau.de\">tmv@toensfeldt-modellbau.de<\/a><\/span><\/p>\n<p><strong><span style=\"color: #000000;\"><span style=\"font-size: medium;\">Narben Herstellerdaten gem\u00e4s GPSR<\/span><\/span><\/strong><\/p>\n<p><strong><span style=\"color: #000000;\"><span style=\"font-size: medium;\">Thomas Schweichart<\/span><\/span><\/strong><\/p>\n<p><strong><span style=\"color: #000000;\"><span style=\"font-size: medium;\">Veroma Modellbau GmbH<br \/>\nVon Cancrin Str.7<br \/>\n63877 Sailauf<br \/>\n(Gewerbepark Weiberh\u00f6fe )<\/span><\/span><\/strong><\/p>\n<p><strong><span style=\"color: #000000;\"><span style=\"font-size: medium;\">Deutschland<\/span><\/span><\/strong><\/p>\n<p><span style=\"font-size: medium;\">Tel.\u00a00049 6093 \/ 995346<\/span><\/p>\n<p><span style=\"font-size: medium;\">E-Mail\u00a0<a href=\"mailto:service@veroma-modellbau.eu\">service@veroma-modellbau.eu<\/a><\/span><\/p>\n","protected":false},"excerpt":{"rendered":"<p>Naben und Achsen im Ma\u00dfstab 1:16 aus Kunststoff und Metahl &nbsp; &nbsp; Naben 1:16 f\u00fcr Felgen aus Kunststoff und Alu Art. Nr.: Bestelltext: 080025 Satz Naben Vorderachse 080026 Satz Naben 1 Hinterachse 080027 Satz Naben 1 Aufliegerachse Achsen 1:16 f\u00fcr &hellip; <a href=\"https:\/\/toensfeldt-modellbau.de\/?page_id=158\">Weiterlesen <span class=\"meta-nav\">&rarr;<\/span><\/a><\/p>\n","protected":false},"author":3,"featured_media":0,"parent":60,"menu_order":6,"comment_status":"closed","ping_status":"closed","template":"","meta":{"footnotes":""},"class_list":["post-158","page","type-page","status-publish","hentry"],"_links":{"self":[{"href":"https:\/\/toensfeldt-modellbau.de\/index.php?rest_route=\/wp\/v2\/pages\/158","targetHints":{"allow":["GET"]}}],"collection":[{"href":"https:\/\/toensfeldt-modellbau.de\/index.php?rest_route=\/wp\/v2\/pages"}],"about":[{"href":"https:\/\/toensfeldt-modellbau.de\/index.php?rest_route=\/wp\/v2\/types\/page"}],"author":[{"embeddable":true,"href":"https:\/\/toensfeldt-modellbau.de\/index.php?rest_route=\/wp\/v2\/users\/3"}],"replies":[{"embeddable":true,"href":"https:\/\/toensfeldt-modellbau.de\/index.php?rest_route=%2Fwp%2Fv2%2Fcomments&post=158"}],"version-history":[{"count":14,"href":"https:\/\/toensfeldt-modellbau.de\/index.php?rest_route=\/wp\/v2\/pages\/158\/revisions"}],"predecessor-version":[{"id":7557,"href":"https:\/\/toensfeldt-modellbau.de\/index.php?rest_route=\/wp\/v2\/pages\/158\/revisions\/7557"}],"up":[{"embeddable":true,"href":"https:\/\/toensfeldt-modellbau.de\/index.php?rest_route=\/wp\/v2\/pages\/60"}],"wp:attachment":[{"href":"https:\/\/toensfeldt-modellbau.de\/index.php?rest_route=%2Fwp%2Fv2%2Fmedia&parent=158"}],"curies":[{"name":"wp","href":"https:\/\/api.w.org\/{rel}","templated":true}]}}