{"id":1611,"date":"2016-09-08T01:21:37","date_gmt":"2016-09-07T23:21:37","guid":{"rendered":"http:\/\/toensfeldt-modellbau.de\/?page_id=1611"},"modified":"2017-05-25T11:20:34","modified_gmt":"2017-05-25T09:20:34","slug":"big-pippes","status":"publish","type":"page","link":"https:\/\/toensfeldt-modellbau.de\/?page_id=1611","title":{"rendered":"Big Pipes"},"content":{"rendered":"<p><em><strong><span style=\"color: #ff0000;\">Auspuff Nachr\u00fcstsatz &#8222;Big Pipes&#8220; f\u00fcr Peterbilt 359<\/span><\/strong><\/em><\/p>\n<ul>\n<li><span style=\"color: #000000;\">Mit dem Auspuff Nachr\u00fcstsatz &#8220; Big Pipes &#8220; f\u00fcr Peterbilt 359, k\u00f6nnen sie ihren Peterbilt 359 mit dicken, verchromten Auspuffrohren &#8222;Big Pipes&#8220; ausstatten, ohne diese zu kleben sonderen nur zum Stecken!!!<\/span><\/li>\n<\/ul>\n<p><img loading=\"lazy\" decoding=\"async\" class=\"alignleft wp-image-1040 size-full\" src=\"http:\/\/toensfeldt-modellbau.de\/wp-content\/uploads\/2014\/11\/Luftfilter-Peterbiilt1inter.jpg\" alt=\"Luftfilter Peterbiilt1inter\" width=\"170\" height=\"161\" \/><\/p>\n<p>&nbsp;<\/p>\n<p>&nbsp;<\/p>\n<p>&nbsp;<\/p>\n<p>&nbsp;<\/p>\n<p><span style=\"color: #000000;\">Im Umr\u00fcst Satz sind Enthalten:<br \/>\n2 x Verchromte Rohre<br \/>\n1 x Bauanleitung<\/span><\/p>\n<ul>\n<li><span style=\"color: #000000;\">Art. Nr. Bestelltext:<br \/>\n<\/span><span style=\"color: #ff0000;\">080095<\/span> <span style=\"color: #000000;\">Auspuffrohr &#8222;Big Pipes&#8220; Peterbilt<\/span><\/li>\n<\/ul>\n<p><em><strong><span style=\"color: #ff0000;\">Auspuff Nachr\u00fcstsatz &#8222;Big Pipes&#8220; Truck Conventonal<br \/>\n<\/span><\/strong><\/em><\/p>\n<ul>\n<li><span style=\"color: #000000;\">Mit dem Auspuff Nachr\u00fcstsatz &#8220; Big Pipes &#8220; f\u00fcr Truck Conventonal, k\u00f6nnen sie ihren Truck mit dicken, verchromten Auspuffrohren &#8222;Big Pipes&#8220; ausstatten, ohne diese zu kleben sonderen nur zum Stecken !!!<\/span><\/li>\n<\/ul>\n<p><img loading=\"lazy\" decoding=\"async\" class=\"alignleft wp-image-1039 size-full\" src=\"http:\/\/toensfeldt-modellbau.de\/wp-content\/uploads\/2014\/11\/AuspuffTruck-1inter.jpg\" alt=\"AuspuffTruck 1inter\" width=\"170\" height=\"170\" srcset=\"https:\/\/toensfeldt-modellbau.de\/wp-content\/uploads\/2014\/11\/AuspuffTruck-1inter.jpg 170w, https:\/\/toensfeldt-modellbau.de\/wp-content\/uploads\/2014\/11\/AuspuffTruck-1inter-150x150.jpg 150w\" sizes=\"auto, (max-width: 170px) 100vw, 170px\" \/><\/p>\n<p>&nbsp;<\/p>\n<p>&nbsp;<\/p>\n<p>&nbsp;<\/p>\n<p>&nbsp;<\/p>\n<p><span style=\"color: #000000;\">Im Umr\u00fcst Satz sind Enthalten:<br \/>\n2 x Verchromte Rohre<br \/>\n1 x Bauanleitung<\/span><\/p>\n<ul>\n<li><span style=\"color: #000000;\">Art. Nr. Bestelltext:<br \/>\n<\/span><span style=\"color: #ff0000;\">080096<\/span> <span style=\"color: #000000;\">Auspuffrohr &#8222;Big Pipes&#8220; Con. Truck<\/span><\/li>\n<\/ul>\n","protected":false},"excerpt":{"rendered":"<p>Auspuff Nachr\u00fcstsatz &#8222;Big Pipes&#8220; f\u00fcr Peterbilt 359 Mit dem Auspuff Nachr\u00fcstsatz &#8220; Big Pipes &#8220; f\u00fcr Peterbilt 359, k\u00f6nnen sie ihren Peterbilt 359 mit dicken, verchromten Auspuffrohren &#8222;Big Pipes&#8220; ausstatten, ohne diese zu kleben sonderen nur zum Stecken!!! &nbsp; &nbsp; &hellip; <a href=\"https:\/\/toensfeldt-modellbau.de\/?page_id=1611\">Weiterlesen <span class=\"meta-nav\">&rarr;<\/span><\/a><\/p>\n","protected":false},"author":2,"featured_media":0,"parent":1036,"menu_order":0,"comment_status":"closed","ping_status":"closed","template":"","meta":{"footnotes":""},"class_list":["post-1611","page","type-page","status-publish","hentry"],"_links":{"self":[{"href":"https:\/\/toensfeldt-modellbau.de\/index.php?rest_route=\/wp\/v2\/pages\/1611","targetHints":{"allow":["GET"]}}],"collection":[{"href":"https:\/\/toensfeldt-modellbau.de\/index.php?rest_route=\/wp\/v2\/pages"}],"about":[{"href":"https:\/\/toensfeldt-modellbau.de\/index.php?rest_route=\/wp\/v2\/types\/page"}],"author":[{"embeddable":true,"href":"https:\/\/toensfeldt-modellbau.de\/index.php?rest_route=\/wp\/v2\/users\/2"}],"replies":[{"embeddable":true,"href":"https:\/\/toensfeldt-modellbau.de\/index.php?rest_route=%2Fwp%2Fv2%2Fcomments&post=1611"}],"version-history":[{"count":7,"href":"https:\/\/toensfeldt-modellbau.de\/index.php?rest_route=\/wp\/v2\/pages\/1611\/revisions"}],"predecessor-version":[{"id":1848,"href":"https:\/\/toensfeldt-modellbau.de\/index.php?rest_route=\/wp\/v2\/pages\/1611\/revisions\/1848"}],"up":[{"embeddable":true,"href":"https:\/\/toensfeldt-modellbau.de\/index.php?rest_route=\/wp\/v2\/pages\/1036"}],"wp:attachment":[{"href":"https:\/\/toensfeldt-modellbau.de\/index.php?rest_route=%2Fwp%2Fv2%2Fmedia&parent=1611"}],"curies":[{"name":"wp","href":"https:\/\/api.w.org\/{rel}","templated":true}]}}