{"id":1636,"date":"2016-09-10T18:50:30","date_gmt":"2016-09-10T16:50:30","guid":{"rendered":"http:\/\/toensfeldt-modellbau.de\/?page_id=1636"},"modified":"2025-03-02T12:12:01","modified_gmt":"2025-03-02T10:12:01","slug":"feuerloescher-box","status":"publish","type":"page","link":"https:\/\/toensfeldt-modellbau.de\/?page_id=1636","title":{"rendered":"Feuerl\u00f6scher Box"},"content":{"rendered":"\n<p>Feuerl\u00f6sch Box 1:14 &amp; 1:16<\/p>\n\n\n<div id=\"attachment_1661\" style=\"width: 293px\" class=\"wp-caption alignnone\"><img loading=\"lazy\" decoding=\"async\" aria-describedby=\"caption-attachment-1661\" class=\"wp-image-1661 size-full\" src=\"http:\/\/toensfeldt-modellbau.de\/wp-content\/uploads\/2017\/01\/Feuer-Kasten-Rechts1-16B1nt.jpg\" alt=\"Feuer-Kasten Rechts1-16B1nt\" width=\"283\" height=\"279\" \/><p id=\"caption-attachment-1661\" class=\"wp-caption-text\">Box Rechts Anschlag<\/p><\/div>\n<p>&nbsp;<\/p>\n<div id=\"attachment_1631\" style=\"width: 350px\" class=\"wp-caption alignleft\"><img loading=\"lazy\" decoding=\"async\" aria-describedby=\"caption-attachment-1631\" class=\"wp-image-1631 size-full\" src=\"http:\/\/toensfeldt-modellbau.de\/wp-content\/uploads\/2016\/09\/Feuerl\u00f6_Box_1-14_S-R_B2Int.jpg\" alt=\"feuerloe_box_1-14_s-r_b2int\" width=\"340\" height=\"220\" srcset=\"https:\/\/toensfeldt-modellbau.de\/wp-content\/uploads\/2016\/09\/Feuerl\u00f6_Box_1-14_S-R_B2Int.jpg 340w, https:\/\/toensfeldt-modellbau.de\/wp-content\/uploads\/2016\/09\/Feuerl\u00f6_Box_1-14_S-R_B2Int-300x194.jpg 300w\" sizes=\"auto, (max-width: 340px) 100vw, 340px\" \/><p id=\"caption-attachment-1631\" class=\"wp-caption-text\">Wanne Schwarz \/ Deckel Rot<\/p><\/div>\n<p>&nbsp;<\/p>\n<div id=\"attachment_1660\" style=\"width: 293px\" class=\"wp-caption alignnone\"><img loading=\"lazy\" decoding=\"async\" aria-describedby=\"caption-attachment-1660\" class=\"wp-image-1660 size-full\" src=\"http:\/\/toensfeldt-modellbau.de\/wp-content\/uploads\/2017\/01\/Feuer-Kasten-Rechts1-14B1Int.jpg\" alt=\"Feuer-Kasten Rechts1-14B1Int\" width=\"283\" height=\"265\" \/><p id=\"caption-attachment-1660\" class=\"wp-caption-text\">Box Rechts Anschlag<img loading=\"lazy\" decoding=\"async\" class=\"wp-image-1680 size-full\" src=\"http:\/\/toensfeldt-modellbau.de\/wp-content\/uploads\/2017\/02\/BoxCO2_Links_Bild1_Int.jpg\" alt=\"BoxCO2_Links_Bild1_Int\" width=\"170\" height=\"245\" \/><\/p><\/div>\n<p>Links Anschlag<\/p>\n<div id=\"attachment_7027\" style=\"width: 310px\" class=\"wp-caption alignnone\"><a href=\"http:\/\/toensfeldt-modellbau.de\/wp-content\/uploads\/2023\/02\/Feuerloescher-Box-Andy-Fahr..jpg\"><img loading=\"lazy\" decoding=\"async\" aria-describedby=\"caption-attachment-7027\" class=\"wp-image-7027 size-medium\" src=\"http:\/\/toensfeldt-modellbau.de\/wp-content\/uploads\/2023\/02\/Feuerloescher-Box-Andy-Fahr.-300x183.jpg\" alt=\"\" width=\"300\" height=\"183\" srcset=\"https:\/\/toensfeldt-modellbau.de\/wp-content\/uploads\/2023\/02\/Feuerloescher-Box-Andy-Fahr.-300x183.jpg 300w, https:\/\/toensfeldt-modellbau.de\/wp-content\/uploads\/2023\/02\/Feuerloescher-Box-Andy-Fahr..jpg 567w\" sizes=\"auto, (max-width: 300px) 100vw, 300px\" \/><\/a><p id=\"caption-attachment-7027\" class=\"wp-caption-text\">Feuerl\u00f6scher Box Auflieger an einem Containerfahrgestell<\/p><\/div>\n<p><span style=\"font-size: medium;\">Herstellerdaten gem\u00e4s GPSR<\/span><\/p>\n<p><span style=\"font-size: medium;\">Olaf T\u00f6nsfeldt<br \/>T\u00f6nsfeldt <span style=\"color: #000000;\">Modellbau Vertrieb<\/span><span style=\"color: #ff0000;\"><span style=\"font-family: Arial, Helvetica, sans-serif;\"><br \/><\/span><\/span>Nobiskr\u00fcger Allee 20<span style=\"font-family: Arial, Helvetica, sans-serif;\"><br \/><\/span>24768 Rendsburg<\/span><\/p>\n<p><strong><span style=\"font-size: medium;\">Deutschland<\/span><\/strong><span style=\"font-size: medium;\"><br \/>Tel.: 0049 (0 ) 43 31\/ 51 95<br \/>E-Mail an: tmv@toensfeldt-modellbau.de<\/span><\/p>","protected":false},"excerpt":{"rendered":"<p>Feuerl\u00f6sch Box 1:14 &amp; 1:16 &nbsp; &nbsp; Links Anschlag Herstellerdaten gem\u00e4s GPSR Olaf T\u00f6nsfeldtT\u00f6nsfeldt Modellbau VertriebNobiskr\u00fcger Allee 2024768 Rendsburg DeutschlandTel.: 0049 (0 ) 43 31\/ 51 95E-Mail an: tmv@toensfeldt-modellbau.de<\/p>\n","protected":false},"author":2,"featured_media":0,"parent":0,"menu_order":0,"comment_status":"closed","ping_status":"closed","template":"","meta":{"footnotes":""},"class_list":["post-1636","page","type-page","status-publish","hentry"],"_links":{"self":[{"href":"https:\/\/toensfeldt-modellbau.de\/index.php?rest_route=\/wp\/v2\/pages\/1636","targetHints":{"allow":["GET"]}}],"collection":[{"href":"https:\/\/toensfeldt-modellbau.de\/index.php?rest_route=\/wp\/v2\/pages"}],"about":[{"href":"https:\/\/toensfeldt-modellbau.de\/index.php?rest_route=\/wp\/v2\/types\/page"}],"author":[{"embeddable":true,"href":"https:\/\/toensfeldt-modellbau.de\/index.php?rest_route=\/wp\/v2\/users\/2"}],"replies":[{"embeddable":true,"href":"https:\/\/toensfeldt-modellbau.de\/index.php?rest_route=%2Fwp%2Fv2%2Fcomments&post=1636"}],"version-history":[{"count":21,"href":"https:\/\/toensfeldt-modellbau.de\/index.php?rest_route=\/wp\/v2\/pages\/1636\/revisions"}],"predecessor-version":[{"id":7541,"href":"https:\/\/toensfeldt-modellbau.de\/index.php?rest_route=\/wp\/v2\/pages\/1636\/revisions\/7541"}],"wp:attachment":[{"href":"https:\/\/toensfeldt-modellbau.de\/index.php?rest_route=%2Fwp%2Fv2%2Fmedia&parent=1636"}],"curies":[{"name":"wp","href":"https:\/\/api.w.org\/{rel}","templated":true}]}}