{"id":166,"date":"2013-11-21T17:18:44","date_gmt":"2013-11-21T15:18:44","guid":{"rendered":"http:\/\/toensfeldt-modellbau.de\/?page_id=166"},"modified":"2025-03-02T12:33:24","modified_gmt":"2025-03-02T10:33:24","slug":"gasflaschen","status":"publish","type":"page","link":"https:\/\/toensfeldt-modellbau.de\/?page_id=166","title":{"rendered":"Gasflaschen"},"content":{"rendered":"<p>F\u00fcr weitere Informationen bitte die Bilder anklicken.<\/p>\n<div id=\"attachment_173\" style=\"width: 180px\" class=\"wp-caption alignleft\"><a href=\"http:\/\/toensfeldt-modellbau.de\/?page_id=177\"><img loading=\"lazy\" decoding=\"async\" aria-describedby=\"caption-attachment-173\" class=\"size-full wp-image-173 \" src=\"http:\/\/toensfeldt-modellbau.de\/wp-content\/uploads\/2013\/11\/web_gasflaschen-techn.jpg\" alt=\"Gasflaschen Techni.\" width=\"170\" height=\"170\" srcset=\"https:\/\/toensfeldt-modellbau.de\/wp-content\/uploads\/2013\/11\/web_gasflaschen-techn.jpg 170w, https:\/\/toensfeldt-modellbau.de\/wp-content\/uploads\/2013\/11\/web_gasflaschen-techn-150x150.jpg 150w\" sizes=\"auto, (max-width: 170px) 100vw, 170px\" \/><\/a><p id=\"caption-attachment-173\" class=\"wp-caption-text\">Gasflaschen Techni.<\/p><\/div>\n<div id=\"attachment_172\" style=\"width: 180px\" class=\"wp-caption alignleft\"><a href=\"http:\/\/toensfeldt-modellbau.de\/?page_id=190\"><img loading=\"lazy\" decoding=\"async\" aria-describedby=\"caption-attachment-172\" class=\"size-full wp-image-172 \" src=\"http:\/\/toensfeldt-modellbau.de\/wp-content\/uploads\/2013\/11\/web_gasflaschen-propan.jpg\" alt=\"Gasflaschen Propan\" width=\"170\" height=\"170\" srcset=\"https:\/\/toensfeldt-modellbau.de\/wp-content\/uploads\/2013\/11\/web_gasflaschen-propan.jpg 170w, https:\/\/toensfeldt-modellbau.de\/wp-content\/uploads\/2013\/11\/web_gasflaschen-propan-150x150.jpg 150w\" sizes=\"auto, (max-width: 170px) 100vw, 170px\" \/><\/a><p id=\"caption-attachment-172\" class=\"wp-caption-text\">Gasflaschen Propan<\/p><\/div>\n<div id=\"attachment_174\" style=\"width: 180px\" class=\"wp-caption alignleft\"><a href=\"http:\/\/toensfeldt-modellbau.de\/?page_id=214\"><img loading=\"lazy\" decoding=\"async\" aria-describedby=\"caption-attachment-174\" class=\"size-full wp-image-174 \" src=\"http:\/\/toensfeldt-modellbau.de\/wp-content\/uploads\/2013\/11\/web_treibgas.jpg\" alt=\"Gasflaschen Treibgas\" width=\"170\" height=\"170\" srcset=\"https:\/\/toensfeldt-modellbau.de\/wp-content\/uploads\/2013\/11\/web_treibgas.jpg 170w, https:\/\/toensfeldt-modellbau.de\/wp-content\/uploads\/2013\/11\/web_treibgas-150x150.jpg 150w\" sizes=\"auto, (max-width: 170px) 100vw, 170px\" \/><\/a><p id=\"caption-attachment-174\" class=\"wp-caption-text\">Gasflaschen Treibgas<\/p><\/div>\n<div id=\"attachment_171\" style=\"width: 180px\" class=\"wp-caption alignleft\"><a href=\"http:\/\/toensfeldt-modellbau.de\/?page_id=233\"><img loading=\"lazy\" decoding=\"async\" aria-describedby=\"caption-attachment-171\" class=\"size-full wp-image-171 \" src=\"http:\/\/toensfeldt-modellbau.de\/wp-content\/uploads\/2013\/11\/web_gasflaschen-paletten.jpg\" alt=\"Gas Paletten\" width=\"170\" height=\"170\" srcset=\"https:\/\/toensfeldt-modellbau.de\/wp-content\/uploads\/2013\/11\/web_gasflaschen-paletten.jpg 170w, https:\/\/toensfeldt-modellbau.de\/wp-content\/uploads\/2013\/11\/web_gasflaschen-paletten-150x150.jpg 150w\" sizes=\"auto, (max-width: 170px) 100vw, 170px\" \/><\/a><p id=\"caption-attachment-171\" class=\"wp-caption-text\">Gas Paletten<\/p><\/div>\n<div id=\"attachment_170\" style=\"width: 180px\" class=\"wp-caption alignleft\"><a href=\"http:\/\/toensfeldt-modellbau.de\/?page_id=259\"><img loading=\"lazy\" decoding=\"async\" aria-describedby=\"caption-attachment-170\" class=\"size-full wp-image-170 \" src=\"http:\/\/toensfeldt-modellbau.de\/wp-content\/uploads\/2013\/11\/web_gasflaschen-heizen.jpg\" alt=\"Heizen mit Gas\" width=\"170\" height=\"170\" srcset=\"https:\/\/toensfeldt-modellbau.de\/wp-content\/uploads\/2013\/11\/web_gasflaschen-heizen.jpg 170w, https:\/\/toensfeldt-modellbau.de\/wp-content\/uploads\/2013\/11\/web_gasflaschen-heizen-150x150.jpg 150w\" sizes=\"auto, (max-width: 170px) 100vw, 170px\" \/><\/a><p id=\"caption-attachment-170\" class=\"wp-caption-text\">Heizen mit Gas<\/p><\/div>\n<div id=\"attachment_169\" style=\"width: 180px\" class=\"wp-caption alignleft\"><a href=\"http:\/\/toensfeldt-modellbau.de\/?page_id=273\"><img loading=\"lazy\" decoding=\"async\" aria-describedby=\"caption-attachment-169\" class=\"size-full wp-image-169 \" src=\"http:\/\/toensfeldt-modellbau.de\/wp-content\/uploads\/2013\/11\/gas_grillen_web.jpg\" alt=\"Grillen mit Gas\" width=\"170\" height=\"170\" srcset=\"https:\/\/toensfeldt-modellbau.de\/wp-content\/uploads\/2013\/11\/gas_grillen_web.jpg 170w, https:\/\/toensfeldt-modellbau.de\/wp-content\/uploads\/2013\/11\/gas_grillen_web-150x150.jpg 150w\" sizes=\"auto, (max-width: 170px) 100vw, 170px\" \/><\/a><p id=\"caption-attachment-169\" class=\"wp-caption-text\">Grillen mit Gas<\/p><\/div>\n<p>&nbsp;<\/p>\n<p>&nbsp;<\/p>\n<p>&nbsp;<\/p>\n<p>&nbsp;<\/p>\n<p>&nbsp;<\/p>\n<p>&nbsp;<\/p>\n<p>&nbsp;<\/p>\n<p>&nbsp;<\/p>\n<p>&nbsp;<\/p>\n<p>&nbsp;<\/p>\n<p>&nbsp;<\/p>\n<p>&nbsp;<\/p>\n<p>&nbsp;<\/p>\n<p>&nbsp;<\/p>\n<p><span style=\"font-size: medium;\">Herstellerdaten gem\u00e4s GPSR<\/span><\/p>\n<p><span style=\"font-size: medium;\">Olaf T\u00f6nsfeldt<br \/>\nT\u00f6nsfeldt <span style=\"color: #000000;\">Modellbau Vertrieb<\/span><span style=\"color: #ff0000;\"><span style=\"font-family: Arial, Helvetica, sans-serif;\"><br \/>\n<\/span><\/span>Nobiskr\u00fcger Allee 20<span style=\"font-family: Arial, Helvetica, sans-serif;\"><br \/>\n<\/span>24768 Rendsburg<\/span><\/p>\n<p><strong><span style=\"font-size: medium;\">Deutschland<\/span><\/strong><span style=\"font-size: medium;\"><br \/>\nTel.: 0049 (0 ) 43 31\/ 51 95<br \/>\nE-Mail an: <a href=\"mailto:tmv@toensfeldt-modellbau.de\">tmv@toensfeldt-modellbau.de<\/a><\/span><\/p>\n<dl>\n<dt><strong><span style=\"color: #000000;\"><span style=\"font-size: medium;\">Importeur: <\/span><\/span><\/strong><\/dt>\n<\/dl>\n","protected":false},"excerpt":{"rendered":"<p>F\u00fcr weitere Informationen bitte die Bilder anklicken. &nbsp; &nbsp; &nbsp; &nbsp; &nbsp; &nbsp; &nbsp; &nbsp; &nbsp; &nbsp; &nbsp; &nbsp; &nbsp; &nbsp; Herstellerdaten gem\u00e4s GPSR Olaf T\u00f6nsfeldt T\u00f6nsfeldt Modellbau Vertrieb Nobiskr\u00fcger Allee 20 24768 Rendsburg Deutschland Tel.: 0049 (0 ) 43 &hellip; <a href=\"https:\/\/toensfeldt-modellbau.de\/?page_id=166\">Weiterlesen <span class=\"meta-nav\">&rarr;<\/span><\/a><\/p>\n","protected":false},"author":3,"featured_media":0,"parent":0,"menu_order":3,"comment_status":"closed","ping_status":"closed","template":"","meta":{"footnotes":""},"class_list":["post-166","page","type-page","status-publish","hentry"],"_links":{"self":[{"href":"https:\/\/toensfeldt-modellbau.de\/index.php?rest_route=\/wp\/v2\/pages\/166","targetHints":{"allow":["GET"]}}],"collection":[{"href":"https:\/\/toensfeldt-modellbau.de\/index.php?rest_route=\/wp\/v2\/pages"}],"about":[{"href":"https:\/\/toensfeldt-modellbau.de\/index.php?rest_route=\/wp\/v2\/types\/page"}],"author":[{"embeddable":true,"href":"https:\/\/toensfeldt-modellbau.de\/index.php?rest_route=\/wp\/v2\/users\/3"}],"replies":[{"embeddable":true,"href":"https:\/\/toensfeldt-modellbau.de\/index.php?rest_route=%2Fwp%2Fv2%2Fcomments&post=166"}],"version-history":[{"count":10,"href":"https:\/\/toensfeldt-modellbau.de\/index.php?rest_route=\/wp\/v2\/pages\/166\/revisions"}],"predecessor-version":[{"id":7564,"href":"https:\/\/toensfeldt-modellbau.de\/index.php?rest_route=\/wp\/v2\/pages\/166\/revisions\/7564"}],"wp:attachment":[{"href":"https:\/\/toensfeldt-modellbau.de\/index.php?rest_route=%2Fwp%2Fv2%2Fmedia&parent=166"}],"curies":[{"name":"wp","href":"https:\/\/api.w.org\/{rel}","templated":true}]}}