{"id":1708,"date":"2017-04-14T13:06:42","date_gmt":"2017-04-14T11:06:42","guid":{"rendered":"http:\/\/toensfeldt-modellbau.de\/?page_id=1708"},"modified":"2025-03-08T13:07:23","modified_gmt":"2025-03-08T11:07:23","slug":"zurketten","status":"publish","type":"page","link":"https:\/\/toensfeldt-modellbau.de\/?page_id=1708","title":{"rendered":"Zurrketten"},"content":{"rendered":"\n<figure class=\"wp-block-image size-large\"><a href=\"http:\/\/toensfeldt-modellbau.de\/wp-content\/uploads\/2021\/03\/3-Ketten-Verzink-Int.jpg\"><img loading=\"lazy\" decoding=\"async\" width=\"709\" height=\"339\" src=\"http:\/\/toensfeldt-modellbau.de\/wp-content\/uploads\/2021\/03\/3-Ketten-Verzink-Int.jpg\" alt=\"\" class=\"wp-image-4543\" srcset=\"https:\/\/toensfeldt-modellbau.de\/wp-content\/uploads\/2021\/03\/3-Ketten-Verzink-Int.jpg 709w, https:\/\/toensfeldt-modellbau.de\/wp-content\/uploads\/2021\/03\/3-Ketten-Verzink-Int-300x143.jpg 300w\" sizes=\"auto, (max-width: 709px) 100vw, 709px\" \/><\/a><\/figure>\n\n\n\n<p>Zurketten in vers. Farben und Ketten Farben<\/p>\n\n\n\n<p>Herstellerdaten gem\u00e4s GPSR<\/p>\n\n\n\n<p>Olaf T\u00f6nsfeldt<br>T\u00f6nsfeldt Modellbau Vertrieb<br>Nobiskr\u00fcger Allee 20<br>24768 Rendsburg<\/p>\n\n\n\n<p><strong>Deutschland<\/strong><br>Tel.: 0049 (0 ) 43 31\/ 51 95<br>E-Mail an: <a href=\"mailto:tmv@toensfeldt-modellbau.de\">tmv@toensfeldt-modellbau.de<\/a><\/p>\n","protected":false},"excerpt":{"rendered":"<p>Zurketten in vers. Farben und Ketten Farben Herstellerdaten gem\u00e4s GPSR Olaf T\u00f6nsfeldtT\u00f6nsfeldt Modellbau VertriebNobiskr\u00fcger Allee 2024768 Rendsburg DeutschlandTel.: 0049 (0 ) 43 31\/ 51 95E-Mail an: tmv@toensfeldt-modellbau.de<\/p>\n","protected":false},"author":2,"featured_media":0,"parent":0,"menu_order":0,"comment_status":"closed","ping_status":"closed","template":"","meta":{"footnotes":""},"class_list":["post-1708","page","type-page","status-publish","hentry"],"_links":{"self":[{"href":"https:\/\/toensfeldt-modellbau.de\/index.php?rest_route=\/wp\/v2\/pages\/1708","targetHints":{"allow":["GET"]}}],"collection":[{"href":"https:\/\/toensfeldt-modellbau.de\/index.php?rest_route=\/wp\/v2\/pages"}],"about":[{"href":"https:\/\/toensfeldt-modellbau.de\/index.php?rest_route=\/wp\/v2\/types\/page"}],"author":[{"embeddable":true,"href":"https:\/\/toensfeldt-modellbau.de\/index.php?rest_route=\/wp\/v2\/users\/2"}],"replies":[{"embeddable":true,"href":"https:\/\/toensfeldt-modellbau.de\/index.php?rest_route=%2Fwp%2Fv2%2Fcomments&post=1708"}],"version-history":[{"count":27,"href":"https:\/\/toensfeldt-modellbau.de\/index.php?rest_route=\/wp\/v2\/pages\/1708\/revisions"}],"predecessor-version":[{"id":7642,"href":"https:\/\/toensfeldt-modellbau.de\/index.php?rest_route=\/wp\/v2\/pages\/1708\/revisions\/7642"}],"wp:attachment":[{"href":"https:\/\/toensfeldt-modellbau.de\/index.php?rest_route=%2Fwp%2Fv2%2Fmedia&parent=1708"}],"curies":[{"name":"wp","href":"https:\/\/api.w.org\/{rel}","templated":true}]}}