{"id":1731,"date":"2017-04-24T09:09:20","date_gmt":"2017-04-24T07:09:20","guid":{"rendered":"http:\/\/toensfeldt-modellbau.de\/?page_id=1731"},"modified":"2025-03-08T13:13:21","modified_gmt":"2025-03-08T11:13:21","slug":"zurketten-2","status":"publish","type":"page","link":"https:\/\/toensfeldt-modellbau.de\/?page_id=1731","title":{"rendered":"ZK Entstehung"},"content":{"rendered":"<h1>Mai 2017<\/h1>\n<p><em><strong><span style=\"color: #ff0000;\">Zurrketten zur Ladungssicherung von schwerem Ger\u00e4t oder schweren Ladegut.<\/span><\/strong><\/em><\/p>\n<p><img loading=\"lazy\" decoding=\"async\" class=\"alignnone size-full wp-image-1785\" src=\"http:\/\/toensfeldt-modellbau.de\/wp-content\/uploads\/2017\/05\/Anh\u00e4nger-Zurrkette-B1-Int.jpg\" alt=\"\" width=\"709\" height=\"414\" srcset=\"https:\/\/toensfeldt-modellbau.de\/wp-content\/uploads\/2017\/05\/Anh\u00e4nger-Zurrkette-B1-Int.jpg 709w, https:\/\/toensfeldt-modellbau.de\/wp-content\/uploads\/2017\/05\/Anh\u00e4nger-Zurrkette-B1-Int-300x175.jpg 300w\" sizes=\"auto, (max-width: 709px) 100vw, 709px\" \/><\/p>\n<p>Neu bei T\u00f6nsfeldt Modellbau- Vertrieb sind die Zurrketten zur Ladungssicherung von schwerem Ger\u00e4t z.B. Radlader auf Tieflader oder von Container auf Flachbettaufliegern. Die Zurrketten wird es in 2 Versionen geben: Version 1. Zurrkette mit Ratsche, Spannschlo\u00df und Kettenverk\u00fcrzungshaken ( Ratsche ohne Funktion ) in den Farben Rot und Gelb. Version 2. Zurrkette mit Spannschlo\u00df und Knebel f\u00fcr das Spannschlo\u00df auch in den Farben Rot und Gelb.<\/p>\n<p><img loading=\"lazy\" decoding=\"async\" class=\"alignnone size-full wp-image-1786\" src=\"http:\/\/toensfeldt-modellbau.de\/wp-content\/uploads\/2017\/05\/Anh\u00e4nger-Zurrkette-B2-Int.jpg\" alt=\"\" width=\"425\" height=\"252\" srcset=\"https:\/\/toensfeldt-modellbau.de\/wp-content\/uploads\/2017\/05\/Anh\u00e4nger-Zurrkette-B2-Int.jpg 425w, https:\/\/toensfeldt-modellbau.de\/wp-content\/uploads\/2017\/05\/Anh\u00e4nger-Zurrkette-B2-Int-300x178.jpg 300w\" sizes=\"auto, (max-width: 425px) 100vw, 425px\" \/><\/p>\n<p><em><span style=\"color: #ff0000;\">Achtung die Zurrketten die auf diesen Bildern sind Vorserienmodelle\u00a0 ! ! !<\/span><\/em><\/p>\n<div id=\"attachment_1724\" style=\"width: 435px\" class=\"wp-caption alignnone\"><img loading=\"lazy\" decoding=\"async\" aria-describedby=\"caption-attachment-1724\" class=\"wp-image-1724 size-full\" src=\"http:\/\/toensfeldt-modellbau.de\/wp-content\/uploads\/2017\/04\/Zurkette-_Prototyp1Int.jpg\" alt=\"\" width=\"425\" height=\"102\" srcset=\"https:\/\/toensfeldt-modellbau.de\/wp-content\/uploads\/2017\/04\/Zurkette-_Prototyp1Int.jpg 425w, https:\/\/toensfeldt-modellbau.de\/wp-content\/uploads\/2017\/04\/Zurkette-_Prototyp1Int-300x72.jpg 300w\" sizes=\"auto, (max-width: 425px) 100vw, 425px\" \/><p id=\"caption-attachment-1724\" class=\"wp-caption-text\">Prototyp<\/p><\/div>\n<div id=\"attachment_1725\" style=\"width: 435px\" class=\"wp-caption alignnone\"><img loading=\"lazy\" decoding=\"async\" aria-describedby=\"caption-attachment-1725\" class=\"wp-image-1725 size-full\" src=\"http:\/\/toensfeldt-modellbau.de\/wp-content\/uploads\/2017\/04\/Zurkette-_Vorserie1Int.jpg\" alt=\"\" width=\"425\" height=\"105\" srcset=\"https:\/\/toensfeldt-modellbau.de\/wp-content\/uploads\/2017\/04\/Zurkette-_Vorserie1Int.jpg 425w, https:\/\/toensfeldt-modellbau.de\/wp-content\/uploads\/2017\/04\/Zurkette-_Vorserie1Int-300x74.jpg 300w\" sizes=\"auto, (max-width: 425px) 100vw, 425px\" \/><p id=\"caption-attachment-1725\" class=\"wp-caption-text\">Vorserien Modell<\/p><\/div>\n<h1>Juni 2017<\/h1>\n<p><em><strong><span style=\"color: #ff0000;\">10 Fu\u00df Container mit Zurrketten Knebel in Rot auf der Ladefl\u00e4che verzurrt.<\/span><\/strong><\/em><\/p>\n<p><img loading=\"lazy\" decoding=\"async\" class=\"alignnone size-full wp-image-1916\" src=\"http:\/\/toensfeldt-modellbau.de\/wp-content\/uploads\/2017\/06\/10Fu\u00dfCon-Zurrkette-Rot-B2Int.jpg\" alt=\"\" width=\"425\" height=\"321\" srcset=\"https:\/\/toensfeldt-modellbau.de\/wp-content\/uploads\/2017\/06\/10Fu\u00dfCon-Zurrkette-Rot-B2Int.jpg 425w, https:\/\/toensfeldt-modellbau.de\/wp-content\/uploads\/2017\/06\/10Fu\u00dfCon-Zurrkette-Rot-B2Int-300x227.jpg 300w\" sizes=\"auto, (max-width: 425px) 100vw, 425px\" \/><\/p>\n<p><em><strong><span style=\"color: #ff0000;\">Zurrkette mit Ratsche<\/span><\/strong><\/em><\/p>\n<p><img loading=\"lazy\" decoding=\"async\" class=\"alignnone size-full wp-image-1920\" src=\"http:\/\/toensfeldt-modellbau.de\/wp-content\/uploads\/2017\/06\/Zurrkette-Ratsche-Rot-B1-Int.jpg\" alt=\"\" width=\"425\" height=\"204\" \/><\/p>\n<p><em><strong><span style=\"color: #ff0000;\">Zurrkette mit Knebel<\/span><\/strong><\/em><\/p>\n<p><img loading=\"lazy\" decoding=\"async\" class=\"alignnone size-full wp-image-1921\" src=\"http:\/\/toensfeldt-modellbau.de\/wp-content\/uploads\/2017\/06\/Zurrkette-Dauer-Knebel-Rot-B1-Int.jpg\" alt=\"\" width=\"425\" height=\"145\" \/><\/p>\n<p><em><strong><span style=\"color: #ff0000;\">Zurrkette mit Einsteck Knebel<\/span><\/strong><\/em><\/p>\n<p><img loading=\"lazy\" decoding=\"async\" class=\"alignnone size-full wp-image-1919\" src=\"http:\/\/toensfeldt-modellbau.de\/wp-content\/uploads\/2017\/06\/Zurrkette-1-x-Knebel-Rot-B1-Int.jpg\" alt=\"\" width=\"425\" height=\"182\" \/><\/p>\n<p><span style=\"color: #ff0000;\">Auslieferung der Zurrketten Rot ab sofort<\/span>, <span style=\"color: #0000ff;\">Gelb und Oliv wird Mitte bis Ende Juni 2017 sein.<\/span><\/p>\n<h1>Juni 2017<\/h1>\n<p><span style=\"color: #0000ff;\">Vorank\u00fcndiegung<\/span><\/p>\n<p><em><strong><span style=\"color: #ff0000;\">\u00a0Zurrketten f\u00fcr Baumaschin.<\/span><\/strong><\/em><\/p>\n<p><img loading=\"lazy\" decoding=\"async\" class=\"alignnone size-full wp-image-1953\" src=\"http:\/\/toensfeldt-modellbau.de\/wp-content\/uploads\/2017\/06\/2-Zurrketten-Bauma-Rot-B1-Int.jpg\" alt=\"\" width=\"567\" height=\"198\" \/><\/p>\n<p><em><strong><span style=\"color: #ff0000;\">Zurrkette mit Ratsche<\/span><\/strong><\/em><\/p>\n<p><img loading=\"lazy\" decoding=\"async\" class=\"alignnone size-full wp-image-1955\" src=\"http:\/\/toensfeldt-modellbau.de\/wp-content\/uploads\/2017\/06\/Zurrketten-Bauma-Ratsche-Rot-B1-Int.jpg\" alt=\"\" width=\"425\" height=\"73\" \/><\/p>\n<p><em><strong><span style=\"color: #ff0000;\">Zurrkette mit Knebel<\/span><\/strong><\/em><\/p>\n<p><img loading=\"lazy\" decoding=\"async\" class=\"alignnone size-full wp-image-1954\" src=\"http:\/\/toensfeldt-modellbau.de\/wp-content\/uploads\/2017\/06\/Zurrketten-Bauma-Knebel-Rot-B1-Int.jpg\" alt=\"\" width=\"425\" height=\"68\" \/><\/p>\n<h2><em><strong><span style=\"color: #0000ff;\">Absofort Lieferbar<\/span><\/strong><\/em><\/h2>\n<p><em><strong><span style=\"color: #ff0000;\">\u00a0Zurrketten f\u00fcr Baumaschin mit Schwarzer Kette.<\/span><\/strong><\/em><\/p>\n<p><img loading=\"lazy\" decoding=\"async\" class=\"alignnone size-full wp-image-1977\" src=\"http:\/\/toensfeldt-modellbau.de\/wp-content\/uploads\/2017\/06\/2-Zurrketten-Bauma-Rot-SchwarzB1-Int.jpg\" alt=\"\" width=\"567\" height=\"200\" \/><\/p>\n<p><em><strong><span style=\"color: #ff0000;\">Zurrkette mit Ratsche<\/span><\/strong><\/em><\/p>\n<p><img loading=\"lazy\" decoding=\"async\" class=\"alignnone size-full wp-image-1979\" src=\"http:\/\/toensfeldt-modellbau.de\/wp-content\/uploads\/2017\/06\/Zurrketten-Rat-Bauma-Rot-SchwarzB1-Int.jpg\" alt=\"\" width=\"425\" height=\"82\" \/><\/p>\n<p><em><strong><span style=\"color: #ff0000;\">Zurrkette mit Knebel<\/span><\/strong><\/em><\/p>\n<p><img loading=\"lazy\" decoding=\"async\" class=\"alignnone size-full wp-image-1978\" src=\"http:\/\/toensfeldt-modellbau.de\/wp-content\/uploads\/2017\/06\/Zurrketten-Knebel-Bauma-Rot-SchwarzB1-Int.jpg\" alt=\"\" width=\"425\" height=\"64\" \/><\/p>\n<p><span style=\"font-size: medium;\">Herstellerdaten gem\u00e4s GPSR<\/span><\/p>\n<p><span style=\"font-size: medium;\">Olaf T\u00f6nsfeldt<br \/>\nT\u00f6nsfeldt <span style=\"color: #000000;\">Modellbau Vertrieb<\/span><span style=\"color: #ff0000;\"><span style=\"font-family: Arial, Helvetica, sans-serif;\"><br \/>\n<\/span><\/span>Nobiskr\u00fcger Allee 20<span style=\"font-family: Arial, Helvetica, sans-serif;\"><br \/>\n<\/span>24768 Rendsburg<\/span><\/p>\n<p><strong><span style=\"font-size: medium;\">Deutschland<\/span><\/strong><span style=\"font-size: medium;\"><br \/>\nTel.: 0049 (0 ) 43 31\/ 51 95<br \/>\nE-Mail an: <a href=\"mailto:tmv@toensfeldt-modellbau.de\">tmv@toensfeldt-modellbau.de<\/a><\/span><\/p>\n","protected":false},"excerpt":{"rendered":"<p>Mai 2017 Zurrketten zur Ladungssicherung von schwerem Ger\u00e4t oder schweren Ladegut. Neu bei T\u00f6nsfeldt Modellbau- Vertrieb sind die Zurrketten zur Ladungssicherung von schwerem Ger\u00e4t z.B. Radlader auf Tieflader oder von Container auf Flachbettaufliegern. Die Zurrketten wird es in 2 Versionen &hellip; <a href=\"https:\/\/toensfeldt-modellbau.de\/?page_id=1731\">Weiterlesen <span class=\"meta-nav\">&rarr;<\/span><\/a><\/p>\n","protected":false},"author":2,"featured_media":0,"parent":0,"menu_order":0,"comment_status":"closed","ping_status":"closed","template":"","meta":{"footnotes":""},"class_list":["post-1731","page","type-page","status-publish","hentry"],"_links":{"self":[{"href":"https:\/\/toensfeldt-modellbau.de\/index.php?rest_route=\/wp\/v2\/pages\/1731","targetHints":{"allow":["GET"]}}],"collection":[{"href":"https:\/\/toensfeldt-modellbau.de\/index.php?rest_route=\/wp\/v2\/pages"}],"about":[{"href":"https:\/\/toensfeldt-modellbau.de\/index.php?rest_route=\/wp\/v2\/types\/page"}],"author":[{"embeddable":true,"href":"https:\/\/toensfeldt-modellbau.de\/index.php?rest_route=\/wp\/v2\/users\/2"}],"replies":[{"embeddable":true,"href":"https:\/\/toensfeldt-modellbau.de\/index.php?rest_route=%2Fwp%2Fv2%2Fcomments&post=1731"}],"version-history":[{"count":28,"href":"https:\/\/toensfeldt-modellbau.de\/index.php?rest_route=\/wp\/v2\/pages\/1731\/revisions"}],"predecessor-version":[{"id":7649,"href":"https:\/\/toensfeldt-modellbau.de\/index.php?rest_route=\/wp\/v2\/pages\/1731\/revisions\/7649"}],"wp:attachment":[{"href":"https:\/\/toensfeldt-modellbau.de\/index.php?rest_route=%2Fwp%2Fv2%2Fmedia&parent=1731"}],"curies":[{"name":"wp","href":"https:\/\/api.w.org\/{rel}","templated":true}]}}