{"id":1764,"date":"2017-04-29T20:01:48","date_gmt":"2017-04-29T18:01:48","guid":{"rendered":"http:\/\/toensfeldt-modellbau.de\/?page_id=1764"},"modified":"2025-03-02T11:59:12","modified_gmt":"2025-03-02T09:59:12","slug":"absperrband","status":"publish","type":"page","link":"https:\/\/toensfeldt-modellbau.de\/?page_id=1764","title":{"rendered":"Absperrband"},"content":{"rendered":"<p><span style=\"color: #ff0000;\">Absperrband \/ Flatterband<\/span><\/p>\n<p><img loading=\"lazy\" decoding=\"async\" class=\"alignnone size-full wp-image-1777\" src=\"http:\/\/toensfeldt-modellbau.de\/wp-content\/uploads\/2017\/04\/2-Absperrb\u00e4nderB2Kat.jpg\" alt=\"\" width=\"2362\" height=\"852\" srcset=\"https:\/\/toensfeldt-modellbau.de\/wp-content\/uploads\/2017\/04\/2-Absperrb\u00e4nderB2Kat.jpg 2362w, https:\/\/toensfeldt-modellbau.de\/wp-content\/uploads\/2017\/04\/2-Absperrb\u00e4nderB2Kat-300x108.jpg 300w, https:\/\/toensfeldt-modellbau.de\/wp-content\/uploads\/2017\/04\/2-Absperrb\u00e4nderB2Kat-768x277.jpg 768w, https:\/\/toensfeldt-modellbau.de\/wp-content\/uploads\/2017\/04\/2-Absperrb\u00e4nderB2Kat-1024x369.jpg 1024w\" sizes=\"auto, (max-width: 2362px) 100vw, 2362px\" \/><\/p>\n<p>Absperrband von T\u00f6nsfeldt Modellbau &#8211; Vertrieb ist mit einseitiegem Aufdruck der roten Streifen und der Beschriftung in schwarz. Als Beschriftung gibt es Feuerwehr-Sperrzone und Polizeiabsperrung. Die Absperrb\u00e4nder sind 1 &amp; 2 Mtr. Lang. Andere Farben und Beschriftungen in Vorbereitung.<\/p>\n<p>Feuerwehr-Sperrzone<\/p>\n<p><img loading=\"lazy\" decoding=\"async\" class=\"alignnone size-full wp-image-1769\" src=\"http:\/\/toensfeldt-modellbau.de\/wp-content\/uploads\/2017\/04\/Absperr-FeuerweherB1Int.jpg\" alt=\"\" width=\"425\" height=\"53\" srcset=\"https:\/\/toensfeldt-modellbau.de\/wp-content\/uploads\/2017\/04\/Absperr-FeuerweherB1Int.jpg 425w, https:\/\/toensfeldt-modellbau.de\/wp-content\/uploads\/2017\/04\/Absperr-FeuerweherB1Int-300x37.jpg 300w\" sizes=\"auto, (max-width: 425px) 100vw, 425px\" \/><\/p>\n<p>Art. Nr. Bestell Text<\/p>\n<ul>\n<li><span style=\"color: #ff0000;\">091300<\/span> Absperrband Feuerwehr Lang Rot \/Wei\u00df AUSVERKAUFT<\/li>\n<li><span style=\"color: #ff0000;\">091301<\/span> Absperrband Feuerwehr Kurz Rot \/Wei\u00df\u00a0 AUSVERKAUFT<\/li>\n<\/ul>\n<p>Polizeiabsperrung<\/p>\n<p><img loading=\"lazy\" decoding=\"async\" class=\"alignnone size-full wp-image-1770\" src=\"http:\/\/toensfeldt-modellbau.de\/wp-content\/uploads\/2017\/04\/Absperr-PolizeiB1Int.jpg\" alt=\"\" width=\"425\" height=\"79\" srcset=\"https:\/\/toensfeldt-modellbau.de\/wp-content\/uploads\/2017\/04\/Absperr-PolizeiB1Int.jpg 425w, https:\/\/toensfeldt-modellbau.de\/wp-content\/uploads\/2017\/04\/Absperr-PolizeiB1Int-300x56.jpg 300w\" sizes=\"auto, (max-width: 425px) 100vw, 425px\" \/><\/p>\n<p>Art. Nr. Bestell Text<\/p>\n<ul>\n<li><span style=\"color: #ff0000;\">091310<\/span> Absperrband Polizei Lang Rot \/Wei\u00df<\/li>\n<li><span style=\"color: #ff0000;\">091311<\/span> Absperrband Polizei Kurz Rot \/Wei\u00df<\/li>\n<\/ul>\n<p>Rollen 1 &amp; 2 Mtr.<\/p>\n<p><img loading=\"lazy\" decoding=\"async\" class=\"alignnone size-full wp-image-1778\" src=\"http:\/\/toensfeldt-modellbau.de\/wp-content\/uploads\/2017\/04\/2-Absperrb\u00e4nder-Rolle_B1Int.jpg\" alt=\"\" width=\"283\" height=\"120\" \/><\/p>\n<p><strong><em><span style=\"color: #ff0000;\">Absofort kann das Absperrband geliefert werden !<br \/>\n<\/span><\/em><\/strong><\/p>\n<p><img loading=\"lazy\" decoding=\"async\" class=\"alignnone size-full wp-image-3353\" src=\"http:\/\/toensfeldt-modellbau.de\/wp-content\/uploads\/2018\/10\/Absperrband.jpg\" alt=\"\" width=\"425\" height=\"181\" srcset=\"https:\/\/toensfeldt-modellbau.de\/wp-content\/uploads\/2018\/10\/Absperrband.jpg 425w, https:\/\/toensfeldt-modellbau.de\/wp-content\/uploads\/2018\/10\/Absperrband-300x128.jpg 300w\" sizes=\"auto, (max-width: 425px) 100vw, 425px\" \/><\/p>\n<p>Das Absperrband ist 1 &amp; 2 Mtr. Lang.<\/p>\n<p>Art. Nr. Bestell Text<\/p>\n<ul>\n<li><span style=\"color: #ff0000;\">091320<\/span> Absperrband Lang Rot \/Wei\u00df<\/li>\n<li><span style=\"color: #ff0000;\">091321<\/span> Absperrband Kurz Rot \/Wei\u00df<\/li>\n<\/ul>\n<p>Preis ab: 1,90 \u20ac<\/p>\n\n\n<p>Herstellerdaten gem\u00e4s GPSR<\/p>\n\n\n\n<p>Olaf T\u00f6nsfeldt<br>T\u00f6nsfeldt Modellbau Vertrieb<br>Nobiskr\u00fcger Allee 20<br>24768 Rendsburg<\/p>\n\n\n\n<p><strong>Deutschland<\/strong><br>Tel.: 0049 (0 ) 43 31\/ 51 95<br>E-Mail an: tmv@toensfeldt-modellbau.de<\/p>\n","protected":false},"excerpt":{"rendered":"<p>Absperrband \/ Flatterband Absperrband von T\u00f6nsfeldt Modellbau &#8211; Vertrieb ist mit einseitiegem Aufdruck der roten Streifen und der Beschriftung in schwarz. Als Beschriftung gibt es Feuerwehr-Sperrzone und Polizeiabsperrung. Die Absperrb\u00e4nder sind 1 &amp; 2 Mtr. Lang. Andere Farben und Beschriftungen &hellip; <a href=\"https:\/\/toensfeldt-modellbau.de\/?page_id=1764\">Weiterlesen <span class=\"meta-nav\">&rarr;<\/span><\/a><\/p>\n","protected":false},"author":2,"featured_media":0,"parent":0,"menu_order":0,"comment_status":"closed","ping_status":"closed","template":"","meta":{"footnotes":""},"class_list":["post-1764","page","type-page","status-publish","hentry"],"_links":{"self":[{"href":"https:\/\/toensfeldt-modellbau.de\/index.php?rest_route=\/wp\/v2\/pages\/1764","targetHints":{"allow":["GET"]}}],"collection":[{"href":"https:\/\/toensfeldt-modellbau.de\/index.php?rest_route=\/wp\/v2\/pages"}],"about":[{"href":"https:\/\/toensfeldt-modellbau.de\/index.php?rest_route=\/wp\/v2\/types\/page"}],"author":[{"embeddable":true,"href":"https:\/\/toensfeldt-modellbau.de\/index.php?rest_route=\/wp\/v2\/users\/2"}],"replies":[{"embeddable":true,"href":"https:\/\/toensfeldt-modellbau.de\/index.php?rest_route=%2Fwp%2Fv2%2Fcomments&post=1764"}],"version-history":[{"count":17,"href":"https:\/\/toensfeldt-modellbau.de\/index.php?rest_route=\/wp\/v2\/pages\/1764\/revisions"}],"predecessor-version":[{"id":7525,"href":"https:\/\/toensfeldt-modellbau.de\/index.php?rest_route=\/wp\/v2\/pages\/1764\/revisions\/7525"}],"wp:attachment":[{"href":"https:\/\/toensfeldt-modellbau.de\/index.php?rest_route=%2Fwp%2Fv2%2Fmedia&parent=1764"}],"curies":[{"name":"wp","href":"https:\/\/api.w.org\/{rel}","templated":true}]}}