{"id":177,"date":"2013-11-21T17:23:01","date_gmt":"2013-11-21T15:23:01","guid":{"rendered":"http:\/\/toensfeldt-modellbau.de\/?page_id=177"},"modified":"2025-03-02T12:50:58","modified_gmt":"2025-03-02T10:50:58","slug":"gasflaschen-techni","status":"publish","type":"page","link":"https:\/\/toensfeldt-modellbau.de\/?page_id=177","title":{"rendered":"Gasflaschen Techni."},"content":{"rendered":"<p><img loading=\"lazy\" decoding=\"async\" class=\"size-full wp-image-185 alignleft\" src=\"http:\/\/toensfeldt-modellbau.de\/wp-content\/uploads\/2013\/11\/Tech203350_2-193x300.jpg\" alt=\"Tech203350_2-193x300\" width=\"193\" height=\"300\" \/>Technische Gasflaschen Ma\u00dfstab 1:15<br \/>\n20 l, 33 l und 50 l<\/p>\n<p>&nbsp;<\/p>\n<p>&nbsp;<\/p>\n<p>&nbsp;<\/p>\n<p>&nbsp;<\/p>\n<p>&nbsp;<\/p>\n<p>&nbsp;<\/p>\n<p><em><strong><span style=\"color: #ff0000;\">Technische Gasflaschen 50 l<\/span><\/strong><\/em><span style=\"font-family: Arial,Helvetica,sans-serif; font-size: medium;\"><br \/>\n<\/span><\/p>\n<ul>\n<li>Technische Gasflaschen mit oder ohne Deckel 50 l aus Alu gedreht, in den EURONORM-Farben f\u00fcr technische Gasflaschen, Sauerstoff: wei\u00dfe Schulter, Argon: dunkelgr\u00fcne Schulter und Schweissgas: hellgr\u00fcne Schulter.<\/li>\n<\/ul>\n<p><img loading=\"lazy\" decoding=\"async\" class=\"size-full wp-image-184 alignleft\" src=\"http:\/\/toensfeldt-modellbau.de\/wp-content\/uploads\/2013\/11\/Tech_50L_3Fla_1-229x300.jpg\" alt=\"Tech_50L_3Fla_1-229x300\" width=\"229\" height=\"300\" \/><\/p>\n<p>Technische Daten:<\/p>\n<ul>\n<li>H\u00f6he 115 mm \u00d8 15 mm<\/li>\n<\/ul>\n<p>Art. Nr. Bestell Text:<\/p>\n<ul>\n<li><span style=\"color: #ff0000;\">090057<\/span> mit Deckel 50 l Sauerstoff<\/li>\n<li><span style=\"color: #ff0000;\">090070<\/span> mit Deckel 50 l Schwei\u00dfgas<\/li>\n<li><span style=\"color: #ff0000;\">090072<\/span> mit Deckel 50 l Argon<\/li>\n<\/ul>\n<ul>\n<li><span style=\"color: #ff0000;\">090061<\/span> ohne Deckel 50 l Sauerstoff<\/li>\n<li><span style=\"color: #ff0000;\">090071<\/span> ohne Deckel 50 l Schwei\u00dfgas<\/li>\n<li><span style=\"color: #ff0000;\">090073<\/span> ohne Deckel 50 l Argon<\/li>\n<\/ul>\n<p><strong><em><span style=\"color: #ff0000;\">Technische Gasflasche 40 l<\/span><\/em><\/strong><\/p>\n<ul>\n<li>Technische Gasflasche mit und ohne Deckel 40 l aus Alu gedreht, in der EURONORM-Farbe f\u00fcr technische Gasflasche, Azetylen<\/li>\n<\/ul>\n<p><img loading=\"lazy\" decoding=\"async\" class=\"size-full wp-image-183 alignleft\" src=\"http:\/\/toensfeldt-modellbau.de\/wp-content\/uploads\/2013\/11\/Tech_40L_3Fla_1-177x300.jpg\" alt=\"Tech_40L_3Fla_1-177x300\" width=\"177\" height=\"300\" \/><\/p>\n<p>Technische Daten:<\/p>\n<ul>\n<li>H\u00f6he mm \u00d8 15 mm<\/li>\n<\/ul>\n<p>Art. Nr. Bestell Text:<\/p>\n<ul>\n<li><span style=\"color: #ff0000;\">090058<\/span> mit Deckel 40 l Azetylen<\/li>\n<li><span style=\"color: #ff0000;\">090062<\/span> ohne Deckel 40 l Azetylen<\/li>\n<\/ul>\n<p>&nbsp;<\/p>\n<p>&nbsp;<\/p>\n<p>&nbsp;<\/p>\n<p><strong><em><span style=\"color: #ff0000;\">Technische Gasflaschen 33 l<\/span><\/em><\/strong><\/p>\n<ul>\n<li>Technische Gasflaschen mit und ohne Deckel 33 l aus Alu gedreht, in den EURONORM-Farben f\u00fcr technische Gasflaschen, Sauerstoff: wei\u00dfe Schulter, Argon: dunkelgr\u00fcne Schulter und Schweissgas: hellgr\u00fcne Schulter.<\/li>\n<\/ul>\n<p><img loading=\"lazy\" decoding=\"async\" class=\"size-full wp-image-182 alignleft\" src=\"http:\/\/toensfeldt-modellbau.de\/wp-content\/uploads\/2013\/11\/Tech_33L_3Fla_1-243x300.jpg\" alt=\"Tech_33L_3Fla_1-243x300\" width=\"243\" height=\"300\" \/><\/p>\n<p>Technische Daten:<\/p>\n<ul>\n<li>H\u00f6he 80 mm \u00d8 15 mm<\/li>\n<\/ul>\n<p>Art. Nr. Bestell Text:<\/p>\n<ul>\n<li><span style=\"color: #ff0000;\">090074<\/span> mit Deckel 33 l Sauerstoff<\/li>\n<li><span style=\"color: #ff0000;\">090076<\/span> mit Deckel 33 l Schwei\u00dfgas<\/li>\n<li><span style=\"color: #ff0000;\">090078<\/span> mit Deckel 33 l Argon<\/li>\n<\/ul>\n<ul>\n<li><span style=\"color: #ff0000;\">090075<\/span> ohne Deckel 33 l Sauerstoff<\/li>\n<li><span style=\"color: #ff0000;\">090077<\/span> ohne Deckel 33 l Schwei\u00dfgas<\/li>\n<li><span style=\"color: #ff0000;\">090079<\/span> ohne Deckel 33 l Argon<\/li>\n<\/ul>\n<p><strong><em><span style=\"color: #ff0000;\">Technische Gasflaschen 20 l<\/span><\/em><\/strong><\/p>\n<p><img loading=\"lazy\" decoding=\"async\" class=\"size-full wp-image-181 alignleft\" src=\"http:\/\/toensfeldt-modellbau.de\/wp-content\/uploads\/2013\/11\/Tech_20L_3Fla_1.jpg\" alt=\"Tech_20L_3Fla_1\" width=\"135\" height=\"170\" \/><\/p>\n<ul>\n<li>Technische Gasflaschen mit Deckel 20 l aus Alu gedreht, in den EURONORM-Farben f\u00fcr technische Gasflaschen, Sauerstoff: wei\u00dfe Schulter, Azetylen: dunkelbraun und Schwei\u00dfgas: hellgr\u00fcne Schulter.<\/li>\n<\/ul>\n<p>Technische Daten:<\/p>\n<ul>\n<li>H\u00f6he 66 mm \u00d8 14 mm<\/li>\n<\/ul>\n<p>Art. Nr.Bestelltext:<\/p>\n<ul>\n<li><span style=\"color: #ff0000;\">090080<\/span> mit Deckel 20 l Sauerstoff<\/li>\n<li><span style=\"color: #ff0000;\">090082<\/span> mit Deckel 20 l Azetylen<\/li>\n<li><span style=\"color: #ff0000;\">090084<\/span> mit Deckel 20 l Schwei\u00dfgas<\/li>\n<\/ul>\n<ul>\n<li><span style=\"color: #ff0000;\">090081<\/span> ohne Deckel 20 l Sauerstoff<\/li>\n<li><span style=\"color: #ff0000;\">090083<\/span> ohne Deckel 20 l Azetylen<\/li>\n<li><span style=\"color: #ff0000;\">090085<\/span> ohne Deckel 20 l Schwei\u00dfgas<\/li>\n<\/ul>\n<p><em><strong><span style=\"color: #ff0000;\">Deckel und Ventil f\u00fcr Technischegasflaschen<\/span><\/strong><\/em><\/p>\n<p><img loading=\"lazy\" decoding=\"async\" class=\"size-full wp-image-179 alignleft\" src=\"http:\/\/toensfeldt-modellbau.de\/wp-content\/uploads\/2013\/11\/Deckl_Ventiel_Technisch1-300x144.jpg\" alt=\"Deckl_Ventiel_Technisch1-300x144\" width=\"300\" height=\"144\" \/><\/p>\n<p>Technische Daten:<\/p>\n<ul>\n<li>Gr\u00f6\u00dfe, ca : \u00d8 5 mm x H\u00f6he ca. 12 mm<\/li>\n<\/ul>\n<p>&nbsp;<\/p>\n<p>&nbsp;<\/p>\n<p>Art. Nr.: Bestelltext:<\/p>\n<ul>\n<li><span style=\"color: #ff0000;\">090086<\/span> Deckel f\u00fcr Gasflasche mit Schraube<\/li>\n<li><span style=\"color: #ff0000;\">090088<\/span> Ventil<\/li>\n<\/ul>\n<p><em><strong><span style=\"color: #ff0000;\">Schilder Voll \/ Leer Gut, f\u00fcr die Gasflaschen<\/span><\/strong><\/em><\/p>\n<p><img loading=\"lazy\" decoding=\"async\" class=\"alignleft size-full wp-image-180\" src=\"http:\/\/toensfeldt-modellbau.de\/wp-content\/uploads\/2013\/11\/Schilder1.jpg\" alt=\"Schilder1\" width=\"81\" height=\"250\" \/><\/p>\n<ul>\n<li>Schilderbausatz besteht aus: 8 x Schilder aus Kunststoff, 4 x Aufkleber Voll Gut Quer, 4 x Aufkleber Leer Gut Senkrecht, 3 x Aufkleber 300 barBindfaden und eine Bauanleitung.<\/li>\n<li>Ohne Technische Gasflasche.<\/li>\n<\/ul>\n<p>Art. Nr. Bestell Text:<\/p>\n<ul>\n<li><span style=\"color: #ff0000;\">092340<\/span> Schilder f\u00fcr die Gasflaschen Blau<\/li>\n<li><span style=\"color: #ff0000;\">092341<\/span> Schilder f\u00fcr die Gasflaschen Gr\u00fcn<\/li>\n<li><span style=\"color: #ff0000;\">092342<\/span> Schilder f\u00fcr die Gasflaschen Wei\u00df<\/li>\n<\/ul>\n<p><span style=\"font-size: medium;\">Herstellerdaten gem\u00e4s GPSR<\/span><\/p>\n<p><span style=\"font-size: medium;\">Olaf T\u00f6nsfeldt<br \/>\nT\u00f6nsfeldt <span style=\"color: #000000;\">Modellbau Vertrieb<\/span><span style=\"color: #ff0000;\"><span style=\"font-family: Arial, Helvetica, sans-serif;\"><br \/>\n<\/span><\/span>Nobiskr\u00fcger Allee 20<span style=\"font-family: Arial, Helvetica, sans-serif;\"><br \/>\n<\/span>24768 Rendsburg<\/span><\/p>\n<p><strong><span style=\"font-size: medium;\">Deutschland<\/span><\/strong><span style=\"font-size: medium;\"><br \/>\nTel.: 0049 (0 ) 43 31\/ 51 95<br \/>\nE-Mail an: <a href=\"mailto:tmv@toensfeldt-modellbau.de\">tmv@toensfeldt-modellbau.de<\/a><\/span><\/p>\n","protected":false},"excerpt":{"rendered":"<p>Technische Gasflaschen Ma\u00dfstab 1:15 20 l, 33 l und 50 l &nbsp; &nbsp; &nbsp; &nbsp; &nbsp; &nbsp; Technische Gasflaschen 50 l Technische Gasflaschen mit oder ohne Deckel 50 l aus Alu gedreht, in den EURONORM-Farben f\u00fcr technische Gasflaschen, Sauerstoff: wei\u00dfe &hellip; <a href=\"https:\/\/toensfeldt-modellbau.de\/?page_id=177\">Weiterlesen <span class=\"meta-nav\">&rarr;<\/span><\/a><\/p>\n","protected":false},"author":3,"featured_media":0,"parent":166,"menu_order":1,"comment_status":"closed","ping_status":"closed","template":"","meta":{"footnotes":""},"class_list":["post-177","page","type-page","status-publish","hentry"],"_links":{"self":[{"href":"https:\/\/toensfeldt-modellbau.de\/index.php?rest_route=\/wp\/v2\/pages\/177","targetHints":{"allow":["GET"]}}],"collection":[{"href":"https:\/\/toensfeldt-modellbau.de\/index.php?rest_route=\/wp\/v2\/pages"}],"about":[{"href":"https:\/\/toensfeldt-modellbau.de\/index.php?rest_route=\/wp\/v2\/types\/page"}],"author":[{"embeddable":true,"href":"https:\/\/toensfeldt-modellbau.de\/index.php?rest_route=\/wp\/v2\/users\/3"}],"replies":[{"embeddable":true,"href":"https:\/\/toensfeldt-modellbau.de\/index.php?rest_route=%2Fwp%2Fv2%2Fcomments&post=177"}],"version-history":[{"count":9,"href":"https:\/\/toensfeldt-modellbau.de\/index.php?rest_route=\/wp\/v2\/pages\/177\/revisions"}],"predecessor-version":[{"id":7566,"href":"https:\/\/toensfeldt-modellbau.de\/index.php?rest_route=\/wp\/v2\/pages\/177\/revisions\/7566"}],"up":[{"embeddable":true,"href":"https:\/\/toensfeldt-modellbau.de\/index.php?rest_route=\/wp\/v2\/pages\/166"}],"wp:attachment":[{"href":"https:\/\/toensfeldt-modellbau.de\/index.php?rest_route=%2Fwp%2Fv2%2Fmedia&parent=177"}],"curies":[{"name":"wp","href":"https:\/\/api.w.org\/{rel}","templated":true}]}}