{"id":1888,"date":"2017-06-05T13:14:21","date_gmt":"2017-06-05T11:14:21","guid":{"rendered":"http:\/\/toensfeldt-modellbau.de\/?page_id=1888"},"modified":"2025-03-02T12:24:02","modified_gmt":"2025-03-02T10:24:02","slug":"ladebodentraeger","status":"publish","type":"page","link":"https:\/\/toensfeldt-modellbau.de\/?page_id=1888","title":{"rendered":"Ladebodentr\u00e4ger"},"content":{"rendered":"<div id=\"tabContent\" class=\"artikelDetailTabBox\">\n<p><img loading=\"lazy\" decoding=\"async\" class=\"alignnone size-full wp-image-1880\" src=\"http:\/\/toensfeldt-modellbau.de\/wp-content\/uploads\/2017\/06\/Ladebodentr\u00e4ger_Aufbau_B1_Int.jpg\" alt=\"\" width=\"425\" height=\"247\" srcset=\"https:\/\/toensfeldt-modellbau.de\/wp-content\/uploads\/2017\/06\/Ladebodentr\u00e4ger_Aufbau_B1_Int.jpg 425w, https:\/\/toensfeldt-modellbau.de\/wp-content\/uploads\/2017\/06\/Ladebodentr\u00e4ger_Aufbau_B1_Int-300x174.jpg 300w\" sizes=\"auto, (max-width: 425px) 100vw, 425px\" \/><\/p>\n<p>Mit dem Ladebodentr\u00e4ger lassen sich auf einfache Weise Ladefl\u00e4chen selber erstellen. Unser Ladebodentr\u00e4ger bildet hierf\u00fcr die Verbindung von Hilfsrahmen zu Ladefl\u00e4che, dazu wird er einfach auf Ihren 60 mm Hilfsrahmen bei Zugmaschiene oder 60 mm breiten Anh\u00e4nger \/ Auflieger aufgesteckt und verschraubt oder verklebt. So befestigt kann nun Ihre Ladefl\u00e4che auf dem Ladebodentr\u00e4ger montiert werden. Auch hier kann entweder geschraubt oder geklebt werden.<\/p>\n<p>Durch seine Bauweise erstellen sie auf einfache weise hochbelastbare Ladefl\u00e4chen in originalgetreuer Optik. Das 1,0 mm Stahlbech eignen sich bestens zum einbringen von Bohrungen und Gewinden nach Ihren Erfordernissen.<\/p>\n<p><img loading=\"lazy\" decoding=\"async\" class=\"alignnone size-full wp-image-1881\" src=\"http:\/\/toensfeldt-modellbau.de\/wp-content\/uploads\/2017\/06\/Ladebodentr\u00e4ger_B1-Int.jpg\" alt=\"\" width=\"283\" height=\"87\" \/><\/p>\n<p>Technische Daten:<\/p>\n<ul>\n<li>L\u00e4nge: 190 mm<\/li>\n<li>Breite: 10 mm<\/li>\n<li>H\u00f6he: 6,0 mm (Au\u00dfen)<\/li>\n<li>H\u00f6he: 10 mm (am Rahmen)<\/li>\n<\/ul>\n<p>Lieferumfang: Ladebodentr\u00e4ger 1,0 mm Stahlblech fertig gekantet, Natur, ungebohrt<\/p>\n<p>Passend f\u00fcr Rahmenbreite: 60 mm Wedico bzw. 62 mm Tamiya ( bei der Verwendung von Tamiyarahmen m\u00fcssen sie pro Seite ca. 1,0 mm abfeilen und dann anpassen ).<\/p>\n<p>Preis: 4,40 \u20ac St.<\/p>\n<p>Art. Nr. Bestell Text:<\/p>\n<p><span style=\"color: #ff0000;\">020360<\/span> Ladebodentr\u00e4ger Natur<\/p>\n<p><span style=\"font-size: medium;\">Herstellerdaten gem\u00e4s GPSR<\/span><\/p>\n<p><span style=\"font-size: medium;\">Olaf T\u00f6nsfeldt<br \/>\nT\u00f6nsfeldt <span style=\"color: #000000;\">Modellbau Vertrieb<\/span><span style=\"color: #ff0000;\"><span style=\"font-family: Arial, Helvetica, sans-serif;\"><br \/>\n<\/span><\/span>Nobiskr\u00fcger Allee 20<span style=\"font-family: Arial, Helvetica, sans-serif;\"><br \/>\n<\/span>24768 Rendsburg<\/span><\/p>\n<p><strong><span style=\"font-size: medium;\">Deutschland<\/span><\/strong><span style=\"font-size: medium;\"><br \/>\nTel.: 0049 (0 ) 43 31\/ 51 95<br \/>\nE-Mail an: <a href=\"mailto:tmv@toensfeldt-modellbau.de\">tmv@toensfeldt-modellbau.de<\/a><\/span><\/p>\n<\/div>\n","protected":false},"excerpt":{"rendered":"<p>Mit dem Ladebodentr\u00e4ger lassen sich auf einfache Weise Ladefl\u00e4chen selber erstellen. Unser Ladebodentr\u00e4ger bildet hierf\u00fcr die Verbindung von Hilfsrahmen zu Ladefl\u00e4che, dazu wird er einfach auf Ihren 60 mm Hilfsrahmen bei Zugmaschiene oder 60 mm breiten Anh\u00e4nger \/ Auflieger aufgesteckt &hellip; <a href=\"https:\/\/toensfeldt-modellbau.de\/?page_id=1888\">Weiterlesen <span class=\"meta-nav\">&rarr;<\/span><\/a><\/p>\n","protected":false},"author":2,"featured_media":0,"parent":0,"menu_order":0,"comment_status":"closed","ping_status":"closed","template":"","meta":{"footnotes":""},"class_list":["post-1888","page","type-page","status-publish","hentry"],"_links":{"self":[{"href":"https:\/\/toensfeldt-modellbau.de\/index.php?rest_route=\/wp\/v2\/pages\/1888","targetHints":{"allow":["GET"]}}],"collection":[{"href":"https:\/\/toensfeldt-modellbau.de\/index.php?rest_route=\/wp\/v2\/pages"}],"about":[{"href":"https:\/\/toensfeldt-modellbau.de\/index.php?rest_route=\/wp\/v2\/types\/page"}],"author":[{"embeddable":true,"href":"https:\/\/toensfeldt-modellbau.de\/index.php?rest_route=\/wp\/v2\/users\/2"}],"replies":[{"embeddable":true,"href":"https:\/\/toensfeldt-modellbau.de\/index.php?rest_route=%2Fwp%2Fv2%2Fcomments&post=1888"}],"version-history":[{"count":5,"href":"https:\/\/toensfeldt-modellbau.de\/index.php?rest_route=\/wp\/v2\/pages\/1888\/revisions"}],"predecessor-version":[{"id":7555,"href":"https:\/\/toensfeldt-modellbau.de\/index.php?rest_route=\/wp\/v2\/pages\/1888\/revisions\/7555"}],"wp:attachment":[{"href":"https:\/\/toensfeldt-modellbau.de\/index.php?rest_route=%2Fwp%2Fv2%2Fmedia&parent=1888"}],"curies":[{"name":"wp","href":"https:\/\/api.w.org\/{rel}","templated":true}]}}