{"id":1890,"date":"2017-06-05T13:14:40","date_gmt":"2017-06-05T11:14:40","guid":{"rendered":"http:\/\/toensfeldt-modellbau.de\/?page_id=1890"},"modified":"2018-07-25T18:04:57","modified_gmt":"2018-07-25T16:04:57","slug":"lastschiene","status":"publish","type":"page","link":"https:\/\/toensfeldt-modellbau.de\/?page_id=1890","title":{"rendered":"Lastschiene"},"content":{"rendered":"<h3><em><strong><span style=\"color: #ff0000;\">Lastschiene f\u00fcr Ladungssicherung<\/span><\/strong><\/em><\/h3>\n<p><img loading=\"lazy\" decoding=\"async\" class=\"alignnone size-full wp-image-1882\" src=\"http:\/\/toensfeldt-modellbau.de\/wp-content\/uploads\/2017\/06\/Lastschiene-mit-Zubeh\u00f6r-B1-Int.jpg\" alt=\"\" width=\"425\" height=\"322\" srcset=\"https:\/\/toensfeldt-modellbau.de\/wp-content\/uploads\/2017\/06\/Lastschiene-mit-Zubeh\u00f6r-B1-Int.jpg 425w, https:\/\/toensfeldt-modellbau.de\/wp-content\/uploads\/2017\/06\/Lastschiene-mit-Zubeh\u00f6r-B1-Int-300x227.jpg 300w\" sizes=\"auto, (max-width: 425px) 100vw, 425px\" \/><\/p>\n<ul>\n<li>Mit den Lastschienenmodulen l\u00e4sst sich auf beliebigen Ladefl\u00e4chen ein universell nutzbares Befestigungssystem zum Sichern von Ladeg\u00fctern montieren.<\/li>\n<li>Die einzelnen Module werden daf\u00fcr zwei- oder mehrreihig im oder auf dem Boden Ihrer Ladefl\u00e4che befestigt. Durch ihre Bauweise eignen sich die Lastschienen ebenfalls zur Montage an bzw. in Bordw\u00e4nden.<\/li>\n<li>Sind die Lastschienen einmal im Modell verbaut, werden einfach die Haken der Schnellspanngurte entsprechend Ihrem gew\u00fcnschten Ladegut eingeh\u00e4ngt. Somit lassen sich ansprechende Verzurrungen von unterschiedlichsten Ladeg\u00fctern auf dem Modell vorbildgetreu erreichen.<\/li>\n<\/ul>\n<p><img loading=\"lazy\" decoding=\"async\" class=\"alignnone size-full wp-image-1883\" src=\"http:\/\/toensfeldt-modellbau.de\/wp-content\/uploads\/2017\/06\/Lastschiene-Teile-B1-Int.jpg\" alt=\"\" width=\"425\" height=\"177\" srcset=\"https:\/\/toensfeldt-modellbau.de\/wp-content\/uploads\/2017\/06\/Lastschiene-Teile-B1-Int.jpg 425w, https:\/\/toensfeldt-modellbau.de\/wp-content\/uploads\/2017\/06\/Lastschiene-Teile-B1-Int-300x125.jpg 300w\" sizes=\"auto, (max-width: 425px) 100vw, 425px\" \/><\/p>\n<p>Lieferumfang: 6Stk. Lastschienenmodul vorgebogen, Messigdraht zum selber verl\u00f6ten.<\/p>\n<p>Technische Daten:<\/p>\n<ul>\n<li>L\u00e4nge: ca. 50 mm<\/li>\n<li>Breite: ca. 4,5 mm<\/li>\n<li>H\u00f6he: ca. 2,0 mm<\/li>\n<\/ul>\n<p>Preis 15,30 \u20ac<\/p>\n<p>Art. Nr. Bestell Text:<\/p>\n<ul>\n<li><span style=\"color: #ff0000;\">030139<\/span> 6 St. TMV Lastschienen Natur<\/li>\n<li><span style=\"color: #ff0000;\">093009<\/span> Zurrgurte 1:14 Satz mit 4 St. Natur<\/li>\n<\/ul>\n","protected":false},"excerpt":{"rendered":"<p>Lastschiene f\u00fcr Ladungssicherung Mit den Lastschienenmodulen l\u00e4sst sich auf beliebigen Ladefl\u00e4chen ein universell nutzbares Befestigungssystem zum Sichern von Ladeg\u00fctern montieren. Die einzelnen Module werden daf\u00fcr zwei- oder mehrreihig im oder auf dem Boden Ihrer Ladefl\u00e4che befestigt. Durch ihre Bauweise eignen &hellip; <a href=\"https:\/\/toensfeldt-modellbau.de\/?page_id=1890\">Weiterlesen <span class=\"meta-nav\">&rarr;<\/span><\/a><\/p>\n","protected":false},"author":2,"featured_media":0,"parent":0,"menu_order":0,"comment_status":"closed","ping_status":"closed","template":"","meta":{"footnotes":""},"class_list":["post-1890","page","type-page","status-publish","hentry"],"_links":{"self":[{"href":"https:\/\/toensfeldt-modellbau.de\/index.php?rest_route=\/wp\/v2\/pages\/1890","targetHints":{"allow":["GET"]}}],"collection":[{"href":"https:\/\/toensfeldt-modellbau.de\/index.php?rest_route=\/wp\/v2\/pages"}],"about":[{"href":"https:\/\/toensfeldt-modellbau.de\/index.php?rest_route=\/wp\/v2\/types\/page"}],"author":[{"embeddable":true,"href":"https:\/\/toensfeldt-modellbau.de\/index.php?rest_route=\/wp\/v2\/users\/2"}],"replies":[{"embeddable":true,"href":"https:\/\/toensfeldt-modellbau.de\/index.php?rest_route=%2Fwp%2Fv2%2Fcomments&post=1890"}],"version-history":[{"count":10,"href":"https:\/\/toensfeldt-modellbau.de\/index.php?rest_route=\/wp\/v2\/pages\/1890\/revisions"}],"predecessor-version":[{"id":3272,"href":"https:\/\/toensfeldt-modellbau.de\/index.php?rest_route=\/wp\/v2\/pages\/1890\/revisions\/3272"}],"wp:attachment":[{"href":"https:\/\/toensfeldt-modellbau.de\/index.php?rest_route=%2Fwp%2Fv2%2Fmedia&parent=1890"}],"curies":[{"name":"wp","href":"https:\/\/api.w.org\/{rel}","templated":true}]}}