{"id":190,"date":"2013-11-21T17:41:03","date_gmt":"2013-11-21T15:41:03","guid":{"rendered":"http:\/\/toensfeldt-modellbau.de\/?page_id=190"},"modified":"2025-03-02T12:33:51","modified_gmt":"2025-03-02T10:33:51","slug":"gasflaschen-propan","status":"publish","type":"page","link":"https:\/\/toensfeldt-modellbau.de\/?page_id=190","title":{"rendered":"Gasflaschen Propan"},"content":{"rendered":"<p>Propangasflaschen Ma\u00dfstab 1:15 11 und 33 kg<\/p>\n<p><img loading=\"lazy\" decoding=\"async\" class=\"alignnone size-full wp-image-232\" src=\"http:\/\/toensfeldt-modellbau.de\/wp-content\/uploads\/2013\/11\/Popan-Technisch-alle-Farben1-300x2881.jpg\" alt=\"\" width=\"250\" height=\"240\" \/><\/p>\n<ul>\n<li>11 und 33 kg Propangasflaschen aus Alu gedreht, mit Griffen aus Messing ( bei den 11 kg Flaschen ), in den Farben Rot, Blau und Grau\/Rot 11 kg Rot und Blau 33 kg. Es sind Leih-Gasflasche (Rot und Blau), meistens im Gebrauch in Wohnwagen und Wohnmobilen zum Kochen oder f\u00fcr den Gasgrills.<\/li>\n<\/ul>\n<p><strong><em><span style=\"color: #ff0000;\">Propangasflaschen 33 kg<\/span><\/em><\/strong><\/p>\n<div id=\"attachment_193\" style=\"width: 251px\" class=\"wp-caption alignleft\"><img loading=\"lazy\" decoding=\"async\" aria-describedby=\"caption-attachment-193\" class=\"size-full wp-image-193\" src=\"http:\/\/toensfeldt-modellbau.de\/wp-content\/uploads\/2013\/11\/090050.jpg\" alt=\"090050\" width=\"241\" height=\"250\" \/><p id=\"caption-attachment-193\" class=\"wp-caption-text\">090050<\/p><\/div>\n<p>&nbsp;<\/p>\n<p>&nbsp;<\/p>\n<p>&nbsp;<\/p>\n<p>&nbsp;<\/p>\n<p>&nbsp;<\/p>\n<p>&nbsp;<\/p>\n<p>&nbsp;<\/p>\n<p>Technische Daten:<\/p>\n<ul>\n<li>Gr\u00f6\u00dfe, ca : \u00d8 20 mm x H\u00f6he 81 mm<\/li>\n<\/ul>\n<p>Art. Nr.: Bestelltext:<\/p>\n<ul>\n<li><span style=\"color: #ff0000;\">090049<\/span> Propan &#8211; Gasflasche, 33 kg blau<\/li>\n<li><span style=\"color: #ff0000;\">090050<\/span> Propan &#8211; Gasflasche, 33 kg rot<\/li>\n<\/ul>\n<p><strong><em><span style=\"color: #ff0000;\">Propangasflaschen 11 kg<\/span><\/em><\/strong><\/p>\n<div id=\"attachment_203\" style=\"width: 180px\" class=\"wp-caption alignleft\"><img loading=\"lazy\" decoding=\"async\" aria-describedby=\"caption-attachment-203\" class=\"size-full wp-image-203\" src=\"http:\/\/toensfeldt-modellbau.de\/wp-content\/uploads\/2013\/11\/090051.jpg\" alt=\"090051\" width=\"170\" height=\"170\" srcset=\"https:\/\/toensfeldt-modellbau.de\/wp-content\/uploads\/2013\/11\/090051.jpg 170w, https:\/\/toensfeldt-modellbau.de\/wp-content\/uploads\/2013\/11\/090051-150x150.jpg 150w\" sizes=\"auto, (max-width: 170px) 100vw, 170px\" \/><p id=\"caption-attachment-203\" class=\"wp-caption-text\">090051<\/p><\/div>\n<div id=\"attachment_204\" style=\"width: 180px\" class=\"wp-caption alignleft\"><img loading=\"lazy\" decoding=\"async\" aria-describedby=\"caption-attachment-204\" class=\"size-full wp-image-204\" src=\"http:\/\/toensfeldt-modellbau.de\/wp-content\/uploads\/2013\/11\/090052.jpg\" alt=\"090052\" width=\"170\" height=\"170\" srcset=\"https:\/\/toensfeldt-modellbau.de\/wp-content\/uploads\/2013\/11\/090052.jpg 170w, https:\/\/toensfeldt-modellbau.de\/wp-content\/uploads\/2013\/11\/090052-150x150.jpg 150w\" sizes=\"auto, (max-width: 170px) 100vw, 170px\" \/><p id=\"caption-attachment-204\" class=\"wp-caption-text\">090052<\/p><\/div>\n<div id=\"attachment_205\" style=\"width: 180px\" class=\"wp-caption alignleft\"><img loading=\"lazy\" decoding=\"async\" aria-describedby=\"caption-attachment-205\" class=\"size-full wp-image-205\" src=\"http:\/\/toensfeldt-modellbau.de\/wp-content\/uploads\/2013\/11\/090053.jpg\" alt=\"090053\" width=\"170\" height=\"170\" srcset=\"https:\/\/toensfeldt-modellbau.de\/wp-content\/uploads\/2013\/11\/090053.jpg 170w, https:\/\/toensfeldt-modellbau.de\/wp-content\/uploads\/2013\/11\/090053-150x150.jpg 150w\" sizes=\"auto, (max-width: 170px) 100vw, 170px\" \/><p id=\"caption-attachment-205\" class=\"wp-caption-text\">090053<\/p><\/div>\n<p>Technische Daten:<\/p>\n<ul>\n<li>H\u00f6he ca. 37 mm \u00d8 20 mm<\/li>\n<\/ul>\n<p>Art. Nr. Bestell Text:<\/p>\n<ul>\n<li><span style=\"color: #ff0000;\">090051<\/span> Propan Gasflasche 11 kg grau<\/li>\n<li><span style=\"color: #ff0000;\">090052<\/span> Propan Gasflasche 11 kg blau<\/li>\n<li><span style=\"color: #ff0000;\">090053<\/span> Propan Gasflasche 11 kg rot<\/li>\n<\/ul>\n<p><strong><em><span style=\"color: #ff0000;\">Deckel Ventil Propan<\/span><\/em><\/strong><\/p>\n<ul>\n<li>Deckel und Ventil f\u00fcr Popangasflaschen 11 KG, 33 KG, Treibgas 11KG Deckel in der Farbe Rot ,Blau oder Natur Alu<\/li>\n<\/ul>\n<p><img loading=\"lazy\" decoding=\"async\" class=\"size-full wp-image-197 alignleft\" src=\"http:\/\/toensfeldt-modellbau.de\/wp-content\/uploads\/2013\/11\/Deckl_Ventiel_Popan2-300x125.jpg\" alt=\"Deckl_Ventiel_Popan2-300x125\" width=\"300\" height=\"125\" \/><\/p>\n<p>Technische Daten:<\/p>\n<ul>\n<li>Gr\u00f6\u00dfe, ca : \u00d8 5 mm x H\u00f6he ca. 12 mm<\/li>\n<\/ul>\n<p>&nbsp;<\/p>\n<p>Art. Nr.: Bestelltext:<\/p>\n<ul>\n<li><span style=\"color: #ff0000;\">090087<\/span> Deckel f\u00fcr Gasflasche Rot oder Blau<\/li>\n<li><span style=\"color: #ff0000;\">090088<\/span> Ventil f\u00fcr Gasflasche<\/li>\n<\/ul>\n<p><span style=\"font-size: medium;\">Herstellerdaten gem\u00e4s GPSR<\/span><\/p>\n<p><span style=\"font-size: medium;\">Olaf T\u00f6nsfeldt<br \/>\nT\u00f6nsfeldt <span style=\"color: #000000;\">Modellbau Vertrieb<\/span><span style=\"color: #ff0000;\"><span style=\"font-family: Arial, Helvetica, sans-serif;\"><br \/>\n<\/span><\/span>Nobiskr\u00fcger Allee 20<span style=\"font-family: Arial, Helvetica, sans-serif;\"><br \/>\n<\/span>24768 Rendsburg<\/span><\/p>\n<p><strong><span style=\"font-size: medium;\">Deutschland<\/span><\/strong><span style=\"font-size: medium;\"><br \/>\nTel.: 0049 (0 ) 43 31\/ 51 95<br \/>\nE-Mail an: <a href=\"mailto:tmv@toensfeldt-modellbau.de\">tmv@toensfeldt-modellbau.de<\/a><\/span><\/p>\n<dl>\n<dt><strong><span style=\"color: #000000;\"><span style=\"font-size: medium;\">Importeur: <\/span><\/span><\/strong><\/dt>\n<\/dl>\n","protected":false},"excerpt":{"rendered":"<p>Propangasflaschen Ma\u00dfstab 1:15 11 und 33 kg 11 und 33 kg Propangasflaschen aus Alu gedreht, mit Griffen aus Messing ( bei den 11 kg Flaschen ), in den Farben Rot, Blau und Grau\/Rot 11 kg Rot und Blau 33 kg. &hellip; <a href=\"https:\/\/toensfeldt-modellbau.de\/?page_id=190\">Weiterlesen <span class=\"meta-nav\">&rarr;<\/span><\/a><\/p>\n","protected":false},"author":3,"featured_media":0,"parent":166,"menu_order":2,"comment_status":"closed","ping_status":"closed","template":"","meta":{"footnotes":""},"class_list":["post-190","page","type-page","status-publish","hentry"],"_links":{"self":[{"href":"https:\/\/toensfeldt-modellbau.de\/index.php?rest_route=\/wp\/v2\/pages\/190","targetHints":{"allow":["GET"]}}],"collection":[{"href":"https:\/\/toensfeldt-modellbau.de\/index.php?rest_route=\/wp\/v2\/pages"}],"about":[{"href":"https:\/\/toensfeldt-modellbau.de\/index.php?rest_route=\/wp\/v2\/types\/page"}],"author":[{"embeddable":true,"href":"https:\/\/toensfeldt-modellbau.de\/index.php?rest_route=\/wp\/v2\/users\/3"}],"replies":[{"embeddable":true,"href":"https:\/\/toensfeldt-modellbau.de\/index.php?rest_route=%2Fwp%2Fv2%2Fcomments&post=190"}],"version-history":[{"count":11,"href":"https:\/\/toensfeldt-modellbau.de\/index.php?rest_route=\/wp\/v2\/pages\/190\/revisions"}],"predecessor-version":[{"id":7565,"href":"https:\/\/toensfeldt-modellbau.de\/index.php?rest_route=\/wp\/v2\/pages\/190\/revisions\/7565"}],"up":[{"embeddable":true,"href":"https:\/\/toensfeldt-modellbau.de\/index.php?rest_route=\/wp\/v2\/pages\/166"}],"wp:attachment":[{"href":"https:\/\/toensfeldt-modellbau.de\/index.php?rest_route=%2Fwp%2Fv2%2Fmedia&parent=190"}],"curies":[{"name":"wp","href":"https:\/\/api.w.org\/{rel}","templated":true}]}}