{"id":1957,"date":"2017-06-17T13:34:56","date_gmt":"2017-06-17T11:34:56","guid":{"rendered":"http:\/\/toensfeldt-modellbau.de\/?page_id=1957"},"modified":"2025-03-08T13:11:05","modified_gmt":"2025-03-08T11:11:05","slug":"baumaschien","status":"publish","type":"page","link":"https:\/\/toensfeldt-modellbau.de\/?page_id=1957","title":{"rendered":"ZK Baumaschinen"},"content":{"rendered":"<p><em><strong><span style=\"color: #ff0000;\">TMV Zurrketten zur Ladungssicherung von Baumaschinen<\/span><\/strong><\/em><\/p>\n<p>Ab sofort k\u00f6nnen wir die TMV Zurrketten, mit Ketten &amp; Kettenverk\u00fcrzungshaken in Verzinkt, so wie mit Vernickelten Sch\u00e4keln Liefern.<\/p>\n<p><img loading=\"lazy\" decoding=\"async\" class=\"alignnone size-full wp-image-4543\" src=\"http:\/\/toensfeldt-modellbau.de\/wp-content\/uploads\/2021\/03\/3-Ketten-Verzink-Int.jpg\" alt=\"\" width=\"709\" height=\"339\" srcset=\"https:\/\/toensfeldt-modellbau.de\/wp-content\/uploads\/2021\/03\/3-Ketten-Verzink-Int.jpg 709w, https:\/\/toensfeldt-modellbau.de\/wp-content\/uploads\/2021\/03\/3-Ketten-Verzink-Int-300x143.jpg 300w\" sizes=\"auto, (max-width: 709px) 100vw, 709px\" \/><\/p>\n<p>Dank der freundlichen Genehmigung der Firma RUD Ketten Rieger &amp; Dietz GmbH u. Co KG aus Aalen k\u00f6nnen wir unsere Zurrketten jetzt auch in der Farbe Pink anbieten. Die Ketten und Sch\u00e4kel der TMV Zurrketten RUD sind wie im Original auch in Pink gepulvert.<\/p>\n<p><img loading=\"lazy\" decoding=\"async\" class=\"alignnone size-full wp-image-4143\" src=\"http:\/\/toensfeldt-modellbau.de\/wp-content\/uploads\/2020\/08\/Logo-mit-Slogan_CMYK-Int-1.jpg\" alt=\"\" width=\"213\" height=\"82\" \/><\/p>\n<p><a href=\"http:\/\/toensfeldt-modellbau.de\/wp-content\/uploads\/2023\/04\/Zurr-Bauma-Bagger-Rud1-Int2.jpg\"><img loading=\"lazy\" decoding=\"async\" class=\"alignnone wp-image-7072 size-full\" src=\"http:\/\/toensfeldt-modellbau.de\/wp-content\/uploads\/2023\/04\/Zurr-Bauma-Bagger-Rud1-Int2.jpg\" alt=\"\" width=\"709\" height=\"225\" srcset=\"https:\/\/toensfeldt-modellbau.de\/wp-content\/uploads\/2023\/04\/Zurr-Bauma-Bagger-Rud1-Int2.jpg 709w, https:\/\/toensfeldt-modellbau.de\/wp-content\/uploads\/2023\/04\/Zurr-Bauma-Bagger-Rud1-Int2-300x95.jpg 300w\" sizes=\"auto, (max-width: 709px) 100vw, 709px\" \/><\/a><\/p>\n<p><a href=\"http:\/\/toensfeldt-modellbau.de\/wp-content\/uploads\/2023\/04\/Zurrketten-RUD-Bauma-Int2.jpg\"><img loading=\"lazy\" decoding=\"async\" class=\"alignnone wp-image-7073 size-full\" src=\"http:\/\/toensfeldt-modellbau.de\/wp-content\/uploads\/2023\/04\/Zurrketten-RUD-Bauma-Int2.jpg\" alt=\"\" width=\"709\" height=\"320\" srcset=\"https:\/\/toensfeldt-modellbau.de\/wp-content\/uploads\/2023\/04\/Zurrketten-RUD-Bauma-Int2.jpg 709w, https:\/\/toensfeldt-modellbau.de\/wp-content\/uploads\/2023\/04\/Zurrketten-RUD-Bauma-Int2-300x135.jpg 300w\" sizes=\"auto, (max-width: 709px) 100vw, 709px\" \/><\/a><\/p>\n<ul>\n<li>\u00a0Zurrketten zur Ladungssicherung speziel f\u00fcr Baumschinen, z. B. Radlader, Laderaupen oder Bagger auf dem Tieflader, zwischen 5 KG bis 20 KG Eigengewicht der Baumaschinen. Die Ketten sind aus Messing verl\u00f6tet und schwarz Br\u00fcniert.<\/li>\n<li>Die Ratsche, die Anschlaghaken und der Kettenverk\u00fcrzungshaken sind aus Messing Feinguss spezial f\u00fcr die TMV Zurrketten gegossen, Spannschlosser und Sch\u00e4kel sind aus Messing. Der Knebel bestehen aus Stahlstiften und gedrehten VA Kappen, Sonderanfertigung f\u00fcr die Spannschl\u00f6sser.<\/li>\n<\/ul>\n<p><em><strong><span style=\"color: #ff0000;\">Die Zurrketten gibt es in 2. Versionen:<\/span><\/strong><\/em><\/p>\n<ul>\n<li>Version 1: Zurrkette, Schild Rot ( Ketten G\u00fcte ), Spannschol\u00df mit Ratsche, Sch\u00e4kel, Anschlaghaken so wie Kettenverk\u00fcrzungshaken.<\/li>\n<li>Version 2: Zurrkette, Schild Rot, Knebel mit VA Kappen, Sch\u00e4kel, Anschlaghaken sowie Kettenverk\u00fcrzungshaken.<\/li>\n<\/ul>\n<p><em><strong><span style=\"color: #ff0000;\">Jeder Zurrkettensatz enth\u00e4lt 4 Zurrketten !<\/span><\/strong><\/em><\/p>\n<p>Au\u00dfer der Kette ( nicht so bei den RUD Zurrketten ), Knebel und Verk\u00fcrzungshaken sind alle anderen Teile in den folgenden Farben pulverbeschichtet erh\u00e4ltlich Rot, Gelb, Oliv, Blau und Neu Pink.<\/p>\n<p><img loading=\"lazy\" decoding=\"async\" class=\"alignnone size-full wp-image-2281\" src=\"http:\/\/toensfeldt-modellbau.de\/wp-content\/uploads\/2017\/08\/2Zurrketten-Gelb-BaumaB1.jpg\" alt=\"\" width=\"567\" height=\"209\" srcset=\"https:\/\/toensfeldt-modellbau.de\/wp-content\/uploads\/2017\/08\/2Zurrketten-Gelb-BaumaB1.jpg 567w, https:\/\/toensfeldt-modellbau.de\/wp-content\/uploads\/2017\/08\/2Zurrketten-Gelb-BaumaB1-300x111.jpg 300w\" sizes=\"auto, (max-width: 567px) 100vw, 567px\" \/><\/p>\n<p>Technische Daten Zurrkette mit Ratsche:<\/p>\n<ol>\n<li>L\u00e4nge \u00fcber alles ca. 18 cm<\/li>\n<li>Breite Spannschloss mit Ratsche:\u00a0 ca. 3,2 cm<\/li>\n<li>Anschlaghaken Ma\u00dfe: H\u00f6he ca.15 mm Breite ca. 8 mm St\u00e4rke Haken ca. 2,3 mm<\/li>\n<li>Zurrgewicht bis zu: 10 KG<\/li>\n<\/ol>\n<p>Die Zurrketten Bauma, k\u00f6nnen wenn es n\u00f6tig ist, in Schritten von ca. 2,5 cm verl\u00e4ngert werden.<\/p>\n<p>Art. Nr. Bestelltext:<\/p>\n<ul>\n<li><span style=\"color: #ff0000;\">030004<\/span> 4 St. TMV Zurrketten Ratsche Bauma Rot<\/li>\n<li><span style=\"color: #ff0000;\">030005<\/span> 4 St. TMV Zurrketten Ratsche Bauma Gelb<\/li>\n<li><span style=\"color: #ff0000;\">030006<\/span> 4 St. TMV Zurrketten Ratsche Bauma Oliv<\/li>\n<li><span style=\"color: #ff0000;\">030007<\/span> 4 St. TMV Zurrketten Ratsche Bauma Blau<\/li>\n<li><span style=\"color: #ff0000;\">030008<\/span> 4 St. TMV Zurrketten Ratsche Bauma Pink<\/li>\n<li><span style=\"color: #ff0000;\">030009<\/span> 4 St. TMV Zurrketten Ratsche Bauma <span style=\"color: #0000ff;\">RUD<\/span><\/li>\n<li><span style=\"color: #ff0000;\">030071<\/span> TMV Zurrkette Bauma verl\u00e4ngerung ca. 2,5 cm<\/li>\n<li><span style=\"color: #ff0000;\">030369B <span style=\"color: #333333;\">TMV 4 Sch\u00e4kel verzinkt<\/span><\/span><\/li>\n<\/ul>\n<p><img loading=\"lazy\" decoding=\"async\" class=\"alignnone size-full wp-image-2283\" src=\"http:\/\/toensfeldt-modellbau.de\/wp-content\/uploads\/2017\/08\/2Zurrketten-Rot-LadungB1.jpg\" alt=\"\" width=\"567\" height=\"219\" srcset=\"https:\/\/toensfeldt-modellbau.de\/wp-content\/uploads\/2017\/08\/2Zurrketten-Rot-LadungB1.jpg 567w, https:\/\/toensfeldt-modellbau.de\/wp-content\/uploads\/2017\/08\/2Zurrketten-Rot-LadungB1-300x116.jpg 300w\" sizes=\"auto, (max-width: 567px) 100vw, 567px\" \/><\/p>\n<p><img loading=\"lazy\" decoding=\"async\" class=\"alignnone size-full wp-image-2282\" src=\"http:\/\/toensfeldt-modellbau.de\/wp-content\/uploads\/2017\/08\/2Zurrketten-Gelb-LadungB1.jpg\" alt=\"\" width=\"567\" height=\"248\" srcset=\"https:\/\/toensfeldt-modellbau.de\/wp-content\/uploads\/2017\/08\/2Zurrketten-Gelb-LadungB1.jpg 567w, https:\/\/toensfeldt-modellbau.de\/wp-content\/uploads\/2017\/08\/2Zurrketten-Gelb-LadungB1-300x131.jpg 300w\" sizes=\"auto, (max-width: 567px) 100vw, 567px\" \/><\/p>\n<p><img loading=\"lazy\" decoding=\"async\" class=\"alignnone size-full wp-image-2947\" src=\"http:\/\/toensfeldt-modellbau.de\/wp-content\/uploads\/2018\/02\/2Zurrketten-Bauma-OlivB1Int.jpg\" alt=\"\" width=\"567\" height=\"221\" srcset=\"https:\/\/toensfeldt-modellbau.de\/wp-content\/uploads\/2018\/02\/2Zurrketten-Bauma-OlivB1Int.jpg 567w, https:\/\/toensfeldt-modellbau.de\/wp-content\/uploads\/2018\/02\/2Zurrketten-Bauma-OlivB1Int-300x117.jpg 300w\" sizes=\"auto, (max-width: 567px) 100vw, 567px\" \/><\/p>\n<p><img loading=\"lazy\" decoding=\"async\" class=\"alignnone size-full wp-image-3526\" src=\"http:\/\/toensfeldt-modellbau.de\/wp-content\/uploads\/2019\/02\/2-Zurrketten-Blau-Bauma-int.jpg\" alt=\"\" width=\"567\" height=\"206\" srcset=\"https:\/\/toensfeldt-modellbau.de\/wp-content\/uploads\/2019\/02\/2-Zurrketten-Blau-Bauma-int.jpg 567w, https:\/\/toensfeldt-modellbau.de\/wp-content\/uploads\/2019\/02\/2-Zurrketten-Blau-Bauma-int-300x109.jpg 300w\" sizes=\"auto, (max-width: 567px) 100vw, 567px\" \/><\/p>\n<p><a href=\"http:\/\/toensfeldt-modellbau.de\/wp-content\/uploads\/2023\/04\/Zurrketten-RUD-Bauma-Int2.jpg\"><img loading=\"lazy\" decoding=\"async\" class=\"alignnone wp-image-7073 size-full\" src=\"http:\/\/toensfeldt-modellbau.de\/wp-content\/uploads\/2023\/04\/Zurrketten-RUD-Bauma-Int2.jpg\" alt=\"\" width=\"709\" height=\"320\" srcset=\"https:\/\/toensfeldt-modellbau.de\/wp-content\/uploads\/2023\/04\/Zurrketten-RUD-Bauma-Int2.jpg 709w, https:\/\/toensfeldt-modellbau.de\/wp-content\/uploads\/2023\/04\/Zurrketten-RUD-Bauma-Int2-300x135.jpg 300w\" sizes=\"auto, (max-width: 709px) 100vw, 709px\" \/><\/a><\/p>\n<div id=\"attachment_4598\" style=\"width: 577px\" class=\"wp-caption alignnone\"><img loading=\"lazy\" decoding=\"async\" aria-describedby=\"caption-attachment-4598\" class=\"wp-image-4598 size-full\" src=\"http:\/\/toensfeldt-modellbau.de\/wp-content\/uploads\/2021\/04\/Zurrketten-Verzigt-Knebel-Orange-1.jpg\" alt=\"\" width=\"567\" height=\"336\" srcset=\"https:\/\/toensfeldt-modellbau.de\/wp-content\/uploads\/2021\/04\/Zurrketten-Verzigt-Knebel-Orange-1.jpg 567w, https:\/\/toensfeldt-modellbau.de\/wp-content\/uploads\/2021\/04\/Zurrketten-Verzigt-Knebel-Orange-1-300x178.jpg 300w\" sizes=\"auto, (max-width: 567px) 100vw, 567px\" \/><p id=\"caption-attachment-4598\" class=\"wp-caption-text\">Sonderfarbe orange Kundenwunsch<\/p><\/div>\n<p>&nbsp;<\/p>\n<div id=\"attachment_6488\" style=\"width: 310px\" class=\"wp-caption alignnone\"><a href=\"http:\/\/toensfeldt-modellbau.de\/wp-content\/uploads\/2022\/03\/4-Ratsche-Schwarz.jpg\"><img loading=\"lazy\" decoding=\"async\" aria-describedby=\"caption-attachment-6488\" class=\"wp-image-6488 size-medium\" src=\"http:\/\/toensfeldt-modellbau.de\/wp-content\/uploads\/2022\/03\/4-Ratsche-Schwarz-300x183.jpg\" alt=\"\" width=\"300\" height=\"183\" srcset=\"https:\/\/toensfeldt-modellbau.de\/wp-content\/uploads\/2022\/03\/4-Ratsche-Schwarz-300x183.jpg 300w, https:\/\/toensfeldt-modellbau.de\/wp-content\/uploads\/2022\/03\/4-Ratsche-Schwarz.jpg 709w\" sizes=\"auto, (max-width: 300px) 100vw, 300px\" \/><\/a><p id=\"caption-attachment-6488\" class=\"wp-caption-text\">Sonder Farbe Schwarz<\/p><\/div>\n<p>Technische Daten Zurrkette mit Knebel:<\/p>\n<ol>\n<li>L\u00e4nge \u00fcber alles ca. 18 cm<\/li>\n<li>Breite Spannschloss mit Knebel :\u00a0\u00a0 ca. 2,7 cm<\/li>\n<li>Anschlaghaken Ma\u00dfe: H\u00f6he ca.15 mm Breite ca. 8 mm St\u00e4rke Haken ca. 2,3 mm<\/li>\n<li>Zurrgewicht bis zu: ca. 10,0 KG<\/li>\n<\/ol>\n<p>Die Zurrketten Bauma, k\u00f6nnen wenn es n\u00f6tig ist, in Schritten von ca. 2,5 cm verl\u00e4ngert werden.<\/p>\n<p>Art. Nr. Bestelltext:<\/p>\n<ul>\n<li><span style=\"color: #ff0000;\">030010<\/span> 4 St. TMV Zurrketten Knebel Bauma Rot<\/li>\n<li><span style=\"color: #ff0000;\">030011<\/span> 4 St. TMV Zurrketten Knebel Bauma Gelb<\/li>\n<li><span style=\"color: #ff0000;\">030012<\/span> 4 St. TMV Zurrketten Knebel Bauma Oliv<\/li>\n<li><span style=\"color: #ff0000;\">030013<\/span> 4 St. TMV Zurrketten Knebel Bauma Blau<\/li>\n<li><span style=\"color: #ff0000;\">030014<\/span> 4 St. TMV Zurrketten Knebel Bauma Pink<\/li>\n<li><span style=\"color: #ff0000;\">030015<\/span> 4 St. TMV Zurrketten\u00a0 Knebel Bauma <span style=\"color: #0000ff;\">RUD<\/span><\/li>\n<li><span style=\"color: #ff0000;\">030071<\/span> TMV Zurrkette Bauma verl\u00e4ngerung ca. 2,5 cm<\/li>\n<li><span style=\"color: #ff0000;\">030369B<\/span> TMV 4 Sch\u00e4kel verzinkt<\/li>\n<\/ul>\n<p><em><strong><span style=\"color: #ff0000;\">TMV Zurrketten zur Ladungssicherung von Baggern<\/span><\/strong><\/em><\/p>\n<p><img loading=\"lazy\" decoding=\"async\" class=\"alignnone size-full wp-image-2599\" src=\"http:\/\/toensfeldt-modellbau.de\/wp-content\/uploads\/2017\/12\/2-Zurrketten-Bagger.jpg\" alt=\"\" width=\"567\" height=\"184\" srcset=\"https:\/\/toensfeldt-modellbau.de\/wp-content\/uploads\/2017\/12\/2-Zurrketten-Bagger.jpg 567w, https:\/\/toensfeldt-modellbau.de\/wp-content\/uploads\/2017\/12\/2-Zurrketten-Bagger-300x97.jpg 300w\" sizes=\"auto, (max-width: 567px) 100vw, 567px\" \/><\/p>\n<p><a href=\"http:\/\/toensfeldt-modellbau.de\/wp-content\/uploads\/2023\/04\/Zurr-Bauma-Bagger-Rud1-Int2.jpg\"><img loading=\"lazy\" decoding=\"async\" class=\"alignnone wp-image-7072 size-full\" src=\"http:\/\/toensfeldt-modellbau.de\/wp-content\/uploads\/2023\/04\/Zurr-Bauma-Bagger-Rud1-Int2.jpg\" alt=\"\" width=\"709\" height=\"225\" srcset=\"https:\/\/toensfeldt-modellbau.de\/wp-content\/uploads\/2023\/04\/Zurr-Bauma-Bagger-Rud1-Int2.jpg 709w, https:\/\/toensfeldt-modellbau.de\/wp-content\/uploads\/2023\/04\/Zurr-Bauma-Bagger-Rud1-Int2-300x95.jpg 300w\" sizes=\"auto, (max-width: 709px) 100vw, 709px\" \/><\/a><\/p>\n<ul>\n<li>\u00a0Zurrketten zur Ladungssicherung speziel f\u00fcr Bagger auf dem Tieflader, zwischen 5 KG bis 20 KG Eigengewicht der Baumaschinen. Die Ketten sind aus Messing verl\u00f6tet und schwarz Br\u00fcniert.<\/li>\n<li>Die Ratsche, die Anschlaghaken und der Kettenverk\u00fcrzungshaken sind aus Messing Feinguss spezial f\u00fcr die TMV Zurrketten gegossen, Spannschlosser und Sch\u00e4kel sind aus Messing. Der Knebel bestehen aus Stahlstiften und gedrehten VA Kappen, Sonderanfertigung f\u00fcr die Spannschl\u00f6sser.<\/li>\n<\/ul>\n<ul>\n<li>Version 1: Zurrkette, Schild Rot ( Ketten G\u00fcte ), Spannschol\u00df mit Ratsche, Sch\u00e4kel, Anschlaghaken so wie Kettenverk\u00fcrzungshaken.<\/li>\n<li>Version 2: Zurrkette, Schild Rot, Knebel mit VA Kappen, Sch\u00e4kel, Anschlaghaken sowie Kettenverk\u00fcrzungshaken.<\/li>\n<\/ul>\n<p>Au\u00dfer der Kette, Knebel und Verk\u00fcrzungshaken sind alle anderen Teile in den folgenden Farben pulverbeschichtet erh\u00e4ltlich Rot, Gelb, Oliv, Blau und Neu Pink.<\/p>\n<p>Achtung aus technischen Gr\u00fcnden ist der Knebel nicht pulverbeschichtet erh\u00e4ltlich!<\/p>\n<p><img loading=\"lazy\" decoding=\"async\" class=\"alignnone size-full wp-image-2604\" src=\"http:\/\/toensfeldt-modellbau.de\/wp-content\/uploads\/2017\/12\/Zurrkette-Ratsche-Bagger-Rot-Imt.jpg\" alt=\"\" width=\"425\" height=\"226\" srcset=\"https:\/\/toensfeldt-modellbau.de\/wp-content\/uploads\/2017\/12\/Zurrkette-Ratsche-Bagger-Rot-Imt.jpg 425w, https:\/\/toensfeldt-modellbau.de\/wp-content\/uploads\/2017\/12\/Zurrkette-Ratsche-Bagger-Rot-Imt-300x160.jpg 300w\" sizes=\"auto, (max-width: 425px) 100vw, 425px\" \/><\/p>\n<p>Technische Daten Zurrkette mit Ratsche:<\/p>\n<ol>\n<li>L\u00e4nge \u00fcber alles ca. 25 cm<\/li>\n<li>Breite Spannschloss mit Knebel :\u00a0\u00a0 ca. 2,7 cm<\/li>\n<li>Anschlaghaken Ma\u00dfe: H\u00f6he ca.15 mm Breite ca. 8 mm St\u00e4rke Haken ca. 2,3 mm<\/li>\n<li>Zurrgewicht bis zu: ca. 10,0 KG<\/li>\n<\/ol>\n<p>Die Zurrketten Bauma, k\u00f6nnen wenn es n\u00f6tig ist, in Schritten von ca. 2,5 cm verl\u00e4ngert werden.<\/p>\n<p>Art. Nr. Bestelltext:<\/p>\n<ul>\n<li><span style=\"color: #ff0000;\">030050<\/span> 4 St. TMV Zurrketten Ratsche Bauma Bagger Rot<\/li>\n<li><span style=\"color: #ff0000;\">030051<\/span> 4 St. TMV Zurrketten Ratsche Bauma Bagger Gelb<\/li>\n<li><span style=\"color: #ff0000;\">030052<\/span> 4 St. TMV Zurrketten Ratsche Bauma Bagger Oliv<\/li>\n<li><span style=\"color: #ff0000;\">030053<\/span> 4 St. TMV Zurrketten Ratsche Bauma Bagger Blau<\/li>\n<li><span style=\"color: #ff0000;\">030054<\/span> 4 St. TMV Zurrketten Ratsche Bauma Bagger Pink<\/li>\n<li><span style=\"color: #ff0000;\">030055<\/span> 4 St. TMV Zurrketten Ratsche Bauma Bagger <span style=\"color: #0000ff;\">RUD<\/span><\/li>\n<li><span style=\"color: #ff0000;\">030071<\/span> TMV Zurrkette Bauma verl\u00e4ngerung ca. 2,5 cm<\/li>\n<li><span style=\"color: #ff0000;\">030369B<\/span> TMV 4 Sch\u00e4kel verzinkt<\/li>\n<\/ul>\n<p><img loading=\"lazy\" decoding=\"async\" class=\"alignnone size-full wp-image-2603\" src=\"http:\/\/toensfeldt-modellbau.de\/wp-content\/uploads\/2017\/12\/Zurrkette-Knebel-Bagger-Gelb-Imt.jpg\" alt=\"\" width=\"425\" height=\"233\" srcset=\"https:\/\/toensfeldt-modellbau.de\/wp-content\/uploads\/2017\/12\/Zurrkette-Knebel-Bagger-Gelb-Imt.jpg 425w, https:\/\/toensfeldt-modellbau.de\/wp-content\/uploads\/2017\/12\/Zurrkette-Knebel-Bagger-Gelb-Imt-300x164.jpg 300w\" sizes=\"auto, (max-width: 425px) 100vw, 425px\" \/><\/p>\n<p>Technische Daten Zurrkette mit Knebel:<\/p>\n<ol>\n<li>L\u00e4nge \u00fcber alles ca. 25 cm<\/li>\n<li>Breite Spannschloss mit Knebel :\u00a0\u00a0 ca. 2,7 cm<\/li>\n<li>Anschlaghaken Ma\u00dfe: H\u00f6he ca.15 mm Breite ca. 8 mm St\u00e4rke Haken ca. 2,3 mm<\/li>\n<li>Zurrgewicht bis zu: ca. 10,0 KG<\/li>\n<\/ol>\n<p>Die Zurrketten Bauma, k\u00f6nnen wenn es n\u00f6tig ist, in Schritten von ca. 2,5 cm verl\u00e4ngert werden.<\/p>\n<p>Art. Nr. Bestelltext:<\/p>\n<ul>\n<li><span style=\"color: #ff0000;\">030060<\/span> 4 St. TMV Zurrketten Knebel Bauma Bagger Rot<\/li>\n<li><span style=\"color: #ff0000;\">030061<\/span> 4 St. TMV Zurrketten Knebel Bauma Bagger Gelb<\/li>\n<li><span style=\"color: #ff0000;\">030062<\/span> 4 St. TMV Zurrketten Knebel Bauma Bagger Oliv<\/li>\n<li><span style=\"color: #ff0000;\">030063<\/span> 4 St. TMV Zurrketten Knebel Bauma Bagger Blau<\/li>\n<li><span style=\"color: #ff0000;\">030064<\/span> 4 St. TMV Zurrketten Knebel Bauma Bagger Pink<\/li>\n<li><span style=\"color: #ff0000;\">030065<\/span> 4 St. TMV Zurrketten Knebel Bauma Bagger <span style=\"color: #0000ff;\">RUD<\/span><\/li>\n<li><span style=\"color: #ff0000;\">030071<\/span> TMV Zurrkette Bauma verl\u00e4ngerung ca. 2,5 cm<\/li>\n<li><span style=\"color: #ff0000;\">030369B<\/span> TMV 4 Sch\u00e4kel verzinkt<\/li>\n<\/ul>\n<p>Preise ab: 140,50 bis 176,60 \u20ac<\/p>\n<p>4 TMV Sch\u00e4kel 5x8mm verzinkt<\/p>\n<p><a href=\"http:\/\/toensfeldt-modellbau.de\/wp-content\/uploads\/2022\/08\/4-Schaekel.jpg\"><img loading=\"lazy\" decoding=\"async\" class=\"alignnone size-medium wp-image-6894\" src=\"http:\/\/toensfeldt-modellbau.de\/wp-content\/uploads\/2022\/08\/4-Schaekel-242x300.jpg\" alt=\"\" width=\"242\" height=\"300\" srcset=\"https:\/\/toensfeldt-modellbau.de\/wp-content\/uploads\/2022\/08\/4-Schaekel-242x300.jpg 242w, https:\/\/toensfeldt-modellbau.de\/wp-content\/uploads\/2022\/08\/4-Schaekel.jpg 425w\" sizes=\"auto, (max-width: 242px) 100vw, 242px\" \/><\/a><\/p>\n<p>Es sind dabei: 4 Sch\u00e4kel, 4 Schrauben und 4 Muttern<\/p>\n<p>Art. Nr. Bestelltext:<\/p>\n<ul>\n<li><span style=\"color: #ff0000;\">030369B<\/span> TMV 4 Sch\u00e4kel verzinkt<\/li>\n<\/ul>\n\n\n<p class=\"has-black-color has-text-color\">Die namentliche Nennung von Herstellern und Produkten erfolgt nur zum Zweck der eindeutigen Bezeichnung der Artikel der einzelnen Hersteller. Einige der auf dieser Internetseite genannten Produktnamen sind eingetragene Warenzeichen bzw. unterliegen dem Copyright der jeweiligen Eigent\u00fcmer.<\/p>\n\n\n\n<p>Herstellerdaten gem\u00e4s GPSR<\/p>\n\n\n\n<p>Olaf T\u00f6nsfeldt<br>T\u00f6nsfeldt Modellbau Vertrieb<br>Nobiskr\u00fcger Allee 20<br>24768 Rendsburg<\/p>\n\n\n\n<p><strong>Deutschland<\/strong><br>Tel.: 0049 (0 ) 43 31\/ 51 95<br>E-Mail an: <a href=\"mailto:tmv@toensfeldt-modellbau.de\">tmv@toensfeldt-modellbau.de<\/a><\/p>\n","protected":false},"excerpt":{"rendered":"<p>TMV Zurrketten zur Ladungssicherung von Baumaschinen Ab sofort k\u00f6nnen wir die TMV Zurrketten, mit Ketten &amp; Kettenverk\u00fcrzungshaken in Verzinkt, so wie mit Vernickelten Sch\u00e4keln Liefern. Dank der freundlichen Genehmigung der Firma RUD Ketten Rieger &amp; Dietz GmbH u. Co KG &hellip; <a href=\"https:\/\/toensfeldt-modellbau.de\/?page_id=1957\">Weiterlesen <span class=\"meta-nav\">&rarr;<\/span><\/a><\/p>\n","protected":false},"author":2,"featured_media":0,"parent":0,"menu_order":0,"comment_status":"closed","ping_status":"closed","template":"","meta":{"footnotes":""},"class_list":["post-1957","page","type-page","status-publish","hentry"],"_links":{"self":[{"href":"https:\/\/toensfeldt-modellbau.de\/index.php?rest_route=\/wp\/v2\/pages\/1957","targetHints":{"allow":["GET"]}}],"collection":[{"href":"https:\/\/toensfeldt-modellbau.de\/index.php?rest_route=\/wp\/v2\/pages"}],"about":[{"href":"https:\/\/toensfeldt-modellbau.de\/index.php?rest_route=\/wp\/v2\/types\/page"}],"author":[{"embeddable":true,"href":"https:\/\/toensfeldt-modellbau.de\/index.php?rest_route=\/wp\/v2\/users\/2"}],"replies":[{"embeddable":true,"href":"https:\/\/toensfeldt-modellbau.de\/index.php?rest_route=%2Fwp%2Fv2%2Fcomments&post=1957"}],"version-history":[{"count":54,"href":"https:\/\/toensfeldt-modellbau.de\/index.php?rest_route=\/wp\/v2\/pages\/1957\/revisions"}],"predecessor-version":[{"id":7646,"href":"https:\/\/toensfeldt-modellbau.de\/index.php?rest_route=\/wp\/v2\/pages\/1957\/revisions\/7646"}],"wp:attachment":[{"href":"https:\/\/toensfeldt-modellbau.de\/index.php?rest_route=%2Fwp%2Fv2%2Fmedia&parent=1957"}],"curies":[{"name":"wp","href":"https:\/\/api.w.org\/{rel}","templated":true}]}}