{"id":1963,"date":"2017-06-17T13:40:44","date_gmt":"2017-06-17T11:40:44","guid":{"rendered":"http:\/\/toensfeldt-modellbau.de\/?page_id=1963"},"modified":"2025-03-08T13:12:05","modified_gmt":"2025-03-08T11:12:05","slug":"ladung","status":"publish","type":"page","link":"https:\/\/toensfeldt-modellbau.de\/?page_id=1963","title":{"rendered":"ZK Ladung"},"content":{"rendered":"<p><em><strong><span style=\"color: #ff0000;\">TMV Zurrketten zur Ladungssicherung von schwerer Ladung<\/span><\/strong><\/em><\/p>\n<p><img loading=\"lazy\" decoding=\"async\" class=\"alignnone size-full wp-image-2020\" src=\"http:\/\/toensfeldt-modellbau.de\/wp-content\/uploads\/2017\/07\/Anh\u00e4nger-Zurrkette-Farbig-B1-Int.jpg\" alt=\"\" width=\"709\" height=\"339\" srcset=\"https:\/\/toensfeldt-modellbau.de\/wp-content\/uploads\/2017\/07\/Anh\u00e4nger-Zurrkette-Farbig-B1-Int.jpg 709w, https:\/\/toensfeldt-modellbau.de\/wp-content\/uploads\/2017\/07\/Anh\u00e4nger-Zurrkette-Farbig-B1-Int-300x143.jpg 300w\" sizes=\"auto, (max-width: 709px) 100vw, 709px\" \/><\/p>\n<ul>\n<li>Neu bei T\u00f6nsfeldt Modellbau \u2013 Vertrieb sind die Zurrketten zur Ladungssicherung von schwerem und sperrigem Ladegut wie zum Beispiel Container oder gro\u00dfen Kisten. Die Ketten sind aus Stahl nicht verl\u00f6tet und schwarz Verzinkt.<\/li>\n<li>Die Ratsche, die Anschlaghaken und der Kettenverk\u00fcrzungshaken sind aus Messing Feinguss spezial f\u00fcr die TMV Zurrketten gegossen, Spannschloss und Sch\u00e4kel sind aus Messing. Der Knebel bestehen aus Stahlstiften und gedrehten VA Kappen, Sonderanfertigung f\u00fcr die Spannschl\u00f6sser.<\/li>\n<\/ul>\n<p><em><strong><span style=\"color: #ff0000;\">Die Zurrketten gibt es in 2. Versionen:<\/span><\/strong><\/em><\/p>\n<ul>\n<li>Version 1: Zurrkette, Schild mit der Aufschrift zum Zurren, Spannschol\u00df mit Ratsche, 2 Anschlaghaken so wie ein Kettenverk\u00fcrzungshaken.<\/li>\n<li>Version 2: Zurrkette, Schild mit der Aufschrift zum Zurren, Knebel mit VA Kappen, 2 Anschlaghaken so wie ein Kettenverk\u00fcrzungshaken.<\/li>\n<\/ul>\n<p><em><strong><span style=\"color: #ff0000;\">Jeder Zurrkettensatz enth\u00e4lt 4 Zurrketten !<\/span><\/strong><\/em><\/p>\n<p>Au\u00dfer der Kette und dem Knebel sind alle anderen Teile in den folgenden Farben pulverbeschichtet erh\u00e4ltlich Rot, Gelb und Bundeswehr Oliv.<\/p>\n<p>Achtung aus technischen Gr\u00fcnden ist der Knebel nicht pulverbeschichtet erh\u00e4ltlich !<\/p>\n<p><em><strong><span style=\"color: #ff0000;\">Zurrkette mit Ratsche<\/span><\/strong><\/em><\/p>\n<p><img loading=\"lazy\" decoding=\"async\" class=\"alignnone size-full wp-image-2282\" src=\"http:\/\/toensfeldt-modellbau.de\/wp-content\/uploads\/2017\/08\/2Zurrketten-Gelb-LadungB1.jpg\" alt=\"\" width=\"567\" height=\"248\" srcset=\"https:\/\/toensfeldt-modellbau.de\/wp-content\/uploads\/2017\/08\/2Zurrketten-Gelb-LadungB1.jpg 567w, https:\/\/toensfeldt-modellbau.de\/wp-content\/uploads\/2017\/08\/2Zurrketten-Gelb-LadungB1-300x131.jpg 300w\" sizes=\"auto, (max-width: 567px) 100vw, 567px\" \/><\/p>\n<p><img loading=\"lazy\" decoding=\"async\" class=\"alignnone size-full wp-image-2283\" src=\"http:\/\/toensfeldt-modellbau.de\/wp-content\/uploads\/2017\/08\/2Zurrketten-Rot-LadungB1.jpg\" alt=\"\" width=\"567\" height=\"219\" srcset=\"https:\/\/toensfeldt-modellbau.de\/wp-content\/uploads\/2017\/08\/2Zurrketten-Rot-LadungB1.jpg 567w, https:\/\/toensfeldt-modellbau.de\/wp-content\/uploads\/2017\/08\/2Zurrketten-Rot-LadungB1-300x116.jpg 300w\" sizes=\"auto, (max-width: 567px) 100vw, 567px\" \/><\/p>\n<p><img loading=\"lazy\" decoding=\"async\" class=\"alignnone size-full wp-image-2948\" src=\"http:\/\/toensfeldt-modellbau.de\/wp-content\/uploads\/2018\/02\/2Zurrketten-Ladung-OlivB1Int.jpg\" alt=\"\" width=\"567\" height=\"226\" srcset=\"https:\/\/toensfeldt-modellbau.de\/wp-content\/uploads\/2018\/02\/2Zurrketten-Ladung-OlivB1Int.jpg 567w, https:\/\/toensfeldt-modellbau.de\/wp-content\/uploads\/2018\/02\/2Zurrketten-Ladung-OlivB1Int-300x120.jpg 300w\" sizes=\"auto, (max-width: 567px) 100vw, 567px\" \/><\/p>\n<p><img loading=\"lazy\" decoding=\"async\" class=\"alignnone size-full wp-image-3527\" src=\"http:\/\/toensfeldt-modellbau.de\/wp-content\/uploads\/2019\/02\/2-Zurrketten-Ladung-Blau-Int.jpg\" alt=\"\" width=\"567\" height=\"181\" srcset=\"https:\/\/toensfeldt-modellbau.de\/wp-content\/uploads\/2019\/02\/2-Zurrketten-Ladung-Blau-Int.jpg 567w, https:\/\/toensfeldt-modellbau.de\/wp-content\/uploads\/2019\/02\/2-Zurrketten-Ladung-Blau-Int-300x96.jpg 300w\" sizes=\"auto, (max-width: 567px) 100vw, 567px\" \/><\/p>\n<p>Technische Daten Zurrkette mit Ratsche:<\/p>\n<ol>\n<li>L\u00e4nge \u00fcber alles ca. 18 cm<\/li>\n<li>Breite Spannschloss mit Ratsche:\u00a0 ca. 3,2 cm<\/li>\n<li>Anschlaghaken Ma\u00dfe: H\u00f6he ca.15 mm Breite ca. 8 mm St\u00e4rke Haken ca. 2,3 mm<\/li>\n<li>Zurrgewicht bis zu: ca. 4,5 KG<\/li>\n<\/ol>\n<p>Art. Nr. Bestelltext:<\/p>\n<ul>\n<li><span style=\"color: #ff0000;\">030023<\/span> 4 St. TMV Zurrketten Ratsche Ladung Fertig Rot<\/li>\n<li><span style=\"color: #ff0000;\">030024<\/span> 4 St. TMV Zurrketten Ratsche Ladung Fertig Gelb<\/li>\n<li><span style=\"color: #ff0000;\">030025<\/span> 4 St. TMV Zurrketten Ratsche Ladung Fertig Oliv<\/li>\n<li><span style=\"color: #ff0000;\">030034<\/span> 4 St. TMV Zurrketten Ratsche Ladung Fertig Blau<\/li>\n<\/ul>\n<p><em><strong><span style=\"color: #ff0000;\">Zurrkette mit durchsteck Knebel:<\/span><\/strong><\/em><\/p>\n<p><img loading=\"lazy\" decoding=\"async\" class=\"alignnone size-full wp-image-2283\" src=\"http:\/\/toensfeldt-modellbau.de\/wp-content\/uploads\/2017\/08\/2Zurrketten-Rot-LadungB1.jpg\" alt=\"\" width=\"567\" height=\"219\" srcset=\"https:\/\/toensfeldt-modellbau.de\/wp-content\/uploads\/2017\/08\/2Zurrketten-Rot-LadungB1.jpg 567w, https:\/\/toensfeldt-modellbau.de\/wp-content\/uploads\/2017\/08\/2Zurrketten-Rot-LadungB1-300x116.jpg 300w\" sizes=\"auto, (max-width: 567px) 100vw, 567px\" \/><\/p>\n<p>Technische Daten Zurrkette mit Knebel:<\/p>\n<ol>\n<li>L\u00e4nge \u00fcber alles ca. 18 cm<\/li>\n<li>Breite Spannschloss mit Knebel :\u00a0\u00a0 ca. 2,7 cm<\/li>\n<li>Anschlaghaken Ma\u00dfe: H\u00f6he ca.15 mm Breite ca. 8 mm St\u00e4rke Haken ca. 2,3 mm<\/li>\n<li>Zurrgewicht bis zu: ca. 4,5 KG<\/li>\n<\/ol>\n<ul>\n<li><span style=\"color: #ff0000;\">030029<\/span> 4 St. TMV Zurrketten Knebel Ladung Fertig Rot<\/li>\n<li><span style=\"color: #ff0000;\">030030<\/span> 4 St. TMV Zurrketten Knebel Ladung Fertig Gelb<\/li>\n<li><span style=\"color: #ff0000;\">030031<\/span> 4 St. TMV Zurrketten Knebel Ladung Fertig Oliv<\/li>\n<li><span style=\"color: #ff0000;\">030035<\/span> 4 St. TMV Zurrketten Knebel Ladung Fertig Blau<\/li>\n<li><span style=\"color: #ff0000;\">030070<\/span> TMV Zurrkette Ladung verl\u00e4ngerung ca. 2,5 cm<\/li>\n<\/ul>\n<p>Hier die Enstehung der Zurrkette Ladung in Bilderen:<\/p>\n<div id=\"attachment_1724\" style=\"width: 435px\" class=\"wp-caption alignnone\"><img loading=\"lazy\" decoding=\"async\" aria-describedby=\"caption-attachment-1724\" class=\"wp-image-1724 size-full\" src=\"http:\/\/toensfeldt-modellbau.de\/wp-content\/uploads\/2017\/04\/Zurkette-_Prototyp1Int.jpg\" alt=\"\" width=\"425\" height=\"102\" srcset=\"https:\/\/toensfeldt-modellbau.de\/wp-content\/uploads\/2017\/04\/Zurkette-_Prototyp1Int.jpg 425w, https:\/\/toensfeldt-modellbau.de\/wp-content\/uploads\/2017\/04\/Zurkette-_Prototyp1Int-300x72.jpg 300w\" sizes=\"auto, (max-width: 425px) 100vw, 425px\" \/><p id=\"caption-attachment-1724\" class=\"wp-caption-text\">Prototyp<\/p><\/div>\n<div id=\"attachment_1725\" style=\"width: 435px\" class=\"wp-caption alignnone\"><img loading=\"lazy\" decoding=\"async\" aria-describedby=\"caption-attachment-1725\" class=\"wp-image-1725 size-full\" src=\"http:\/\/toensfeldt-modellbau.de\/wp-content\/uploads\/2017\/04\/Zurkette-_Vorserie1Int.jpg\" alt=\"\" width=\"425\" height=\"105\" srcset=\"https:\/\/toensfeldt-modellbau.de\/wp-content\/uploads\/2017\/04\/Zurkette-_Vorserie1Int.jpg 425w, https:\/\/toensfeldt-modellbau.de\/wp-content\/uploads\/2017\/04\/Zurkette-_Vorserie1Int-300x74.jpg 300w\" sizes=\"auto, (max-width: 425px) 100vw, 425px\" \/><p id=\"caption-attachment-1725\" class=\"wp-caption-text\">Vorserien Modell<\/p><\/div>\n<div id=\"attachment_1928\" style=\"width: 435px\" class=\"wp-caption alignnone\"><img loading=\"lazy\" decoding=\"async\" aria-describedby=\"caption-attachment-1928\" class=\"wp-image-1928 size-full\" src=\"http:\/\/toensfeldt-modellbau.de\/wp-content\/uploads\/2017\/06\/Zurkette-_Ladung1-Int.jpg\" alt=\"\" width=\"425\" height=\"105\" srcset=\"https:\/\/toensfeldt-modellbau.de\/wp-content\/uploads\/2017\/06\/Zurkette-_Ladung1-Int.jpg 425w, https:\/\/toensfeldt-modellbau.de\/wp-content\/uploads\/2017\/06\/Zurkette-_Ladung1-Int-300x74.jpg 300w\" sizes=\"auto, (max-width: 425px) 100vw, 425px\" \/><p id=\"caption-attachment-1928\" class=\"wp-caption-text\">Serien Modell<\/p><\/div>\n<p>Preis ab: 119,50 \u20ac<\/p>\n<p><span style=\"font-size: medium;\">Herstellerdaten gem\u00e4s GPSR<\/span><\/p>\n<p><span style=\"font-size: medium;\">Olaf T\u00f6nsfeldt<br \/>\nT\u00f6nsfeldt <span style=\"color: #000000;\">Modellbau Vertrieb<\/span><span style=\"color: #ff0000;\"><span style=\"font-family: Arial, Helvetica, sans-serif;\"><br \/>\n<\/span><\/span>Nobiskr\u00fcger Allee 20<span style=\"font-family: Arial, Helvetica, sans-serif;\"><br \/>\n<\/span>24768 Rendsburg<\/span><\/p>\n<p><strong><span style=\"font-size: medium;\">Deutschland<\/span><\/strong><span style=\"font-size: medium;\"><br \/>\nTel.: 0049 (0 ) 43 31\/ 51 95<br \/>\nE-Mail an: <a href=\"mailto:tmv@toensfeldt-modellbau.de\">tmv@toensfeldt-modellbau.de<\/a><\/span><\/p>\n","protected":false},"excerpt":{"rendered":"<p>TMV Zurrketten zur Ladungssicherung von schwerer Ladung Neu bei T\u00f6nsfeldt Modellbau \u2013 Vertrieb sind die Zurrketten zur Ladungssicherung von schwerem und sperrigem Ladegut wie zum Beispiel Container oder gro\u00dfen Kisten. Die Ketten sind aus Stahl nicht verl\u00f6tet und schwarz Verzinkt. &hellip; <a href=\"https:\/\/toensfeldt-modellbau.de\/?page_id=1963\">Weiterlesen <span class=\"meta-nav\">&rarr;<\/span><\/a><\/p>\n","protected":false},"author":2,"featured_media":0,"parent":0,"menu_order":0,"comment_status":"closed","ping_status":"closed","template":"","meta":{"footnotes":""},"class_list":["post-1963","page","type-page","status-publish","hentry"],"_links":{"self":[{"href":"https:\/\/toensfeldt-modellbau.de\/index.php?rest_route=\/wp\/v2\/pages\/1963","targetHints":{"allow":["GET"]}}],"collection":[{"href":"https:\/\/toensfeldt-modellbau.de\/index.php?rest_route=\/wp\/v2\/pages"}],"about":[{"href":"https:\/\/toensfeldt-modellbau.de\/index.php?rest_route=\/wp\/v2\/types\/page"}],"author":[{"embeddable":true,"href":"https:\/\/toensfeldt-modellbau.de\/index.php?rest_route=\/wp\/v2\/users\/2"}],"replies":[{"embeddable":true,"href":"https:\/\/toensfeldt-modellbau.de\/index.php?rest_route=%2Fwp%2Fv2%2Fcomments&post=1963"}],"version-history":[{"count":22,"href":"https:\/\/toensfeldt-modellbau.de\/index.php?rest_route=\/wp\/v2\/pages\/1963\/revisions"}],"predecessor-version":[{"id":7647,"href":"https:\/\/toensfeldt-modellbau.de\/index.php?rest_route=\/wp\/v2\/pages\/1963\/revisions\/7647"}],"wp:attachment":[{"href":"https:\/\/toensfeldt-modellbau.de\/index.php?rest_route=%2Fwp%2Fv2%2Fmedia&parent=1963"}],"curies":[{"name":"wp","href":"https:\/\/api.w.org\/{rel}","templated":true}]}}