{"id":2026,"date":"2017-07-09T14:39:33","date_gmt":"2017-07-09T12:39:33","guid":{"rendered":"http:\/\/toensfeldt-modellbau.de\/?page_id=2026"},"modified":"2021-10-21T11:04:25","modified_gmt":"2021-10-21T09:04:25","slug":"bock-traeger","status":"publish","type":"page","link":"https:\/\/toensfeldt-modellbau.de\/?page_id=2026","title":{"rendered":"Bock f\u00fcr Ketten"},"content":{"rendered":"<p><em><strong><span style=\"color: #ff0000;\">Bock\u00a0 f\u00fcr Ketten Ladungssicherung<\/span><\/strong><\/em><\/p>\n<div id=\"attachment_2019\" style=\"width: 1979px\" class=\"wp-caption alignnone\"><img loading=\"lazy\" decoding=\"async\" aria-describedby=\"caption-attachment-2019\" class=\"wp-image-2019 size-full\" src=\"http:\/\/toensfeldt-modellbau.de\/wp-content\/uploads\/2017\/07\/3-B\u00f6cke-Ketten-Best\u00fcckt-B2-Kat.jpg\" alt=\"\" width=\"1969\" height=\"774\" srcset=\"https:\/\/toensfeldt-modellbau.de\/wp-content\/uploads\/2017\/07\/3-B\u00f6cke-Ketten-Best\u00fcckt-B2-Kat.jpg 1969w, https:\/\/toensfeldt-modellbau.de\/wp-content\/uploads\/2017\/07\/3-B\u00f6cke-Ketten-Best\u00fcckt-B2-Kat-300x118.jpg 300w, https:\/\/toensfeldt-modellbau.de\/wp-content\/uploads\/2017\/07\/3-B\u00f6cke-Ketten-Best\u00fcckt-B2-Kat-768x302.jpg 768w, https:\/\/toensfeldt-modellbau.de\/wp-content\/uploads\/2017\/07\/3-B\u00f6cke-Ketten-Best\u00fcckt-B2-Kat-1024x403.jpg 1024w\" sizes=\"auto, (max-width: 1969px) 100vw, 1969px\" \/><p id=\"caption-attachment-2019\" class=\"wp-caption-text\">bworld Figur von Bruder<\/p><\/div>\n<p>Neu bei T\u00f6nsfeldt Modellbau \u2013 Vertrieb ist der Bock\u00a0 f\u00fcr Ketten Ladungssicherung.<\/p>\n<p>An den Bock k\u00f6nnen zur ordentlicher Lagerung die TMV Zurrketten Baumaschinen, TMV Zurrketten Ladung oder auch die TMV Anschlagketten leicht und schwer aufgeh\u00e4ngt werden. Durch die Doppelhaken k\u00f6nnen von beiden Seiten die Ketten aufgeh\u00e4ngt werden. Den Bock gibt es als Bausatz bestehend aus:<\/p>\n<ul>\n<li>10 Alu Rechteckrohren in 3 L\u00e4ngen Farbe Alu Natur,<\/li>\n<li>2 Eck-Verbinder, 4 T- Verbinder, 4 &#8211; Endst\u00fccke alle Teile in Schwarz<\/li>\n<li>10 Doppelhaken in Rot oder Gelb.<\/li>\n<\/ul>\n<p><img loading=\"lazy\" decoding=\"async\" class=\"alignnone size-full wp-image-2072\" src=\"http:\/\/toensfeldt-modellbau.de\/wp-content\/uploads\/2017\/07\/Bock-Ketten-Gelb-B1-Int.jpg\" alt=\"\" width=\"567\" height=\"533\" srcset=\"https:\/\/toensfeldt-modellbau.de\/wp-content\/uploads\/2017\/07\/Bock-Ketten-Gelb-B1-Int.jpg 567w, https:\/\/toensfeldt-modellbau.de\/wp-content\/uploads\/2017\/07\/Bock-Ketten-Gelb-B1-Int-300x282.jpg 300w\" sizes=\"auto, (max-width: 567px) 100vw, 567px\" \/><\/p>\n<p><img loading=\"lazy\" decoding=\"async\" class=\"alignnone size-full wp-image-2013\" src=\"http:\/\/toensfeldt-modellbau.de\/wp-content\/uploads\/2017\/07\/Bock-Ketten-Bausatz-B1-Int.jpg\" alt=\"\" width=\"425\" height=\"269\" srcset=\"https:\/\/toensfeldt-modellbau.de\/wp-content\/uploads\/2017\/07\/Bock-Ketten-Bausatz-B1-Int.jpg 425w, https:\/\/toensfeldt-modellbau.de\/wp-content\/uploads\/2017\/07\/Bock-Ketten-Bausatz-B1-Int-300x190.jpg 300w\" sizes=\"auto, (max-width: 425px) 100vw, 425px\" \/><\/p>\n<p>Technische Date:<\/p>\n<ul>\n<li>L\u00e4nge: ca. 13,5 cm<\/li>\n<li>H\u00f6he: ca. 12,4 cm<\/li>\n<li>Breite: 0,75 cm<\/li>\n<\/ul>\n<p>Art. Nr. Bestelltext:<\/p>\n<ul>\n<li><span style=\"color: #ff0000;\">030140 <span style=\"color: #000000;\">Bock f\u00fcr Lastgeschirr Bausatz Rot<\/span><\/span><\/li>\n<li><span style=\"color: #ff0000;\">030142<\/span> Bock f\u00fcr Lastgeschirr Bausatz Gelb<\/li>\n<\/ul>\n","protected":false},"excerpt":{"rendered":"<p>Bock\u00a0 f\u00fcr Ketten Ladungssicherung Neu bei T\u00f6nsfeldt Modellbau \u2013 Vertrieb ist der Bock\u00a0 f\u00fcr Ketten Ladungssicherung. An den Bock k\u00f6nnen zur ordentlicher Lagerung die TMV Zurrketten Baumaschinen, TMV Zurrketten Ladung oder auch die TMV Anschlagketten leicht und schwer aufgeh\u00e4ngt werden. &hellip; <a href=\"https:\/\/toensfeldt-modellbau.de\/?page_id=2026\">Weiterlesen <span class=\"meta-nav\">&rarr;<\/span><\/a><\/p>\n","protected":false},"author":2,"featured_media":0,"parent":0,"menu_order":0,"comment_status":"closed","ping_status":"closed","template":"","meta":{"footnotes":""},"class_list":["post-2026","page","type-page","status-publish","hentry"],"_links":{"self":[{"href":"https:\/\/toensfeldt-modellbau.de\/index.php?rest_route=\/wp\/v2\/pages\/2026","targetHints":{"allow":["GET"]}}],"collection":[{"href":"https:\/\/toensfeldt-modellbau.de\/index.php?rest_route=\/wp\/v2\/pages"}],"about":[{"href":"https:\/\/toensfeldt-modellbau.de\/index.php?rest_route=\/wp\/v2\/types\/page"}],"author":[{"embeddable":true,"href":"https:\/\/toensfeldt-modellbau.de\/index.php?rest_route=\/wp\/v2\/users\/2"}],"replies":[{"embeddable":true,"href":"https:\/\/toensfeldt-modellbau.de\/index.php?rest_route=%2Fwp%2Fv2%2Fcomments&post=2026"}],"version-history":[{"count":8,"href":"https:\/\/toensfeldt-modellbau.de\/index.php?rest_route=\/wp\/v2\/pages\/2026\/revisions"}],"predecessor-version":[{"id":5587,"href":"https:\/\/toensfeldt-modellbau.de\/index.php?rest_route=\/wp\/v2\/pages\/2026\/revisions\/5587"}],"wp:attachment":[{"href":"https:\/\/toensfeldt-modellbau.de\/index.php?rest_route=%2Fwp%2Fv2%2Fmedia&parent=2026"}],"curies":[{"name":"wp","href":"https:\/\/api.w.org\/{rel}","templated":true}]}}