{"id":2046,"date":"2017-07-18T11:23:02","date_gmt":"2017-07-18T09:23:02","guid":{"rendered":"http:\/\/toensfeldt-modellbau.de\/?page_id=2046"},"modified":"2025-03-08T12:07:41","modified_gmt":"2025-03-08T10:07:41","slug":"baumaschin","status":"publish","type":"page","link":"https:\/\/toensfeldt-modellbau.de\/?page_id=2046","title":{"rendered":"Bauma"},"content":{"rendered":"<p><em><strong><span style=\"color: #ff0000;\">\u00a0Anschlagkette f\u00fcr Baumaschine<\/span><\/strong><\/em><\/p>\n<p><img loading=\"lazy\" decoding=\"async\" class=\"alignnone size-full wp-image-2069\" src=\"http:\/\/toensfeldt-modellbau.de\/wp-content\/uploads\/2017\/07\/2Anschlag-Bauma-GelbRot-B1-Int.jpg\" alt=\"\" width=\"337\" height=\"567\" srcset=\"https:\/\/toensfeldt-modellbau.de\/wp-content\/uploads\/2017\/07\/2Anschlag-Bauma-GelbRot-B1-Int.jpg 337w, https:\/\/toensfeldt-modellbau.de\/wp-content\/uploads\/2017\/07\/2Anschlag-Bauma-GelbRot-B1-Int-178x300.jpg 178w\" sizes=\"auto, (max-width: 337px) 100vw, 337px\" \/><\/p>\n<p>Anschlaghaken ( AH )<\/p>\n<p><img loading=\"lazy\" decoding=\"async\" class=\"size-full wp-image-2071 alignleft\" src=\"http:\/\/toensfeldt-modellbau.de\/wp-content\/uploads\/2017\/07\/Anschlag-Bauma-Rot-B1-Int.jpg\" alt=\"\" width=\"70\" height=\"425\" \/><img loading=\"lazy\" decoding=\"async\" class=\"alignnone size-full wp-image-2070\" src=\"http:\/\/toensfeldt-modellbau.de\/wp-content\/uploads\/2017\/07\/Anschlag-Bauma-Gelb-B1-Int.jpg\" alt=\"\" width=\"121\" height=\"425\" srcset=\"https:\/\/toensfeldt-modellbau.de\/wp-content\/uploads\/2017\/07\/Anschlag-Bauma-Gelb-B1-Int.jpg 121w, https:\/\/toensfeldt-modellbau.de\/wp-content\/uploads\/2017\/07\/Anschlag-Bauma-Gelb-B1-Int-85x300.jpg 85w\" sizes=\"auto, (max-width: 121px) 100vw, 121px\" \/><img loading=\"lazy\" decoding=\"async\" class=\"alignnone size-full wp-image-2756\" src=\"http:\/\/toensfeldt-modellbau.de\/wp-content\/uploads\/2018\/01\/Anschlag-Bauma-Oliv-B1Int.jpg\" alt=\"\" width=\"154\" height=\"425\" srcset=\"https:\/\/toensfeldt-modellbau.de\/wp-content\/uploads\/2018\/01\/Anschlag-Bauma-Oliv-B1Int.jpg 154w, https:\/\/toensfeldt-modellbau.de\/wp-content\/uploads\/2018\/01\/Anschlag-Bauma-Oliv-B1Int-109x300.jpg 109w\" sizes=\"auto, (max-width: 154px) 100vw, 154px\" \/><\/p>\n<p>Anschlaghaken ( AH )<\/p>\n<p><em><strong><span style=\"color: #ff0000;\">\u00a0Anschlagkette f\u00fcr Baumaschine mit Wirbel<\/span><\/strong><\/em><\/p>\n<p><img loading=\"lazy\" decoding=\"async\" class=\"alignnone size-full wp-image-2471\" src=\"http:\/\/toensfeldt-modellbau.de\/wp-content\/uploads\/2017\/10\/Anschlag-Bauma-Wirbel2-Bild1-Int.jpg\" alt=\"\" width=\"369\" height=\"567\" srcset=\"https:\/\/toensfeldt-modellbau.de\/wp-content\/uploads\/2017\/10\/Anschlag-Bauma-Wirbel2-Bild1-Int.jpg 369w, https:\/\/toensfeldt-modellbau.de\/wp-content\/uploads\/2017\/10\/Anschlag-Bauma-Wirbel2-Bild1-Int-195x300.jpg 195w\" sizes=\"auto, (max-width: 369px) 100vw, 369px\" \/><\/p>\n<p>Anschlaghaken ( AH )<\/p>\n<p><img loading=\"lazy\" decoding=\"async\" class=\"alignnone size-full wp-image-2473\" src=\"http:\/\/toensfeldt-modellbau.de\/wp-content\/uploads\/2017\/10\/Ansclag-Bauma-Wirbel-Rot2-Int.jpg\" alt=\"\" width=\"156\" height=\"425\" srcset=\"https:\/\/toensfeldt-modellbau.de\/wp-content\/uploads\/2017\/10\/Ansclag-Bauma-Wirbel-Rot2-Int.jpg 156w, https:\/\/toensfeldt-modellbau.de\/wp-content\/uploads\/2017\/10\/Ansclag-Bauma-Wirbel-Rot2-Int-110x300.jpg 110w\" sizes=\"auto, (max-width: 156px) 100vw, 156px\" \/><img loading=\"lazy\" decoding=\"async\" class=\"alignnone size-full wp-image-2472\" src=\"http:\/\/toensfeldt-modellbau.de\/wp-content\/uploads\/2017\/10\/Ansclag-Bauma-Wirbel-Gelb2-Int.jpg\" alt=\"\" width=\"136\" height=\"425\" srcset=\"https:\/\/toensfeldt-modellbau.de\/wp-content\/uploads\/2017\/10\/Ansclag-Bauma-Wirbel-Gelb2-Int.jpg 136w, https:\/\/toensfeldt-modellbau.de\/wp-content\/uploads\/2017\/10\/Ansclag-Bauma-Wirbel-Gelb2-Int-96x300.jpg 96w\" sizes=\"auto, (max-width: 136px) 100vw, 136px\" \/><img loading=\"lazy\" decoding=\"async\" class=\"alignnone size-full wp-image-2757\" src=\"http:\/\/toensfeldt-modellbau.de\/wp-content\/uploads\/2018\/01\/Anschlag-Bauma-Oliv-WirbelB1Int.jpg\" alt=\"\" width=\"146\" height=\"425\" srcset=\"https:\/\/toensfeldt-modellbau.de\/wp-content\/uploads\/2018\/01\/Anschlag-Bauma-Oliv-WirbelB1Int.jpg 146w, https:\/\/toensfeldt-modellbau.de\/wp-content\/uploads\/2018\/01\/Anschlag-Bauma-Oliv-WirbelB1Int-103x300.jpg 103w\" sizes=\"auto, (max-width: 146px) 100vw, 146px\" \/><\/p>\n<p>Anschlaghaken ( AH )<\/p>\n<p><img loading=\"lazy\" decoding=\"async\" class=\"alignnone size-full wp-image-3315\" src=\"http:\/\/toensfeldt-modellbau.de\/wp-content\/uploads\/2018\/09\/Bauma-Last-Rot.jpg\" alt=\"\" width=\"127\" height=\"425\" srcset=\"https:\/\/toensfeldt-modellbau.de\/wp-content\/uploads\/2018\/09\/Bauma-Last-Rot.jpg 127w, https:\/\/toensfeldt-modellbau.de\/wp-content\/uploads\/2018\/09\/Bauma-Last-Rot-90x300.jpg 90w\" sizes=\"auto, (max-width: 127px) 100vw, 127px\" \/><img loading=\"lazy\" decoding=\"async\" class=\"alignnone size-full wp-image-3313\" src=\"http:\/\/toensfeldt-modellbau.de\/wp-content\/uploads\/2018\/09\/Bauma-Last-Gelb.jpg\" alt=\"\" width=\"146\" height=\"425\" srcset=\"https:\/\/toensfeldt-modellbau.de\/wp-content\/uploads\/2018\/09\/Bauma-Last-Gelb.jpg 146w, https:\/\/toensfeldt-modellbau.de\/wp-content\/uploads\/2018\/09\/Bauma-Last-Gelb-103x300.jpg 103w\" sizes=\"auto, (max-width: 146px) 100vw, 146px\" \/><img loading=\"lazy\" decoding=\"async\" class=\"alignnone size-full wp-image-3314\" src=\"http:\/\/toensfeldt-modellbau.de\/wp-content\/uploads\/2018\/09\/Bauma-Last-Oliv.jpg\" alt=\"\" width=\"131\" height=\"425\" \/><\/p>\n<p>Lasthaken ( LH )<\/p>\n<p><img loading=\"lazy\" decoding=\"async\" class=\"alignnone size-full wp-image-3312\" src=\"http:\/\/toensfeldt-modellbau.de\/wp-content\/uploads\/2018\/09\/Bauma-Last-Wirbel-Rot.jpg\" alt=\"\" width=\"141\" height=\"425\" srcset=\"https:\/\/toensfeldt-modellbau.de\/wp-content\/uploads\/2018\/09\/Bauma-Last-Wirbel-Rot.jpg 141w, https:\/\/toensfeldt-modellbau.de\/wp-content\/uploads\/2018\/09\/Bauma-Last-Wirbel-Rot-100x300.jpg 100w\" sizes=\"auto, (max-width: 141px) 100vw, 141px\" \/><img loading=\"lazy\" decoding=\"async\" class=\"alignnone size-full wp-image-3310\" src=\"http:\/\/toensfeldt-modellbau.de\/wp-content\/uploads\/2018\/09\/Bauma-Last-Wirbel-Gelb.jpg\" alt=\"\" width=\"128\" height=\"425\" srcset=\"https:\/\/toensfeldt-modellbau.de\/wp-content\/uploads\/2018\/09\/Bauma-Last-Wirbel-Gelb.jpg 128w, https:\/\/toensfeldt-modellbau.de\/wp-content\/uploads\/2018\/09\/Bauma-Last-Wirbel-Gelb-90x300.jpg 90w\" sizes=\"auto, (max-width: 128px) 100vw, 128px\" \/><img loading=\"lazy\" decoding=\"async\" class=\"alignnone size-full wp-image-3311\" src=\"http:\/\/toensfeldt-modellbau.de\/wp-content\/uploads\/2018\/09\/Bauma-Last-Wirbel-Oliv.jpg\" alt=\"\" width=\"155\" height=\"425\" srcset=\"https:\/\/toensfeldt-modellbau.de\/wp-content\/uploads\/2018\/09\/Bauma-Last-Wirbel-Oliv.jpg 155w, https:\/\/toensfeldt-modellbau.de\/wp-content\/uploads\/2018\/09\/Bauma-Last-Wirbel-Oliv-109x300.jpg 109w\" sizes=\"auto, (max-width: 155px) 100vw, 155px\" \/><\/p>\n<p><span style=\"font-size: medium;\">Olaf T\u00f6nsfeldt<br \/>T\u00f6nsfeldt <span style=\"color: #000000;\">Modellbau Vertrieb<\/span><span style=\"color: #ff0000;\"><span style=\"font-family: Arial, Helvetica, sans-serif;\"><br \/><\/span><\/span>Nobiskr\u00fcger Allee 20<span style=\"font-family: Arial, Helvetica, sans-serif;\"><br \/><\/span>24768 Rendsburg<\/span><\/p>\n<p><strong><span style=\"font-size: medium;\">Deutschland<\/span><\/strong><span style=\"font-size: medium;\"><br \/>Tel.: 0049 (0 ) 43 31\/ 51 95<br \/>E-Mail an: <a href=\"mailto:tmv@toensfeldt-modellbau.de\">tmv@toensfeldt-modellbau.de<\/a><\/span><\/p>\n\n\n<p>Lasthaken ( LH )<\/p>\n","protected":false},"excerpt":{"rendered":"<p>\u00a0Anschlagkette f\u00fcr Baumaschine Anschlaghaken ( AH ) Anschlaghaken ( AH ) \u00a0Anschlagkette f\u00fcr Baumaschine mit Wirbel Anschlaghaken ( AH ) Anschlaghaken ( AH ) Lasthaken ( LH ) Olaf T\u00f6nsfeldtT\u00f6nsfeldt Modellbau VertriebNobiskr\u00fcger Allee 2024768 Rendsburg DeutschlandTel.: 0049 (0 ) 43 &hellip; <a href=\"https:\/\/toensfeldt-modellbau.de\/?page_id=2046\">Weiterlesen <span class=\"meta-nav\">&rarr;<\/span><\/a><\/p>\n","protected":false},"author":2,"featured_media":0,"parent":0,"menu_order":0,"comment_status":"closed","ping_status":"closed","template":"","meta":{"footnotes":""},"class_list":["post-2046","page","type-page","status-publish","hentry"],"_links":{"self":[{"href":"https:\/\/toensfeldt-modellbau.de\/index.php?rest_route=\/wp\/v2\/pages\/2046","targetHints":{"allow":["GET"]}}],"collection":[{"href":"https:\/\/toensfeldt-modellbau.de\/index.php?rest_route=\/wp\/v2\/pages"}],"about":[{"href":"https:\/\/toensfeldt-modellbau.de\/index.php?rest_route=\/wp\/v2\/types\/page"}],"author":[{"embeddable":true,"href":"https:\/\/toensfeldt-modellbau.de\/index.php?rest_route=\/wp\/v2\/users\/2"}],"replies":[{"embeddable":true,"href":"https:\/\/toensfeldt-modellbau.de\/index.php?rest_route=%2Fwp%2Fv2%2Fcomments&post=2046"}],"version-history":[{"count":31,"href":"https:\/\/toensfeldt-modellbau.de\/index.php?rest_route=\/wp\/v2\/pages\/2046\/revisions"}],"predecessor-version":[{"id":7600,"href":"https:\/\/toensfeldt-modellbau.de\/index.php?rest_route=\/wp\/v2\/pages\/2046\/revisions\/7600"}],"wp:attachment":[{"href":"https:\/\/toensfeldt-modellbau.de\/index.php?rest_route=%2Fwp%2Fv2%2Fmedia&parent=2046"}],"curies":[{"name":"wp","href":"https:\/\/api.w.org\/{rel}","templated":true}]}}