{"id":2083,"date":"2017-07-22T13:31:23","date_gmt":"2017-07-22T11:31:23","guid":{"rendered":"http:\/\/toensfeldt-modellbau.de\/?page_id=2083"},"modified":"2025-03-08T13:25:28","modified_gmt":"2025-03-08T11:25:28","slug":"tmv-aus-scania-114","status":"publish","type":"page","link":"https:\/\/toensfeldt-modellbau.de\/?page_id=2083","title":{"rendered":"TMV AUS Scania 1:14"},"content":{"rendered":"<p><em><strong><span style=\"color: #ff0000;\">Scania von Tamiya<\/span><\/strong><\/em><\/p>\n<p><img loading=\"lazy\" decoding=\"async\" class=\"alignnone size-full wp-image-2106\" src=\"http:\/\/toensfeldt-modellbau.de\/wp-content\/uploads\/2017\/07\/2-TMV-Scania-Tam-B1-Int.jpg\" alt=\"\" width=\"567\" height=\"393\" srcset=\"https:\/\/toensfeldt-modellbau.de\/wp-content\/uploads\/2017\/07\/2-TMV-Scania-Tam-B1-Int.jpg 567w, https:\/\/toensfeldt-modellbau.de\/wp-content\/uploads\/2017\/07\/2-TMV-Scania-Tam-B1-Int-300x208.jpg 300w\" sizes=\"auto, (max-width: 567px) 100vw, 567px\" \/><\/p>\n<p><em><strong><span style=\"color: #ff0000;\">T\u00f6nsfeldt Modellbau Aufbau Road Train Scania von Tamiya<\/span><\/strong><\/em><\/p>\n<p><img loading=\"lazy\" decoding=\"async\" class=\"alignnone size-full wp-image-2091\" src=\"http:\/\/toensfeldt-modellbau.de\/wp-content\/uploads\/2017\/07\/TMV-AUSI-Scania-TAM-B1-Int.jpg\" alt=\"\" width=\"567\" height=\"461\" srcset=\"https:\/\/toensfeldt-modellbau.de\/wp-content\/uploads\/2017\/07\/TMV-AUSI-Scania-TAM-B1-Int.jpg 567w, https:\/\/toensfeldt-modellbau.de\/wp-content\/uploads\/2017\/07\/TMV-AUSI-Scania-TAM-B1-Int-300x244.jpg 300w\" sizes=\"auto, (max-width: 567px) 100vw, 567px\" \/><\/p>\n<p><img loading=\"lazy\" decoding=\"async\" class=\"alignnone size-full wp-image-2199\" src=\"http:\/\/toensfeldt-modellbau.de\/wp-content\/uploads\/2017\/08\/TMV-AUSI-Scania-Vor-TAM-B1-Int.jpg\" alt=\"\" width=\"450\" height=\"567\" srcset=\"https:\/\/toensfeldt-modellbau.de\/wp-content\/uploads\/2017\/08\/TMV-AUSI-Scania-Vor-TAM-B1-Int.jpg 450w, https:\/\/toensfeldt-modellbau.de\/wp-content\/uploads\/2017\/08\/TMV-AUSI-Scania-Vor-TAM-B1-Int-238x300.jpg 238w\" sizes=\"auto, (max-width: 450px) 100vw, 450px\" \/><\/p>\n<p><img loading=\"lazy\" decoding=\"async\" class=\"alignnone size-full wp-image-2198\" src=\"http:\/\/toensfeldt-modellbau.de\/wp-content\/uploads\/2017\/08\/TMV-AUSI-Scania-Rechts-TAM-B1-Int.jpg\" alt=\"\" width=\"567\" height=\"444\" srcset=\"https:\/\/toensfeldt-modellbau.de\/wp-content\/uploads\/2017\/08\/TMV-AUSI-Scania-Rechts-TAM-B1-Int.jpg 567w, https:\/\/toensfeldt-modellbau.de\/wp-content\/uploads\/2017\/08\/TMV-AUSI-Scania-Rechts-TAM-B1-Int-300x235.jpg 300w\" sizes=\"auto, (max-width: 567px) 100vw, 567px\" \/><\/p>\n<p><img loading=\"lazy\" decoding=\"async\" class=\"alignnone size-full wp-image-2197\" src=\"http:\/\/toensfeldt-modellbau.de\/wp-content\/uploads\/2017\/08\/TMV-AUSI-Scania-HeckTAM-B1-Int.jpg\" alt=\"\" width=\"507\" height=\"567\" srcset=\"https:\/\/toensfeldt-modellbau.de\/wp-content\/uploads\/2017\/08\/TMV-AUSI-Scania-HeckTAM-B1-Int.jpg 507w, https:\/\/toensfeldt-modellbau.de\/wp-content\/uploads\/2017\/08\/TMV-AUSI-Scania-HeckTAM-B1-Int-268x300.jpg 268w\" sizes=\"auto, (max-width: 507px) 100vw, 507px\" \/><\/p>\n<p>Umbau Tamiya 3 Achser Scania Highline\u00a0 zur Australischen Road Train\u00a0 Zugmaschine.<\/p>\n<p>Grundlage war ein 3 Achser Scania Highline in Blau von Tamiya, der fertig aufgebaut von mir gekauft wurde. Beim Scania wurden das Fahrerhaus, Seitenverkleidung und die Felgen abgebaut und zerlegt soweit es n\u00f6tig war um die Teile f\u00fcr das Lackieren vorzubereiten, was im diesen Fall der Lackierer \u00fcbernahm. Nach dem Lackieren wurden die Teile wieder zusammen gebaut.<\/p>\n<p>Es sind folgende Teile im Scania verbaut:<\/p>\n<ul>\n<li>Bullenf\u00e4nger Privat,<\/li>\n<li>Spiegel von Verkerk,<\/li>\n<li>Auspuff JD Truck <span style=\"color: #0000ff;\">nicht mehr dabei<\/span><\/li>\n<li>Zusatzantenne RC-Andy,<\/li>\n<li>Dachklima und Sattelplatte thicon,<\/li>\n<li>Sattelplatten Aufnahme Riffelblech und Sattelplatten Abdeckung T\u00f6nsfeldt Modellbau<\/li>\n<li>Naben Hinten TH-Truckmodelbouw,<\/li>\n<li>Hecksch\u00fcrze MD Tech.<\/li>\n<\/ul>\n<p><span style=\"font-size: medium;\">Herstellerdaten gem\u00e4s GPSR<\/span><\/p>\n<p><span style=\"font-size: medium;\">Olaf T\u00f6nsfeldt<br \/>\nT\u00f6nsfeldt <span style=\"color: #000000;\">Modellbau Vertrieb<\/span><span style=\"color: #ff0000;\"><span style=\"font-family: Arial, Helvetica, sans-serif;\"><br \/>\n<\/span><\/span>Nobiskr\u00fcger Allee 20<span style=\"font-family: Arial, Helvetica, sans-serif;\"><br \/>\n<\/span>24768 Rendsburg<\/span><\/p>\n<p><strong><span style=\"font-size: medium;\">Deutschland<\/span><\/strong><span style=\"font-size: medium;\"><br \/>\nTel.: 0049 (0 ) 43 31\/ 51 95<br \/>\nE-Mail an: <a href=\"mailto:tmv@toensfeldt-modellbau.de\">tmv@toensfeldt-modellbau.de<\/a><\/span><\/p>\n","protected":false},"excerpt":{"rendered":"<p>Scania von Tamiya T\u00f6nsfeldt Modellbau Aufbau Road Train Scania von Tamiya Umbau Tamiya 3 Achser Scania Highline\u00a0 zur Australischen Road Train\u00a0 Zugmaschine. Grundlage war ein 3 Achser Scania Highline in Blau von Tamiya, der fertig aufgebaut von mir gekauft wurde. &hellip; <a href=\"https:\/\/toensfeldt-modellbau.de\/?page_id=2083\">Weiterlesen <span class=\"meta-nav\">&rarr;<\/span><\/a><\/p>\n","protected":false},"author":2,"featured_media":0,"parent":0,"menu_order":0,"comment_status":"closed","ping_status":"closed","template":"","meta":{"footnotes":""},"class_list":["post-2083","page","type-page","status-publish","hentry"],"_links":{"self":[{"href":"https:\/\/toensfeldt-modellbau.de\/index.php?rest_route=\/wp\/v2\/pages\/2083","targetHints":{"allow":["GET"]}}],"collection":[{"href":"https:\/\/toensfeldt-modellbau.de\/index.php?rest_route=\/wp\/v2\/pages"}],"about":[{"href":"https:\/\/toensfeldt-modellbau.de\/index.php?rest_route=\/wp\/v2\/types\/page"}],"author":[{"embeddable":true,"href":"https:\/\/toensfeldt-modellbau.de\/index.php?rest_route=\/wp\/v2\/users\/2"}],"replies":[{"embeddable":true,"href":"https:\/\/toensfeldt-modellbau.de\/index.php?rest_route=%2Fwp%2Fv2%2Fcomments&post=2083"}],"version-history":[{"count":11,"href":"https:\/\/toensfeldt-modellbau.de\/index.php?rest_route=\/wp\/v2\/pages\/2083\/revisions"}],"predecessor-version":[{"id":7655,"href":"https:\/\/toensfeldt-modellbau.de\/index.php?rest_route=\/wp\/v2\/pages\/2083\/revisions\/7655"}],"wp:attachment":[{"href":"https:\/\/toensfeldt-modellbau.de\/index.php?rest_route=%2Fwp%2Fv2%2Fmedia&parent=2083"}],"curies":[{"name":"wp","href":"https:\/\/api.w.org\/{rel}","templated":true}]}}