{"id":2085,"date":"2017-07-22T13:31:40","date_gmt":"2017-07-22T11:31:40","guid":{"rendered":"http:\/\/toensfeldt-modellbau.de\/?page_id=2085"},"modified":"2025-03-08T13:25:58","modified_gmt":"2025-03-08T11:25:58","slug":"tmv-king-hauler","status":"publish","type":"page","link":"https:\/\/toensfeldt-modellbau.de\/?page_id=2085","title":{"rendered":"TMV King Hauler 1:14"},"content":{"rendered":"<p><em><strong><span style=\"color: #ff0000;\">Umbau King Hauler zur Australischen Road Train Zugmaschine<\/span><\/strong><\/em><\/p>\n<p><img loading=\"lazy\" decoding=\"async\" class=\"alignnone size-full wp-image-2208\" src=\"http:\/\/toensfeldt-modellbau.de\/wp-content\/uploads\/2017\/08\/TMV-KH-Links-B1.jpg\" alt=\"\" width=\"567\" height=\"344\" srcset=\"https:\/\/toensfeldt-modellbau.de\/wp-content\/uploads\/2017\/08\/TMV-KH-Links-B1.jpg 567w, https:\/\/toensfeldt-modellbau.de\/wp-content\/uploads\/2017\/08\/TMV-KH-Links-B1-300x182.jpg 300w\" sizes=\"auto, (max-width: 567px) 100vw, 567px\" \/><\/p>\n<p>Umbau Tamiya 3 Achser King Hauler zur Australischen Road Train Zugmaschine<\/p>\n<p>Grundlage war ein 3 Achser King Hauler Schwarz von Tamiya, der fertig aufgebaut von mir gekauft wurde. Es wurde als Erstes das Fahrerhaus abgebaut und komplett zerleg, aus dem Zubeh\u00f6r habe ich ein Fahrerhaus in roh bestellt und zum Lackierer gegeben der die Scheinwerfer aus den Kotfl\u00fcgeln ausgeschnitten hat und die L\u00f6cher angepasst und verspachtelt hat. Danach ist das Fahrerhaus in den Farben von T\u00f6nsfeldt Modellbau in Rot \/ Wei\u00df Lackiert worden. An dem K\u00fchlergrill haben Doppelscheinwerfer von Wedicos Peterbilt ihren Platz gefunden. Aus dem Internet habe ich einen Bullf\u00e4nger bestellt und mit einem Zusatzscheinwerfer best\u00fcckt und eingebaut.<\/p>\n<p><img loading=\"lazy\" decoding=\"async\" class=\"alignnone size-full wp-image-2203\" src=\"http:\/\/toensfeldt-modellbau.de\/wp-content\/uploads\/2017\/08\/TMV-KH-Vorne-B1.jpg\" alt=\"\" width=\"373\" height=\"567\" srcset=\"https:\/\/toensfeldt-modellbau.de\/wp-content\/uploads\/2017\/08\/TMV-KH-Vorne-B1.jpg 373w, https:\/\/toensfeldt-modellbau.de\/wp-content\/uploads\/2017\/08\/TMV-KH-Vorne-B1-197x300.jpg 197w\" sizes=\"auto, (max-width: 373px) 100vw, 373px\" \/><\/p>\n<div id=\"attachment_2201\" style=\"width: 577px\" class=\"wp-caption alignnone\"><img loading=\"lazy\" decoding=\"async\" aria-describedby=\"caption-attachment-2201\" class=\"wp-image-2201 size-full\" src=\"http:\/\/toensfeldt-modellbau.de\/wp-content\/uploads\/2017\/08\/TMV-KH-Peil-B1.jpg\" alt=\"\" width=\"567\" height=\"466\" srcset=\"https:\/\/toensfeldt-modellbau.de\/wp-content\/uploads\/2017\/08\/TMV-KH-Peil-B1.jpg 567w, https:\/\/toensfeldt-modellbau.de\/wp-content\/uploads\/2017\/08\/TMV-KH-Peil-B1-300x247.jpg 300w\" sizes=\"auto, (max-width: 567px) 100vw, 567px\" \/><p id=\"caption-attachment-2201\" class=\"wp-caption-text\">Peilstangen<\/p><\/div>\n<p><img loading=\"lazy\" decoding=\"async\" class=\"alignnone size-full wp-image-2202\" src=\"http:\/\/toensfeldt-modellbau.de\/wp-content\/uploads\/2017\/08\/TMV-KH-RechtsB1.jpg\" alt=\"\" width=\"567\" height=\"352\" srcset=\"https:\/\/toensfeldt-modellbau.de\/wp-content\/uploads\/2017\/08\/TMV-KH-RechtsB1.jpg 567w, https:\/\/toensfeldt-modellbau.de\/wp-content\/uploads\/2017\/08\/TMV-KH-RechtsB1-300x186.jpg 300w\" sizes=\"auto, (max-width: 567px) 100vw, 567px\" \/><\/p>\n<p><img loading=\"lazy\" decoding=\"async\" class=\"alignnone size-full wp-image-2200\" src=\"http:\/\/toensfeldt-modellbau.de\/wp-content\/uploads\/2017\/08\/TMV-KH-Heck-B1.jpg\" alt=\"\" width=\"356\" height=\"567\" srcset=\"https:\/\/toensfeldt-modellbau.de\/wp-content\/uploads\/2017\/08\/TMV-KH-Heck-B1.jpg 356w, https:\/\/toensfeldt-modellbau.de\/wp-content\/uploads\/2017\/08\/TMV-KH-Heck-B1-188x300.jpg 188w\" sizes=\"auto, (max-width: 356px) 100vw, 356px\" \/><\/p>\n<p><img loading=\"lazy\" decoding=\"async\" class=\"alignnone size-full wp-image-2322\" src=\"http:\/\/toensfeldt-modellbau.de\/wp-content\/uploads\/2017\/09\/Wind-Schutz-Rot-VorneB2-Int.jpg\" alt=\"\" width=\"567\" height=\"443\" srcset=\"https:\/\/toensfeldt-modellbau.de\/wp-content\/uploads\/2017\/09\/Wind-Schutz-Rot-VorneB2-Int.jpg 567w, https:\/\/toensfeldt-modellbau.de\/wp-content\/uploads\/2017\/09\/Wind-Schutz-Rot-VorneB2-Int-300x234.jpg 300w\" sizes=\"auto, (max-width: 567px) 100vw, 567px\" \/><\/p>\n<p><img loading=\"lazy\" decoding=\"async\" class=\"alignnone size-full wp-image-2321\" src=\"http:\/\/toensfeldt-modellbau.de\/wp-content\/uploads\/2017\/09\/Wind-Schutz-Rot-VorneB1-Int.jpg\" alt=\"\" width=\"567\" height=\"473\" srcset=\"https:\/\/toensfeldt-modellbau.de\/wp-content\/uploads\/2017\/09\/Wind-Schutz-Rot-VorneB1-Int.jpg 567w, https:\/\/toensfeldt-modellbau.de\/wp-content\/uploads\/2017\/09\/Wind-Schutz-Rot-VorneB1-Int-300x250.jpg 300w\" sizes=\"auto, (max-width: 567px) 100vw, 567px\" \/><\/p>\n<p><img loading=\"lazy\" decoding=\"async\" class=\"alignnone size-full wp-image-2320\" src=\"http:\/\/toensfeldt-modellbau.de\/wp-content\/uploads\/2017\/09\/Naben-Hinten-B1-Int.jpg\" alt=\"\" width=\"567\" height=\"293\" srcset=\"https:\/\/toensfeldt-modellbau.de\/wp-content\/uploads\/2017\/09\/Naben-Hinten-B1-Int.jpg 567w, https:\/\/toensfeldt-modellbau.de\/wp-content\/uploads\/2017\/09\/Naben-Hinten-B1-Int-300x155.jpg 300w\" sizes=\"auto, (max-width: 567px) 100vw, 567px\" \/><\/p>\n<p><img loading=\"lazy\" decoding=\"async\" class=\"alignnone size-full wp-image-2319\" src=\"http:\/\/toensfeldt-modellbau.de\/wp-content\/uploads\/2017\/09\/Big-PipesB1-Int.jpg\" alt=\"\" width=\"567\" height=\"437\" srcset=\"https:\/\/toensfeldt-modellbau.de\/wp-content\/uploads\/2017\/09\/Big-PipesB1-Int.jpg 567w, https:\/\/toensfeldt-modellbau.de\/wp-content\/uploads\/2017\/09\/Big-PipesB1-Int-300x231.jpg 300w\" sizes=\"auto, (max-width: 567px) 100vw, 567px\" \/><\/p>\n<p>Es sind folgende Teile verbaut worden:<\/p>\n<ul>\n<li>Bullenf\u00e4nger Tamiya,<\/li>\n<li>Zusatzscheinwerfer und Rundumleuchten von Veroma,<\/li>\n<li>Lufteinlass oben, Rechtes Armaturenbrett und Feuerl\u00f6scher mit Box von T\u00f6nsfeldt Modellbau \u2013 Vertrieb,<\/li>\n<li>Scheinwerfer, Dachlampen, Blinker, Spiegelantennen und Signal-H\u00f6rner von Wedico<\/li>\n<li>Peilstangen DS- Modellbau &amp; T\u00f6nsfeldt Modellbau &#8211; Vertrieb<\/li>\n<li>Schurt Scheibe Rot Niepelt Modellbau<\/li>\n<li>Big Pipes von TMV<\/li>\n<li>Naben Hinten TH-Truckmodelbouw<\/li>\n<\/ul>\n<p>In der Zukunft sollen noch eingebaut werden:<\/p>\n<ul>\n<li>Servonaut Unterflur Antrieb,<\/li>\n<li>Thicon Kardanwellen und Sattelplatte.<\/li>\n<li>Sattelplatten Aufnahme Riffelblech von T\u00f6nsfeldt Modellbau<\/li>\n<\/ul>\n<p><span style=\"font-size: medium;\">Herstellerdaten gem\u00e4s GPSR<\/span><\/p>\n<p><span style=\"font-size: medium;\">Olaf T\u00f6nsfeldt<br \/>\nT\u00f6nsfeldt <span style=\"color: #000000;\">Modellbau Vertrieb<\/span><span style=\"color: #ff0000;\"><span style=\"font-family: Arial, Helvetica, sans-serif;\"><br \/>\n<\/span><\/span>Nobiskr\u00fcger Allee 20<span style=\"font-family: Arial, Helvetica, sans-serif;\"><br \/>\n<\/span>24768 Rendsburg<\/span><\/p>\n<p><strong><span style=\"font-size: medium;\">Deutschland<\/span><\/strong><span style=\"font-size: medium;\"><br \/>\nTel.: 0049 (0 ) 43 31\/ 51 95<br \/>\nE-Mail an: <a href=\"mailto:tmv@toensfeldt-modellbau.de\">tmv@toensfeldt-modellbau.de<\/a><\/span><\/p>\n","protected":false},"excerpt":{"rendered":"<p>Umbau King Hauler zur Australischen Road Train Zugmaschine Umbau Tamiya 3 Achser King Hauler zur Australischen Road Train Zugmaschine Grundlage war ein 3 Achser King Hauler Schwarz von Tamiya, der fertig aufgebaut von mir gekauft wurde. Es wurde als Erstes &hellip; <a href=\"https:\/\/toensfeldt-modellbau.de\/?page_id=2085\">Weiterlesen <span class=\"meta-nav\">&rarr;<\/span><\/a><\/p>\n","protected":false},"author":2,"featured_media":0,"parent":0,"menu_order":0,"comment_status":"closed","ping_status":"closed","template":"","meta":{"footnotes":""},"class_list":["post-2085","page","type-page","status-publish","hentry"],"_links":{"self":[{"href":"https:\/\/toensfeldt-modellbau.de\/index.php?rest_route=\/wp\/v2\/pages\/2085","targetHints":{"allow":["GET"]}}],"collection":[{"href":"https:\/\/toensfeldt-modellbau.de\/index.php?rest_route=\/wp\/v2\/pages"}],"about":[{"href":"https:\/\/toensfeldt-modellbau.de\/index.php?rest_route=\/wp\/v2\/types\/page"}],"author":[{"embeddable":true,"href":"https:\/\/toensfeldt-modellbau.de\/index.php?rest_route=\/wp\/v2\/users\/2"}],"replies":[{"embeddable":true,"href":"https:\/\/toensfeldt-modellbau.de\/index.php?rest_route=%2Fwp%2Fv2%2Fcomments&post=2085"}],"version-history":[{"count":10,"href":"https:\/\/toensfeldt-modellbau.de\/index.php?rest_route=\/wp\/v2\/pages\/2085\/revisions"}],"predecessor-version":[{"id":7656,"href":"https:\/\/toensfeldt-modellbau.de\/index.php?rest_route=\/wp\/v2\/pages\/2085\/revisions\/7656"}],"wp:attachment":[{"href":"https:\/\/toensfeldt-modellbau.de\/index.php?rest_route=%2Fwp%2Fv2%2Fmedia&parent=2085"}],"curies":[{"name":"wp","href":"https:\/\/api.w.org\/{rel}","templated":true}]}}