{"id":214,"date":"2013-11-21T18:13:16","date_gmt":"2013-11-21T16:13:16","guid":{"rendered":"http:\/\/toensfeldt-modellbau.de\/?page_id=214"},"modified":"2025-03-02T12:51:24","modified_gmt":"2025-03-02T10:51:24","slug":"gasflaschen-treibgas","status":"publish","type":"page","link":"https:\/\/toensfeldt-modellbau.de\/?page_id=214","title":{"rendered":"Gasflaschen Treibgas"},"content":{"rendered":"<p><img loading=\"lazy\" decoding=\"async\" class=\"size-full wp-image-212 alignleft\" src=\"http:\/\/toensfeldt-modellbau.de\/wp-content\/uploads\/2013\/11\/Tribgas1fach2-300x275.jpg\" alt=\"Tribgas1fach2-300x275\" width=\"300\" height=\"275\" \/>Treibgasflaschen 11 kg z. B. f\u00fcr Gabelstabler<strong><em><br \/>\n<\/em><\/strong><\/p>\n<p>&nbsp;<\/p>\n<p>&nbsp;<\/p>\n<p>&nbsp;<\/p>\n<p>&nbsp;<\/p>\n<p>&nbsp;<\/p>\n<p>&nbsp;<\/p>\n<p><strong><em><span style=\"color: #ff0000;\">Treibgasflaschen 11 kg<\/span><\/em><\/strong><\/p>\n<ul>\n<li>11 kg Treibgasflasche aus Alu gedreht. Der Kragen ist ein \u00c4tzteil in den Farben Rot und blau, f\u00fcr den Antrieb von Gabelstaplern im Gasbetrieb z. B. f\u00fcr die verschiedenen Gabelstapler von Robbe und Dickie.<\/li>\n<\/ul>\n<div id=\"attachment_209\" style=\"width: 260px\" class=\"wp-caption alignleft\"><img loading=\"lazy\" decoding=\"async\" aria-describedby=\"caption-attachment-209\" class=\"size-full wp-image-209\" src=\"http:\/\/toensfeldt-modellbau.de\/wp-content\/uploads\/2013\/11\/090054.jpg\" alt=\"090054\" width=\"250\" height=\"250\" srcset=\"https:\/\/toensfeldt-modellbau.de\/wp-content\/uploads\/2013\/11\/090054.jpg 250w, https:\/\/toensfeldt-modellbau.de\/wp-content\/uploads\/2013\/11\/090054-150x150.jpg 150w\" sizes=\"auto, (max-width: 250px) 100vw, 250px\" \/><p id=\"caption-attachment-209\" class=\"wp-caption-text\">090054<\/p><\/div>\n<div id=\"attachment_210\" style=\"width: 260px\" class=\"wp-caption alignleft\"><img loading=\"lazy\" decoding=\"async\" aria-describedby=\"caption-attachment-210\" class=\"size-full wp-image-210\" src=\"http:\/\/toensfeldt-modellbau.de\/wp-content\/uploads\/2013\/11\/090055.jpg\" alt=\"090055\" width=\"250\" height=\"250\" srcset=\"https:\/\/toensfeldt-modellbau.de\/wp-content\/uploads\/2013\/11\/090055.jpg 250w, https:\/\/toensfeldt-modellbau.de\/wp-content\/uploads\/2013\/11\/090055-150x150.jpg 150w\" sizes=\"auto, (max-width: 250px) 100vw, 250px\" \/><p id=\"caption-attachment-210\" class=\"wp-caption-text\">090055<\/p><\/div>\n<p>Technische Daten:<\/p>\n<ul>\n<li>H\u00f6he ca. 38 mm \u00d8 20 mm<\/li>\n<\/ul>\n<p>Art. Nr. Bestell Text:<\/p>\n<ul>\n<li><span style=\"color: #ff0000;\">090054<\/span> Treibgasflasche 11 kg rot<\/li>\n<li><span style=\"color: #ff0000;\">090055<\/span> Treibgasflasche 11 kg blau<\/li>\n<\/ul>\n<p><strong><em><span style=\"color: #ff0000;\">Gasflaschenhalter bei Gasantrieb f\u00fcr Gabelstapler<\/span><\/em><\/strong><\/p>\n<p><img loading=\"lazy\" decoding=\"async\" class=\"size-full wp-image-212 alignleft\" src=\"http:\/\/toensfeldt-modellbau.de\/wp-content\/uploads\/2013\/11\/Tribgas1fach2-300x275.jpg\" alt=\"Tribgas1fach2-300x275\" width=\"300\" height=\"275\" \/><\/p>\n<p>So k\u00f6nnen sie ihrem Gabelstapler auf die Optik einesGasantrieb umr\u00fcsten.<\/p>\n<p>&nbsp;<\/p>\n<p>&nbsp;<\/p>\n<p>&nbsp;<\/p>\n<p>&nbsp;<\/p>\n<p>&nbsp;<\/p>\n<p><img loading=\"lazy\" decoding=\"async\" class=\"size-full wp-image-211 alignleft\" src=\"http:\/\/toensfeldt-modellbau.de\/wp-content\/uploads\/2013\/11\/Tribgas1fach1.jpg\" alt=\"Tribgas1fach1\" width=\"210\" height=\"170\" \/><\/p>\n<ul>\n<li>Gasflaschenhalter bei Gasantrieb f\u00fcr Gabelstapler ist ein Bausatz aus Kunststoffteilen und Besteht aus, Einfach: 1 x Grundplatte, 2 x Flaschenhalter mit 2 x Sicherung, Sicherungsgurt mit Schnalle, 1 x Ventil, Orangen Kabel als Schlauch, Messingteile und einer Bauanleitung.<\/li>\n<\/ul>\n<p>&nbsp;<\/p>\n<p>Art. Nr.: Bestelltext:<\/p>\n<ul>\n<li style=\"color: #ff0000;\"><span style=\"color: #ff0000;\">092280<\/span> Halter einfach rot \/schwarz<\/li>\n<\/ul>\n<p><strong><em><span style=\"color: #ff0000;\">Deckel \/ Ventil Treibgasflaschen<\/span><\/em><\/strong><\/p>\n<ul>\n<li>Deckel und Ventil f\u00fcr Treibgasflaschen 11 KG, 33 KG, Treibgas 11KG Deckel in der Farbe Rot ,Blau oder Natur Alu.<\/li>\n<\/ul>\n<p><img loading=\"lazy\" decoding=\"async\" class=\"size-full wp-image-197 alignleft\" src=\"http:\/\/toensfeldt-modellbau.de\/wp-content\/uploads\/2013\/11\/Deckl_Ventiel_Popan2-300x125.jpg\" alt=\"Deckl_Ventiel_Popan2-300x125\" width=\"300\" height=\"125\" \/><\/p>\n<p>Technische Daten:<\/p>\n<ul>\n<li>Gr\u00f6\u00dfe, ca : \u00d8 5 mm x H\u00f6he ca. 12 mm<\/li>\n<\/ul>\n<p>&nbsp;<\/p>\n<p>Art. Nr.: Bestelltext:<\/p>\n<ul>\n<li><span style=\"color: #ff0000;\">090087<\/span> Deckel f\u00fcr Gasflasche Rot oder Blau<\/li>\n<li><span style=\"color: #ff0000;\">090088<\/span> Ventil f\u00fcr Gasflasche<\/li>\n<\/ul>\n<p><span style=\"font-size: medium;\">Herstellerdaten gem\u00e4s GPSR<\/span><\/p>\n<p><span style=\"font-size: medium;\">Olaf T\u00f6nsfeldt<br \/>\nT\u00f6nsfeldt <span style=\"color: #000000;\">Modellbau Vertrieb<\/span><span style=\"color: #ff0000;\"><span style=\"font-family: Arial, Helvetica, sans-serif;\"><br \/>\n<\/span><\/span>Nobiskr\u00fcger Allee 20<span style=\"font-family: Arial, Helvetica, sans-serif;\"><br \/>\n<\/span>24768 Rendsburg<\/span><\/p>\n<p><strong><span style=\"font-size: medium;\">Deutschland<\/span><\/strong><span style=\"font-size: medium;\"><br \/>\nTel.: 0049 (0 ) 43 31\/ 51 95<br \/>\nE-Mail an: <a href=\"mailto:tmv@toensfeldt-modellbau.de\">tmv@toensfeldt-modellbau.de<\/a><\/span><\/p>\n","protected":false},"excerpt":{"rendered":"<p>Treibgasflaschen 11 kg z. B. f\u00fcr Gabelstabler &nbsp; &nbsp; &nbsp; &nbsp; &nbsp; &nbsp; Treibgasflaschen 11 kg 11 kg Treibgasflasche aus Alu gedreht. Der Kragen ist ein \u00c4tzteil in den Farben Rot und blau, f\u00fcr den Antrieb von Gabelstaplern im Gasbetrieb &hellip; <a href=\"https:\/\/toensfeldt-modellbau.de\/?page_id=214\">Weiterlesen <span class=\"meta-nav\">&rarr;<\/span><\/a><\/p>\n","protected":false},"author":3,"featured_media":0,"parent":166,"menu_order":3,"comment_status":"closed","ping_status":"closed","template":"","meta":{"footnotes":""},"class_list":["post-214","page","type-page","status-publish","hentry"],"_links":{"self":[{"href":"https:\/\/toensfeldt-modellbau.de\/index.php?rest_route=\/wp\/v2\/pages\/214","targetHints":{"allow":["GET"]}}],"collection":[{"href":"https:\/\/toensfeldt-modellbau.de\/index.php?rest_route=\/wp\/v2\/pages"}],"about":[{"href":"https:\/\/toensfeldt-modellbau.de\/index.php?rest_route=\/wp\/v2\/types\/page"}],"author":[{"embeddable":true,"href":"https:\/\/toensfeldt-modellbau.de\/index.php?rest_route=\/wp\/v2\/users\/3"}],"replies":[{"embeddable":true,"href":"https:\/\/toensfeldt-modellbau.de\/index.php?rest_route=%2Fwp%2Fv2%2Fcomments&post=214"}],"version-history":[{"count":11,"href":"https:\/\/toensfeldt-modellbau.de\/index.php?rest_route=\/wp\/v2\/pages\/214\/revisions"}],"predecessor-version":[{"id":7567,"href":"https:\/\/toensfeldt-modellbau.de\/index.php?rest_route=\/wp\/v2\/pages\/214\/revisions\/7567"}],"up":[{"embeddable":true,"href":"https:\/\/toensfeldt-modellbau.de\/index.php?rest_route=\/wp\/v2\/pages\/166"}],"wp:attachment":[{"href":"https:\/\/toensfeldt-modellbau.de\/index.php?rest_route=%2Fwp%2Fv2%2Fmedia&parent=214"}],"curies":[{"name":"wp","href":"https:\/\/api.w.org\/{rel}","templated":true}]}}