{"id":2169,"date":"2017-08-06T17:06:42","date_gmt":"2017-08-06T15:06:42","guid":{"rendered":"http:\/\/toensfeldt-modellbau.de\/?page_id=2169"},"modified":"2025-03-08T20:22:31","modified_gmt":"2025-03-08T18:22:31","slug":"peilstangen","status":"publish","type":"page","link":"https:\/\/toensfeldt-modellbau.de\/?page_id=2169","title":{"rendered":"Peilstangen"},"content":{"rendered":"<p><em><strong><span style=\"color: #ff0000;\">Peilstangen f\u00fcr US &#8211; Trucks in 1:14 mit 3 V Gl\u00fchbirnen<\/span><\/strong><\/em><\/p>\n<p><img loading=\"lazy\" decoding=\"async\" class=\"alignnone size-full wp-image-2201\" src=\"http:\/\/toensfeldt-modellbau.de\/wp-content\/uploads\/2017\/08\/TMV-KH-Peil-B1.jpg\" alt=\"\" width=\"567\" height=\"466\" srcset=\"https:\/\/toensfeldt-modellbau.de\/wp-content\/uploads\/2017\/08\/TMV-KH-Peil-B1.jpg 567w, https:\/\/toensfeldt-modellbau.de\/wp-content\/uploads\/2017\/08\/TMV-KH-Peil-B1-300x247.jpg 300w\" sizes=\"auto, (max-width: 567px) 100vw, 567px\" \/><\/p>\n<p>2 St\u00fcck Peilstangen f\u00fcr die Anbringung seitlich an der Sto\u00dfstange. Mit 3 V Gl\u00fchbirnen zur Beleuchtung der Peilstangen in der Spitze.<\/p>\n<div id=\"attachment_2168\" style=\"width: 405px\" class=\"wp-caption alignnone\"><img loading=\"lazy\" decoding=\"async\" aria-describedby=\"caption-attachment-2168\" class=\"wp-image-2168 size-full\" src=\"http:\/\/toensfeldt-modellbau.de\/wp-content\/uploads\/2017\/08\/PeilstangenB1-Int.jpg\" alt=\"\" width=\"395\" height=\"567\" srcset=\"https:\/\/toensfeldt-modellbau.de\/wp-content\/uploads\/2017\/08\/PeilstangenB1-Int.jpg 395w, https:\/\/toensfeldt-modellbau.de\/wp-content\/uploads\/2017\/08\/PeilstangenB1-Int-209x300.jpg 209w\" sizes=\"auto, (max-width: 395px) 100vw, 395px\" \/><p id=\"caption-attachment-2168\" class=\"wp-caption-text\">Version 1 nicht Lieferbar<\/p><\/div>\n<p>Technische Daten:<\/p>\n<ul>\n<li>H\u00f6he: ca. 9,0 cm<\/li>\n<li>Durchmesser: ca. 2,0 mm<\/li>\n<li>Bef\u00e4stiegung: 2 x Muttern M2<\/li>\n<\/ul>\n<p><img loading=\"lazy\" decoding=\"async\" class=\"alignnone size-full wp-image-2167\" src=\"http:\/\/toensfeldt-modellbau.de\/wp-content\/uploads\/2017\/08\/Peilstangen-Sto\u00dfstangeB1-Int.jpg\" alt=\"\" width=\"567\" height=\"318\" srcset=\"https:\/\/toensfeldt-modellbau.de\/wp-content\/uploads\/2017\/08\/Peilstangen-Sto\u00dfstangeB1-Int.jpg 567w, https:\/\/toensfeldt-modellbau.de\/wp-content\/uploads\/2017\/08\/Peilstangen-Sto\u00dfstangeB1-Int-300x168.jpg 300w\" sizes=\"auto, (max-width: 567px) 100vw, 567px\" \/><\/p>\n<div id=\"attachment_3269\" style=\"width: 435px\" class=\"wp-caption alignnone\"><img loading=\"lazy\" decoding=\"async\" aria-describedby=\"caption-attachment-3269\" class=\"wp-image-3269 size-full\" src=\"http:\/\/toensfeldt-modellbau.de\/wp-content\/uploads\/2018\/07\/PeilstangenV2-B1-Int.jpg\" alt=\"\" width=\"425\" height=\"470\" srcset=\"https:\/\/toensfeldt-modellbau.de\/wp-content\/uploads\/2018\/07\/PeilstangenV2-B1-Int.jpg 425w, https:\/\/toensfeldt-modellbau.de\/wp-content\/uploads\/2018\/07\/PeilstangenV2-B1-Int-271x300.jpg 271w\" sizes=\"auto, (max-width: 425px) 100vw, 425px\" \/><p id=\"caption-attachment-3269\" class=\"wp-caption-text\">Version 2 Lieferbar<\/p><\/div>\n<p>Art. Nr. Bestelltext:<\/p>\n<p><span style=\"color: #ff0000;\">040050<\/span> Chrom Peilstangen<\/p>\n<p>Bei Bestellung bitte Version angeben !<\/p>\n<p><span style=\"font-size: medium;\">Herstellerdaten gem\u00e4s GPSR<\/span><\/p>\n<p><span style=\"font-size: medium;\">Olaf T\u00f6nsfeldt<br \/>\nT\u00f6nsfeldt <span style=\"color: #000000;\">Modellbau Vertrieb<\/span><span style=\"color: #ff0000;\"><span style=\"font-family: Arial, Helvetica, sans-serif;\"><br \/>\n<\/span><\/span>Nobiskr\u00fcger Allee 20<span style=\"font-family: Arial, Helvetica, sans-serif;\"><br \/>\n<\/span>24768 Rendsburg<\/span><\/p>\n<p><strong><span style=\"font-size: medium;\">Deutschland<\/span><\/strong><span style=\"font-size: medium;\"><br \/>\nTel.: 0049 (0 ) 43 31\/ 51 95<br \/>\nE-Mail an: <a href=\"mailto:tmv@toensfeldt-modellbau.de\">tmv@toensfeldt-modellbau.de<\/a><\/span><\/p>\n","protected":false},"excerpt":{"rendered":"<p>Peilstangen f\u00fcr US &#8211; Trucks in 1:14 mit 3 V Gl\u00fchbirnen 2 St\u00fcck Peilstangen f\u00fcr die Anbringung seitlich an der Sto\u00dfstange. Mit 3 V Gl\u00fchbirnen zur Beleuchtung der Peilstangen in der Spitze. Technische Daten: H\u00f6he: ca. 9,0 cm Durchmesser: ca. &hellip; <a href=\"https:\/\/toensfeldt-modellbau.de\/?page_id=2169\">Weiterlesen <span class=\"meta-nav\">&rarr;<\/span><\/a><\/p>\n","protected":false},"author":2,"featured_media":0,"parent":0,"menu_order":0,"comment_status":"closed","ping_status":"closed","template":"","meta":{"footnotes":""},"class_list":["post-2169","page","type-page","status-publish","hentry"],"_links":{"self":[{"href":"https:\/\/toensfeldt-modellbau.de\/index.php?rest_route=\/wp\/v2\/pages\/2169","targetHints":{"allow":["GET"]}}],"collection":[{"href":"https:\/\/toensfeldt-modellbau.de\/index.php?rest_route=\/wp\/v2\/pages"}],"about":[{"href":"https:\/\/toensfeldt-modellbau.de\/index.php?rest_route=\/wp\/v2\/types\/page"}],"author":[{"embeddable":true,"href":"https:\/\/toensfeldt-modellbau.de\/index.php?rest_route=\/wp\/v2\/users\/2"}],"replies":[{"embeddable":true,"href":"https:\/\/toensfeldt-modellbau.de\/index.php?rest_route=%2Fwp%2Fv2%2Fcomments&post=2169"}],"version-history":[{"count":6,"href":"https:\/\/toensfeldt-modellbau.de\/index.php?rest_route=\/wp\/v2\/pages\/2169\/revisions"}],"predecessor-version":[{"id":7703,"href":"https:\/\/toensfeldt-modellbau.de\/index.php?rest_route=\/wp\/v2\/pages\/2169\/revisions\/7703"}],"wp:attachment":[{"href":"https:\/\/toensfeldt-modellbau.de\/index.php?rest_route=%2Fwp%2Fv2%2Fmedia&parent=2169"}],"curies":[{"name":"wp","href":"https:\/\/api.w.org\/{rel}","templated":true}]}}