{"id":2178,"date":"2017-08-07T17:45:14","date_gmt":"2017-08-07T15:45:14","guid":{"rendered":"http:\/\/toensfeldt-modellbau.de\/?page_id=2178"},"modified":"2025-03-08T13:55:38","modified_gmt":"2025-03-08T11:55:38","slug":"sonderposten","status":"publish","type":"page","link":"https:\/\/toensfeldt-modellbau.de\/?page_id=2178","title":{"rendered":"Sonderposten"},"content":{"rendered":"<p>Auf der Sonderpostenseite finden Sie Teile, die wir \u00fcbernommen haben und Ihnen hier anbieten m\u00f6chten.<\/p>\n<p><em><strong><span style=\"color: #0000ff;\">Sonderposten hei\u00dft nicht gleich BILLIG !!!!<\/span><\/strong><\/em><\/p>\n<p><em><strong><span style=\"color: #ff0000;\">Verkerk MultiBar Blau<\/span><\/strong><\/em><\/p>\n<p><img loading=\"lazy\" decoding=\"async\" class=\"alignnone size-full wp-image-4656\" src=\"http:\/\/toensfeldt-modellbau.de\/wp-content\/uploads\/2021\/05\/Multibar-Vorne.jpg\" alt=\"\" width=\"425\" height=\"258\" srcset=\"https:\/\/toensfeldt-modellbau.de\/wp-content\/uploads\/2021\/05\/Multibar-Vorne.jpg 425w, https:\/\/toensfeldt-modellbau.de\/wp-content\/uploads\/2021\/05\/Multibar-Vorne-300x182.jpg 300w\" sizes=\"auto, (max-width: 425px) 100vw, 425px\" \/><\/p>\n<p><img loading=\"lazy\" decoding=\"async\" class=\"alignnone size-full wp-image-4655\" src=\"http:\/\/toensfeldt-modellbau.de\/wp-content\/uploads\/2021\/05\/Multibar-Hinten.jpg\" alt=\"\" width=\"425\" height=\"266\" srcset=\"https:\/\/toensfeldt-modellbau.de\/wp-content\/uploads\/2021\/05\/Multibar-Hinten.jpg 425w, https:\/\/toensfeldt-modellbau.de\/wp-content\/uploads\/2021\/05\/Multibar-Hinten-300x188.jpg 300w\" sizes=\"auto, (max-width: 425px) 100vw, 425px\" \/><\/p>\n<p>1 x Vorhanden Preis 79,90 \u20ac<\/p>\n<div class=\"mceTemp\"><\/div>\n<p><em><strong><span style=\"color: #ff0000;\">Kugelgrill Metall schwarz<\/span><\/strong><strong><br \/>\n<\/strong><\/em><\/p>\n<p><img loading=\"lazy\" decoding=\"async\" class=\"alignnone size-full wp-image-2207\" src=\"http:\/\/toensfeldt-modellbau.de\/wp-content\/uploads\/2017\/08\/Kugelgrill-B1-Int.jpg\" alt=\"\" width=\"425\" height=\"343\" srcset=\"https:\/\/toensfeldt-modellbau.de\/wp-content\/uploads\/2017\/08\/Kugelgrill-B1-Int.jpg 425w, https:\/\/toensfeldt-modellbau.de\/wp-content\/uploads\/2017\/08\/Kugelgrill-B1-Int-300x242.jpg 300w\" sizes=\"auto, (max-width: 425px) 100vw, 425px\" \/><\/p>\n<p>Technische Daten:<\/p>\n<ul>\n<li>H\u00f6he: ca. 9 cm<\/li>\n<li>Breite: ca. 5 cm<\/li>\n<li>Tiefe: ca. 5 cm<\/li>\n<\/ul>\n<p>1 Kugelgrill Schwaz Metall 9 St. sind vorhanden Preis 17,50 \u20ac St.<\/p>\n<p><strong><em><span style=\"color: #ff0000;\">Koffer Metall schwarz<\/span><\/em><\/strong><\/p>\n<p><img loading=\"lazy\" decoding=\"async\" class=\"alignnone size-full wp-image-2206\" src=\"http:\/\/toensfeldt-modellbau.de\/wp-content\/uploads\/2017\/08\/KofferB1-Int.jpg\" alt=\"\" width=\"267\" height=\"425\" srcset=\"https:\/\/toensfeldt-modellbau.de\/wp-content\/uploads\/2017\/08\/KofferB1-Int.jpg 267w, https:\/\/toensfeldt-modellbau.de\/wp-content\/uploads\/2017\/08\/KofferB1-Int-188x300.jpg 188w\" sizes=\"auto, (max-width: 267px) 100vw, 267px\" \/><\/p>\n<p>Technische Daten:<\/p>\n<ul>\n<li>Breite: ca. 2,8 cm<\/li>\n<li>H\u00f6he: ca. 3,1 cm<\/li>\n<li>Tiefe: ca. 1,6 cm<\/li>\n<\/ul>\n<p>1 Koffer Schwaz Metall 6 St. sind vorhanden Preis 14,50 \u20ac St.<\/p>\n","protected":false},"excerpt":{"rendered":"<p>Auf der Sonderpostenseite finden Sie Teile, die wir \u00fcbernommen haben und Ihnen hier anbieten m\u00f6chten. Sonderposten hei\u00dft nicht gleich BILLIG !!!! Verkerk MultiBar Blau 1 x Vorhanden Preis 79,90 \u20ac Kugelgrill Metall schwarz Technische Daten: H\u00f6he: ca. 9 cm Breite: &hellip; <a href=\"https:\/\/toensfeldt-modellbau.de\/?page_id=2178\">Weiterlesen <span class=\"meta-nav\">&rarr;<\/span><\/a><\/p>\n","protected":false},"author":2,"featured_media":0,"parent":0,"menu_order":0,"comment_status":"closed","ping_status":"closed","template":"","meta":{"footnotes":""},"class_list":["post-2178","page","type-page","status-publish","hentry"],"_links":{"self":[{"href":"https:\/\/toensfeldt-modellbau.de\/index.php?rest_route=\/wp\/v2\/pages\/2178","targetHints":{"allow":["GET"]}}],"collection":[{"href":"https:\/\/toensfeldt-modellbau.de\/index.php?rest_route=\/wp\/v2\/pages"}],"about":[{"href":"https:\/\/toensfeldt-modellbau.de\/index.php?rest_route=\/wp\/v2\/types\/page"}],"author":[{"embeddable":true,"href":"https:\/\/toensfeldt-modellbau.de\/index.php?rest_route=\/wp\/v2\/users\/2"}],"replies":[{"embeddable":true,"href":"https:\/\/toensfeldt-modellbau.de\/index.php?rest_route=%2Fwp%2Fv2%2Fcomments&post=2178"}],"version-history":[{"count":31,"href":"https:\/\/toensfeldt-modellbau.de\/index.php?rest_route=\/wp\/v2\/pages\/2178\/revisions"}],"predecessor-version":[{"id":7685,"href":"https:\/\/toensfeldt-modellbau.de\/index.php?rest_route=\/wp\/v2\/pages\/2178\/revisions\/7685"}],"wp:attachment":[{"href":"https:\/\/toensfeldt-modellbau.de\/index.php?rest_route=%2Fwp%2Fv2%2Fmedia&parent=2178"}],"curies":[{"name":"wp","href":"https:\/\/api.w.org\/{rel}","templated":true}]}}