{"id":2221,"date":"2017-08-12T14:09:39","date_gmt":"2017-08-12T12:09:39","guid":{"rendered":"http:\/\/toensfeldt-modellbau.de\/?page_id=2221"},"modified":"2025-03-02T15:02:53","modified_gmt":"2025-03-02T13:02:53","slug":"keggy","status":"publish","type":"page","link":"https:\/\/toensfeldt-modellbau.de\/?page_id=2221","title":{"rendered":"Keggy"},"content":{"rendered":"<p><img loading=\"lazy\" decoding=\"async\" class=\"alignnone size-full wp-image-4610\" src=\"http:\/\/toensfeldt-modellbau.de\/wp-content\/uploads\/2021\/04\/2Keggys2.jpg\" alt=\"\" width=\"425\" height=\"404\" srcset=\"https:\/\/toensfeldt-modellbau.de\/wp-content\/uploads\/2021\/04\/2Keggys2.jpg 425w, https:\/\/toensfeldt-modellbau.de\/wp-content\/uploads\/2021\/04\/2Keggys2-300x285.jpg 300w\" sizes=\"auto, (max-width: 425px) 100vw, 425px\" \/><\/p>\n<p>Nachbau eines Keggy aus Alu Vollmaterial gedreht mit Gr\u00fcnen Kunststoffdeckel in Alu Natur oder Schwarz Pulverbeschichtet.<\/p>\n<p>Technische Daten:<\/p>\n<ul>\n<li>H\u00f6he ca.: 33 mm<\/li>\n<li>Breite \u00d8: 23 mm<\/li>\n<\/ul>\n<p><img loading=\"lazy\" decoding=\"async\" class=\"alignnone size-full wp-image-4612\" src=\"http:\/\/toensfeldt-modellbau.de\/wp-content\/uploads\/2021\/04\/KeggySchwarz2Int.jpg\" alt=\"\" width=\"425\" height=\"300\" srcset=\"https:\/\/toensfeldt-modellbau.de\/wp-content\/uploads\/2021\/04\/KeggySchwarz2Int.jpg 425w, https:\/\/toensfeldt-modellbau.de\/wp-content\/uploads\/2021\/04\/KeggySchwarz2Int-300x212.jpg 300w\" sizes=\"auto, (max-width: 425px) 100vw, 425px\" \/><\/p>\n<p><img loading=\"lazy\" decoding=\"async\" class=\"alignnone size-full wp-image-2310\" src=\"http:\/\/toensfeldt-modellbau.de\/wp-content\/uploads\/2017\/08\/KeggySchwarz1-Int.jpg\" alt=\"\" width=\"344\" height=\"425\" srcset=\"https:\/\/toensfeldt-modellbau.de\/wp-content\/uploads\/2017\/08\/KeggySchwarz1-Int.jpg 344w, https:\/\/toensfeldt-modellbau.de\/wp-content\/uploads\/2017\/08\/KeggySchwarz1-Int-243x300.jpg 243w\" sizes=\"auto, (max-width: 344px) 100vw, 344px\" \/><\/p>\n<p><img loading=\"lazy\" decoding=\"async\" class=\"alignnone size-full wp-image-4611\" src=\"http:\/\/toensfeldt-modellbau.de\/wp-content\/uploads\/2021\/04\/KeggyAlu2-Int.jpg\" alt=\"\" width=\"425\" height=\"385\" srcset=\"https:\/\/toensfeldt-modellbau.de\/wp-content\/uploads\/2021\/04\/KeggyAlu2-Int.jpg 425w, https:\/\/toensfeldt-modellbau.de\/wp-content\/uploads\/2021\/04\/KeggyAlu2-Int-300x272.jpg 300w\" sizes=\"auto, (max-width: 425px) 100vw, 425px\" \/><\/p>\n<p><img loading=\"lazy\" decoding=\"async\" class=\"alignnone size-full wp-image-2304\" src=\"http:\/\/toensfeldt-modellbau.de\/wp-content\/uploads\/2017\/08\/KeggyAlu1-Int.jpg\" alt=\"\" width=\"291\" height=\"425\" srcset=\"https:\/\/toensfeldt-modellbau.de\/wp-content\/uploads\/2017\/08\/KeggyAlu1-Int.jpg 291w, https:\/\/toensfeldt-modellbau.de\/wp-content\/uploads\/2017\/08\/KeggyAlu1-Int-205x300.jpg 205w\" sizes=\"auto, (max-width: 291px) 100vw, 291px\" \/><\/p>\n<p>Art. Nr. Text:<\/p>\n<ul>\n<li><span style=\"color: #ff0000;\">090040<\/span> Keggy Alu Natur<\/li>\n<li><span style=\"color: #ff0000;\">090040<\/span> Keggy Alu Schwarz<\/li>\n<\/ul>\n<p>Nachbau eines Keggy aus Alu Vollmaterial gedreht mit Gr\u00fcnen Kunststoffdeckel in Alu Natur oder Schwarz Pulverbeschichtet mit und ohne Beschriftung.<\/p>\n<p>Diese 2 Brauerei Schriftz\u00fcge stehen zu verf\u00fcgung:<\/p>\n<ol>\n<li>Felnsburger<\/li>\n<li>Krombacher<\/li>\n<li>Jever<\/li>\n<li>Rothaus<\/li>\n<li>Alpirsbacher Klosterbr\u00e4u<\/li>\n<li>Haigerlocher Schlo\u00dfbr\u00e4u<\/li>\n<\/ol>\n<p>Schriftzug f\u00fcr ein Keggy 0,75 \u20ac es sind Restbest\u00e4nde aus den Ma\u00dfst\u00e4ben 1:14 und 1:16<\/p>\n<p><img loading=\"lazy\" decoding=\"async\" class=\"alignnone size-full wp-image-2305\" src=\"http:\/\/toensfeldt-modellbau.de\/wp-content\/uploads\/2017\/08\/Keggy-Flens-B1-Int.jpg\" alt=\"\" width=\"267\" height=\"425\" srcset=\"https:\/\/toensfeldt-modellbau.de\/wp-content\/uploads\/2017\/08\/Keggy-Flens-B1-Int.jpg 267w, https:\/\/toensfeldt-modellbau.de\/wp-content\/uploads\/2017\/08\/Keggy-Flens-B1-Int-188x300.jpg 188w\" sizes=\"auto, (max-width: 267px) 100vw, 267px\" \/><\/p>\n<p><img loading=\"lazy\" decoding=\"async\" class=\"alignnone size-full wp-image-2308\" src=\"http:\/\/toensfeldt-modellbau.de\/wp-content\/uploads\/2017\/08\/Keggy-Kromi-B1-Int.jpg\" alt=\"\" width=\"258\" height=\"425\" srcset=\"https:\/\/toensfeldt-modellbau.de\/wp-content\/uploads\/2017\/08\/Keggy-Kromi-B1-Int.jpg 258w, https:\/\/toensfeldt-modellbau.de\/wp-content\/uploads\/2017\/08\/Keggy-Kromi-B1-Int-182x300.jpg 182w\" sizes=\"auto, (max-width: 258px) 100vw, 258px\" \/><\/p>\n<p><span style=\"font-size: medium;\">Herstellerdaten gem\u00e4s GPSR<\/span><\/p>\n<p><span style=\"font-size: medium;\">Olaf T\u00f6nsfeldt<br \/>\nT\u00f6nsfeldt <span style=\"color: #000000;\">Modellbau Vertrieb<\/span><span style=\"color: #ff0000;\"><span style=\"font-family: Arial, Helvetica, sans-serif;\"><br \/>\n<\/span><\/span>Nobiskr\u00fcger Allee 20<span style=\"font-family: Arial, Helvetica, sans-serif;\"><br \/>\n<\/span>24768 Rendsburg<\/span><\/p>\n<p><strong><span style=\"font-size: medium;\">Deutschland<\/span><\/strong><span style=\"font-size: medium;\"><br \/>\nTel.: 0049 (0 ) 43 31\/ 51 95<br \/>\nE-Mail an: <a href=\"mailto:tmv@toensfeldt-modellbau.de\">tmv@toensfeldt-modellbau.de<\/a><\/span><\/p>\n","protected":false},"excerpt":{"rendered":"<p>Nachbau eines Keggy aus Alu Vollmaterial gedreht mit Gr\u00fcnen Kunststoffdeckel in Alu Natur oder Schwarz Pulverbeschichtet. Technische Daten: H\u00f6he ca.: 33 mm Breite \u00d8: 23 mm Art. Nr. Text: 090040 Keggy Alu Natur 090040 Keggy Alu Schwarz Nachbau eines Keggy &hellip; <a href=\"https:\/\/toensfeldt-modellbau.de\/?page_id=2221\">Weiterlesen <span class=\"meta-nav\">&rarr;<\/span><\/a><\/p>\n","protected":false},"author":2,"featured_media":0,"parent":0,"menu_order":0,"comment_status":"closed","ping_status":"closed","template":"","meta":{"footnotes":""},"class_list":["post-2221","page","type-page","status-publish","hentry"],"_links":{"self":[{"href":"https:\/\/toensfeldt-modellbau.de\/index.php?rest_route=\/wp\/v2\/pages\/2221","targetHints":{"allow":["GET"]}}],"collection":[{"href":"https:\/\/toensfeldt-modellbau.de\/index.php?rest_route=\/wp\/v2\/pages"}],"about":[{"href":"https:\/\/toensfeldt-modellbau.de\/index.php?rest_route=\/wp\/v2\/types\/page"}],"author":[{"embeddable":true,"href":"https:\/\/toensfeldt-modellbau.de\/index.php?rest_route=\/wp\/v2\/users\/2"}],"replies":[{"embeddable":true,"href":"https:\/\/toensfeldt-modellbau.de\/index.php?rest_route=%2Fwp%2Fv2%2Fcomments&post=2221"}],"version-history":[{"count":11,"href":"https:\/\/toensfeldt-modellbau.de\/index.php?rest_route=\/wp\/v2\/pages\/2221\/revisions"}],"predecessor-version":[{"id":7595,"href":"https:\/\/toensfeldt-modellbau.de\/index.php?rest_route=\/wp\/v2\/pages\/2221\/revisions\/7595"}],"wp:attachment":[{"href":"https:\/\/toensfeldt-modellbau.de\/index.php?rest_route=%2Fwp%2Fv2%2Fmedia&parent=2221"}],"curies":[{"name":"wp","href":"https:\/\/api.w.org\/{rel}","templated":true}]}}