{"id":2225,"date":"2017-08-12T14:12:55","date_gmt":"2017-08-12T12:12:55","guid":{"rendered":"http:\/\/toensfeldt-modellbau.de\/?page_id=2225"},"modified":"2025-03-08T13:41:22","modified_gmt":"2025-03-08T11:41:22","slug":"oel-fass-200-l","status":"publish","type":"page","link":"https:\/\/toensfeldt-modellbau.de\/?page_id=2225","title":{"rendered":"\u00d6L Fass 200 L"},"content":{"rendered":"<p><em><strong><span style=\"color: #ff0000;\">\u00a0Alu Fass 200 L<br \/>\n<\/span><\/strong><\/em><\/p>\n<p><img loading=\"lazy\" decoding=\"async\" class=\"alignnone size-full wp-image-2243\" src=\"http:\/\/toensfeldt-modellbau.de\/wp-content\/uploads\/2017\/08\/3FarbenF\u00e4sser2-Int.jpg\" alt=\"\" width=\"709\" height=\"482\" srcset=\"https:\/\/toensfeldt-modellbau.de\/wp-content\/uploads\/2017\/08\/3FarbenF\u00e4sser2-Int.jpg 709w, https:\/\/toensfeldt-modellbau.de\/wp-content\/uploads\/2017\/08\/3FarbenF\u00e4sser2-Int-300x204.jpg 300w\" sizes=\"auto, (max-width: 709px) 100vw, 709px\" \/><\/p>\n<p>Nachbau eines 200 L Fasses aus Alu Vollmaterial gedreht 2 Sechskantschrauben als Verschluss und Bel\u00fcftung. Farben f\u00fcr die F\u00e4sser Alu Natur oder in Rot, Schwarz, Gelb und Oliv Pulverbeschichtet.<\/p>\n<p>Technische Daten:<\/p>\n<ul>\n<li>H\u00f6he\u00a0 63 mm<\/li>\n<li>Breite 41 mm<\/li>\n<li>Gewicht ca. 220 g<\/li>\n<\/ul>\n<p><img loading=\"lazy\" decoding=\"async\" class=\"alignnone size-full wp-image-2245\" src=\"http:\/\/toensfeldt-modellbau.de\/wp-content\/uploads\/2017\/08\/Rote-F\u00e4sser1-Int.jpg\" alt=\"\" width=\"567\" height=\"376\" srcset=\"https:\/\/toensfeldt-modellbau.de\/wp-content\/uploads\/2017\/08\/Rote-F\u00e4sser1-Int.jpg 567w, https:\/\/toensfeldt-modellbau.de\/wp-content\/uploads\/2017\/08\/Rote-F\u00e4sser1-Int-300x199.jpg 300w\" sizes=\"auto, (max-width: 567px) 100vw, 567px\" \/><\/p>\n<p><img loading=\"lazy\" decoding=\"async\" class=\"alignnone size-full wp-image-2244\" src=\"http:\/\/toensfeldt-modellbau.de\/wp-content\/uploads\/2017\/08\/Gelbe-F\u00e4sser1-Int.jpg\" alt=\"\" width=\"567\" height=\"527\" srcset=\"https:\/\/toensfeldt-modellbau.de\/wp-content\/uploads\/2017\/08\/Gelbe-F\u00e4sser1-Int.jpg 567w, https:\/\/toensfeldt-modellbau.de\/wp-content\/uploads\/2017\/08\/Gelbe-F\u00e4sser1-Int-300x279.jpg 300w\" sizes=\"auto, (max-width: 567px) 100vw, 567px\" \/><\/p>\n<p><img loading=\"lazy\" decoding=\"async\" class=\"alignnone size-full wp-image-2246\" src=\"http:\/\/toensfeldt-modellbau.de\/wp-content\/uploads\/2017\/08\/Schwarze-F\u00e4sser1-Int.jpg\" alt=\"\" width=\"567\" height=\"369\" srcset=\"https:\/\/toensfeldt-modellbau.de\/wp-content\/uploads\/2017\/08\/Schwarze-F\u00e4sser1-Int.jpg 567w, https:\/\/toensfeldt-modellbau.de\/wp-content\/uploads\/2017\/08\/Schwarze-F\u00e4sser1-Int-300x195.jpg 300w\" sizes=\"auto, (max-width: 567px) 100vw, 567px\" \/><\/p>\n<p><img loading=\"lazy\" decoding=\"async\" class=\"alignnone size-full wp-image-2490\" src=\"http:\/\/toensfeldt-modellbau.de\/wp-content\/uploads\/2017\/10\/Oliv-F\u00e4sser1-Int.jpg\" alt=\"\" width=\"425\" height=\"387\" srcset=\"https:\/\/toensfeldt-modellbau.de\/wp-content\/uploads\/2017\/10\/Oliv-F\u00e4sser1-Int.jpg 425w, https:\/\/toensfeldt-modellbau.de\/wp-content\/uploads\/2017\/10\/Oliv-F\u00e4sser1-Int-300x273.jpg 300w\" sizes=\"auto, (max-width: 425px) 100vw, 425px\" \/><\/p>\n<p>Art. Nr. Bestell Text:<\/p>\n<ul>\n<li><span style=\"color: #000000;\">090032<\/span> \u00a0\u00a0\u00a0\u00a0 TMV \u00d6lfass 200 L Alu Natur <span style=\"color: #0000ff;\">noch<\/span> <span style=\"color: #ff0000;\"><span style=\"color: #0000ff;\">21 F\u00e4sser<\/span><br \/>\n<\/span><\/li>\n<li><span style=\"color: #000000;\">090033<\/span> \u00a0\u00a0\u00a0\u00a0 TMV \u00d6lfass 200 L Rot\u00a0 <span style=\"color: #0000ff;\">noch<\/span> <span style=\"color: #ff0000;\"><span style=\"color: #0000ff;\">9 F\u00e4sser<\/span><br \/>\n<\/span><\/li>\n<li><span style=\"color: #ff0000;\"><span style=\"color: #000000;\"><span style=\"color: #ff0000;\">090034<\/span><\/span>\u00a0<\/span> \u00a0\u00a0\u00a0 TMV \u00d6lfass 200 L Gelb <span style=\"color: #0000ff;\">noch 23 F\u00e4sser<\/span><\/li>\n<li><span style=\"color: #ff0000;\">090035<\/span> \u00a0\u00a0\u00a0\u00a0 TMV \u00d6lfass 200 L Schwarz <span style=\"color: #0000ff;\">noch 9 F\u00e4sser<\/span><\/li>\n<li><span style=\"color: #ff0000;\">090036<\/span> \u00a0\u00a0\u00a0\u00a0 TMV \u00d6lfass 200 L Oliv <span style=\"color: #0000ff;\">noch 16 F\u00e4sser<\/span><\/li>\n<\/ul>\n<p>Preise von 9,90 bis 11,50 \u20ac<\/p>\n<p><span style=\"font-size: medium;\">Herstellerdaten gem\u00e4s GPSR<\/span><\/p>\n<p><span style=\"font-size: medium;\">Olaf T\u00f6nsfeldt<br \/>\nT\u00f6nsfeldt <span style=\"color: #000000;\">Modellbau Vertrieb<\/span><span style=\"color: #ff0000;\"><span style=\"font-family: Arial, Helvetica, sans-serif;\"><br \/>\n<\/span><\/span>Nobiskr\u00fcger Allee 20<span style=\"font-family: Arial, Helvetica, sans-serif;\"><br \/>\n<\/span>24768 Rendsburg<\/span><\/p>\n<p><strong><span style=\"font-size: medium;\">Deutschland<\/span><\/strong><span style=\"font-size: medium;\"><br \/>\nTel.: 0049 (0 ) 43 31\/ 51 95<br \/>\nE-Mail an: <a href=\"mailto:tmv@toensfeldt-modellbau.de\">tmv@toensfeldt-modellbau.de<\/a><\/span><\/p>\n","protected":false},"excerpt":{"rendered":"<p>\u00a0Alu Fass 200 L Nachbau eines 200 L Fasses aus Alu Vollmaterial gedreht 2 Sechskantschrauben als Verschluss und Bel\u00fcftung. Farben f\u00fcr die F\u00e4sser Alu Natur oder in Rot, Schwarz, Gelb und Oliv Pulverbeschichtet. Technische Daten: H\u00f6he\u00a0 63 mm Breite 41 &hellip; <a href=\"https:\/\/toensfeldt-modellbau.de\/?page_id=2225\">Weiterlesen <span class=\"meta-nav\">&rarr;<\/span><\/a><\/p>\n","protected":false},"author":2,"featured_media":0,"parent":0,"menu_order":0,"comment_status":"closed","ping_status":"closed","template":"","meta":{"footnotes":""},"class_list":["post-2225","page","type-page","status-publish","hentry"],"_links":{"self":[{"href":"https:\/\/toensfeldt-modellbau.de\/index.php?rest_route=\/wp\/v2\/pages\/2225","targetHints":{"allow":["GET"]}}],"collection":[{"href":"https:\/\/toensfeldt-modellbau.de\/index.php?rest_route=\/wp\/v2\/pages"}],"about":[{"href":"https:\/\/toensfeldt-modellbau.de\/index.php?rest_route=\/wp\/v2\/types\/page"}],"author":[{"embeddable":true,"href":"https:\/\/toensfeldt-modellbau.de\/index.php?rest_route=\/wp\/v2\/users\/2"}],"replies":[{"embeddable":true,"href":"https:\/\/toensfeldt-modellbau.de\/index.php?rest_route=%2Fwp%2Fv2%2Fcomments&post=2225"}],"version-history":[{"count":14,"href":"https:\/\/toensfeldt-modellbau.de\/index.php?rest_route=\/wp\/v2\/pages\/2225\/revisions"}],"predecessor-version":[{"id":7670,"href":"https:\/\/toensfeldt-modellbau.de\/index.php?rest_route=\/wp\/v2\/pages\/2225\/revisions\/7670"}],"wp:attachment":[{"href":"https:\/\/toensfeldt-modellbau.de\/index.php?rest_route=%2Fwp%2Fv2%2Fmedia&parent=2225"}],"curies":[{"name":"wp","href":"https:\/\/api.w.org\/{rel}","templated":true}]}}