{"id":2227,"date":"2017-08-12T14:14:27","date_gmt":"2017-08-12T12:14:27","guid":{"rendered":"http:\/\/toensfeldt-modellbau.de\/?page_id=2227"},"modified":"2025-03-08T13:38:47","modified_gmt":"2025-03-08T11:38:47","slug":"fasswanne","status":"publish","type":"page","link":"https:\/\/toensfeldt-modellbau.de\/?page_id=2227","title":{"rendered":"Fasswanne"},"content":{"rendered":"<p><em><strong><span style=\"color: #ff0000;\">Fasswanne Kunststoff Blau<\/span><\/strong><\/em><\/p>\n<p><img loading=\"lazy\" decoding=\"async\" class=\"alignnone size-full wp-image-1472\" src=\"http:\/\/toensfeldt-modellbau.de\/wp-content\/uploads\/2016\/03\/Fasswanne-mit-Zubeh\u00f6r4Int.jpg\" alt=\"\" width=\"340\" height=\"207\" srcset=\"https:\/\/toensfeldt-modellbau.de\/wp-content\/uploads\/2016\/03\/Fasswanne-mit-Zubeh\u00f6r4Int.jpg 340w, https:\/\/toensfeldt-modellbau.de\/wp-content\/uploads\/2016\/03\/Fasswanne-mit-Zubeh\u00f6r4Int-300x183.jpg 300w\" sizes=\"auto, (max-width: 340px) 100vw, 340px\" \/><\/p>\n<ul>\n<li>Nachbau einer Kunststoffwanne f\u00fcr 1. 200 L Fass.<\/li>\n<li>Der Bausatz enth\u00e4lt: 5 Kunststoffteile Blau, ein Gitter Metal und eine Bauanleitung.<img loading=\"lazy\" decoding=\"async\" class=\"alignnone size-full wp-image-1471\" src=\"http:\/\/toensfeldt-modellbau.de\/wp-content\/uploads\/2016\/03\/Fasswanne-Blau-3Int.jpg\" alt=\"Fasswanne Blau 3Int\" width=\"340\" height=\"225\" srcset=\"https:\/\/toensfeldt-modellbau.de\/wp-content\/uploads\/2016\/03\/Fasswanne-Blau-3Int.jpg 340w, https:\/\/toensfeldt-modellbau.de\/wp-content\/uploads\/2016\/03\/Fasswanne-Blau-3Int-300x199.jpg 300w\" sizes=\"auto, (max-width: 340px) 100vw, 340px\" \/><\/li>\n<\/ul>\n<p>Technische Daten:<\/p>\n<ul>\n<li>H\u00f6he:\u00a0\u00a0 ca. 11 mm<\/li>\n<li>Breite: ca.54 mm<\/li>\n<li>L\u00e4nge: ca. 83 mm<\/li>\n<\/ul>\n<p>Art. Nr. Bestell Text:<\/p>\n<p><span style=\"color: #ff0000;\">090039<\/span> \u00a0\u00a0\u00a0 Fasswanne Bausatz Blau<\/p>\n<p><span style=\"font-size: medium;\">Herstellerdaten gem\u00e4s GPSR<\/span><\/p>\n<p><span style=\"font-size: medium;\">Olaf T\u00f6nsfeldt<br \/>\nT\u00f6nsfeldt <span style=\"color: #000000;\">Modellbau Vertrieb<\/span><span style=\"color: #ff0000;\"><span style=\"font-family: Arial, Helvetica, sans-serif;\"><br \/>\n<\/span><\/span>Nobiskr\u00fcger Allee 20<span style=\"font-family: Arial, Helvetica, sans-serif;\"><br \/>\n<\/span>24768 Rendsburg<\/span><\/p>\n<p><strong><span style=\"font-size: medium;\">Deutschland<\/span><\/strong><span style=\"font-size: medium;\"><br \/>\nTel.: 0049 (0 ) 43 31\/ 51 95<br \/>\nE-Mail an: <a href=\"mailto:tmv@toensfeldt-modellbau.de\">tmv@toensfeldt-modellbau.de<\/a><\/span><\/p>\n","protected":false},"excerpt":{"rendered":"<p>Fasswanne Kunststoff Blau Nachbau einer Kunststoffwanne f\u00fcr 1. 200 L Fass. Der Bausatz enth\u00e4lt: 5 Kunststoffteile Blau, ein Gitter Metal und eine Bauanleitung. Technische Daten: H\u00f6he:\u00a0\u00a0 ca. 11 mm Breite: ca.54 mm L\u00e4nge: ca. 83 mm Art. Nr. Bestell Text: &hellip; <a href=\"https:\/\/toensfeldt-modellbau.de\/?page_id=2227\">Weiterlesen <span class=\"meta-nav\">&rarr;<\/span><\/a><\/p>\n","protected":false},"author":2,"featured_media":0,"parent":0,"menu_order":0,"comment_status":"closed","ping_status":"closed","template":"","meta":{"footnotes":""},"class_list":["post-2227","page","type-page","status-publish","hentry"],"_links":{"self":[{"href":"https:\/\/toensfeldt-modellbau.de\/index.php?rest_route=\/wp\/v2\/pages\/2227","targetHints":{"allow":["GET"]}}],"collection":[{"href":"https:\/\/toensfeldt-modellbau.de\/index.php?rest_route=\/wp\/v2\/pages"}],"about":[{"href":"https:\/\/toensfeldt-modellbau.de\/index.php?rest_route=\/wp\/v2\/types\/page"}],"author":[{"embeddable":true,"href":"https:\/\/toensfeldt-modellbau.de\/index.php?rest_route=\/wp\/v2\/users\/2"}],"replies":[{"embeddable":true,"href":"https:\/\/toensfeldt-modellbau.de\/index.php?rest_route=%2Fwp%2Fv2%2Fcomments&post=2227"}],"version-history":[{"count":3,"href":"https:\/\/toensfeldt-modellbau.de\/index.php?rest_route=\/wp\/v2\/pages\/2227\/revisions"}],"predecessor-version":[{"id":7668,"href":"https:\/\/toensfeldt-modellbau.de\/index.php?rest_route=\/wp\/v2\/pages\/2227\/revisions\/7668"}],"wp:attachment":[{"href":"https:\/\/toensfeldt-modellbau.de\/index.php?rest_route=%2Fwp%2Fv2%2Fmedia&parent=2227"}],"curies":[{"name":"wp","href":"https:\/\/api.w.org\/{rel}","templated":true}]}}