{"id":2329,"date":"2017-09-02T13:58:05","date_gmt":"2017-09-02T11:58:05","guid":{"rendered":"http:\/\/toensfeldt-modellbau.de\/?page_id=2329"},"modified":"2025-03-08T20:25:48","modified_gmt":"2025-03-08T18:25:48","slug":"schutzscheibe","status":"publish","type":"page","link":"https:\/\/toensfeldt-modellbau.de\/?page_id=2329","title":{"rendered":"Schutzscheibe"},"content":{"rendered":"<p><img loading=\"lazy\" decoding=\"async\" class=\"alignnone size-full wp-image-2321\" src=\"http:\/\/toensfeldt-modellbau.de\/wp-content\/uploads\/2017\/09\/Wind-Schutz-Rot-VorneB1-Int.jpg\" alt=\"\" width=\"567\" height=\"473\" srcset=\"https:\/\/toensfeldt-modellbau.de\/wp-content\/uploads\/2017\/09\/Wind-Schutz-Rot-VorneB1-Int.jpg 567w, https:\/\/toensfeldt-modellbau.de\/wp-content\/uploads\/2017\/09\/Wind-Schutz-Rot-VorneB1-Int-300x250.jpg 300w\" sizes=\"auto, (max-width: 567px) 100vw, 567px\" \/><\/p>\n<p>Schutzscheiben f\u00fcr den King Hauler 1:14 und den Grand Hauler 1:14 in Verschiedenen Farben. Im Bausatz sind dabei 2 Halter 2 F\u00fc\u00dfe f\u00fcr die Halter und die Schutzscheibe.<\/p>\n<p><img loading=\"lazy\" decoding=\"async\" class=\"alignnone size-full wp-image-2322\" src=\"http:\/\/toensfeldt-modellbau.de\/wp-content\/uploads\/2017\/09\/Wind-Schutz-Rot-VorneB2-Int.jpg\" alt=\"\" width=\"567\" height=\"443\" srcset=\"https:\/\/toensfeldt-modellbau.de\/wp-content\/uploads\/2017\/09\/Wind-Schutz-Rot-VorneB2-Int.jpg 567w, https:\/\/toensfeldt-modellbau.de\/wp-content\/uploads\/2017\/09\/Wind-Schutz-Rot-VorneB2-Int-300x234.jpg 300w\" sizes=\"auto, (max-width: 567px) 100vw, 567px\" \/><\/p>\n<p><img loading=\"lazy\" decoding=\"async\" class=\"alignnone size-full wp-image-2324\" src=\"http:\/\/toensfeldt-modellbau.de\/wp-content\/uploads\/2017\/09\/Wind-Schutz-alle-FarbenB1-Int.jpg\" alt=\"\" width=\"425\" height=\"306\" srcset=\"https:\/\/toensfeldt-modellbau.de\/wp-content\/uploads\/2017\/09\/Wind-Schutz-alle-FarbenB1-Int.jpg 425w, https:\/\/toensfeldt-modellbau.de\/wp-content\/uploads\/2017\/09\/Wind-Schutz-alle-FarbenB1-Int-300x216.jpg 300w\" sizes=\"auto, (max-width: 425px) 100vw, 425px\" \/><\/p>\n<p>Art. Nr. Bestelltext:<\/p>\n<ul>\n<li><span style=\"color: #ff0000;\">040051<\/span> Schutzscheibe Rot<\/li>\n<li><span style=\"color: #000000;\">040052<\/span> Schutzscheibe Orange Ausverkauft<\/li>\n<li><span style=\"color: #ff0000;\">040053<\/span> Schutzscheibe Blau<\/li>\n<li><span style=\"color: #ff0000;\">040054<\/span> Schutzscheibe Klar<\/li>\n<li><span style=\"color: #000000;\">040055<\/span> Schutzscheibe Schwarz Ausverkauft<\/li>\n<\/ul>\n<p>Noch Lieferbar:<\/p>\n<ul>\n<li>040051 Schutzscheibe Rot 2 St\u00fcck<\/li>\n<li>040053 Schutzscheibe Blau 3 St\u00fcck<\/li>\n<li>040054 Schutzscheibe Klar 2 St\u00fcck<\/li>\n<\/ul>\n<p>Diane Niepelt<br \/>\nAm Erbenberg 10<br \/>\n58638 Iserlohn<br \/>\nDeutschland<br \/>\nE-Mail: mnkundenservice@gmail.com<\/p>\n","protected":false},"excerpt":{"rendered":"<p>Schutzscheiben f\u00fcr den King Hauler 1:14 und den Grand Hauler 1:14 in Verschiedenen Farben. Im Bausatz sind dabei 2 Halter 2 F\u00fc\u00dfe f\u00fcr die Halter und die Schutzscheibe. Art. Nr. Bestelltext: 040051 Schutzscheibe Rot 040052 Schutzscheibe Orange Ausverkauft 040053 Schutzscheibe &hellip; <a href=\"https:\/\/toensfeldt-modellbau.de\/?page_id=2329\">Weiterlesen <span class=\"meta-nav\">&rarr;<\/span><\/a><\/p>\n","protected":false},"author":2,"featured_media":0,"parent":0,"menu_order":0,"comment_status":"closed","ping_status":"closed","template":"","meta":{"footnotes":""},"class_list":["post-2329","page","type-page","status-publish","hentry"],"_links":{"self":[{"href":"https:\/\/toensfeldt-modellbau.de\/index.php?rest_route=\/wp\/v2\/pages\/2329","targetHints":{"allow":["GET"]}}],"collection":[{"href":"https:\/\/toensfeldt-modellbau.de\/index.php?rest_route=\/wp\/v2\/pages"}],"about":[{"href":"https:\/\/toensfeldt-modellbau.de\/index.php?rest_route=\/wp\/v2\/types\/page"}],"author":[{"embeddable":true,"href":"https:\/\/toensfeldt-modellbau.de\/index.php?rest_route=\/wp\/v2\/users\/2"}],"replies":[{"embeddable":true,"href":"https:\/\/toensfeldt-modellbau.de\/index.php?rest_route=%2Fwp%2Fv2%2Fcomments&post=2329"}],"version-history":[{"count":7,"href":"https:\/\/toensfeldt-modellbau.de\/index.php?rest_route=\/wp\/v2\/pages\/2329\/revisions"}],"predecessor-version":[{"id":7704,"href":"https:\/\/toensfeldt-modellbau.de\/index.php?rest_route=\/wp\/v2\/pages\/2329\/revisions\/7704"}],"wp:attachment":[{"href":"https:\/\/toensfeldt-modellbau.de\/index.php?rest_route=%2Fwp%2Fv2%2Fmedia&parent=2329"}],"curies":[{"name":"wp","href":"https:\/\/api.w.org\/{rel}","templated":true}]}}