{"id":2381,"date":"2017-09-25T18:04:32","date_gmt":"2017-09-25T16:04:32","guid":{"rendered":"http:\/\/toensfeldt-modellbau.de\/?page_id=2381"},"modified":"2025-03-08T12:46:43","modified_gmt":"2025-03-08T10:46:43","slug":"anschlagpunkte","status":"publish","type":"page","link":"https:\/\/toensfeldt-modellbau.de\/?page_id=2381","title":{"rendered":"Anschlagpunkte"},"content":{"rendered":"<p><img loading=\"lazy\" decoding=\"async\" class=\"alignnone size-full wp-image-5463\" src=\"http:\/\/toensfeldt-modellbau.de\/wp-content\/uploads\/2021\/09\/Anschlagpunkte.jpg\" alt=\"\" width=\"425\" height=\"365\" srcset=\"https:\/\/toensfeldt-modellbau.de\/wp-content\/uploads\/2021\/09\/Anschlagpunkte.jpg 425w, https:\/\/toensfeldt-modellbau.de\/wp-content\/uploads\/2021\/09\/Anschlagpunkte-300x258.jpg 300w\" sizes=\"auto, (max-width: 425px) 100vw, 425px\" \/><\/p>\n<p><em><strong><span style=\"color: #ff0000;\">TMV Anschlagpunkte<\/span><\/strong><\/em><\/p>\n<p>2 TMV Anschlagpunkte mit Grundplatte 8&#215;8 mm und fester \u00d6se, in Gro\u00df f\u00fcr die Lasthaken oder Klein f\u00fcr die Anschlaghaken, aus Messing verl\u00f6tet und pulverbeschichtet.<\/p>\n<p>Im Satz sind enthalten:<\/p>\n<ol>\n<li>Version 1: 2 x TMV Anschlagpunkt Grundplatte 8&#215;8 mm mit \u00d6se Gro\u00df LH aus Messing verl\u00f6tet und pulverbeschichtet, 8 x Sechskantschraube Messing M 1,4 x 6 mm schwarz\u00a0 br\u00fcniert mit 8 x Mutter M 1,4 mm Messing Natur.<\/li>\n<li>Version 2: 2 x TMV Anschlagpunkt Grundplatte 8&#215;8 mm mit \u00d6se Klein AH aus Messing verl\u00f6tet und pulverbeschichtet, 8 x Sechskantschraube Messing M1,4 x 6 mm schwarz\u00a0 br\u00fcniert mit 8 x Mutter M 1,4 mm Messing Natur.<\/li>\n<\/ol>\n<ul>\n<li>AP = Anschlagpunkt<\/li>\n<li>GP = Grundplatte 8&#215;8 mm<\/li>\n<li>AH = Anschlaghaken<\/li>\n<li>LH = Lasthaken<\/li>\n<li>\n<p><span style=\"font-size: medium;\">Herstellerdaten gem\u00e4s GPSR<\/span><\/p>\n<p><span style=\"font-size: medium;\">Olaf T\u00f6nsfeldt<br \/>T\u00f6nsfeldt <span style=\"color: #000000;\">Modellbau Vertrieb<\/span><span style=\"color: #ff0000;\"><span style=\"font-family: Arial, Helvetica, sans-serif;\"><br \/><\/span><\/span>Nobiskr\u00fcger Allee 20<span style=\"font-family: Arial, Helvetica, sans-serif;\"><br \/><\/span>24768 Rendsburg<\/span><\/p>\n<p><strong><span style=\"font-size: medium;\">Deutschland<\/span><\/strong><span style=\"font-size: medium;\"><br \/>Tel.: 0049 (0 ) 43 31\/ 51 95<br \/>E-Mail an: <a href=\"mailto:tmv@toensfeldt-modellbau.de\">tmv@toensfeldt-modellbau.de<\/a><\/span><\/p>\n<\/li>\n<\/ul>\n\n\n<figure class=\"wp-block-image size-large\"><a href=\"http:\/\/toensfeldt-modellbau.de\/wp-content\/uploads\/2021\/09\/Schrauben.jpg\"><img loading=\"lazy\" decoding=\"async\" width=\"283\" height=\"296\" src=\"http:\/\/toensfeldt-modellbau.de\/wp-content\/uploads\/2021\/09\/Schrauben.jpg\" alt=\"\" class=\"wp-image-5468\"\/><\/a><figcaption class=\"wp-element-caption\">Befestiegungsschrauben GP und \u00d6se Lang mit Klemmblech<\/figcaption><\/figure>\n","protected":false},"excerpt":{"rendered":"<p>TMV Anschlagpunkte 2 TMV Anschlagpunkte mit Grundplatte 8&#215;8 mm und fester \u00d6se, in Gro\u00df f\u00fcr die Lasthaken oder Klein f\u00fcr die Anschlaghaken, aus Messing verl\u00f6tet und pulverbeschichtet. Im Satz sind enthalten: Version 1: 2 x TMV Anschlagpunkt Grundplatte 8&#215;8 mm &hellip; <a href=\"https:\/\/toensfeldt-modellbau.de\/?page_id=2381\">Weiterlesen <span class=\"meta-nav\">&rarr;<\/span><\/a><\/p>\n","protected":false},"author":2,"featured_media":0,"parent":0,"menu_order":0,"comment_status":"closed","ping_status":"closed","template":"","meta":{"footnotes":""},"class_list":["post-2381","page","type-page","status-publish","hentry"],"_links":{"self":[{"href":"https:\/\/toensfeldt-modellbau.de\/index.php?rest_route=\/wp\/v2\/pages\/2381","targetHints":{"allow":["GET"]}}],"collection":[{"href":"https:\/\/toensfeldt-modellbau.de\/index.php?rest_route=\/wp\/v2\/pages"}],"about":[{"href":"https:\/\/toensfeldt-modellbau.de\/index.php?rest_route=\/wp\/v2\/types\/page"}],"author":[{"embeddable":true,"href":"https:\/\/toensfeldt-modellbau.de\/index.php?rest_route=\/wp\/v2\/users\/2"}],"replies":[{"embeddable":true,"href":"https:\/\/toensfeldt-modellbau.de\/index.php?rest_route=%2Fwp%2Fv2%2Fcomments&post=2381"}],"version-history":[{"count":33,"href":"https:\/\/toensfeldt-modellbau.de\/index.php?rest_route=\/wp\/v2\/pages\/2381\/revisions"}],"predecessor-version":[{"id":7626,"href":"https:\/\/toensfeldt-modellbau.de\/index.php?rest_route=\/wp\/v2\/pages\/2381\/revisions\/7626"}],"wp:attachment":[{"href":"https:\/\/toensfeldt-modellbau.de\/index.php?rest_route=%2Fwp%2Fv2%2Fmedia&parent=2381"}],"curies":[{"name":"wp","href":"https:\/\/api.w.org\/{rel}","templated":true}]}}