{"id":2527,"date":"2017-11-15T15:22:15","date_gmt":"2017-11-15T13:22:15","guid":{"rendered":"http:\/\/toensfeldt-modellbau.de\/?page_id=2527"},"modified":"2025-03-08T13:49:16","modified_gmt":"2025-03-08T11:49:16","slug":"scaufel-besen","status":"publish","type":"page","link":"https:\/\/toensfeldt-modellbau.de\/?page_id=2527","title":{"rendered":"Schaufel &#038; Besen"},"content":{"rendered":"<div id=\"attachment_2524\" style=\"width: 577px\" class=\"wp-caption alignnone\"><img loading=\"lazy\" decoding=\"async\" aria-describedby=\"caption-attachment-2524\" class=\"wp-image-2524 size-full\" src=\"http:\/\/toensfeldt-modellbau.de\/wp-content\/uploads\/2017\/11\/Mann-Schaufel-Besen-Schwarz.jpg\" alt=\"\" width=\"567\" height=\"571\" srcset=\"https:\/\/toensfeldt-modellbau.de\/wp-content\/uploads\/2017\/11\/Mann-Schaufel-Besen-Schwarz.jpg 567w, https:\/\/toensfeldt-modellbau.de\/wp-content\/uploads\/2017\/11\/Mann-Schaufel-Besen-Schwarz-150x150.jpg 150w, https:\/\/toensfeldt-modellbau.de\/wp-content\/uploads\/2017\/11\/Mann-Schaufel-Besen-Schwarz-298x300.jpg 298w\" sizes=\"auto, (max-width: 567px) 100vw, 567px\" \/><p id=\"caption-attachment-2524\" class=\"wp-caption-text\">bworld Figur von Bruder<\/p><\/div>\n<p><img loading=\"lazy\" decoding=\"async\" class=\"alignnone size-full wp-image-2525\" src=\"http:\/\/toensfeldt-modellbau.de\/wp-content\/uploads\/2017\/11\/Schaufel-Besen-Rot.jpg\" alt=\"\" width=\"277\" height=\"425\" srcset=\"https:\/\/toensfeldt-modellbau.de\/wp-content\/uploads\/2017\/11\/Schaufel-Besen-Rot.jpg 277w, https:\/\/toensfeldt-modellbau.de\/wp-content\/uploads\/2017\/11\/Schaufel-Besen-Rot-196x300.jpg 196w\" sizes=\"auto, (max-width: 277px) 100vw, 277px\" \/><\/p>\n<p><img loading=\"lazy\" decoding=\"async\" class=\"alignnone size-full wp-image-2526\" src=\"http:\/\/toensfeldt-modellbau.de\/wp-content\/uploads\/2017\/11\/Schaufel-Besen-Schwarz.jpg\" alt=\"\" width=\"251\" height=\"425\" srcset=\"https:\/\/toensfeldt-modellbau.de\/wp-content\/uploads\/2017\/11\/Schaufel-Besen-Schwarz.jpg 251w, https:\/\/toensfeldt-modellbau.de\/wp-content\/uploads\/2017\/11\/Schaufel-Besen-Schwarz-177x300.jpg 177w\" sizes=\"auto, (max-width: 251px) 100vw, 251px\" \/><\/p>\n<p><img loading=\"lazy\" decoding=\"async\" class=\"alignnone size-full wp-image-2934\" src=\"http:\/\/toensfeldt-modellbau.de\/wp-content\/uploads\/2017\/11\/Schaufel-Schwarz-Besen-RotB2.jpg\" alt=\"\" width=\"219\" height=\"425\" srcset=\"https:\/\/toensfeldt-modellbau.de\/wp-content\/uploads\/2017\/11\/Schaufel-Schwarz-Besen-RotB2.jpg 219w, https:\/\/toensfeldt-modellbau.de\/wp-content\/uploads\/2017\/11\/Schaufel-Schwarz-Besen-RotB2-155x300.jpg 155w\" sizes=\"auto, (max-width: 219px) 100vw, 219px\" \/><\/p>\n<p><img loading=\"lazy\" decoding=\"async\" class=\"alignnone size-full wp-image-3497\" src=\"http:\/\/toensfeldt-modellbau.de\/wp-content\/uploads\/2019\/02\/Schwarz-Rot-Besen-Int.jpg\" alt=\"\" width=\"219\" height=\"425\" srcset=\"https:\/\/toensfeldt-modellbau.de\/wp-content\/uploads\/2019\/02\/Schwarz-Rot-Besen-Int.jpg 219w, https:\/\/toensfeldt-modellbau.de\/wp-content\/uploads\/2019\/02\/Schwarz-Rot-Besen-Int-155x300.jpg 155w\" sizes=\"auto, (max-width: 219px) 100vw, 219px\" \/><\/p>\n<p><em><strong><span style=\"color: #ff0000;\">Piassavabesen und Frankfurter Schaufel<\/span><\/strong><\/em><\/p>\n<p><img loading=\"lazy\" decoding=\"async\" class=\"alignnone size-full wp-image-3049\" src=\"http:\/\/toensfeldt-modellbau.de\/wp-content\/uploads\/2018\/04\/Frankfurter-Rot-Satz.jpg\" alt=\"\" width=\"255\" height=\"425\" srcset=\"https:\/\/toensfeldt-modellbau.de\/wp-content\/uploads\/2018\/04\/Frankfurter-Rot-Satz.jpg 255w, https:\/\/toensfeldt-modellbau.de\/wp-content\/uploads\/2018\/04\/Frankfurter-Rot-Satz-180x300.jpg 180w\" sizes=\"auto, (max-width: 255px) 100vw, 255px\" \/><\/p>\n<p><img loading=\"lazy\" decoding=\"async\" class=\"alignnone size-full wp-image-3615\" src=\"http:\/\/toensfeldt-modellbau.de\/wp-content\/uploads\/2019\/04\/Frankfurter-Rot.jpg\" alt=\"\" width=\"85\" height=\"328\" srcset=\"https:\/\/toensfeldt-modellbau.de\/wp-content\/uploads\/2019\/04\/Frankfurter-Rot.jpg 85w, https:\/\/toensfeldt-modellbau.de\/wp-content\/uploads\/2019\/04\/Frankfurter-Rot-78x300.jpg 78w\" sizes=\"auto, (max-width: 85px) 100vw, 85px\" \/><\/p>\n<p><img loading=\"lazy\" decoding=\"async\" class=\"alignnone size-full wp-image-3616\" src=\"http:\/\/toensfeldt-modellbau.de\/wp-content\/uploads\/2019\/04\/Frankfurter-Schwarz.jpg\" alt=\"\" width=\"85\" height=\"394\" srcset=\"https:\/\/toensfeldt-modellbau.de\/wp-content\/uploads\/2019\/04\/Frankfurter-Schwarz.jpg 85w, https:\/\/toensfeldt-modellbau.de\/wp-content\/uploads\/2019\/04\/Frankfurter-Schwarz-65x300.jpg 65w\" sizes=\"auto, (max-width: 85px) 100vw, 85px\" \/><\/p>\n<h3><em><strong><span style=\"color: #ff0000;\">Ausgezeichnet!<\/span><\/strong><\/em><\/h3>\n<p>Jedes Jahr w\u00e4hlen die Leser der Fachzeitschrift &#8222;TruckModell&#8220; ihre Favoriten bei den Modellen, Zubeh\u00f6r und ab 2018 neu das Detaillierungszubeh\u00f6r. Bei der ersten Wahl im Bereich Detaillierungszubeh\u00f6r wurde unser Piassavabesen &amp; Holsteiener Schaufel auf den 3. Platz gew\u00e4hlt !<\/p>\n<p><img loading=\"lazy\" decoding=\"async\" class=\"alignnone size-full wp-image-3198\" src=\"http:\/\/toensfeldt-modellbau.de\/wp-content\/uploads\/2018\/06\/Truckmodell-Star_2018_T\u00f6nsfeldt-Modellbau-Vertrieb01-int-Kopie.jpg\" alt=\"\" width=\"386\" height=\"567\" srcset=\"https:\/\/toensfeldt-modellbau.de\/wp-content\/uploads\/2018\/06\/Truckmodell-Star_2018_T\u00f6nsfeldt-Modellbau-Vertrieb01-int-Kopie.jpg 386w, https:\/\/toensfeldt-modellbau.de\/wp-content\/uploads\/2018\/06\/Truckmodell-Star_2018_T\u00f6nsfeldt-Modellbau-Vertrieb01-int-Kopie-204x300.jpg 204w\" sizes=\"auto, (max-width: 386px) 100vw, 386px\" \/><\/p>\n<p><span style=\"font-size: medium;\">Herstellerdaten gem\u00e4s GPSR<\/span><\/p>\n<p><span style=\"font-size: medium;\">Olaf T\u00f6nsfeldt<br \/>\nT\u00f6nsfeldt <span style=\"color: #000000;\">Modellbau Vertrieb<\/span><span style=\"color: #ff0000;\"><span style=\"font-family: Arial, Helvetica, sans-serif;\"><br \/>\n<\/span><\/span>Nobiskr\u00fcger Allee 20<span style=\"font-family: Arial, Helvetica, sans-serif;\"><br \/>\n<\/span>24768 Rendsburg<\/span><\/p>\n<p><strong><span style=\"font-size: medium;\">Deutschland<\/span><\/strong><span style=\"font-size: medium;\"><br \/>\nTel.: 0049 (0 ) 43 31\/ 51 95<br \/>\nE-Mail an: <a href=\"mailto:tmv@toensfeldt-modellbau.de\">tmv@toensfeldt-modellbau.de<\/a><\/span><\/p>\n","protected":false},"excerpt":{"rendered":"<p>Piassavabesen und Frankfurter Schaufel Ausgezeichnet! Jedes Jahr w\u00e4hlen die Leser der Fachzeitschrift &#8222;TruckModell&#8220; ihre Favoriten bei den Modellen, Zubeh\u00f6r und ab 2018 neu das Detaillierungszubeh\u00f6r. Bei der ersten Wahl im Bereich Detaillierungszubeh\u00f6r wurde unser Piassavabesen &amp; Holsteiener Schaufel auf den &hellip; <a href=\"https:\/\/toensfeldt-modellbau.de\/?page_id=2527\">Weiterlesen <span class=\"meta-nav\">&rarr;<\/span><\/a><\/p>\n","protected":false},"author":2,"featured_media":0,"parent":0,"menu_order":0,"comment_status":"closed","ping_status":"closed","template":"","meta":{"footnotes":""},"class_list":["post-2527","page","type-page","status-publish","hentry"],"_links":{"self":[{"href":"https:\/\/toensfeldt-modellbau.de\/index.php?rest_route=\/wp\/v2\/pages\/2527","targetHints":{"allow":["GET"]}}],"collection":[{"href":"https:\/\/toensfeldt-modellbau.de\/index.php?rest_route=\/wp\/v2\/pages"}],"about":[{"href":"https:\/\/toensfeldt-modellbau.de\/index.php?rest_route=\/wp\/v2\/types\/page"}],"author":[{"embeddable":true,"href":"https:\/\/toensfeldt-modellbau.de\/index.php?rest_route=\/wp\/v2\/users\/2"}],"replies":[{"embeddable":true,"href":"https:\/\/toensfeldt-modellbau.de\/index.php?rest_route=%2Fwp%2Fv2%2Fcomments&post=2527"}],"version-history":[{"count":52,"href":"https:\/\/toensfeldt-modellbau.de\/index.php?rest_route=\/wp\/v2\/pages\/2527\/revisions"}],"predecessor-version":[{"id":7679,"href":"https:\/\/toensfeldt-modellbau.de\/index.php?rest_route=\/wp\/v2\/pages\/2527\/revisions\/7679"}],"wp:attachment":[{"href":"https:\/\/toensfeldt-modellbau.de\/index.php?rest_route=%2Fwp%2Fv2%2Fmedia&parent=2527"}],"curies":[{"name":"wp","href":"https:\/\/api.w.org\/{rel}","templated":true}]}}