{"id":259,"date":"2013-11-22T08:32:30","date_gmt":"2013-11-22T06:32:30","guid":{"rendered":"http:\/\/toensfeldt-modellbau.de\/?page_id=259"},"modified":"2025-03-09T11:41:22","modified_gmt":"2025-03-09T09:41:22","slug":"heizen-mit-gas","status":"publish","type":"page","link":"https:\/\/toensfeldt-modellbau.de\/?page_id=259","title":{"rendered":"Heizen mit Gas"},"content":{"rendered":"<p>Heizen mit Gasflaschen im Ma\u00dfstab 1:15<\/p>\n<p><strong><em><span style=\"color: #ff0000;\">Katalydtofen<\/span><\/em><\/strong><\/p>\n<ul>\n<li>Der Katalydtofen ist ein Bausatz aus Kunststoffteilen bestehest aus: Kunststoffteile f\u00fcr Katalydtofen in 3 Farben, Metallgitter, Band, Propangasflasche Grau\/Rot, Blau oder Rot, 1. Ventil, Schlauch und eine Bauanleitung.<\/li>\n<\/ul>\n<div id=\"attachment_257\" style=\"width: 296px\" class=\"wp-caption alignleft\"><img loading=\"lazy\" decoding=\"async\" aria-describedby=\"caption-attachment-257\" class=\"size-full wp-image-257\" src=\"http:\/\/toensfeldt-modellbau.de\/wp-content\/uploads\/2013\/11\/092320.jpg\" alt=\"092320\" width=\"286\" height=\"300\" \/><p id=\"caption-attachment-257\" class=\"wp-caption-text\">092320<\/p><\/div>\n<p>Technische Daten:<\/p>\n<ul>\n<li>H\u00f6he: 56 mm B<\/li>\n<li>Breite: ca.25 mm<\/li>\n<li>Tiefe: 30 mm<\/li>\n<\/ul>\n<p>Art. Nr. Bestell Text:<\/p>\n<ul>\n<li><span style=\"color: #ff0000;\">092320<\/span> Katalydtofen Schwarz<\/li>\n<\/ul>\n<p><strong><em><span style=\"color: #ff0000;\">Luftheizer f\u00fcr Werkstatt<\/span><\/em><\/strong><\/p>\n<ul>\n<li>\u00a0Der Luftheizer ist ein Bausatz aus Kunststoffteilen besteht aus: Kunststoffteile f\u00fcr Luftheizer in 2 Farben au\u00dfer in wei\u00df, Metal Rohr, \u00c4tzteile f\u00fcr Bockrollen, Messingteile f\u00fcr Griff und Achsen und eine Bauanleitung. Ohne Gasflasche und Ventil.<\/li>\n<\/ul>\n<div id=\"attachment_256\" style=\"width: 255px\" class=\"wp-caption alignnone\"><img loading=\"lazy\" decoding=\"async\" aria-describedby=\"caption-attachment-256\" class=\"size-full wp-image-256\" src=\"http:\/\/toensfeldt-modellbau.de\/wp-content\/uploads\/2013\/11\/092014.jpg\" alt=\"092014\" width=\"245\" height=\"300\" \/><p id=\"caption-attachment-256\" class=\"wp-caption-text\">092014<\/p><\/div>\n<div id=\"attachment_255\" style=\"width: 255px\" class=\"wp-caption alignnone\"><img loading=\"lazy\" decoding=\"async\" aria-describedby=\"caption-attachment-255\" class=\"size-full wp-image-255\" src=\"http:\/\/toensfeldt-modellbau.de\/wp-content\/uploads\/2013\/11\/092011.jpg\" alt=\"092011\" width=\"245\" height=\"300\" \/><p id=\"caption-attachment-255\" class=\"wp-caption-text\">092011<\/p><\/div>\n<p>Technische Daten:<\/p>\n<ul>\n<li>H\u00f6he: ca. 25 mm<\/li>\n<li>Breite: ca.24 mm<\/li>\n<li>L\u00e4nge: ca. 95 mm<\/li>\n<\/ul>\n<p>Art. Nr. Bestell Text:<\/p>\n<ul>\n<li><span style=\"color: #ff0000;\">092010<\/span> Luftheizer Rot \/ Schwarz<\/li>\n<li><span style=\"color: #ff0000;\">092011<\/span> Luftheizer Blau \/ Schwarz<\/li>\n<li><span style=\"color: #ff0000;\">092012<\/span> Luftheizer Gelb \/ Schwarz<\/li>\n<li><span style=\"color: #ff0000;\">092013<\/span> Luftheizer Orange \/ Schwarz<\/li>\n<li><span style=\"color: #ff0000;\">092014 <\/span> Luftheizer Wei\u00df<\/li>\n<\/ul>\n<p><span style=\"font-size: medium;\">Herstellerdaten gem\u00e4s GPSR<\/span><\/p>\n<p><span style=\"font-size: medium;\">Olaf T\u00f6nsfeldt<br \/>\nT\u00f6nsfeldt <span style=\"color: #000000;\">Modellbau Vertrieb<\/span><span style=\"color: #ff0000;\"><span style=\"font-family: Arial, Helvetica, sans-serif;\"><br \/>\n<\/span><\/span>Nobiskr\u00fcger Allee 20<span style=\"font-family: Arial, Helvetica, sans-serif;\"><br \/>\n<\/span>24768 Rendsburg<\/span><\/p>\n<p><strong><span style=\"font-size: medium;\">Deutschland<\/span><\/strong><span style=\"font-size: medium;\"><br \/>\nTel.: 0049 (0 ) 43 31\/ 51 95<br \/>\nE-Mail an: <a href=\"mailto:tmv@toensfeldt-modellbau.de\">tmv@toensfeldt-modellbau.de<\/a><\/span><\/p>\n","protected":false},"excerpt":{"rendered":"<p>Heizen mit Gasflaschen im Ma\u00dfstab 1:15 Katalydtofen Der Katalydtofen ist ein Bausatz aus Kunststoffteilen bestehest aus: Kunststoffteile f\u00fcr Katalydtofen in 3 Farben, Metallgitter, Band, Propangasflasche Grau\/Rot, Blau oder Rot, 1. Ventil, Schlauch und eine Bauanleitung. Technische Daten: H\u00f6he: 56 mm &hellip; <a href=\"https:\/\/toensfeldt-modellbau.de\/?page_id=259\">Weiterlesen <span class=\"meta-nav\">&rarr;<\/span><\/a><\/p>\n","protected":false},"author":3,"featured_media":0,"parent":166,"menu_order":5,"comment_status":"closed","ping_status":"closed","template":"","meta":{"footnotes":""},"class_list":["post-259","page","type-page","status-publish","hentry"],"_links":{"self":[{"href":"https:\/\/toensfeldt-modellbau.de\/index.php?rest_route=\/wp\/v2\/pages\/259","targetHints":{"allow":["GET"]}}],"collection":[{"href":"https:\/\/toensfeldt-modellbau.de\/index.php?rest_route=\/wp\/v2\/pages"}],"about":[{"href":"https:\/\/toensfeldt-modellbau.de\/index.php?rest_route=\/wp\/v2\/types\/page"}],"author":[{"embeddable":true,"href":"https:\/\/toensfeldt-modellbau.de\/index.php?rest_route=\/wp\/v2\/users\/3"}],"replies":[{"embeddable":true,"href":"https:\/\/toensfeldt-modellbau.de\/index.php?rest_route=%2Fwp%2Fv2%2Fcomments&post=259"}],"version-history":[{"count":12,"href":"https:\/\/toensfeldt-modellbau.de\/index.php?rest_route=\/wp\/v2\/pages\/259\/revisions"}],"predecessor-version":[{"id":7720,"href":"https:\/\/toensfeldt-modellbau.de\/index.php?rest_route=\/wp\/v2\/pages\/259\/revisions\/7720"}],"up":[{"embeddable":true,"href":"https:\/\/toensfeldt-modellbau.de\/index.php?rest_route=\/wp\/v2\/pages\/166"}],"wp:attachment":[{"href":"https:\/\/toensfeldt-modellbau.de\/index.php?rest_route=%2Fwp%2Fv2%2Fmedia&parent=259"}],"curies":[{"name":"wp","href":"https:\/\/api.w.org\/{rel}","templated":true}]}}