{"id":2646,"date":"2017-12-16T15:46:22","date_gmt":"2017-12-16T13:46:22","guid":{"rendered":"http:\/\/toensfeldt-modellbau.de\/?page_id=2646"},"modified":"2025-03-08T13:35:53","modified_gmt":"2025-03-08T11:35:53","slug":"ganzer-zug","status":"publish","type":"page","link":"https:\/\/toensfeldt-modellbau.de\/?page_id=2646","title":{"rendered":"Ganzer Zug Wedico"},"content":{"rendered":"<p><em><strong><span style=\"color: #ff0000;\">Wedico MAN Show LKW im Ma\u00dfstab 1:16 ohne Werbung<\/span><\/strong><\/em><\/p>\n<p>Der Wedico MAN Show LKW besteht zum \u00fcberwiegenden Teil aus Alu Spritzguss beim Fahrerhaus und Alublech beim Auflieger das Einsatzgewicht f\u00fcr das Standmodell ist ca. 9,3 KG und es d\u00fcrften noch 1-3 KG mehr werden wenn das Fahrzeug ausgestattet wiert. Es gibt nur 70 St\u00fcck die gebebaut wurden und 63 Wedico Show LKWs davon sind mit Werbung!<\/p>\n<p>Bei Fragen zum WEDICO MAN Show Truck Fragen sie uns wir beantworten sie gerne.<\/p>\n<p><img loading=\"lazy\" decoding=\"async\" class=\"alignnone size-full wp-image-2632\" src=\"http:\/\/toensfeldt-modellbau.de\/wp-content\/uploads\/2017\/12\/Zug-GanzB1.jpg\" alt=\"\" width=\"567\" height=\"259\" srcset=\"https:\/\/toensfeldt-modellbau.de\/wp-content\/uploads\/2017\/12\/Zug-GanzB1.jpg 567w, https:\/\/toensfeldt-modellbau.de\/wp-content\/uploads\/2017\/12\/Zug-GanzB1-300x137.jpg 300w\" sizes=\"auto, (max-width: 567px) 100vw, 567px\" \/><\/p>\n<p>MAN Sonderfahrzeug mit Auflieger, wobei der Auflieger zur Showb\u00fchne aufgeklappt werden kann.<\/p>\n<p><img loading=\"lazy\" decoding=\"async\" class=\"alignnone size-full wp-image-2638\" src=\"http:\/\/toensfeldt-modellbau.de\/wp-content\/uploads\/2017\/12\/Zug-VorneB1-Int.jpg\" alt=\"\" width=\"425\" height=\"258\" srcset=\"https:\/\/toensfeldt-modellbau.de\/wp-content\/uploads\/2017\/12\/Zug-VorneB1-Int.jpg 425w, https:\/\/toensfeldt-modellbau.de\/wp-content\/uploads\/2017\/12\/Zug-VorneB1-Int-300x182.jpg 300w\" sizes=\"auto, (max-width: 425px) 100vw, 425px\" \/><\/p>\n<p>3 Achser MAN Sonderaufbau mit Schiebet\u00fcren.<\/p>\n<p><img loading=\"lazy\" decoding=\"async\" class=\"alignnone size-full wp-image-2633\" src=\"http:\/\/toensfeldt-modellbau.de\/wp-content\/uploads\/2017\/12\/Zug-HintenB1-Int.jpg\" alt=\"\" width=\"425\" height=\"201\" srcset=\"https:\/\/toensfeldt-modellbau.de\/wp-content\/uploads\/2017\/12\/Zug-HintenB1-Int.jpg 425w, https:\/\/toensfeldt-modellbau.de\/wp-content\/uploads\/2017\/12\/Zug-HintenB1-Int-300x142.jpg 300w\" sizes=\"auto, (max-width: 425px) 100vw, 425px\" \/><\/p>\n<p>3 Achs Auflieger mit Verkleidung.<\/p>\n<p>Technische Daten Zugmaschiene:<\/p>\n<ul>\n<li>L\u00e4nge: <span style=\"color: #ff0000;\">48,5 cm<\/span><\/li>\n<li>Breite: <span style=\"color: #ff0000;\">20 cm<\/span> \u00fcber die Spiegel<\/li>\n<li>H\u00f6he:\u00a0 <span style=\"color: #ff0000;\">25 cm<\/span><\/li>\n<li>Gewicht Standmodell: <span style=\"color: #ff0000;\">2,8 KG<\/span><\/li>\n<\/ul>\n<p>Technische Daten f\u00fcr den Auflieger:<\/p>\n<ul>\n<li>L\u00e4nge:\u00a0 <span style=\"color: #ff0000;\">77 cm<\/span><\/li>\n<li>Breite: <span style=\"color: #ff0000;\">16,4 cm<\/span><\/li>\n<li>H\u00f6he: <span style=\"color: #ff0000;\">25,5 cm<\/span><\/li>\n<li>Gewicht Standmodell:<span style=\"color: #ff0000;\"> 6,5 KG<\/span><\/li>\n<\/ul>\n<h2><span style=\"color: #0000ff;\">Preis 2490,00 \u20ac Standmodell VHB<\/span><\/h2>\n<p>MAN Sonderfahrzeug mit Auflieger es ist 1 Zug Vorhanden Preis 2490,00 \u20ac St\u00fcck\u00a0 Preis VHB<\/p>\n<p><strong><span style=\"font-size: medium;\">Herstellerdaten gem. GPSR<\/span><\/strong><\/p>\n<p>thicon e.K.<br \/>\nInhaber: Sven Thiel<br \/>\nDaniel-Eckhardt-Str. 8<br \/>\n45356 Essen<br \/>\nTel.: 0201 8695153<br \/>\nFax: 0201 608354<br \/>\nE-Mail: <a href=\"mailto:info@thicon-models.com\">info@thicon-models.com<\/a><\/p>\n","protected":false},"excerpt":{"rendered":"<p>Wedico MAN Show LKW im Ma\u00dfstab 1:16 ohne Werbung Der Wedico MAN Show LKW besteht zum \u00fcberwiegenden Teil aus Alu Spritzguss beim Fahrerhaus und Alublech beim Auflieger das Einsatzgewicht f\u00fcr das Standmodell ist ca. 9,3 KG und es d\u00fcrften noch &hellip; <a href=\"https:\/\/toensfeldt-modellbau.de\/?page_id=2646\">Weiterlesen <span class=\"meta-nav\">&rarr;<\/span><\/a><\/p>\n","protected":false},"author":2,"featured_media":0,"parent":0,"menu_order":0,"comment_status":"closed","ping_status":"closed","template":"","meta":{"footnotes":""},"class_list":["post-2646","page","type-page","status-publish","hentry"],"_links":{"self":[{"href":"https:\/\/toensfeldt-modellbau.de\/index.php?rest_route=\/wp\/v2\/pages\/2646","targetHints":{"allow":["GET"]}}],"collection":[{"href":"https:\/\/toensfeldt-modellbau.de\/index.php?rest_route=\/wp\/v2\/pages"}],"about":[{"href":"https:\/\/toensfeldt-modellbau.de\/index.php?rest_route=\/wp\/v2\/types\/page"}],"author":[{"embeddable":true,"href":"https:\/\/toensfeldt-modellbau.de\/index.php?rest_route=\/wp\/v2\/users\/2"}],"replies":[{"embeddable":true,"href":"https:\/\/toensfeldt-modellbau.de\/index.php?rest_route=%2Fwp%2Fv2%2Fcomments&post=2646"}],"version-history":[{"count":13,"href":"https:\/\/toensfeldt-modellbau.de\/index.php?rest_route=\/wp\/v2\/pages\/2646\/revisions"}],"predecessor-version":[{"id":7666,"href":"https:\/\/toensfeldt-modellbau.de\/index.php?rest_route=\/wp\/v2\/pages\/2646\/revisions\/7666"}],"wp:attachment":[{"href":"https:\/\/toensfeldt-modellbau.de\/index.php?rest_route=%2Fwp%2Fv2%2Fmedia&parent=2646"}],"curies":[{"name":"wp","href":"https:\/\/api.w.org\/{rel}","templated":true}]}}