{"id":2651,"date":"2017-12-16T15:47:42","date_gmt":"2017-12-16T13:47:42","guid":{"rendered":"http:\/\/toensfeldt-modellbau.de\/?page_id=2651"},"modified":"2025-03-08T13:33:25","modified_gmt":"2025-03-08T11:33:25","slug":"auflieger","status":"publish","type":"page","link":"https:\/\/toensfeldt-modellbau.de\/?page_id=2651","title":{"rendered":"Auflieger Wedico"},"content":{"rendered":"<p><em><strong><span style=\"color: #ff0000;\">Der Auflieger der zur Showb\u00fchne wird.<\/span><\/strong><\/em><\/p>\n<div id=\"attachment_2631\" style=\"width: 356px\" class=\"wp-caption alignnone\"><img loading=\"lazy\" decoding=\"async\" aria-describedby=\"caption-attachment-2631\" class=\"wp-image-2631 size-full\" src=\"http:\/\/toensfeldt-modellbau.de\/wp-content\/uploads\/2017\/12\/Aufl-VorneB1-Int.jpg\" alt=\"\" width=\"346\" height=\"425\" srcset=\"https:\/\/toensfeldt-modellbau.de\/wp-content\/uploads\/2017\/12\/Aufl-VorneB1-Int.jpg 346w, https:\/\/toensfeldt-modellbau.de\/wp-content\/uploads\/2017\/12\/Aufl-VorneB1-Int-244x300.jpg 244w\" sizes=\"auto, (max-width: 346px) 100vw, 346px\" \/><p id=\"caption-attachment-2631\" class=\"wp-caption-text\">Stirnseite.<\/p><\/div>\n<div id=\"attachment_2630\" style=\"width: 577px\" class=\"wp-caption alignnone\"><img loading=\"lazy\" decoding=\"async\" aria-describedby=\"caption-attachment-2630\" class=\"wp-image-2630 size-full\" src=\"http:\/\/toensfeldt-modellbau.de\/wp-content\/uploads\/2017\/12\/Aufl-Linke-Seite-B1-Int.jpg\" alt=\"\" width=\"567\" height=\"286\" srcset=\"https:\/\/toensfeldt-modellbau.de\/wp-content\/uploads\/2017\/12\/Aufl-Linke-Seite-B1-Int.jpg 567w, https:\/\/toensfeldt-modellbau.de\/wp-content\/uploads\/2017\/12\/Aufl-Linke-Seite-B1-Int-300x151.jpg 300w\" sizes=\"auto, (max-width: 567px) 100vw, 567px\" \/><p id=\"caption-attachment-2630\" class=\"wp-caption-text\">Linke Seite.<\/p><\/div>\n<div id=\"attachment_2629\" style=\"width: 327px\" class=\"wp-caption alignnone\"><img loading=\"lazy\" decoding=\"async\" aria-describedby=\"caption-attachment-2629\" class=\"wp-image-2629 size-full\" src=\"http:\/\/toensfeldt-modellbau.de\/wp-content\/uploads\/2017\/12\/Aufl-HeckB1-Int.jpg\" alt=\"\" width=\"317\" height=\"425\" srcset=\"https:\/\/toensfeldt-modellbau.de\/wp-content\/uploads\/2017\/12\/Aufl-HeckB1-Int.jpg 317w, https:\/\/toensfeldt-modellbau.de\/wp-content\/uploads\/2017\/12\/Aufl-HeckB1-Int-224x300.jpg 224w\" sizes=\"auto, (max-width: 317px) 100vw, 317px\" \/><p id=\"caption-attachment-2629\" class=\"wp-caption-text\">Das Heck.<\/p><\/div>\n<div id=\"attachment_2628\" style=\"width: 577px\" class=\"wp-caption alignnone\"><img loading=\"lazy\" decoding=\"async\" aria-describedby=\"caption-attachment-2628\" class=\"wp-image-2628 size-full\" src=\"http:\/\/toensfeldt-modellbau.de\/wp-content\/uploads\/2017\/12\/Aufl-B\u00fchneB2-Int.jpg\" alt=\"\" width=\"567\" height=\"269\" srcset=\"https:\/\/toensfeldt-modellbau.de\/wp-content\/uploads\/2017\/12\/Aufl-B\u00fchneB2-Int.jpg 567w, https:\/\/toensfeldt-modellbau.de\/wp-content\/uploads\/2017\/12\/Aufl-B\u00fchneB2-Int-300x142.jpg 300w\" sizes=\"auto, (max-width: 567px) 100vw, 567px\" \/><p id=\"caption-attachment-2628\" class=\"wp-caption-text\">Showb\u00fchne im Aufbau.<\/p><\/div>\n<div id=\"attachment_2627\" style=\"width: 577px\" class=\"wp-caption alignnone\"><img loading=\"lazy\" decoding=\"async\" aria-describedby=\"caption-attachment-2627\" class=\"wp-image-2627 size-full\" src=\"http:\/\/toensfeldt-modellbau.de\/wp-content\/uploads\/2017\/12\/Aufl-B\u00fchneB1-Int.jpg\" alt=\"\" width=\"567\" height=\"293\" srcset=\"https:\/\/toensfeldt-modellbau.de\/wp-content\/uploads\/2017\/12\/Aufl-B\u00fchneB1-Int.jpg 567w, https:\/\/toensfeldt-modellbau.de\/wp-content\/uploads\/2017\/12\/Aufl-B\u00fchneB1-Int-300x155.jpg 300w\" sizes=\"auto, (max-width: 567px) 100vw, 567px\" \/><p id=\"caption-attachment-2627\" class=\"wp-caption-text\">Showb\u00fchne mit Boden.<\/p><\/div>\n<p>Technische Daten f\u00fcr den Auflieger:<\/p>\n<ul>\n<li>L\u00e4nge:\u00a0 <span style=\"color: #ff0000;\">77 cm<\/span><\/li>\n<li>Breite: <span style=\"color: #ff0000;\">16,4 cm<\/span><\/li>\n<li>H\u00f6he: <span style=\"color: #ff0000;\">25,5 cm<\/span><\/li>\n<li>Gewicht Standmodell: <span style=\"color: #ff0000;\">6,5 KG<\/span><\/li>\n<\/ul>\n<p><strong><span style=\"font-size: medium;\">Herstellerdaten gem. GPSR<\/span><\/strong><\/p>\n<p>thicon e.K.<br \/>\nInhaber: Sven Thiel<br \/>\nDaniel-Eckhardt-Str. 8<br \/>\n45356 Essen<br \/>\nTel.: 0201 8695153<br \/>\nFax: 0201 608354<br \/>\nE-Mail: <a href=\"mailto:info@thicon-models.com\">info@thicon-models.com<\/a><\/p>\n","protected":false},"excerpt":{"rendered":"<p>Der Auflieger der zur Showb\u00fchne wird. Technische Daten f\u00fcr den Auflieger: L\u00e4nge:\u00a0 77 cm Breite: 16,4 cm H\u00f6he: 25,5 cm Gewicht Standmodell: 6,5 KG Herstellerdaten gem. GPSR thicon e.K. Inhaber: Sven Thiel Daniel-Eckhardt-Str. 8 45356 Essen Tel.: 0201 8695153 Fax: &hellip; <a href=\"https:\/\/toensfeldt-modellbau.de\/?page_id=2651\">Weiterlesen <span class=\"meta-nav\">&rarr;<\/span><\/a><\/p>\n","protected":false},"author":2,"featured_media":0,"parent":0,"menu_order":0,"comment_status":"closed","ping_status":"closed","template":"","meta":{"footnotes":""},"class_list":["post-2651","page","type-page","status-publish","hentry"],"_links":{"self":[{"href":"https:\/\/toensfeldt-modellbau.de\/index.php?rest_route=\/wp\/v2\/pages\/2651","targetHints":{"allow":["GET"]}}],"collection":[{"href":"https:\/\/toensfeldt-modellbau.de\/index.php?rest_route=\/wp\/v2\/pages"}],"about":[{"href":"https:\/\/toensfeldt-modellbau.de\/index.php?rest_route=\/wp\/v2\/types\/page"}],"author":[{"embeddable":true,"href":"https:\/\/toensfeldt-modellbau.de\/index.php?rest_route=\/wp\/v2\/users\/2"}],"replies":[{"embeddable":true,"href":"https:\/\/toensfeldt-modellbau.de\/index.php?rest_route=%2Fwp%2Fv2%2Fcomments&post=2651"}],"version-history":[{"count":7,"href":"https:\/\/toensfeldt-modellbau.de\/index.php?rest_route=\/wp\/v2\/pages\/2651\/revisions"}],"predecessor-version":[{"id":7664,"href":"https:\/\/toensfeldt-modellbau.de\/index.php?rest_route=\/wp\/v2\/pages\/2651\/revisions\/7664"}],"wp:attachment":[{"href":"https:\/\/toensfeldt-modellbau.de\/index.php?rest_route=%2Fwp%2Fv2%2Fmedia&parent=2651"}],"curies":[{"name":"wp","href":"https:\/\/api.w.org\/{rel}","templated":true}]}}