{"id":2665,"date":"2017-12-16T17:18:47","date_gmt":"2017-12-16T15:18:47","guid":{"rendered":"http:\/\/toensfeldt-modellbau.de\/?page_id=2665"},"modified":"2018-02-08T18:42:12","modified_gmt":"2018-02-08T16:42:12","slug":"kantenschutz","status":"publish","type":"page","link":"https:\/\/toensfeldt-modellbau.de\/?page_id=2665","title":{"rendered":"Kantenschutz"},"content":{"rendered":"<p><em><strong><span style=\"color: #ff0000;\">Kantenschutz f\u00fcr Zurrgurt<\/span><\/strong><strong><span style=\"color: #ff0000;\">e siehe unter Ladesicherung<br \/>\n<\/span><\/strong><\/em><\/p>\n<p><img loading=\"lazy\" decoding=\"async\" class=\"alignnone size-full wp-image-2672\" src=\"http:\/\/toensfeldt-modellbau.de\/wp-content\/uploads\/2017\/12\/KanSchOra-schwB1-Int.jpg\" alt=\"\" width=\"425\" height=\"386\" srcset=\"https:\/\/toensfeldt-modellbau.de\/wp-content\/uploads\/2017\/12\/KanSchOra-schwB1-Int.jpg 425w, https:\/\/toensfeldt-modellbau.de\/wp-content\/uploads\/2017\/12\/KanSchOra-schwB1-Int-300x272.jpg 300w\" sizes=\"auto, (max-width: 425px) 100vw, 425px\" \/><\/p>\n<p>Kantenschutz f\u00fcr Zurrgurte 3-6 mm Breite aus dem 3 D Drucker in Schwarz und Orange.<\/p>\n<div id=\"attachment_2670\" style=\"width: 293px\" class=\"wp-caption alignnone\"><img loading=\"lazy\" decoding=\"async\" aria-describedby=\"caption-attachment-2670\" class=\"wp-image-2670 size-full\" src=\"http:\/\/toensfeldt-modellbau.de\/wp-content\/uploads\/2017\/12\/KanSch4SchwarzB1-Int.jpg\" alt=\"\" width=\"283\" height=\"272\" \/><p id=\"caption-attachment-2670\" class=\"wp-caption-text\">4 x Kantenschutz Schwarz<\/p><\/div>\n<div id=\"attachment_2669\" style=\"width: 293px\" class=\"wp-caption alignnone\"><img loading=\"lazy\" decoding=\"async\" aria-describedby=\"caption-attachment-2669\" class=\"wp-image-2669 size-full\" src=\"http:\/\/toensfeldt-modellbau.de\/wp-content\/uploads\/2017\/12\/KanSch4OrangeB1-Int.jpg\" alt=\"\" width=\"283\" height=\"291\" \/><p id=\"caption-attachment-2669\" class=\"wp-caption-text\">4 x Kantenschutz Orange<\/p><\/div>\n<p><img loading=\"lazy\" decoding=\"async\" class=\"alignnone size-full wp-image-2673\" src=\"http:\/\/toensfeldt-modellbau.de\/wp-content\/uploads\/2017\/12\/KanSchSchwarzB1-Int.jpg\" alt=\"\" width=\"425\" height=\"427\" srcset=\"https:\/\/toensfeldt-modellbau.de\/wp-content\/uploads\/2017\/12\/KanSchSchwarzB1-Int.jpg 425w, https:\/\/toensfeldt-modellbau.de\/wp-content\/uploads\/2017\/12\/KanSchSchwarzB1-Int-150x150.jpg 150w, https:\/\/toensfeldt-modellbau.de\/wp-content\/uploads\/2017\/12\/KanSchSchwarzB1-Int-300x300.jpg 300w\" sizes=\"auto, (max-width: 425px) 100vw, 425px\" \/><\/p>\n<p><img loading=\"lazy\" decoding=\"async\" class=\"alignnone size-full wp-image-2671\" src=\"http:\/\/toensfeldt-modellbau.de\/wp-content\/uploads\/2017\/12\/KanSchOrangeB1-Int.jpg\" alt=\"\" width=\"425\" height=\"451\" srcset=\"https:\/\/toensfeldt-modellbau.de\/wp-content\/uploads\/2017\/12\/KanSchOrangeB1-Int.jpg 425w, https:\/\/toensfeldt-modellbau.de\/wp-content\/uploads\/2017\/12\/KanSchOrangeB1-Int-283x300.jpg 283w\" sizes=\"auto, (max-width: 425px) 100vw, 425px\" \/><\/p>\n<p>Technische Daten Kantenschutz:<\/p>\n<ul>\n<li>H\u00f6he: ca. 12 mm<\/li>\n<li>Breite: ca. 10 mm<\/li>\n<li>St\u00e4rke: ca. 2,0 mm<\/li>\n<\/ul>\n<p><span style=\"color: #000000;\">Art. Nr. Bestelltext:<\/span><\/p>\n<ul>\n<li><span style=\"color: #ff0000;\">030155<\/span>\u00a0 <span style=\"font-family: arial,helvetica,sans-serif; font-size: 10pt; color: #000000; text-decoration: none;\"><span style=\"font-size: 12pt;\">4 ST. Kantenschutz\u00a0 Schwarz<\/span><\/span><\/li>\n<li><span style=\"color: #ff0000;\">030156<\/span>\u00a0 4 ST. Kantenschutz\u00a0 Orange<\/li>\n<\/ul>\n","protected":false},"excerpt":{"rendered":"<p>Kantenschutz f\u00fcr Zurrgurte siehe unter Ladesicherung Kantenschutz f\u00fcr Zurrgurte 3-6 mm Breite aus dem 3 D Drucker in Schwarz und Orange. Technische Daten Kantenschutz: H\u00f6he: ca. 12 mm Breite: ca. 10 mm St\u00e4rke: ca. 2,0 mm Art. Nr. Bestelltext: 030155\u00a0 &hellip; <a href=\"https:\/\/toensfeldt-modellbau.de\/?page_id=2665\">Weiterlesen <span class=\"meta-nav\">&rarr;<\/span><\/a><\/p>\n","protected":false},"author":2,"featured_media":0,"parent":0,"menu_order":0,"comment_status":"closed","ping_status":"closed","template":"","meta":{"footnotes":""},"class_list":["post-2665","page","type-page","status-publish","hentry"],"_links":{"self":[{"href":"https:\/\/toensfeldt-modellbau.de\/index.php?rest_route=\/wp\/v2\/pages\/2665","targetHints":{"allow":["GET"]}}],"collection":[{"href":"https:\/\/toensfeldt-modellbau.de\/index.php?rest_route=\/wp\/v2\/pages"}],"about":[{"href":"https:\/\/toensfeldt-modellbau.de\/index.php?rest_route=\/wp\/v2\/types\/page"}],"author":[{"embeddable":true,"href":"https:\/\/toensfeldt-modellbau.de\/index.php?rest_route=\/wp\/v2\/users\/2"}],"replies":[{"embeddable":true,"href":"https:\/\/toensfeldt-modellbau.de\/index.php?rest_route=%2Fwp%2Fv2%2Fcomments&post=2665"}],"version-history":[{"count":7,"href":"https:\/\/toensfeldt-modellbau.de\/index.php?rest_route=\/wp\/v2\/pages\/2665\/revisions"}],"predecessor-version":[{"id":2930,"href":"https:\/\/toensfeldt-modellbau.de\/index.php?rest_route=\/wp\/v2\/pages\/2665\/revisions\/2930"}],"wp:attachment":[{"href":"https:\/\/toensfeldt-modellbau.de\/index.php?rest_route=%2Fwp%2Fv2%2Fmedia&parent=2665"}],"curies":[{"name":"wp","href":"https:\/\/api.w.org\/{rel}","templated":true}]}}