{"id":2717,"date":"2018-01-08T12:17:59","date_gmt":"2018-01-08T10:17:59","guid":{"rendered":"http:\/\/toensfeldt-modellbau.de\/?page_id=2717"},"modified":"2025-03-02T11:55:21","modified_gmt":"2025-03-02T09:55:21","slug":"bw-ecke","status":"publish","type":"page","link":"https:\/\/toensfeldt-modellbau.de\/?page_id=2717","title":{"rendered":"BW Ecke"},"content":{"rendered":"<p><img loading=\"lazy\" decoding=\"async\" class=\"alignnone size-full wp-image-3708\" src=\"http:\/\/toensfeldt-modellbau.de\/wp-content\/uploads\/2019\/05\/Werkzeug-BW.jpg\" alt=\"\" width=\"567\" height=\"465\" srcset=\"https:\/\/toensfeldt-modellbau.de\/wp-content\/uploads\/2019\/05\/Werkzeug-BW.jpg 567w, https:\/\/toensfeldt-modellbau.de\/wp-content\/uploads\/2019\/05\/Werkzeug-BW-300x246.jpg 300w\" sizes=\"auto, (max-width: 567px) 100vw, 567px\" \/><img loading=\"lazy\" decoding=\"async\" class=\"alignnone size-full wp-image-2948\" src=\"http:\/\/toensfeldt-modellbau.de\/wp-content\/uploads\/2018\/02\/2Zurrketten-Ladung-OlivB1Int.jpg\" alt=\"\" width=\"567\" height=\"226\" srcset=\"https:\/\/toensfeldt-modellbau.de\/wp-content\/uploads\/2018\/02\/2Zurrketten-Ladung-OlivB1Int.jpg 567w, https:\/\/toensfeldt-modellbau.de\/wp-content\/uploads\/2018\/02\/2Zurrketten-Ladung-OlivB1Int-300x120.jpg 300w\" sizes=\"auto, (max-width: 567px) 100vw, 567px\" \/>Zurrketten<\/p>\n<p>F\u00e4sser<\/p>\n<p><img loading=\"lazy\" decoding=\"async\" class=\"alignnone size-full wp-image-2490\" src=\"http:\/\/toensfeldt-modellbau.de\/wp-content\/uploads\/2017\/10\/Oliv-F\u00e4sser1-Int.jpg\" alt=\"\" width=\"425\" height=\"387\" srcset=\"https:\/\/toensfeldt-modellbau.de\/wp-content\/uploads\/2017\/10\/Oliv-F\u00e4sser1-Int.jpg 425w, https:\/\/toensfeldt-modellbau.de\/wp-content\/uploads\/2017\/10\/Oliv-F\u00e4sser1-Int-300x273.jpg 300w\" sizes=\"auto, (max-width: 425px) 100vw, 425px\" \/><\/p>\n\n\n<p>Herstellerdaten gem\u00e4s GPSR<\/p>\n\n\n\n<p>Olaf T\u00f6nsfeldt<br>T\u00f6nsfeldt Modellbau Vertrieb<br>Nobiskr\u00fcger Allee 20<br>24768 Rendsburg<\/p>\n\n\n\n<p><strong>Deutschland<\/strong><br>Tel.: 0049 (0 ) 43 31\/ 51 95<br>E-Mail an: tmv@toensfeldt-modellbau.de<\/p>\n","protected":false},"excerpt":{"rendered":"<p>Zurrketten F\u00e4sser Herstellerdaten gem\u00e4s GPSR Olaf T\u00f6nsfeldtT\u00f6nsfeldt Modellbau VertriebNobiskr\u00fcger Allee 2024768 Rendsburg DeutschlandTel.: 0049 (0 ) 43 31\/ 51 95E-Mail an: tmv@toensfeldt-modellbau.de<\/p>\n","protected":false},"author":2,"featured_media":0,"parent":0,"menu_order":0,"comment_status":"closed","ping_status":"closed","template":"","meta":{"footnotes":""},"class_list":["post-2717","page","type-page","status-publish","hentry"],"_links":{"self":[{"href":"https:\/\/toensfeldt-modellbau.de\/index.php?rest_route=\/wp\/v2\/pages\/2717","targetHints":{"allow":["GET"]}}],"collection":[{"href":"https:\/\/toensfeldt-modellbau.de\/index.php?rest_route=\/wp\/v2\/pages"}],"about":[{"href":"https:\/\/toensfeldt-modellbau.de\/index.php?rest_route=\/wp\/v2\/types\/page"}],"author":[{"embeddable":true,"href":"https:\/\/toensfeldt-modellbau.de\/index.php?rest_route=\/wp\/v2\/users\/2"}],"replies":[{"embeddable":true,"href":"https:\/\/toensfeldt-modellbau.de\/index.php?rest_route=%2Fwp%2Fv2%2Fcomments&post=2717"}],"version-history":[{"count":4,"href":"https:\/\/toensfeldt-modellbau.de\/index.php?rest_route=\/wp\/v2\/pages\/2717\/revisions"}],"predecessor-version":[{"id":7518,"href":"https:\/\/toensfeldt-modellbau.de\/index.php?rest_route=\/wp\/v2\/pages\/2717\/revisions\/7518"}],"wp:attachment":[{"href":"https:\/\/toensfeldt-modellbau.de\/index.php?rest_route=%2Fwp%2Fv2%2Fmedia&parent=2717"}],"curies":[{"name":"wp","href":"https:\/\/api.w.org\/{rel}","templated":true}]}}