{"id":2724,"date":"2018-01-08T12:23:15","date_gmt":"2018-01-08T10:23:15","guid":{"rendered":"http:\/\/toensfeldt-modellbau.de\/?page_id=2724"},"modified":"2025-03-02T11:55:54","modified_gmt":"2025-03-02T09:55:54","slug":"bw-logistik","status":"publish","type":"page","link":"https:\/\/toensfeldt-modellbau.de\/?page_id=2724","title":{"rendered":"BW Zubeh\u00f6r"},"content":{"rendered":"<p><img loading=\"lazy\" decoding=\"async\" class=\"alignnone size-full wp-image-3708\" src=\"http:\/\/toensfeldt-modellbau.de\/wp-content\/uploads\/2019\/05\/Werkzeug-BW.jpg\" alt=\"\" width=\"567\" height=\"465\" srcset=\"https:\/\/toensfeldt-modellbau.de\/wp-content\/uploads\/2019\/05\/Werkzeug-BW.jpg 567w, https:\/\/toensfeldt-modellbau.de\/wp-content\/uploads\/2019\/05\/Werkzeug-BW-300x246.jpg 300w\" sizes=\"auto, (max-width: 567px) 100vw, 567px\" \/><\/p>\n<p><img loading=\"lazy\" decoding=\"async\" class=\"alignnone size-full wp-image-2485\" src=\"http:\/\/toensfeldt-modellbau.de\/wp-content\/uploads\/2017\/10\/Hohl-Deckel-Oliv1-Int.jpg\" alt=\"\" width=\"425\" height=\"417\" srcset=\"https:\/\/toensfeldt-modellbau.de\/wp-content\/uploads\/2017\/10\/Hohl-Deckel-Oliv1-Int.jpg 425w, https:\/\/toensfeldt-modellbau.de\/wp-content\/uploads\/2017\/10\/Hohl-Deckel-Oliv1-Int-300x294.jpg 300w\" sizes=\"auto, (max-width: 425px) 100vw, 425px\" \/><\/p>\n\n\n<p>Herstellerdaten gem\u00e4s GPSR<\/p>\n\n\n\n<p>Olaf T\u00f6nsfeldt<br>T\u00f6nsfeldt Modellbau Vertrieb<br>Nobiskr\u00fcger Allee 20<br>24768 Rendsburg<\/p>\n\n\n\n<p><strong>Deutschland<\/strong><br>Tel.: 0049 (0 ) 43 31\/ 51 95<br>E-Mail an: tmv@toensfeldt-modellbau.de<\/p>\n","protected":false},"excerpt":{"rendered":"<p>Herstellerdaten gem\u00e4s GPSR Olaf T\u00f6nsfeldtT\u00f6nsfeldt Modellbau VertriebNobiskr\u00fcger Allee 2024768 Rendsburg DeutschlandTel.: 0049 (0 ) 43 31\/ 51 95E-Mail an: tmv@toensfeldt-modellbau.de<\/p>\n","protected":false},"author":2,"featured_media":0,"parent":0,"menu_order":0,"comment_status":"closed","ping_status":"closed","template":"","meta":{"footnotes":""},"class_list":["post-2724","page","type-page","status-publish","hentry"],"_links":{"self":[{"href":"https:\/\/toensfeldt-modellbau.de\/index.php?rest_route=\/wp\/v2\/pages\/2724","targetHints":{"allow":["GET"]}}],"collection":[{"href":"https:\/\/toensfeldt-modellbau.de\/index.php?rest_route=\/wp\/v2\/pages"}],"about":[{"href":"https:\/\/toensfeldt-modellbau.de\/index.php?rest_route=\/wp\/v2\/types\/page"}],"author":[{"embeddable":true,"href":"https:\/\/toensfeldt-modellbau.de\/index.php?rest_route=\/wp\/v2\/users\/2"}],"replies":[{"embeddable":true,"href":"https:\/\/toensfeldt-modellbau.de\/index.php?rest_route=%2Fwp%2Fv2%2Fcomments&post=2724"}],"version-history":[{"count":4,"href":"https:\/\/toensfeldt-modellbau.de\/index.php?rest_route=\/wp\/v2\/pages\/2724\/revisions"}],"predecessor-version":[{"id":7519,"href":"https:\/\/toensfeldt-modellbau.de\/index.php?rest_route=\/wp\/v2\/pages\/2724\/revisions\/7519"}],"wp:attachment":[{"href":"https:\/\/toensfeldt-modellbau.de\/index.php?rest_route=%2Fwp%2Fv2%2Fmedia&parent=2724"}],"curies":[{"name":"wp","href":"https:\/\/api.w.org\/{rel}","templated":true}]}}