{"id":2743,"date":"2018-01-08T12:52:46","date_gmt":"2018-01-08T10:52:46","guid":{"rendered":"http:\/\/toensfeldt-modellbau.de\/?page_id=2743"},"modified":"2018-01-08T17:20:37","modified_gmt":"2018-01-08T15:20:37","slug":"bw-faesser","status":"publish","type":"page","link":"https:\/\/toensfeldt-modellbau.de\/?page_id=2743","title":{"rendered":"BW F\u00e4sser"},"content":{"rendered":"<p><em><strong><span style=\"color: #ff0000;\">200 L \u00d6lf\u00e4sser<br \/>\n<\/span><\/strong><\/em><\/p>\n<p><img loading=\"lazy\" decoding=\"async\" class=\"alignnone size-full wp-image-2490\" src=\"http:\/\/toensfeldt-modellbau.de\/wp-content\/uploads\/2017\/10\/Oliv-F\u00e4sser1-Int.jpg\" alt=\"\" width=\"425\" height=\"387\" srcset=\"https:\/\/toensfeldt-modellbau.de\/wp-content\/uploads\/2017\/10\/Oliv-F\u00e4sser1-Int.jpg 425w, https:\/\/toensfeldt-modellbau.de\/wp-content\/uploads\/2017\/10\/Oliv-F\u00e4sser1-Int-300x273.jpg 300w\" sizes=\"auto, (max-width: 425px) 100vw, 425px\" \/><\/p>\n<p>Nachbau eines 200 L Fasses aus Alu gedreht 2 Sechskantschrauben als Verschluss und Bel\u00fcftung. Farbe Oliv pulverbeschichtet.<\/p>\n<p>Technische Daten:<\/p>\n<ul>\n<li>H\u00f6he\u00a0 63 mm<\/li>\n<li>Breite 41 mm<\/li>\n<li>Gewicht ca. 220 g<\/li>\n<\/ul>\n<p><img loading=\"lazy\" decoding=\"async\" class=\"alignnone size-full wp-image-2485\" src=\"http:\/\/toensfeldt-modellbau.de\/wp-content\/uploads\/2017\/10\/Hohl-Deckel-Oliv1-Int.jpg\" alt=\"\" width=\"425\" height=\"417\" srcset=\"https:\/\/toensfeldt-modellbau.de\/wp-content\/uploads\/2017\/10\/Hohl-Deckel-Oliv1-Int.jpg 425w, https:\/\/toensfeldt-modellbau.de\/wp-content\/uploads\/2017\/10\/Hohl-Deckel-Oliv1-Int-300x294.jpg 300w\" sizes=\"auto, (max-width: 425px) 100vw, 425px\" \/><\/p>\n<p>Nachbau eines Fasses aus Alu Hohl gedreht 2 Sechskantschrauben im Deckel als Verschluss und Bel\u00fcftung. Farbe Oliv pulverbeschichtet.<\/p>\n<p>Technische Daten Fass Hohl:<\/p>\n<ul>\n<li>H\u00f6he: ca.\u00a0 63 mm<\/li>\n<li>Breite ca 39,5mm<\/li>\n<li>Gewicht:<\/li>\n<\/ul>\n<p>Art. Nr. Bestell Text:<\/p>\n<ul>\n<li><span style=\"color: #ff0000;\">090036<\/span> \u00a0\u00a0\u00a0\u00a0 TMV \u00d6lfass 200 L Oliv<\/li>\n<li><span style=\"color: #ff0000;\">090046<\/span> \u00a0\u00a0\u00a0\u00a0 TMV \u00d6lfass 200 L Alu Hohl Oliv<\/li>\n<\/ul>\n","protected":false},"excerpt":{"rendered":"<p>200 L \u00d6lf\u00e4sser Nachbau eines 200 L Fasses aus Alu gedreht 2 Sechskantschrauben als Verschluss und Bel\u00fcftung. Farbe Oliv pulverbeschichtet. Technische Daten: H\u00f6he\u00a0 63 mm Breite 41 mm Gewicht ca. 220 g Nachbau eines Fasses aus Alu Hohl gedreht 2 &hellip; <a href=\"https:\/\/toensfeldt-modellbau.de\/?page_id=2743\">Weiterlesen <span class=\"meta-nav\">&rarr;<\/span><\/a><\/p>\n","protected":false},"author":2,"featured_media":0,"parent":0,"menu_order":0,"comment_status":"closed","ping_status":"closed","template":"","meta":{"footnotes":""},"class_list":["post-2743","page","type-page","status-publish","hentry"],"_links":{"self":[{"href":"https:\/\/toensfeldt-modellbau.de\/index.php?rest_route=\/wp\/v2\/pages\/2743","targetHints":{"allow":["GET"]}}],"collection":[{"href":"https:\/\/toensfeldt-modellbau.de\/index.php?rest_route=\/wp\/v2\/pages"}],"about":[{"href":"https:\/\/toensfeldt-modellbau.de\/index.php?rest_route=\/wp\/v2\/types\/page"}],"author":[{"embeddable":true,"href":"https:\/\/toensfeldt-modellbau.de\/index.php?rest_route=\/wp\/v2\/users\/2"}],"replies":[{"embeddable":true,"href":"https:\/\/toensfeldt-modellbau.de\/index.php?rest_route=%2Fwp%2Fv2%2Fcomments&post=2743"}],"version-history":[{"count":5,"href":"https:\/\/toensfeldt-modellbau.de\/index.php?rest_route=\/wp\/v2\/pages\/2743\/revisions"}],"predecessor-version":[{"id":2761,"href":"https:\/\/toensfeldt-modellbau.de\/index.php?rest_route=\/wp\/v2\/pages\/2743\/revisions\/2761"}],"wp:attachment":[{"href":"https:\/\/toensfeldt-modellbau.de\/index.php?rest_route=%2Fwp%2Fv2%2Fmedia&parent=2743"}],"curies":[{"name":"wp","href":"https:\/\/api.w.org\/{rel}","templated":true}]}}