{"id":2750,"date":"2018-01-08T13:01:10","date_gmt":"2018-01-08T11:01:10","guid":{"rendered":"http:\/\/toensfeldt-modellbau.de\/?page_id=2750"},"modified":"2018-01-08T18:38:23","modified_gmt":"2018-01-08T16:38:23","slug":"bw-anschlagkette","status":"publish","type":"page","link":"https:\/\/toensfeldt-modellbau.de\/?page_id=2750","title":{"rendered":"BW Anschlagkette"},"content":{"rendered":"<p><em><strong><span style=\"color: #ff0000;\">\u00a0Anschlagkette f\u00fcr Baumaschine<\/span><\/strong><\/em><\/p>\n<p><span style=\"color: #0000ff;\"><img loading=\"lazy\" decoding=\"async\" class=\"alignnone size-full wp-image-2755\" src=\"http:\/\/toensfeldt-modellbau.de\/wp-content\/uploads\/2018\/01\/2Anschlag-Bauma-Oliv-B1Int.jpg\" alt=\"\" width=\"567\" height=\"301\" srcset=\"https:\/\/toensfeldt-modellbau.de\/wp-content\/uploads\/2018\/01\/2Anschlag-Bauma-Oliv-B1Int.jpg 567w, https:\/\/toensfeldt-modellbau.de\/wp-content\/uploads\/2018\/01\/2Anschlag-Bauma-Oliv-B1Int-300x159.jpg 300w\" sizes=\"auto, (max-width: 567px) 100vw, 567px\" \/><\/span><\/p>\n<p>Neu bei T\u00f6nsfeldt Modellbau \u2013 Vertrieb sind die Anschlagketten zum sicheren Verladen von schwerem Ladegut mit der Baumaschine. Standartl\u00e4nge der Kette ist 6,2 cm Sonderanfertigungen sind m\u00f6glich, bitte sprechen Sie uns an.<\/p>\n<p>Anschlag\u00f6se Gro\u00df und Haken Oliv pulverbeschichtet, Sch\u00e4kel und Kette Messing verl\u00f6tet sind Schwarz br\u00fcniert, dazu Schild: Nur heben.<\/p>\n<p><img loading=\"lazy\" decoding=\"async\" class=\"alignnone size-full wp-image-2756\" src=\"http:\/\/toensfeldt-modellbau.de\/wp-content\/uploads\/2018\/01\/Anschlag-Bauma-Oliv-B1Int.jpg\" alt=\"\" width=\"154\" height=\"425\" srcset=\"https:\/\/toensfeldt-modellbau.de\/wp-content\/uploads\/2018\/01\/Anschlag-Bauma-Oliv-B1Int.jpg 154w, https:\/\/toensfeldt-modellbau.de\/wp-content\/uploads\/2018\/01\/Anschlag-Bauma-Oliv-B1Int-109x300.jpg 109w\" sizes=\"auto, (max-width: 154px) 100vw, 154px\" \/><\/p>\n<p>Technische Daten:<\/p>\n<ul>\n<li>Gesamtl\u00e4nge: Ca. 9,8 cm<\/li>\n<li>Kettenl\u00e4nge. Ca. 6,2 cn<\/li>\n<\/ul>\n<p>Art. Nr. Bestelltext:<\/p>\n<ul>\n<li><span style=\"color: #ff0000;\">030162<\/span> TMV Anschlagkette Bauma Oliv<\/li>\n<\/ul>\n<p><em><strong><span style=\"color: #ff0000;\">Anschlagkette f\u00fcr Baumaschine mit Wirbel<\/span><\/strong><\/em><\/p>\n<p><span style=\"color: #0000ff;\"><img loading=\"lazy\" decoding=\"async\" class=\"alignnone size-full wp-image-2757\" src=\"http:\/\/toensfeldt-modellbau.de\/wp-content\/uploads\/2018\/01\/Anschlag-Bauma-Oliv-WirbelB1Int.jpg\" alt=\"\" width=\"146\" height=\"425\" srcset=\"https:\/\/toensfeldt-modellbau.de\/wp-content\/uploads\/2018\/01\/Anschlag-Bauma-Oliv-WirbelB1Int.jpg 146w, https:\/\/toensfeldt-modellbau.de\/wp-content\/uploads\/2018\/01\/Anschlag-Bauma-Oliv-WirbelB1Int-103x300.jpg 103w\" sizes=\"auto, (max-width: 146px) 100vw, 146px\" \/><\/span><\/p>\n<p>Neu bei T\u00f6nsfeldt Modellbau \u2013 Vertrieb sind die Anschlagketten mit Wirbel zum sicheren Verladen von schwerem Ladegut mit der Baumaschine. Standartl\u00e4nge der Kette ist 5,0 cm Sonderanfertigungen sind m\u00f6glich, bitte sprechen Sie uns an.<\/p>\n<p>Anschlag\u00f6se Gro\u00df und Haken Oliv pulverbeschichtet Sch\u00e4kel und Kette Messing verl\u00f6tet sind Schwarz br\u00fcniert, dazu Schild: Nur heben.<\/p>\n<p>Technische Daten:<\/p>\n<ul>\n<li>Gesamtl\u00e4nge: Ca. 10,2 cm<\/li>\n<li>Kettenl\u00e4nge. Ca. 5,0 cn<\/li>\n<\/ul>\n<p>Art. Nr. Bestelltext:<\/p>\n<ul>\n<li><span style=\"color: #ff0000;\">030172<\/span> TMV Anschlagkette Bauma nit Wirbel Oliv<\/li>\n<\/ul>\n","protected":false},"excerpt":{"rendered":"<p>\u00a0Anschlagkette f\u00fcr Baumaschine Neu bei T\u00f6nsfeldt Modellbau \u2013 Vertrieb sind die Anschlagketten zum sicheren Verladen von schwerem Ladegut mit der Baumaschine. Standartl\u00e4nge der Kette ist 6,2 cm Sonderanfertigungen sind m\u00f6glich, bitte sprechen Sie uns an. Anschlag\u00f6se Gro\u00df und Haken Oliv &hellip; <a href=\"https:\/\/toensfeldt-modellbau.de\/?page_id=2750\">Weiterlesen <span class=\"meta-nav\">&rarr;<\/span><\/a><\/p>\n","protected":false},"author":2,"featured_media":0,"parent":0,"menu_order":0,"comment_status":"closed","ping_status":"closed","template":"","meta":{"footnotes":""},"class_list":["post-2750","page","type-page","status-publish","hentry"],"_links":{"self":[{"href":"https:\/\/toensfeldt-modellbau.de\/index.php?rest_route=\/wp\/v2\/pages\/2750","targetHints":{"allow":["GET"]}}],"collection":[{"href":"https:\/\/toensfeldt-modellbau.de\/index.php?rest_route=\/wp\/v2\/pages"}],"about":[{"href":"https:\/\/toensfeldt-modellbau.de\/index.php?rest_route=\/wp\/v2\/types\/page"}],"author":[{"embeddable":true,"href":"https:\/\/toensfeldt-modellbau.de\/index.php?rest_route=\/wp\/v2\/users\/2"}],"replies":[{"embeddable":true,"href":"https:\/\/toensfeldt-modellbau.de\/index.php?rest_route=%2Fwp%2Fv2%2Fcomments&post=2750"}],"version-history":[{"count":10,"href":"https:\/\/toensfeldt-modellbau.de\/index.php?rest_route=\/wp\/v2\/pages\/2750\/revisions"}],"predecessor-version":[{"id":2770,"href":"https:\/\/toensfeldt-modellbau.de\/index.php?rest_route=\/wp\/v2\/pages\/2750\/revisions\/2770"}],"wp:attachment":[{"href":"https:\/\/toensfeldt-modellbau.de\/index.php?rest_route=%2Fwp%2Fv2%2Fmedia&parent=2750"}],"curies":[{"name":"wp","href":"https:\/\/api.w.org\/{rel}","templated":true}]}}