{"id":2817,"date":"2018-01-16T18:26:36","date_gmt":"2018-01-16T16:26:36","guid":{"rendered":"http:\/\/toensfeldt-modellbau.de\/?page_id=2817"},"modified":"2025-03-02T12:22:06","modified_gmt":"2025-03-02T10:22:06","slug":"absperren","status":"publish","type":"page","link":"https:\/\/toensfeldt-modellbau.de\/?page_id=2817","title":{"rendered":"Aufliegerst\u00fctze"},"content":{"rendered":"\n<p>Adapterplatte aus Alu zum anbringen der Lesu Alufliegerst\u00fctze an Carson Auflieger.<\/p>\n\n\n\n<figure class=\"wp-block-image size-large\"><a href=\"http:\/\/toensfeldt-modellbau.de\/wp-content\/uploads\/2020\/12\/Verbindungspla-mitInt.jpg\"><img loading=\"lazy\" decoding=\"async\" width=\"425\" height=\"364\" src=\"http:\/\/toensfeldt-modellbau.de\/wp-content\/uploads\/2020\/12\/Verbindungspla-mitInt.jpg\" alt=\"\" class=\"wp-image-4296\" srcset=\"https:\/\/toensfeldt-modellbau.de\/wp-content\/uploads\/2020\/12\/Verbindungspla-mitInt.jpg 425w, https:\/\/toensfeldt-modellbau.de\/wp-content\/uploads\/2020\/12\/Verbindungspla-mitInt-300x257.jpg 300w\" sizes=\"auto, (max-width: 425px) 100vw, 425px\" \/><\/a><\/figure>\n\n\n\n<p>Die TMV Adapterplatte ist schwarz Eloxiert und hat alle Bohrungen und Gewinde um die Lesu Aufliegerst\u00fctze an die Carson Auflieger anzu Bauen.<\/p>\n\n\n\n<figure class=\"wp-block-image size-large is-resized\"><a href=\"http:\/\/toensfeldt-modellbau.de\/wp-content\/uploads\/2020\/12\/Verbindungspla-Int.jpg\"><img loading=\"lazy\" decoding=\"async\" width=\"200\" height=\"283\" src=\"http:\/\/toensfeldt-modellbau.de\/wp-content\/uploads\/2020\/12\/Verbindungspla-Int.jpg\" alt=\"\" class=\"wp-image-4295\" style=\"width:200px;height:283px\"\/><\/a><\/figure>\n\n\n\n<p><strong><em><span class=\"has-inline-color has-vivid-red-color\">Aufliegerst\u00fctze von Lesu<\/span><\/em><\/strong><\/p>\n\n\n\n<figure class=\"wp-block-image size-large\"><a href=\"http:\/\/toensfeldt-modellbau.de\/wp-content\/uploads\/2021\/02\/Stuetze-Lesu.jpg\"><img loading=\"lazy\" decoding=\"async\" width=\"283\" height=\"497\" src=\"http:\/\/toensfeldt-modellbau.de\/wp-content\/uploads\/2021\/02\/Stuetze-Lesu.jpg\" alt=\"\" class=\"wp-image-4460\" srcset=\"https:\/\/toensfeldt-modellbau.de\/wp-content\/uploads\/2021\/02\/Stuetze-Lesu.jpg 283w, https:\/\/toensfeldt-modellbau.de\/wp-content\/uploads\/2021\/02\/Stuetze-Lesu-171x300.jpg 171w\" sizes=\"auto, (max-width: 283px) 100vw, 283px\" \/><\/a><\/figure>\n\n\n\n<ul class=\"wp-block-list\">\n<li>Aufliegerst\u00fctze von Lesu mit 2,0 cm Bodenfreiheit<\/li>\n\n\n\n<li>Aufliegerst\u00fctzen mit 7,2V Elektromotor aus Metall. <\/li>\n\n\n\n<li>Ma\u00dfe: L\u00e4nge ausgefahren: 108mm, Hub: 25mm, Breite: 24mm, Tiefe: 18mm<\/li>\n\n\n\n<li>Lieferung: 2x St\u00fctze mit 7,2V Elektromotor.<\/li>\n<\/ul>\n\n\n\n<p>Art. Nr. Bestelltext:<\/p>\n\n\n\n<ul class=\"wp-block-list\">\n<li><span class=\"has-inline-color has-vivid-red-color\">020250<\/span> Lesu Aufliegerst\u00fctze 7,2 V<\/li>\n\n\n\n<li><span class=\"has-inline-color has-vivid-red-color\">020251<\/span> Adapterplatte f\u00fcr Lesu Alufliegerst\u00fctze an Carson Auflieger<\/li>\n<\/ul>\n\n\n\n<p>Adapterplatte f\u00fcr Lesu Alufliegerst\u00fctzeHerstellerdaten gem\u00e4s GPSR<\/p>\n\n\n\n<p>Olaf T\u00f6nsfeldt<br>T\u00f6nsfeldt Modellbau Vertrieb<br>Nobiskr\u00fcger Allee 20<br>24768 Rendsburg<\/p>\n\n\n\n<p><strong>Deutschland<\/strong><br>Tel.: 0049 (0 ) 43 31\/ 51 95<br>E-Mail an: tmv@toensfeldt-modellbau.de<\/p>\n\n\n\n<p>Lesu Aufliegerst\u00fctze <strong>Importeur:<\/strong><\/p>\n\n\n\n<p>Lili-Modellbau KG<\/p>\n\n\n\n<p>Am Siedenkamp 31<\/p>\n\n\n\n<p>21640 Bliedersdorf Deutschland<\/p>\n\n\n\n<p>info@lili-modellbau.de<\/p>\n","protected":false},"excerpt":{"rendered":"<p>Adapterplatte aus Alu zum anbringen der Lesu Alufliegerst\u00fctze an Carson Auflieger. Die TMV Adapterplatte ist schwarz Eloxiert und hat alle Bohrungen und Gewinde um die Lesu Aufliegerst\u00fctze an die Carson Auflieger anzu Bauen. Aufliegerst\u00fctze von Lesu Art. Nr. Bestelltext: Adapterplatte &hellip; <a href=\"https:\/\/toensfeldt-modellbau.de\/?page_id=2817\">Weiterlesen <span class=\"meta-nav\">&rarr;<\/span><\/a><\/p>\n","protected":false},"author":2,"featured_media":0,"parent":0,"menu_order":0,"comment_status":"closed","ping_status":"closed","template":"","meta":{"footnotes":""},"class_list":["post-2817","page","type-page","status-publish","hentry"],"_links":{"self":[{"href":"https:\/\/toensfeldt-modellbau.de\/index.php?rest_route=\/wp\/v2\/pages\/2817","targetHints":{"allow":["GET"]}}],"collection":[{"href":"https:\/\/toensfeldt-modellbau.de\/index.php?rest_route=\/wp\/v2\/pages"}],"about":[{"href":"https:\/\/toensfeldt-modellbau.de\/index.php?rest_route=\/wp\/v2\/types\/page"}],"author":[{"embeddable":true,"href":"https:\/\/toensfeldt-modellbau.de\/index.php?rest_route=\/wp\/v2\/users\/2"}],"replies":[{"embeddable":true,"href":"https:\/\/toensfeldt-modellbau.de\/index.php?rest_route=%2Fwp%2Fv2%2Fcomments&post=2817"}],"version-history":[{"count":7,"href":"https:\/\/toensfeldt-modellbau.de\/index.php?rest_route=\/wp\/v2\/pages\/2817\/revisions"}],"predecessor-version":[{"id":7551,"href":"https:\/\/toensfeldt-modellbau.de\/index.php?rest_route=\/wp\/v2\/pages\/2817\/revisions\/7551"}],"wp:attachment":[{"href":"https:\/\/toensfeldt-modellbau.de\/index.php?rest_route=%2Fwp%2Fv2%2Fmedia&parent=2817"}],"curies":[{"name":"wp","href":"https:\/\/api.w.org\/{rel}","templated":true}]}}