{"id":2940,"date":"2018-02-10T12:30:15","date_gmt":"2018-02-10T10:30:15","guid":{"rendered":"http:\/\/toensfeldt-modellbau.de\/?page_id=2940"},"modified":"2018-02-10T12:40:59","modified_gmt":"2018-02-10T10:40:59","slug":"3-achs-anhaenger","status":"publish","type":"page","link":"https:\/\/toensfeldt-modellbau.de\/?page_id=2940","title":{"rendered":"3 Achs Anh\u00e4nger"},"content":{"rendered":"<p><em><strong><span style=\"color: #0000ff;\">3 Achs Anh\u00e4nger mit Ovalen Tankaufbau Wedico auf TMV Modul Anh\u00e4nger Fahrgestell<\/span><\/strong><\/em><\/p>\n<p><img loading=\"lazy\" decoding=\"async\" class=\"alignnone size-full wp-image-2938\" src=\"http:\/\/toensfeldt-modellbau.de\/wp-content\/uploads\/2018\/02\/Anh\u00e4nger_Modul_3Achs3Int.jpg\" alt=\"\" width=\"567\" height=\"268\" srcset=\"https:\/\/toensfeldt-modellbau.de\/wp-content\/uploads\/2018\/02\/Anh\u00e4nger_Modul_3Achs3Int.jpg 567w, https:\/\/toensfeldt-modellbau.de\/wp-content\/uploads\/2018\/02\/Anh\u00e4nger_Modul_3Achs3Int-300x142.jpg 300w\" sizes=\"auto, (max-width: 567px) 100vw, 567px\" \/><\/p>\n<p><img loading=\"lazy\" decoding=\"async\" class=\"alignnone size-full wp-image-2939\" src=\"http:\/\/toensfeldt-modellbau.de\/wp-content\/uploads\/2018\/02\/Anh\u00e4nger_Modul_3Achs4Int.jpg\" alt=\"\" width=\"407\" height=\"567\" srcset=\"https:\/\/toensfeldt-modellbau.de\/wp-content\/uploads\/2018\/02\/Anh\u00e4nger_Modul_3Achs4Int.jpg 407w, https:\/\/toensfeldt-modellbau.de\/wp-content\/uploads\/2018\/02\/Anh\u00e4nger_Modul_3Achs4Int-215x300.jpg 215w\" sizes=\"auto, (max-width: 407px) 100vw, 407px\" \/><\/p>\n<ul>\n<li>TMV 3 Achs Anh\u00e4nger Moduel Fahrgestell<\/li>\n<li>TMV Feuerl\u00f6scher USA &amp; TMV Wandhalter<\/li>\n<li>Wedico Tankaufbau Oval<\/li>\n<li>Wedico Achsen, Achstr\u00e4ger, Federn, Felgen &amp; Reifen<\/li>\n<li>Wedico 2 Achskotfl\u00fcgel Glatt Hinten &amp; \u00bc Kotfl\u00fcgel Glatt Vorne<\/li>\n<li>Wedico Amerturenkasten &amp; Unterleg Keile<\/li>\n<li>Wedico Sto\u00dfstange mit 4 Kammerr\u00fcckleuchten<\/li>\n<\/ul>\n<p><em><strong><span style=\"color: #0000ff;\">Preis auf Anfrage.<\/span><\/strong><\/em><\/p>\n","protected":false},"excerpt":{"rendered":"<p>3 Achs Anh\u00e4nger mit Ovalen Tankaufbau Wedico auf TMV Modul Anh\u00e4nger Fahrgestell TMV 3 Achs Anh\u00e4nger Moduel Fahrgestell TMV Feuerl\u00f6scher USA &amp; TMV Wandhalter Wedico Tankaufbau Oval Wedico Achsen, Achstr\u00e4ger, Federn, Felgen &amp; Reifen Wedico 2 Achskotfl\u00fcgel Glatt Hinten &amp; &hellip; <a href=\"https:\/\/toensfeldt-modellbau.de\/?page_id=2940\">Weiterlesen <span class=\"meta-nav\">&rarr;<\/span><\/a><\/p>\n","protected":false},"author":2,"featured_media":0,"parent":0,"menu_order":0,"comment_status":"closed","ping_status":"closed","template":"","meta":{"footnotes":""},"class_list":["post-2940","page","type-page","status-publish","hentry"],"_links":{"self":[{"href":"https:\/\/toensfeldt-modellbau.de\/index.php?rest_route=\/wp\/v2\/pages\/2940","targetHints":{"allow":["GET"]}}],"collection":[{"href":"https:\/\/toensfeldt-modellbau.de\/index.php?rest_route=\/wp\/v2\/pages"}],"about":[{"href":"https:\/\/toensfeldt-modellbau.de\/index.php?rest_route=\/wp\/v2\/types\/page"}],"author":[{"embeddable":true,"href":"https:\/\/toensfeldt-modellbau.de\/index.php?rest_route=\/wp\/v2\/users\/2"}],"replies":[{"embeddable":true,"href":"https:\/\/toensfeldt-modellbau.de\/index.php?rest_route=%2Fwp%2Fv2%2Fcomments&post=2940"}],"version-history":[{"count":4,"href":"https:\/\/toensfeldt-modellbau.de\/index.php?rest_route=\/wp\/v2\/pages\/2940\/revisions"}],"predecessor-version":[{"id":2946,"href":"https:\/\/toensfeldt-modellbau.de\/index.php?rest_route=\/wp\/v2\/pages\/2940\/revisions\/2946"}],"wp:attachment":[{"href":"https:\/\/toensfeldt-modellbau.de\/index.php?rest_route=%2Fwp%2Fv2%2Fmedia&parent=2940"}],"curies":[{"name":"wp","href":"https:\/\/api.w.org\/{rel}","templated":true}]}}