{"id":2976,"date":"2018-02-24T15:31:18","date_gmt":"2018-02-24T13:31:18","guid":{"rendered":"http:\/\/toensfeldt-modellbau.de\/?page_id=2976"},"modified":"2018-02-24T15:49:02","modified_gmt":"2018-02-24T13:49:02","slug":"airbar","status":"publish","type":"page","link":"https:\/\/toensfeldt-modellbau.de\/?page_id=2976","title":{"rendered":"Druckluft-Ger\u00e4tetr\u00e4ger"},"content":{"rendered":"<p><em><strong><span style=\"color: #ff0000;\">\u00a0<\/span><\/strong><\/em><\/p>\n<p><img loading=\"lazy\" decoding=\"async\" class=\"alignnone size-full wp-image-2574\" src=\"http:\/\/toensfeldt-modellbau.de\/wp-content\/uploads\/2017\/11\/AirBarB2-Int.jpg\" alt=\"\" width=\"425\" height=\"263\" srcset=\"https:\/\/toensfeldt-modellbau.de\/wp-content\/uploads\/2017\/11\/AirBarB2-Int.jpg 425w, https:\/\/toensfeldt-modellbau.de\/wp-content\/uploads\/2017\/11\/AirBarB2-Int-300x186.jpg 300w\" sizes=\"auto, (max-width: 425px) 100vw, 425px\" \/><\/p>\n<p>1:14 Druckluft-Ger\u00e4tetr\u00e4ger V2A mit Leitungen<\/p>\n<p>Technische Daten:<\/p>\n<ul>\n<li>Breite Rahmen: 77 mm<\/li>\n<li>Breite Grundplatte: 63 mm<\/li>\n<li>Tiefe: 44mm<\/li>\n<li>H\u00f6he: 68mm<\/li>\n<\/ul>\n<p>Art. Nr. Bestelltext<\/p>\n<ul>\n<li><small>\u00a0 <span style=\"color: #ff0000;\">50148<\/span>\u00a0\u00a0 <\/small>1:14 Druckluft-Ger\u00e4tetr\u00e4ger V2A mit Leitungen<\/li>\n<\/ul>\n<p><em><strong><span style=\"color: #ff0000;\">TMV Gegenanschlu\u00dfplatte f\u00fcr den Auflieger<\/span><\/strong><\/em><\/p>\n<p>Neu bei TMV Gegenanschlu\u00dfplatte f\u00fcr den Auflieger um den thicon Druckluft-Ger\u00e4tetr\u00e4ger mit dem Auflierger zuverbinden so das mann den Druckluft-Ger\u00e4tetr\u00e4ger auch nutzen kan. Im Bausatz sind enthalten: 1 x Grundplatte VA zur aufnahme der Kabel vom Druckluft-Ger\u00e4tetr\u00e4ger, 1 x Kunststoffkasten schwarz sowie 2 x Schraube mit Muttern M 1,4 mm.<\/p>\n<p>Art. Nr. Bestell Text und Fotos folgen<\/p>\n","protected":false},"excerpt":{"rendered":"<p>\u00a0 1:14 Druckluft-Ger\u00e4tetr\u00e4ger V2A mit Leitungen Technische Daten: Breite Rahmen: 77 mm Breite Grundplatte: 63 mm Tiefe: 44mm H\u00f6he: 68mm Art. Nr. Bestelltext \u00a0 50148\u00a0\u00a0 1:14 Druckluft-Ger\u00e4tetr\u00e4ger V2A mit Leitungen TMV Gegenanschlu\u00dfplatte f\u00fcr den Auflieger Neu bei TMV Gegenanschlu\u00dfplatte f\u00fcr &hellip; <a href=\"https:\/\/toensfeldt-modellbau.de\/?page_id=2976\">Weiterlesen <span class=\"meta-nav\">&rarr;<\/span><\/a><\/p>\n","protected":false},"author":2,"featured_media":0,"parent":0,"menu_order":0,"comment_status":"closed","ping_status":"closed","template":"","meta":{"footnotes":""},"class_list":["post-2976","page","type-page","status-publish","hentry"],"_links":{"self":[{"href":"https:\/\/toensfeldt-modellbau.de\/index.php?rest_route=\/wp\/v2\/pages\/2976","targetHints":{"allow":["GET"]}}],"collection":[{"href":"https:\/\/toensfeldt-modellbau.de\/index.php?rest_route=\/wp\/v2\/pages"}],"about":[{"href":"https:\/\/toensfeldt-modellbau.de\/index.php?rest_route=\/wp\/v2\/types\/page"}],"author":[{"embeddable":true,"href":"https:\/\/toensfeldt-modellbau.de\/index.php?rest_route=\/wp\/v2\/users\/2"}],"replies":[{"embeddable":true,"href":"https:\/\/toensfeldt-modellbau.de\/index.php?rest_route=%2Fwp%2Fv2%2Fcomments&post=2976"}],"version-history":[{"count":5,"href":"https:\/\/toensfeldt-modellbau.de\/index.php?rest_route=\/wp\/v2\/pages\/2976\/revisions"}],"predecessor-version":[{"id":2983,"href":"https:\/\/toensfeldt-modellbau.de\/index.php?rest_route=\/wp\/v2\/pages\/2976\/revisions\/2983"}],"wp:attachment":[{"href":"https:\/\/toensfeldt-modellbau.de\/index.php?rest_route=%2Fwp%2Fv2%2Fmedia&parent=2976"}],"curies":[{"name":"wp","href":"https:\/\/api.w.org\/{rel}","templated":true}]}}