{"id":3013,"date":"2018-03-30T13:21:02","date_gmt":"2018-03-30T11:21:02","guid":{"rendered":"http:\/\/toensfeldt-modellbau.de\/?page_id=3013"},"modified":"2020-02-10T11:44:01","modified_gmt":"2020-02-10T09:44:01","slug":"hebe-traverse","status":"publish","type":"page","link":"https:\/\/toensfeldt-modellbau.de\/?page_id=3013","title":{"rendered":"Hebetraverse"},"content":{"rendered":"<p><img loading=\"lazy\" decoding=\"async\" class=\"alignnone size-full wp-image-3003\" src=\"http:\/\/toensfeldt-modellbau.de\/wp-content\/uploads\/2018\/03\/Traverse-Con-Alle-Farben.jpg\" alt=\"\" width=\"438\" height=\"567\" srcset=\"https:\/\/toensfeldt-modellbau.de\/wp-content\/uploads\/2018\/03\/Traverse-Con-Alle-Farben.jpg 438w, https:\/\/toensfeldt-modellbau.de\/wp-content\/uploads\/2018\/03\/Traverse-Con-Alle-Farben-232x300.jpg 232w\" sizes=\"auto, (max-width: 438px) 100vw, 438px\" \/><\/p>\n<p><em><strong><span style=\"color: #ff0000;\">Hebetraverse aus gelaserten Messing verl\u00f6tet und pulverbeschichtet.<\/span><\/strong><\/em><\/p>\n<p><img loading=\"lazy\" decoding=\"async\" class=\"alignnone size-full wp-image-3006\" src=\"http:\/\/toensfeldt-modellbau.de\/wp-content\/uploads\/2018\/03\/Traverse-Con-Gelb-B2.jpg\" alt=\"\" width=\"425\" height=\"219\" srcset=\"https:\/\/toensfeldt-modellbau.de\/wp-content\/uploads\/2018\/03\/Traverse-Con-Gelb-B2.jpg 425w, https:\/\/toensfeldt-modellbau.de\/wp-content\/uploads\/2018\/03\/Traverse-Con-Gelb-B2-300x155.jpg 300w\" sizes=\"auto, (max-width: 425px) 100vw, 425px\" \/><\/p>\n<p>Die Hebetraverse ist f\u00fcr 10 und 20 Fu\u00df Container zum Verladen mit dem Mobilkran auf LKW gedacht. Die Hebetraverse wirt aus 6 Teilen zusammen gesteck, weichverl\u00f6tet und dann pulverbeschichtet. Die Hebetraverse kann nat\u00fcrlich auch f\u00fcr anderes Ladegut verwendet werden. Sie k\u00f6nnen die Hebetraverse auch als Ladegut verweden. In verschiedenen Farben pulverbeschichtet erh\u00e4ltlich.<\/p>\n<p>Technische Daten:<\/p>\n<ul>\n<li>L\u00e4nge: ca. 175 mm<\/li>\n<li>H\u00f6he: ca. 38 mm<\/li>\n<li>Breite: ca. 30 mm<\/li>\n<li>Eigengewicht: ca. 198 g<\/li>\n<\/ul>\n<div id=\"attachment_3018\" style=\"width: 435px\" class=\"wp-caption alignnone\"><img loading=\"lazy\" decoding=\"async\" aria-describedby=\"caption-attachment-3018\" class=\"wp-image-3018 size-full\" src=\"http:\/\/toensfeldt-modellbau.de\/wp-content\/uploads\/2018\/03\/Traverse-Con-Gelb-B3.jpg\" alt=\"\" width=\"425\" height=\"282\" srcset=\"https:\/\/toensfeldt-modellbau.de\/wp-content\/uploads\/2018\/03\/Traverse-Con-Gelb-B3.jpg 425w, https:\/\/toensfeldt-modellbau.de\/wp-content\/uploads\/2018\/03\/Traverse-Con-Gelb-B3-300x199.jpg 300w\" sizes=\"auto, (max-width: 425px) 100vw, 425px\" \/><p id=\"caption-attachment-3018\" class=\"wp-caption-text\">030340<\/p><\/div>\n<div id=\"attachment_3009\" style=\"width: 435px\" class=\"wp-caption alignnone\"><img loading=\"lazy\" decoding=\"async\" aria-describedby=\"caption-attachment-3009\" class=\"wp-image-3009 size-full\" src=\"http:\/\/toensfeldt-modellbau.de\/wp-content\/uploads\/2018\/03\/Traverse-Con-Rot.jpg\" alt=\"\" width=\"425\" height=\"264\" srcset=\"https:\/\/toensfeldt-modellbau.de\/wp-content\/uploads\/2018\/03\/Traverse-Con-Rot.jpg 425w, https:\/\/toensfeldt-modellbau.de\/wp-content\/uploads\/2018\/03\/Traverse-Con-Rot-300x186.jpg 300w\" sizes=\"auto, (max-width: 425px) 100vw, 425px\" \/><p id=\"caption-attachment-3009\" class=\"wp-caption-text\">0360341<\/p><\/div>\n<div id=\"attachment_3004\" style=\"width: 435px\" class=\"wp-caption alignnone\"><img loading=\"lazy\" decoding=\"async\" aria-describedby=\"caption-attachment-3004\" class=\"wp-image-3004 size-full\" src=\"http:\/\/toensfeldt-modellbau.de\/wp-content\/uploads\/2018\/03\/Traverse-Con-Blau.jpg\" alt=\"\" width=\"425\" height=\"283\" srcset=\"https:\/\/toensfeldt-modellbau.de\/wp-content\/uploads\/2018\/03\/Traverse-Con-Blau.jpg 425w, https:\/\/toensfeldt-modellbau.de\/wp-content\/uploads\/2018\/03\/Traverse-Con-Blau-300x200.jpg 300w\" sizes=\"auto, (max-width: 425px) 100vw, 425px\" \/><p id=\"caption-attachment-3004\" class=\"wp-caption-text\">030342<\/p><\/div>\n<div id=\"attachment_3008\" style=\"width: 435px\" class=\"wp-caption alignnone\"><img loading=\"lazy\" decoding=\"async\" aria-describedby=\"caption-attachment-3008\" class=\"wp-image-3008 size-full\" src=\"http:\/\/toensfeldt-modellbau.de\/wp-content\/uploads\/2018\/03\/Traverse-Con-Oliv.jpg\" alt=\"\" width=\"425\" height=\"323\" srcset=\"https:\/\/toensfeldt-modellbau.de\/wp-content\/uploads\/2018\/03\/Traverse-Con-Oliv.jpg 425w, https:\/\/toensfeldt-modellbau.de\/wp-content\/uploads\/2018\/03\/Traverse-Con-Oliv-300x228.jpg 300w\" sizes=\"auto, (max-width: 425px) 100vw, 425px\" \/><p id=\"caption-attachment-3008\" class=\"wp-caption-text\">030343<\/p><\/div>\n<div id=\"attachment_3007\" style=\"width: 435px\" class=\"wp-caption alignnone\"><img loading=\"lazy\" decoding=\"async\" aria-describedby=\"caption-attachment-3007\" class=\"wp-image-3007 size-full\" src=\"http:\/\/toensfeldt-modellbau.de\/wp-content\/uploads\/2018\/03\/Traverse-Con-Natur.jpg\" alt=\"\" width=\"425\" height=\"276\" srcset=\"https:\/\/toensfeldt-modellbau.de\/wp-content\/uploads\/2018\/03\/Traverse-Con-Natur.jpg 425w, https:\/\/toensfeldt-modellbau.de\/wp-content\/uploads\/2018\/03\/Traverse-Con-Natur-300x195.jpg 300w\" sizes=\"auto, (max-width: 425px) 100vw, 425px\" \/><p id=\"caption-attachment-3007\" class=\"wp-caption-text\">Auf Anfrage<\/p><\/div>\n<p>Art.Nr. Art. Text<\/p>\n<ul>\n<li><span style=\"color: #ff0000;\">030340<\/span> TMV Hebetraverse Gelb<\/li>\n<li><span style=\"color: #ff0000;\">030341<\/span> TMV Hebetraverse Rot<\/li>\n<li><span style=\"color: #ff0000;\">030342<\/span> TMV Hebetraverse Blau<\/li>\n<li><span style=\"color: #ff0000;\">030343<\/span> TMVHebetraverse Oliv<\/li>\n<\/ul>\n<p><em><strong><span style=\"color: #ff0000;\">Anschlagkettensatz f\u00fcr Hebetraverse<\/span><\/strong><\/em><\/p>\n<p>Die Haken f\u00fcr die Anschlagketten der Hebetraverse k\u00f6nnen sie in den 4 Farben Gelb, Rot, Blau oder Oliv bekommen einfach die Farbe bei der Bestellung angeben.<\/p>\n<p><img loading=\"lazy\" decoding=\"async\" class=\"alignnone size-full wp-image-3019\" src=\"http:\/\/toensfeldt-modellbau.de\/wp-content\/uploads\/2018\/03\/Traverse-Con-Oliv-Ketten.jpg\" alt=\"\" width=\"538\" height=\"567\" srcset=\"https:\/\/toensfeldt-modellbau.de\/wp-content\/uploads\/2018\/03\/Traverse-Con-Oliv-Ketten.jpg 538w, https:\/\/toensfeldt-modellbau.de\/wp-content\/uploads\/2018\/03\/Traverse-Con-Oliv-Ketten-285x300.jpg 285w\" sizes=\"auto, (max-width: 538px) 100vw, 538px\" \/><\/p>\n<p>Art.Nr. Art. Text<\/p>\n<ul>\n<li><span style=\"color: #ff0000;\">030350<\/span> TMV Hebetraverse Anschlagkettensatz 10 Fu\u00df Container<\/li>\n<li><span style=\"color: #ff0000;\">030351<\/span> TMV Hebetraverse Anschlagkettensatz 20 Fu\u00df Container<\/li>\n<li><span style=\"color: #ff0000;\">030352<\/span> TMV Hebetraverse Anschlagkettensatz Ketten L\u00e4nge Frei<\/li>\n<li><span style=\"color: #000000;\">030353<\/span> TMV Hebetraverse Anschlagb\u00e4nder mit Sch\u00e4kel<\/li>\n<\/ul>\n","protected":false},"excerpt":{"rendered":"<p>Hebetraverse aus gelaserten Messing verl\u00f6tet und pulverbeschichtet. Die Hebetraverse ist f\u00fcr 10 und 20 Fu\u00df Container zum Verladen mit dem Mobilkran auf LKW gedacht. Die Hebetraverse wirt aus 6 Teilen zusammen gesteck, weichverl\u00f6tet und dann pulverbeschichtet. Die Hebetraverse kann nat\u00fcrlich &hellip; <a href=\"https:\/\/toensfeldt-modellbau.de\/?page_id=3013\">Weiterlesen <span class=\"meta-nav\">&rarr;<\/span><\/a><\/p>\n","protected":false},"author":2,"featured_media":0,"parent":0,"menu_order":0,"comment_status":"closed","ping_status":"closed","template":"","meta":{"footnotes":""},"class_list":["post-3013","page","type-page","status-publish","hentry"],"_links":{"self":[{"href":"https:\/\/toensfeldt-modellbau.de\/index.php?rest_route=\/wp\/v2\/pages\/3013","targetHints":{"allow":["GET"]}}],"collection":[{"href":"https:\/\/toensfeldt-modellbau.de\/index.php?rest_route=\/wp\/v2\/pages"}],"about":[{"href":"https:\/\/toensfeldt-modellbau.de\/index.php?rest_route=\/wp\/v2\/types\/page"}],"author":[{"embeddable":true,"href":"https:\/\/toensfeldt-modellbau.de\/index.php?rest_route=\/wp\/v2\/users\/2"}],"replies":[{"embeddable":true,"href":"https:\/\/toensfeldt-modellbau.de\/index.php?rest_route=%2Fwp%2Fv2%2Fcomments&post=3013"}],"version-history":[{"count":15,"href":"https:\/\/toensfeldt-modellbau.de\/index.php?rest_route=\/wp\/v2\/pages\/3013\/revisions"}],"predecessor-version":[{"id":3917,"href":"https:\/\/toensfeldt-modellbau.de\/index.php?rest_route=\/wp\/v2\/pages\/3013\/revisions\/3917"}],"wp:attachment":[{"href":"https:\/\/toensfeldt-modellbau.de\/index.php?rest_route=%2Fwp%2Fv2%2Fmedia&parent=3013"}],"curies":[{"name":"wp","href":"https:\/\/api.w.org\/{rel}","templated":true}]}}