{"id":3040,"date":"2018-04-03T17:53:18","date_gmt":"2018-04-03T15:53:18","guid":{"rendered":"http:\/\/toensfeldt-modellbau.de\/?page_id=3040"},"modified":"2025-03-02T11:56:30","modified_gmt":"2025-03-02T09:56:30","slug":"bw-verladen","status":"publish","type":"page","link":"https:\/\/toensfeldt-modellbau.de\/?page_id=3040","title":{"rendered":"BW Verladen"},"content":{"rendered":"<p><img loading=\"lazy\" decoding=\"async\" class=\"alignnone size-full wp-image-3008\" src=\"http:\/\/toensfeldt-modellbau.de\/wp-content\/uploads\/2018\/03\/Traverse-Con-Oliv.jpg\" alt=\"\" width=\"425\" height=\"323\" srcset=\"https:\/\/toensfeldt-modellbau.de\/wp-content\/uploads\/2018\/03\/Traverse-Con-Oliv.jpg 425w, https:\/\/toensfeldt-modellbau.de\/wp-content\/uploads\/2018\/03\/Traverse-Con-Oliv-300x228.jpg 300w\" sizes=\"auto, (max-width: 425px) 100vw, 425px\" \/><\/p>\n<p><img loading=\"lazy\" decoding=\"async\" class=\"alignnone size-full wp-image-2757\" src=\"http:\/\/toensfeldt-modellbau.de\/wp-content\/uploads\/2018\/01\/Anschlag-Bauma-Oliv-WirbelB1Int.jpg\" alt=\"\" width=\"146\" height=\"425\" srcset=\"https:\/\/toensfeldt-modellbau.de\/wp-content\/uploads\/2018\/01\/Anschlag-Bauma-Oliv-WirbelB1Int.jpg 146w, https:\/\/toensfeldt-modellbau.de\/wp-content\/uploads\/2018\/01\/Anschlag-Bauma-Oliv-WirbelB1Int-103x300.jpg 103w\" sizes=\"auto, (max-width: 146px) 100vw, 146px\" \/><img loading=\"lazy\" decoding=\"async\" class=\"alignnone size-full wp-image-2756\" src=\"http:\/\/toensfeldt-modellbau.de\/wp-content\/uploads\/2018\/01\/Anschlag-Bauma-Oliv-B1Int.jpg\" alt=\"\" width=\"154\" height=\"425\" srcset=\"https:\/\/toensfeldt-modellbau.de\/wp-content\/uploads\/2018\/01\/Anschlag-Bauma-Oliv-B1Int.jpg 154w, https:\/\/toensfeldt-modellbau.de\/wp-content\/uploads\/2018\/01\/Anschlag-Bauma-Oliv-B1Int-109x300.jpg 109w\" sizes=\"auto, (max-width: 154px) 100vw, 154px\" \/><\/p>\n\n\n<p>Herstellerdaten gem\u00e4s GPSR<\/p>\n\n\n\n<p>Olaf T\u00f6nsfeldt<br>T\u00f6nsfeldt Modellbau Vertrieb<br>Nobiskr\u00fcger Allee 20<br>24768 Rendsburg<\/p>\n\n\n\n<p><strong>Deutschland<\/strong><br>Tel.: 0049 (0 ) 43 31\/ 51 95<br>E-Mail an: tmv@toensfeldt-modellbau.de<\/p>\n","protected":false},"excerpt":{"rendered":"<p>Herstellerdaten gem\u00e4s GPSR Olaf T\u00f6nsfeldtT\u00f6nsfeldt Modellbau VertriebNobiskr\u00fcger Allee 2024768 Rendsburg DeutschlandTel.: 0049 (0 ) 43 31\/ 51 95E-Mail an: tmv@toensfeldt-modellbau.de<\/p>\n","protected":false},"author":2,"featured_media":0,"parent":0,"menu_order":0,"comment_status":"closed","ping_status":"closed","template":"","meta":{"footnotes":""},"class_list":["post-3040","page","type-page","status-publish","hentry"],"_links":{"self":[{"href":"https:\/\/toensfeldt-modellbau.de\/index.php?rest_route=\/wp\/v2\/pages\/3040","targetHints":{"allow":["GET"]}}],"collection":[{"href":"https:\/\/toensfeldt-modellbau.de\/index.php?rest_route=\/wp\/v2\/pages"}],"about":[{"href":"https:\/\/toensfeldt-modellbau.de\/index.php?rest_route=\/wp\/v2\/types\/page"}],"author":[{"embeddable":true,"href":"https:\/\/toensfeldt-modellbau.de\/index.php?rest_route=\/wp\/v2\/users\/2"}],"replies":[{"embeddable":true,"href":"https:\/\/toensfeldt-modellbau.de\/index.php?rest_route=%2Fwp%2Fv2%2Fcomments&post=3040"}],"version-history":[{"count":4,"href":"https:\/\/toensfeldt-modellbau.de\/index.php?rest_route=\/wp\/v2\/pages\/3040\/revisions"}],"predecessor-version":[{"id":7521,"href":"https:\/\/toensfeldt-modellbau.de\/index.php?rest_route=\/wp\/v2\/pages\/3040\/revisions\/7521"}],"wp:attachment":[{"href":"https:\/\/toensfeldt-modellbau.de\/index.php?rest_route=%2Fwp%2Fv2%2Fmedia&parent=3040"}],"curies":[{"name":"wp","href":"https:\/\/api.w.org\/{rel}","templated":true}]}}