{"id":3057,"date":"2018-04-10T17:57:54","date_gmt":"2018-04-10T15:57:54","guid":{"rendered":"http:\/\/toensfeldt-modellbau.de\/?page_id=3057"},"modified":"2025-03-02T11:56:51","modified_gmt":"2025-03-02T09:56:51","slug":"bw-stromerzeuger","status":"publish","type":"page","link":"https:\/\/toensfeldt-modellbau.de\/?page_id=3057","title":{"rendered":"BW Werkzeug"},"content":{"rendered":"<p><img loading=\"lazy\" decoding=\"async\" class=\"alignnone size-full wp-image-3810\" src=\"http:\/\/toensfeldt-modellbau.de\/wp-content\/uploads\/2019\/06\/Wolf-Werkzeug.jpg\" alt=\"\" width=\"567\" height=\"343\" srcset=\"https:\/\/toensfeldt-modellbau.de\/wp-content\/uploads\/2019\/06\/Wolf-Werkzeug.jpg 567w, https:\/\/toensfeldt-modellbau.de\/wp-content\/uploads\/2019\/06\/Wolf-Werkzeug-300x181.jpg 300w\" sizes=\"auto, (max-width: 567px) 100vw, 567px\" \/><\/p>\n<p>TMV Werkzeug f\u00fcr Fahrzeuge und als Zubeh\u00f6r. Die TMV Werkzeuge sind aus Messing Feinguss gegossen worden, der Stiel ist aus Messingdraht. Die Werkzeuge sind Oliv\u00a0 pulverbeschichtet und die Griffst\u00fccke sind in Gummi getaucht.<\/p>\n<div id=\"attachment_3702\" style=\"width: 435px\" class=\"wp-caption alignnone\"><img loading=\"lazy\" decoding=\"async\" aria-describedby=\"caption-attachment-3702\" class=\"wp-image-3702 size-full\" src=\"http:\/\/toensfeldt-modellbau.de\/wp-content\/uploads\/2019\/05\/Axt-Oliv.jpg\" alt=\"\" width=\"425\" height=\"317\" srcset=\"https:\/\/toensfeldt-modellbau.de\/wp-content\/uploads\/2019\/05\/Axt-Oliv.jpg 425w, https:\/\/toensfeldt-modellbau.de\/wp-content\/uploads\/2019\/05\/Axt-Oliv-300x224.jpg 300w\" sizes=\"auto, (max-width: 425px) 100vw, 425px\" \/><p id=\"caption-attachment-3702\" class=\"wp-caption-text\">BW Axt<\/p><\/div>\n<div id=\"attachment_3703\" style=\"width: 435px\" class=\"wp-caption alignnone\"><img loading=\"lazy\" decoding=\"async\" aria-describedby=\"caption-attachment-3703\" class=\"wp-image-3703 size-full\" src=\"http:\/\/toensfeldt-modellbau.de\/wp-content\/uploads\/2019\/05\/Spitzhacke-DE-Oliv.jpg\" alt=\"\" width=\"425\" height=\"520\" srcset=\"https:\/\/toensfeldt-modellbau.de\/wp-content\/uploads\/2019\/05\/Spitzhacke-DE-Oliv.jpg 425w, https:\/\/toensfeldt-modellbau.de\/wp-content\/uploads\/2019\/05\/Spitzhacke-DE-Oliv-245x300.jpg 245w\" sizes=\"auto, (max-width: 425px) 100vw, 425px\" \/><p id=\"caption-attachment-3703\" class=\"wp-caption-text\">BW Spitzhacke<\/p><\/div>\n<div id=\"attachment_3705\" style=\"width: 435px\" class=\"wp-caption alignnone\"><img loading=\"lazy\" decoding=\"async\" aria-describedby=\"caption-attachment-3705\" class=\"wp-image-3705 size-full\" src=\"http:\/\/toensfeldt-modellbau.de\/wp-content\/uploads\/2019\/05\/VorHammer-DE-Oliv.jpg\" alt=\"\" width=\"425\" height=\"453\" srcset=\"https:\/\/toensfeldt-modellbau.de\/wp-content\/uploads\/2019\/05\/VorHammer-DE-Oliv.jpg 425w, https:\/\/toensfeldt-modellbau.de\/wp-content\/uploads\/2019\/05\/VorHammer-DE-Oliv-281x300.jpg 281w\" sizes=\"auto, (max-width: 425px) 100vw, 425px\" \/><p id=\"caption-attachment-3705\" class=\"wp-caption-text\">Vorschlaghammer Schlosser 5 KG BW<\/p><\/div>\n<div id=\"attachment_3706\" style=\"width: 435px\" class=\"wp-caption alignnone\"><img loading=\"lazy\" decoding=\"async\" aria-describedby=\"caption-attachment-3706\" class=\"wp-image-3706 size-full\" src=\"http:\/\/toensfeldt-modellbau.de\/wp-content\/uploads\/2019\/05\/VorHammer-US-Oliv.jpg\" alt=\"\" width=\"425\" height=\"554\" srcset=\"https:\/\/toensfeldt-modellbau.de\/wp-content\/uploads\/2019\/05\/VorHammer-US-Oliv.jpg 425w, https:\/\/toensfeldt-modellbau.de\/wp-content\/uploads\/2019\/05\/VorHammer-US-Oliv-230x300.jpg 230w\" sizes=\"auto, (max-width: 425px) 100vw, 425px\" \/><p id=\"caption-attachment-3706\" class=\"wp-caption-text\">Vorschlaghammer US Army<\/p><\/div>\n<p>Art. Nr. Bestell Text<\/p>\n<ul>\n<li><span style=\"color: #ff0000;\">040248<\/span> TMV Axt 1:14 BW<\/li>\n<li><span style=\"color: #ff0000;\">040249<\/span> TMV Schlosser 1:14 BW<\/li>\n<li><span style=\"color: #ff0000;\">040250<\/span> TMV Spitzhacke 1:14 BW<\/li>\n<li><span style=\"color: #ff0000;\">040251<\/span> TMV US Messing Kopf Army<\/li>\n<li><span style=\"color: #ff0000;\">040256<\/span> 2 Halter Rund 2,5 mm<\/li>\n<li><span style=\"color: #ff0000;\">040257<\/span> 2 Halter Oval Spitzhacke<\/li>\n<\/ul>\n\n\n<p>Herstellerdaten gem\u00e4s GPSR<\/p>\n\n\n\n<p>Olaf T\u00f6nsfeldt<br>T\u00f6nsfeldt Modellbau Vertrieb<br>Nobiskr\u00fcger Allee 20<br>24768 Rendsburg<\/p>\n\n\n\n<p><strong>Deutschland<\/strong><br>Tel.: 0049 (0 ) 43 31\/ 51 95<br>E-Mail an: tmv@toensfeldt-modellbau.de<\/p>\n","protected":false},"excerpt":{"rendered":"<p>TMV Werkzeug f\u00fcr Fahrzeuge und als Zubeh\u00f6r. Die TMV Werkzeuge sind aus Messing Feinguss gegossen worden, der Stiel ist aus Messingdraht. Die Werkzeuge sind Oliv\u00a0 pulverbeschichtet und die Griffst\u00fccke sind in Gummi getaucht. Art. Nr. Bestell Text 040248 TMV Axt &hellip; <a href=\"https:\/\/toensfeldt-modellbau.de\/?page_id=3057\">Weiterlesen <span class=\"meta-nav\">&rarr;<\/span><\/a><\/p>\n","protected":false},"author":2,"featured_media":0,"parent":0,"menu_order":0,"comment_status":"closed","ping_status":"closed","template":"","meta":{"footnotes":""},"class_list":["post-3057","page","type-page","status-publish","hentry"],"_links":{"self":[{"href":"https:\/\/toensfeldt-modellbau.de\/index.php?rest_route=\/wp\/v2\/pages\/3057","targetHints":{"allow":["GET"]}}],"collection":[{"href":"https:\/\/toensfeldt-modellbau.de\/index.php?rest_route=\/wp\/v2\/pages"}],"about":[{"href":"https:\/\/toensfeldt-modellbau.de\/index.php?rest_route=\/wp\/v2\/types\/page"}],"author":[{"embeddable":true,"href":"https:\/\/toensfeldt-modellbau.de\/index.php?rest_route=\/wp\/v2\/users\/2"}],"replies":[{"embeddable":true,"href":"https:\/\/toensfeldt-modellbau.de\/index.php?rest_route=%2Fwp%2Fv2%2Fcomments&post=3057"}],"version-history":[{"count":14,"href":"https:\/\/toensfeldt-modellbau.de\/index.php?rest_route=\/wp\/v2\/pages\/3057\/revisions"}],"predecessor-version":[{"id":7522,"href":"https:\/\/toensfeldt-modellbau.de\/index.php?rest_route=\/wp\/v2\/pages\/3057\/revisions\/7522"}],"wp:attachment":[{"href":"https:\/\/toensfeldt-modellbau.de\/index.php?rest_route=%2Fwp%2Fv2%2Fmedia&parent=3057"}],"curies":[{"name":"wp","href":"https:\/\/api.w.org\/{rel}","templated":true}]}}