{"id":3214,"date":"2018-07-14T19:44:00","date_gmt":"2018-07-14T17:44:00","guid":{"rendered":"http:\/\/toensfeldt-modellbau.de\/?page_id=3214"},"modified":"2018-07-18T11:02:49","modified_gmt":"2018-07-18T09:02:49","slug":"thicon-haken","status":"publish","type":"page","link":"https:\/\/toensfeldt-modellbau.de\/?page_id=3214","title":{"rendered":"thicon Haken"},"content":{"rendered":"<p><img loading=\"lazy\" decoding=\"async\" class=\"alignnone size-full wp-image-3213\" src=\"http:\/\/toensfeldt-modellbau.de\/wp-content\/uploads\/2018\/07\/thicon-haken-4Strang-Tra.jpg\" alt=\"\" width=\"564\" height=\"646\" srcset=\"https:\/\/toensfeldt-modellbau.de\/wp-content\/uploads\/2018\/07\/thicon-haken-4Strang-Tra.jpg 564w, https:\/\/toensfeldt-modellbau.de\/wp-content\/uploads\/2018\/07\/thicon-haken-4Strang-Tra-262x300.jpg 262w\" sizes=\"auto, (max-width: 564px) 100vw, 564px\" \/><\/p>\n<p>F\u00fcr die thicon Haken mit Sicherung\u00a0 Art. Nr. 20098 &amp; 20099 bietet TMV Ketten an, um sie zu Anschlagketten zu machen. Standartl\u00e4nge der Kette sind 10 cm, die dann in Schritten von 2,5 cm verl\u00e4ngert werden k\u00f6nnen. Im ersten Satz mit Kette sind die Anschlags\u00f6se Gro\u00df, Schild nur Heben, Kettenanh\u00e4nger blau und ein Sch\u00e4kel enthalten. In den Kettes\u00e4tzen 1 bis 3 sind dann die Anzahl der Ketten und Sch\u00e4kel enthalten.<\/p>\n<p><span style=\"color: #ff0000;\">Achtung es sind keine Haken von thicon dabei, diese kommen extra dazu!<\/span><\/p>\n<p><img loading=\"lazy\" decoding=\"async\" class=\"alignnone size-full wp-image-3212\" src=\"http:\/\/toensfeldt-modellbau.de\/wp-content\/uploads\/2018\/07\/thicon-haken-4Strang-\u00d6se.jpg\" alt=\"\" width=\"113\" height=\"425\" srcset=\"https:\/\/toensfeldt-modellbau.de\/wp-content\/uploads\/2018\/07\/thicon-haken-4Strang-\u00d6se.jpg 113w, https:\/\/toensfeldt-modellbau.de\/wp-content\/uploads\/2018\/07\/thicon-haken-4Strang-\u00d6se-80x300.jpg 80w\" sizes=\"auto, (max-width: 113px) 100vw, 113px\" \/><\/p>\n<p><img loading=\"lazy\" decoding=\"async\" class=\"alignnone wp-image-3208 size-full\" src=\"http:\/\/toensfeldt-modellbau.de\/wp-content\/uploads\/2018\/07\/thicon-haken-1Strang.jpg\" alt=\"\" width=\"124\" height=\"425\" \/><img loading=\"lazy\" decoding=\"async\" class=\"alignnone size-full wp-image-3209\" src=\"http:\/\/toensfeldt-modellbau.de\/wp-content\/uploads\/2018\/07\/thicon-haken-2Strang.jpg\" alt=\"\" width=\"135\" height=\"425\" srcset=\"https:\/\/toensfeldt-modellbau.de\/wp-content\/uploads\/2018\/07\/thicon-haken-2Strang.jpg 135w, https:\/\/toensfeldt-modellbau.de\/wp-content\/uploads\/2018\/07\/thicon-haken-2Strang-95x300.jpg 95w\" sizes=\"auto, (max-width: 135px) 100vw, 135px\" \/><img loading=\"lazy\" decoding=\"async\" class=\"alignnone size-full wp-image-3210\" src=\"http:\/\/toensfeldt-modellbau.de\/wp-content\/uploads\/2018\/07\/thicon-haken-3Strang.jpg\" alt=\"\" width=\"148\" height=\"425\" srcset=\"https:\/\/toensfeldt-modellbau.de\/wp-content\/uploads\/2018\/07\/thicon-haken-3Strang.jpg 148w, https:\/\/toensfeldt-modellbau.de\/wp-content\/uploads\/2018\/07\/thicon-haken-3Strang-104x300.jpg 104w\" sizes=\"auto, (max-width: 148px) 100vw, 148px\" \/><img loading=\"lazy\" decoding=\"async\" class=\"alignnone size-full wp-image-3211\" src=\"http:\/\/toensfeldt-modellbau.de\/wp-content\/uploads\/2018\/07\/thicon-haken-4Strang.jpg\" alt=\"\" width=\"183\" height=\"425\" srcset=\"https:\/\/toensfeldt-modellbau.de\/wp-content\/uploads\/2018\/07\/thicon-haken-4Strang.jpg 183w, https:\/\/toensfeldt-modellbau.de\/wp-content\/uploads\/2018\/07\/thicon-haken-4Strang-129x300.jpg 129w\" sizes=\"auto, (max-width: 183px) 100vw, 183px\" \/><\/p>\n<p>Art. Nr. Bestell Text:<\/p>\n<ul>\n<li><span style=\"color: #ff0000;\">030120<\/span> TMV Anschlagkette f\u00fcr 1 Haken &amp; \u00d6se<\/li>\n<li><span style=\"color: #ff0000;\">030121<\/span> TMV Anschlagkette f\u00fcr 1 Haken<\/li>\n<li><span style=\"color: #ff0000;\">030122<\/span> TMV Anschlagkette f\u00fcr 2 Haken<\/li>\n<li><span style=\"color: #ff0000;\">030123<\/span> TMV Anschlagkette f\u00fcr 3 Haken<\/li>\n<li><span style=\"color: #ff0000;\">thi20098<\/span> thicon 1:14 Haken mit Sicherung Schwarz<\/li>\n<li><span style=\"color: #ff0000;\">thi20099<\/span> thicon 1:14 Haken mit Sicherung Rot<\/li>\n<\/ul>\n","protected":false},"excerpt":{"rendered":"<p>F\u00fcr die thicon Haken mit Sicherung\u00a0 Art. Nr. 20098 &amp; 20099 bietet TMV Ketten an, um sie zu Anschlagketten zu machen. Standartl\u00e4nge der Kette sind 10 cm, die dann in Schritten von 2,5 cm verl\u00e4ngert werden k\u00f6nnen. Im ersten Satz &hellip; <a href=\"https:\/\/toensfeldt-modellbau.de\/?page_id=3214\">Weiterlesen <span class=\"meta-nav\">&rarr;<\/span><\/a><\/p>\n","protected":false},"author":2,"featured_media":0,"parent":0,"menu_order":0,"comment_status":"closed","ping_status":"closed","template":"","meta":{"footnotes":""},"class_list":["post-3214","page","type-page","status-publish","hentry"],"_links":{"self":[{"href":"https:\/\/toensfeldt-modellbau.de\/index.php?rest_route=\/wp\/v2\/pages\/3214","targetHints":{"allow":["GET"]}}],"collection":[{"href":"https:\/\/toensfeldt-modellbau.de\/index.php?rest_route=\/wp\/v2\/pages"}],"about":[{"href":"https:\/\/toensfeldt-modellbau.de\/index.php?rest_route=\/wp\/v2\/types\/page"}],"author":[{"embeddable":true,"href":"https:\/\/toensfeldt-modellbau.de\/index.php?rest_route=\/wp\/v2\/users\/2"}],"replies":[{"embeddable":true,"href":"https:\/\/toensfeldt-modellbau.de\/index.php?rest_route=%2Fwp%2Fv2%2Fcomments&post=3214"}],"version-history":[{"count":11,"href":"https:\/\/toensfeldt-modellbau.de\/index.php?rest_route=\/wp\/v2\/pages\/3214\/revisions"}],"predecessor-version":[{"id":3226,"href":"https:\/\/toensfeldt-modellbau.de\/index.php?rest_route=\/wp\/v2\/pages\/3214\/revisions\/3226"}],"wp:attachment":[{"href":"https:\/\/toensfeldt-modellbau.de\/index.php?rest_route=%2Fwp%2Fv2%2Fmedia&parent=3214"}],"curies":[{"name":"wp","href":"https:\/\/api.w.org\/{rel}","templated":true}]}}