{"id":3231,"date":"2018-07-22T12:14:56","date_gmt":"2018-07-22T10:14:56","guid":{"rendered":"http:\/\/toensfeldt-modellbau.de\/?page_id=3231"},"modified":"2025-03-02T11:57:36","modified_gmt":"2025-03-02T09:57:36","slug":"feuerweher","status":"publish","type":"page","link":"https:\/\/toensfeldt-modellbau.de\/?page_id=3231","title":{"rendered":"Feuerwehr"},"content":{"rendered":"<p><em><strong><span style=\"color: #ff0000;\">Unter diesem Batton finden sie Ausr\u00fcstung f\u00fcr die Feuerwehr in 1:14 &amp; 1:16!<\/span><\/strong><\/em><\/p>\n\n\n<figure class=\"wp-block-image size-large\"><a href=\"http:\/\/toensfeldt-modellbau.de\/wp-content\/uploads\/2018\/10\/Trage-Senkrecht-4-St.jpg\"><img loading=\"lazy\" decoding=\"async\" width=\"425\" height=\"434\" src=\"http:\/\/toensfeldt-modellbau.de\/wp-content\/uploads\/2018\/10\/Trage-Senkrecht-4-St.jpg\" alt=\"\" class=\"wp-image-3354\" srcset=\"https:\/\/toensfeldt-modellbau.de\/wp-content\/uploads\/2018\/10\/Trage-Senkrecht-4-St.jpg 425w, https:\/\/toensfeldt-modellbau.de\/wp-content\/uploads\/2018\/10\/Trage-Senkrecht-4-St-294x300.jpg 294w\" sizes=\"auto, (max-width: 425px) 100vw, 425px\" \/><\/a><\/figure>\n\n\n\n<figure class=\"wp-block-image size-large\"><a href=\"http:\/\/toensfeldt-modellbau.de\/wp-content\/uploads\/2018\/12\/Einreishaken-Mann1.jpg\"><img loading=\"lazy\" decoding=\"async\" width=\"567\" height=\"521\" src=\"http:\/\/toensfeldt-modellbau.de\/wp-content\/uploads\/2018\/12\/Einreishaken-Mann1.jpg\" alt=\"\" class=\"wp-image-3422\" srcset=\"https:\/\/toensfeldt-modellbau.de\/wp-content\/uploads\/2018\/12\/Einreishaken-Mann1.jpg 567w, https:\/\/toensfeldt-modellbau.de\/wp-content\/uploads\/2018\/12\/Einreishaken-Mann1-300x276.jpg 300w\" sizes=\"auto, (max-width: 567px) 100vw, 567px\" \/><\/a><\/figure>\n\n\n\n<p>Herstellerdaten gem\u00e4s GPSR<\/p>\n\n\n\n<p>Olaf T\u00f6nsfeldt<br>T\u00f6nsfeldt Modellbau Vertrieb<br>Nobiskr\u00fcger Allee 20<br>24768 Rendsburg<\/p>\n\n\n\n<p><strong>Deutschland<\/strong><br>Tel.: 0049 (0 ) 43 31\/ 51 95<br>E-Mail an: tmv@toensfeldt-modellbau.de<\/p>\n","protected":false},"excerpt":{"rendered":"<p>Unter diesem Batton finden sie Ausr\u00fcstung f\u00fcr die Feuerwehr in 1:14 &amp; 1:16! Herstellerdaten gem\u00e4s GPSR Olaf T\u00f6nsfeldtT\u00f6nsfeldt Modellbau VertriebNobiskr\u00fcger Allee 2024768 Rendsburg DeutschlandTel.: 0049 (0 ) 43 31\/ 51 95E-Mail an: tmv@toensfeldt-modellbau.de<\/p>\n","protected":false},"author":2,"featured_media":0,"parent":0,"menu_order":0,"comment_status":"closed","ping_status":"closed","template":"","meta":{"footnotes":""},"class_list":["post-3231","page","type-page","status-publish","hentry"],"_links":{"self":[{"href":"https:\/\/toensfeldt-modellbau.de\/index.php?rest_route=\/wp\/v2\/pages\/3231","targetHints":{"allow":["GET"]}}],"collection":[{"href":"https:\/\/toensfeldt-modellbau.de\/index.php?rest_route=\/wp\/v2\/pages"}],"about":[{"href":"https:\/\/toensfeldt-modellbau.de\/index.php?rest_route=\/wp\/v2\/types\/page"}],"author":[{"embeddable":true,"href":"https:\/\/toensfeldt-modellbau.de\/index.php?rest_route=\/wp\/v2\/users\/2"}],"replies":[{"embeddable":true,"href":"https:\/\/toensfeldt-modellbau.de\/index.php?rest_route=%2Fwp%2Fv2%2Fcomments&post=3231"}],"version-history":[{"count":8,"href":"https:\/\/toensfeldt-modellbau.de\/index.php?rest_route=\/wp\/v2\/pages\/3231\/revisions"}],"predecessor-version":[{"id":7523,"href":"https:\/\/toensfeldt-modellbau.de\/index.php?rest_route=\/wp\/v2\/pages\/3231\/revisions\/7523"}],"wp:attachment":[{"href":"https:\/\/toensfeldt-modellbau.de\/index.php?rest_route=%2Fwp%2Fv2%2Fmedia&parent=3231"}],"curies":[{"name":"wp","href":"https:\/\/api.w.org\/{rel}","templated":true}]}}