{"id":3235,"date":"2018-07-22T12:17:25","date_gmt":"2018-07-22T10:17:25","guid":{"rendered":"http:\/\/toensfeldt-modellbau.de\/?page_id=3235"},"modified":"2025-03-02T12:04:17","modified_gmt":"2025-03-02T10:04:17","slug":"brechstange-114","status":"publish","type":"page","link":"https:\/\/toensfeldt-modellbau.de\/?page_id=3235","title":{"rendered":"Brechstange 1:14"},"content":{"rendered":"<p><img loading=\"lazy\" decoding=\"async\" class=\"alignnone size-full wp-image-3228\" src=\"http:\/\/toensfeldt-modellbau.de\/wp-content\/uploads\/2018\/07\/Brechstange-Feuerweher-1-4.jpg\" alt=\"\" width=\"228\" height=\"425\" srcset=\"https:\/\/toensfeldt-modellbau.de\/wp-content\/uploads\/2018\/07\/Brechstange-Feuerweher-1-4.jpg 228w, https:\/\/toensfeldt-modellbau.de\/wp-content\/uploads\/2018\/07\/Brechstange-Feuerweher-1-4-161x300.jpg 161w\" sizes=\"auto, (max-width: 228px) 100vw, 228px\" \/><\/p>\n<p>Brechstangen wie die Feuerwehr sie im Einsatz benutzt, Version 1. Nagelklaue zum Aufbrechen von Haust\u00fcren oder Autot\u00fcren. Version 2. Blechklaue zum Aufhebeln von Blechteilen z. B. bei Autounf\u00e4llen. Die Brechstangen gibt es in einer L\u00e4nge f\u00fcr die Ma\u00dfst\u00e4be 1:14 &amp; 1:16 aus Feingu\u00df Messing gegossen und dann verzinnt.<\/p>\n<p><img loading=\"lazy\" decoding=\"async\" class=\"alignnone wp-image-3245 size-full\" src=\"http:\/\/toensfeldt-modellbau.de\/wp-content\/uploads\/2018\/07\/Brechstange-Feuerweher-1-14-Nagelklaue.jpg\" alt=\"\" width=\"99\" height=\"354\" srcset=\"https:\/\/toensfeldt-modellbau.de\/wp-content\/uploads\/2018\/07\/Brechstange-Feuerweher-1-14-Nagelklaue.jpg 99w, https:\/\/toensfeldt-modellbau.de\/wp-content\/uploads\/2018\/07\/Brechstange-Feuerweher-1-14-Nagelklaue-84x300.jpg 84w\" sizes=\"auto, (max-width: 99px) 100vw, 99px\" \/><img loading=\"lazy\" decoding=\"async\" class=\"alignnone size-full wp-image-3244\" src=\"http:\/\/toensfeldt-modellbau.de\/wp-content\/uploads\/2018\/07\/Brechstange-Feuerweher-1-14-Blechklaue.jpg\" alt=\"\" width=\"96\" height=\"354\" srcset=\"https:\/\/toensfeldt-modellbau.de\/wp-content\/uploads\/2018\/07\/Brechstange-Feuerweher-1-14-Blechklaue.jpg 96w, https:\/\/toensfeldt-modellbau.de\/wp-content\/uploads\/2018\/07\/Brechstange-Feuerweher-1-14-Blechklaue-81x300.jpg 81w\" sizes=\"auto, (max-width: 96px) 100vw, 96px\" \/><\/p>\n<div id=\"attachment_3230\" style=\"width: 237px\" class=\"wp-caption alignnone\"><img loading=\"lazy\" decoding=\"async\" aria-describedby=\"caption-attachment-3230\" class=\"wp-image-3230 size-full\" src=\"http:\/\/toensfeldt-modellbau.de\/wp-content\/uploads\/2018\/07\/Klauen.jpg\" alt=\"\" width=\"227\" height=\"169\"><p id=\"caption-attachment-3230\" class=\"wp-caption-text\">Blechklaue &amp; Nagelklaue<\/p><\/div>\n<p>Technische Daten TMV Brechstange Feuerwehr 1:14:<\/p>\n<ul>\n<li>L\u00e4nge: ca. 69 mm<\/li>\n<li>Breire: ca. 9,5 mm<\/li>\n<li>Stange \u00d8 ca. 2,0 mm<\/li>\n<\/ul>\n<p>Art. Nr. Bestell Text:<\/p>\n<ul>\n<li><span style=\"color: #ff0000;\">040200<\/span> TMV Brechstange Feuerwehr 1:14 Nagelklaue<\/li>\n<li><span style=\"color: #ff0000;\">040201&nbsp;<\/span> TMV Brechstange Feuerwehr 1:14 Blechklaue<\/li>\n<li><span style=\"color: #ff0000;\">040202&nbsp;<\/span> TMV Brechstange Feuerwehr 1:14 Satz<\/li>\n<\/ul>\n<p>Technische Daten TMV Brechstange Feuerwehr 1:16:<\/p>\n<ul>\n<li>L\u00e4nge: ca. 60 mm<\/li>\n<li>Breire: ca. 8,0 mm<\/li>\n<li>Stange \u00d8 ca. 2,0 mm<\/li>\n<\/ul>\n<p>Art. Nr. Bestell Text:<\/p>\n<ul>\n<li><span style=\"color: #ff0000;\">040203<\/span> TMV Brechstange Feuerwehr 1:16 Nagelklaue<\/li>\n<li><span style=\"color: #ff0000;\">040204<\/span> TMV Brechstange Feuerwehr 1:16 Blechklaue<\/li>\n<li><span style=\"color: #ff0000;\">040205<\/span> TMV Brechstange Feuerwehr 1:16 Satz<\/li>\n<\/ul>\n<p>Preis ab: 14,50 \u20ac<\/p>\n<p><em><strong><span style=\"color: #ff0000;\">Kuhfu\u00df aus Zinn<\/span><\/strong><\/em><\/p>\n<p><img loading=\"lazy\" decoding=\"async\" class=\"alignnone size-full wp-image-4619\" src=\"http:\/\/toensfeldt-modellbau.de\/wp-content\/uploads\/2021\/04\/Kuhfuss-Zin.jpg\" alt=\"\" width=\"283\" height=\"182\"><\/p>\n\n\n<p><span class=\"has-inline-color has-vivid-red-color\">040253<\/span> Kuhfu\u00df Zinn<\/p>\n\n\n\n<p>Herstellerdaten gem\u00e4s GPSR<\/p>\n\n\n\n<p>Olaf T\u00f6nsfeldt<br>T\u00f6nsfeldt Modellbau Vertrieb<br>Nobiskr\u00fcger Allee 20<br>24768 Rendsburg<\/p>\n\n\n\n<p><strong>Deutschland<\/strong><br>Tel.: 0049 (0 ) 43 31\/ 51 95<br>E-Mail an: tmv@toensfeldt-modellbau.de<\/p>\n\n\n\n<p>Kuhfu\u00df Zinn<\/p>\n\n\n\n<p>Herstellerdaten gem\u00e4s GPSR<\/p>\n\n\n\n<p>Wolfram Liebe &#8211; Herstellung von HolzspielzeugGesch\u00e4ftsinhaber: <strong>Corinna Liebe<\/strong><br>R\u00fcckmarsdorfer Str. 6<br>D &#8211; 04420 Markranst\u00e4dt, Ortsteil Frankenheim<\/p>\n\n\n\n<p>Telefon: +49 (0)341 \/ 94 200 54<br>E-Mail: <a href=\"mailto:webmaster@holz-liebe.de\"><\/a><a href=\"mailto:webmaster@holz-liebe.de\">webmaster@holz-liebe.de<\/a><br>Internet: www.holz-liebe.de<\/p>\n","protected":false},"excerpt":{"rendered":"<p>Brechstangen wie die Feuerwehr sie im Einsatz benutzt, Version 1. Nagelklaue zum Aufbrechen von Haust\u00fcren oder Autot\u00fcren. Version 2. Blechklaue zum Aufhebeln von Blechteilen z. B. bei Autounf\u00e4llen. Die Brechstangen gibt es in einer L\u00e4nge f\u00fcr die Ma\u00dfst\u00e4be 1:14 &amp; &hellip; <a href=\"https:\/\/toensfeldt-modellbau.de\/?page_id=3235\">Weiterlesen <span class=\"meta-nav\">&rarr;<\/span><\/a><\/p>\n","protected":false},"author":2,"featured_media":0,"parent":0,"menu_order":0,"comment_status":"closed","ping_status":"closed","template":"","meta":{"footnotes":""},"class_list":["post-3235","page","type-page","status-publish","hentry"],"_links":{"self":[{"href":"https:\/\/toensfeldt-modellbau.de\/index.php?rest_route=\/wp\/v2\/pages\/3235","targetHints":{"allow":["GET"]}}],"collection":[{"href":"https:\/\/toensfeldt-modellbau.de\/index.php?rest_route=\/wp\/v2\/pages"}],"about":[{"href":"https:\/\/toensfeldt-modellbau.de\/index.php?rest_route=\/wp\/v2\/types\/page"}],"author":[{"embeddable":true,"href":"https:\/\/toensfeldt-modellbau.de\/index.php?rest_route=\/wp\/v2\/users\/2"}],"replies":[{"embeddable":true,"href":"https:\/\/toensfeldt-modellbau.de\/index.php?rest_route=%2Fwp%2Fv2%2Fcomments&post=3235"}],"version-history":[{"count":22,"href":"https:\/\/toensfeldt-modellbau.de\/index.php?rest_route=\/wp\/v2\/pages\/3235\/revisions"}],"predecessor-version":[{"id":7530,"href":"https:\/\/toensfeldt-modellbau.de\/index.php?rest_route=\/wp\/v2\/pages\/3235\/revisions\/7530"}],"wp:attachment":[{"href":"https:\/\/toensfeldt-modellbau.de\/index.php?rest_route=%2Fwp%2Fv2%2Fmedia&parent=3235"}],"curies":[{"name":"wp","href":"https:\/\/api.w.org\/{rel}","templated":true}]}}